{"id":579,"date":"2024-04-21T23:17:02","date_gmt":"2024-04-21T23:17:02","guid":{"rendered":"https:\/\/vccf.org\/?page_id=579"},"modified":"2026-01-22T15:40:52","modified_gmt":"2026-01-22T23:40:52","slug":"vccf-scholarship-reader-interest-form","status":"publish","type":"page","link":"https:\/\/vccf.org\/de\/scholarships\/readers\/vccf-scholarship-reader-interest-form\/","title":{"rendered":"VCCF Scholarship Reader Interest Survey"},"content":{"rendered":"<h2>\n\t\t\tUmfrage zum Interesse der VCCF-Stipendiaten\t<\/h2>\n\t<p>Wir suchen derzeit Freiwillige aus Ventura County, die daran interessiert sind, Stipendienantr\u00e4ge f\u00fcr den Zyklus 2025 zu lesen und zu bewerten. Das Stipendienprogramm der Ventura County Community Foundation hat im vergangenen Jahr \u00fcber $1,4 Millionen vergeben, um Studenten aus der Region dabei zu helfen, ihre Ziele f\u00fcr den College-Besuch zu erreichen - dank der harten Arbeit und des Engagements unserer freiwilligen Leser.<\/p>\n<p>Volunteers are expected to read and score between 30 applications, with training and support provided. All activities for this volunteer role are virtual and can be done at the comfort of your own home. The tasks will take less than 10 hours of your time. If you are a Ventura County resident and are interested in supporting our local students in their quest to further their education, please submit the following form.<\/p>\n<p>Wenn Sie Freunde oder Kollegen haben, die an dieser Freiwilligenarbeit interessiert sein k\u00f6nnten, z\u00f6gern Sie nicht, diese Nachricht an sie weiterzuleiten, oder teilen Sie ihnen unsere Kontaktinformationen mit.<\/p>\n                <form method='post' enctype='multipart\/form-data' target='gform_ajax_frame_4' id='gform_4'  action='https:\/\/vccf.org\/de\/scholarships\/readers\/vccf-scholarship-reader-interest-form\/?fl_builder&#038;fl_builder_ui_iframe#gf_4' data-formid='4' novalidate data-trp-original-action=\"https:\/\/vccf.org\/scholarships\/readers\/vccf-scholarship-reader-interest-form\/?fl_builder&#038;fl_builder_ui_iframe#gf_4\">\t\t\t\t\t\n\t\t\t\t\t\t<label>&#916;<textarea name=\"ak_hp_textarea\" cols=\"45\" rows=\"8\" maxlength=\"100\"><\/textarea><\/label>\n\t\t\t\t\t\t<input type=\"hidden\" id=\"ak_js_1\" name=\"ak_js\" value=\"7\" \/>\n                        <label class='gfield_label gform-field-label' for='input_4_1'>First Name(Required)<\/label><input name='input_1' id='input_4_1' type='text' value='' class='large'    placeholder='Vorname*' aria-required=\"true\" aria-invalid=\"false\"   \/><label class='gfield_label gform-field-label' for='input_4_3'>Last Name(Required)<\/label><input name='input_3' id='input_4_3' type='text' value='' class='large'    placeholder='Nachname*' aria-required=\"true\" aria-invalid=\"false\"   \/><label class='gfield_label gform-field-label' for='input_4_4'>E-Mail(Erforderlich)<\/label>\n                            <input name='input_4' id='input_4_4' type='email' value='' class='large'   placeholder='E-Mail*' aria-required=\"true\" aria-invalid=\"false\"  \/>\n                        <label class='gfield_label gform-field-label' for='input_4_6'>Address(Required)<\/label><input name='input_6' id='input_4_6' type='text' value='' class='large'    placeholder='Anschrift*' aria-required=\"true\" aria-invalid=\"false\"   \/><fieldset id=\"field_4_10\"><legend class='gfield_label gform-field-label gfield_label_before_complex'>Adresse<\/legend>    \n                                    <input type='text' name='input_10.3' id='input_4_10_3' value=''   placeholder='Stadt' aria-required='false'    \/>\n                                    <label for='input_4_10_3' id='input_4_10_3_label' class='gform-field-label gform-field-label--type-sub hidden_sub_label screen-reader-text'>Stadt<\/label>\n                                 <input type='hidden' class='gform_hidden' name='input_10.4' id='input_4_10_4' value=''\/><input type='hidden' class='gform_hidden' name='input_10.6' id='input_4_10_6' value='' \/>\n                <\/fieldset><fieldset id=\"field_4_11\"><legend class='gfield_label gform-field-label gfield_label_before_complex'>Adresse<\/legend>    \n                                        <input type='text' name='input_11.4' id='input_4_11_4' value=''     placeholder='Staat\/Provinz' aria-required='false'    \/>\n                                        <label for='input_4_11_4' id='input_4_11_4_label' class='gform-field-label gform-field-label--type-sub hidden_sub_label screen-reader-text'>State \/ Province \/ Region<\/label>\n                                      <input type='hidden' class='gform_hidden' name='input_11.6' id='input_4_11_6' value='' \/>\n                <\/fieldset><fieldset id=\"field_4_9\"><legend class='gfield_label gform-field-label gfield_label_before_complex'>Adresse<\/legend>    \n                        <input type='hidden' class='gform_hidden' name='input_9.4' id='input_4_9_4' value=''\/>\n                                    <input type='text' name='input_9.5' id='input_4_9_5' value=''   placeholder='ZIP \/ Postleitzahl' aria-required='false'    \/>\n                                    <label for='input_4_9_5' id='input_4_9_5_label' class='gform-field-label gform-field-label--type-sub hidden_sub_label screen-reader-text'>ZIP \/ Postleitzahl<\/label>\n                                <input type='hidden' class='gform_hidden' name='input_9.6' id='input_4_9_6' value='' \/>\n                <\/fieldset><fieldset id=\"field_4_13\"><legend class='gfield_label gform-field-label gfield_label_before_complex'>Adresse<\/legend>    \n                        <input type='hidden' class='gform_hidden' name='input_13.4' id='input_4_13_4' value=''\/>\n                                        <select name='input_13.6' id='input_4_13_6'   aria-required='false'><option value='' selected='selected'>Land<\/option><option value='Afghanistan'>Afghanistan<\/option><option value='Albania'>Albania<\/option><option value='Algeria'>Algeria<\/option><option value='American Samoa'>American Samoa<\/option><option value='Andorra'>Andorra<\/option><option value='Angola'>Angola<\/option><option value='Anguilla'>Anguilla<\/option><option value='Antarctica'>Antarctica<\/option><option value='Antigua and Barbuda'>Antigua and Barbuda<\/option><option value='Argentina'>Argentina<\/option><option value='Armenia'>Armenia<\/option><option value='Aruba'>Aruba<\/option><option value='Australia'>Australia<\/option><option value='Austria'>Austria<\/option><option value='Azerbaijan'>Azerbaijan<\/option><option value='Bahamas'>Bahamas<\/option><option value='Bahrain'>Bahrain<\/option><option value='Bangladesh'>Bangladesch<\/option><option value='Barbados'>Barbados<\/option><option value='Belarus'>Belarus<\/option><option value='Belgium'>Belgium<\/option><option value='Belize'>Belize<\/option><option value='Benin'>Benin<\/option><option value='Bermuda'>Bermuda<\/option><option value='Bhutan'>Bhutan<\/option><option value='Bolivia'>Bolivia<\/option><option value='Bonaire, Sint Eustatius and Saba'>Bonaire, Sint Eustatius and Saba<\/option><option value='Bosnia and Herzegovina'>Bosnia and Herzegovina<\/option><option value='Botswana'>Botswana<\/option><option value='Bouvet Island'>Bouvet Island<\/option><option value='Brazil'>Brazil<\/option><option value='British Indian Ocean Territory'>British Indian Ocean Territory<\/option><option value='Brunei Darussalam'>Brunei Darussalam<\/option><option value='Bulgaria'>Bulgaria<\/option><option value='Burkina Faso'>Burkina Faso<\/option><option value='Burundi'>Burundi<\/option><option value='Cabo Verde'>Cabo Verde<\/option><option value='Cambodia'>Cambodia<\/option><option value='Cameroon'>Cameroon<\/option><option value='Canada'>Canada<\/option><option value='Cayman Islands'>Cayman Islands<\/option><option value='Central African Republic'>Central African Republic<\/option><option value='Chad'>Chad<\/option><option value='Chile'>Chile<\/option><option value='China'>China<\/option><option value='Christmas Island'>Christmas Island<\/option><option value='Cocos Islands'>Cocos Islands<\/option><option value='Colombia'>Colombia<\/option><option value='Comoros'>Comoros<\/option><option value='Congo'>Congo<\/option><option value='Congo, Democratic Republic of the'>Congo, Democratic Republic of the<\/option><option value='Cook Islands'>Cook Islands<\/option><option value='Costa Rica'>Costa Rica<\/option><option value='Croatia'>Croatia<\/option><option value='Cuba'>Cuba<\/option><option value='Cura\u00e7ao'>Cura\u00e7ao<\/option><option value='Cyprus'>Cyprus<\/option><option value='Czechia'>Czechia<\/option><option value='C\u00f4te d&#039;Ivoire'>C\u00f4te d'Ivoire<\/option><option value='Denmark'>Denmark<\/option><option value='Djibouti'>Dschibuti<\/option><option value='Dominica'>Dominica<\/option><option value='Dominican Republic'>Dominican Republic<\/option><option value='Ecuador'>Ecuador<\/option><option value='Egypt'>Egypt<\/option><option value='El Salvador'>El Salvador<\/option><option value='Equatorial Guinea'>Equatorial Guinea<\/option><option value='Eritrea'>Eritrea<\/option><option value='Estonia'>Estonia<\/option><option value='Eswatini'>Eswatini<\/option><option value='Ethiopia'>Ethiopia<\/option><option value='Falkland Islands'>Falkland Islands<\/option><option value='Faroe Islands'>Faroe Islands<\/option><option value='Fiji'>Fiji<\/option><option value='Finland'>Finland<\/option><option value='France'>France<\/option><option value='French Guiana'>French Guiana<\/option><option value='French Polynesia'>French Polynesia<\/option><option value='French Southern Territories'>French Southern Territories<\/option><option value='Gabon'>Gabon<\/option><option value='Gambia'>Gambia<\/option><option value='Georgia'>Georgien<\/option><option value='Germany'>Germany<\/option><option value='Ghana'>Ghana<\/option><option value='Gibraltar'>Gibraltar<\/option><option value='Greece'>Greece<\/option><option value='Greenland'>Greenland<\/option><option value='Grenada'>Grenada<\/option><option value='Guadeloupe'>Guadeloupe<\/option><option value='Guam'>Guam<\/option><option value='Guatemala'>Guatemala<\/option><option value='Guernsey'>Guernsey<\/option><option value='Guinea'>Guinea<\/option><option value='Guinea-Bissau'>Guinea-Bissau<\/option><option value='Guyana'>Guyana<\/option><option value='Haiti'>Haiti<\/option><option value='Heard Island and McDonald Islands'>Heard Island and McDonald Islands<\/option><option value='Holy See'>Holy See<\/option><option value='Honduras'>Honduras<\/option><option value='Hong Kong'>Hong Kong<\/option><option value='Hungary'>Hungary<\/option><option value='Iceland'>Iceland<\/option><option value='India'>India<\/option><option value='Indonesia'>Indonesia<\/option><option value='Iran'>Iran<\/option><option value='Iraq'>Iraq<\/option><option value='Ireland'>Ireland<\/option><option value='Isle of Man'>Isle of Man<\/option><option value='Israel'>Israel<\/option><option value='Italy'>Italy<\/option><option value='Jamaica'>Jamaica<\/option><option value='Japan'>Japan<\/option><option value='Jersey'>Jersey<\/option><option value='Jordan'>Jordan<\/option><option value='Kazakhstan'>Kazakhstan<\/option><option value='Kenya'>Kenya<\/option><option value='Kiribati'>Kiribati<\/option><option value='Korea, Democratic People&#039;s Republic of'>Korea, Democratic People&#039;s Republic of<\/option><option value='Korea, Republic of'>Korea, Republic of<\/option><option value='Kuwait'>Kuwait<\/option><option value='Kyrgyzstan'>Kyrgyzstan<\/option><option value='Lao People&#039;s Democratic Republic'>Lao People&#039;s Democratic Republic<\/option><option value='Latvia'>Latvia<\/option><option value='Lebanon'>Lebanon<\/option><option value='Lesotho'>Lesotho<\/option><option value='Liberia'>Liberia<\/option><option value='Libya'>Libya<\/option><option value='Liechtenstein'>Liechtenstein<\/option><option value='Lithuania'>Lithuania<\/option><option value='Luxembourg'>Luxembourg<\/option><option value='Macao'>Macao<\/option><option value='Madagascar'>Madagascar<\/option><option value='Malawi'>Malawi<\/option><option value='Malaysia'>Malaysia<\/option><option value='Maldives'>Maldives<\/option><option value='Mali'>Mali<\/option><option value='Malta'>Malta<\/option><option value='Marshall Islands'>Marshall Islands<\/option><option value='Martinique'>Martinique<\/option><option value='Mauritania'>Mauritania<\/option><option value='Mauritius'>Mauritius<\/option><option value='Mayotte'>Mayotte<\/option><option value='Mexico'>Mexico<\/option><option value='Micronesia'>Micronesia<\/option><option value='Moldova'>Moldova<\/option><option value='Monaco'>Monaco<\/option><option value='Mongolia'>Mongolia<\/option><option value='Montenegro'>Montenegro<\/option><option value='Montserrat'>Montserrat<\/option><option value='Morocco'>Morocco<\/option><option value='Mozambique'>Mozambique<\/option><option value='Myanmar'>Myanmar<\/option><option value='Namibia'>Namibia<\/option><option value='Nauru'>Nauru<\/option><option value='Nepal'>Nepal<\/option><option value='Netherlands'>Netherlands<\/option><option value='New Caledonia'>New Caledonia<\/option><option value='New Zealand'>New Zealand<\/option><option value='Nicaragua'>Nicaragua<\/option><option value='Niger'>Niger<\/option><option value='Nigeria'>Nigeria<\/option><option value='Niue'>Niue<\/option><option value='Norfolk Island'>Norfolk Island<\/option><option value='North Macedonia'>North Macedonia<\/option><option value='Northern Mariana Islands'>Northern Mariana Islands<\/option><option value='Norway'>Norway<\/option><option value='Oman'>Oman<\/option><option value='Pakistan'>Pakistan<\/option><option value='Palau'>Palau<\/option><option value='Palestine, State of'>Palestine, State of<\/option><option value='Panama'>Panama<\/option><option value='Papua New Guinea'>Papua New Guinea<\/option><option value='Paraguay'>Paraguay<\/option><option value='Peru'>Peru<\/option><option value='Philippines'>Philippines<\/option><option value='Pitcairn'>Pitcairn<\/option><option value='Poland'>Poland<\/option><option value='Portugal'>Portugal<\/option><option value='Puerto Rico'>Puerto Rico<\/option><option value='Qatar'>Qatar<\/option><option value='Romania'>Romania<\/option><option value='Russian Federation'>Russian Federation<\/option><option value='Rwanda'>Rwanda<\/option><option value='R\u00e9union'>R\u00e9union<\/option><option value='Saint Barth\u00e9lemy'>Saint Barth\u00e9lemy<\/option><option value='Saint Helena, Ascension and Tristan da Cunha'>Saint Helena, Ascension and Tristan da Cunha<\/option><option value='Saint Kitts and Nevis'>Saint Kitts and Nevis<\/option><option value='Saint Lucia'>Saint Lucia<\/option><option value='Saint Martin'>Saint Martin<\/option><option value='Saint Pierre and Miquelon'>Saint Pierre and Miquelon<\/option><option value='Saint Vincent and the Grenadines'>Saint Vincent and the Grenadines<\/option><option value='Samoa'>Samoa<\/option><option value='San Marino'>San Marino<\/option><option value='Sao Tome and Principe'>Sao Tome and Principe<\/option><option value='Saudi Arabia'>Saudi Arabia<\/option><option value='Senegal'>Senegal<\/option><option value='Serbia'>Serbia<\/option><option value='Seychelles'>Seychelles<\/option><option value='Sierra Leone'>Sierra Leone<\/option><option value='Singapore'>Singapore<\/option><option value='Sint Maarten'>Sint Maarten<\/option><option value='Slovakia'>Slovakia<\/option><option value='Slovenia'>Slovenia<\/option><option value='Solomon Islands'>Solomon Islands<\/option><option value='Somalia'>Somalia<\/option><option value='South Africa'>South Africa<\/option><option value='South Georgia and the South Sandwich Islands'>South Georgia and the South Sandwich Islands<\/option><option value='South Sudan'>South Sudan<\/option><option value='Spain'>Spain<\/option><option value='Sri Lanka'>Sri Lanka<\/option><option value='Sudan'>Sudan<\/option><option value='Suriname'>Suriname<\/option><option value='Svalbard and Jan Mayen'>Svalbard and Jan Mayen<\/option><option value='Sweden'>Sweden<\/option><option value='Switzerland'>Switzerland<\/option><option value='Syria Arab Republic'>Syria Arab Republic<\/option><option value='Taiwan'>Taiwan<\/option><option value='Tajikistan'>Tajikistan<\/option><option value='Tanzania, the United Republic of'>Tanzania, the United Republic of<\/option><option value='Thailand'>Thailand<\/option><option value='Timor-Leste'>Timor-Leste<\/option><option value='Togo'>Togo<\/option><option value='Tokelau'>Tokelau<\/option><option value='Tonga'>Tonga<\/option><option value='Trinidad and Tobago'>Trinidad and Tobago<\/option><option value='Tunisia'>Tunisia<\/option><option value='Turkmenistan'>Turkmenistan<\/option><option value='Turks and Caicos Islands'>Turks and Caicos Islands<\/option><option value='Tuvalu'>Tuvalu<\/option><option value='T\u00fcrkiye'>T\u00fcrkiye<\/option><option value='US Minor Outlying Islands'>US Minor Outlying Islands<\/option><option value='Uganda'>Uganda<\/option><option value='Ukraine'>Ukraine<\/option><option value='United Arab Emirates'>United Arab Emirates<\/option><option value='United Kingdom'>United Kingdom<\/option><option value='United States'>Vereinigte Staaten<\/option><option value='Uruguay'>Uruguay<\/option><option value='Uzbekistan'>Uzbekistan<\/option><option value='Vanuatu'>Vanuatu<\/option><option value='Venezuela'>Venezuela<\/option><option value='Viet Nam'>Viet Nam<\/option><option value='Virgin Islands, British'>Virgin Islands, British<\/option><option value='Virgin Islands, U.S.'>Virgin Islands, U.S.<\/option><option value='Wallis and Futuna'>Wallis and Futuna<\/option><option value='Western Sahara'>Western Sahara<\/option><option value='Yemen'>Yemen<\/option><option value='Zambia'>Zambia<\/option><option value='Zimbabwe'>Zimbabwe<\/option><option value='\u00c5land Islands'>\u00c5land Islands<\/option><\/select>\n                                        <label for='input_4_13_6' id='input_4_13_6_label' class='gform-field-label gform-field-label--type-sub hidden_sub_label screen-reader-text'>Land<\/label>\n                <\/fieldset><label class='gfield_label gform-field-label' for='input_4_14'>Telefon<\/label><input name='input_14' id='input_4_14' type='tel' value='' class='large'  placeholder='Rufnummer'  aria-invalid=\"false\"   \/><label class='gfield_label gform-field-label' for='input_4_15'>About Yourself(Required)<\/label><textarea name='input_15' id='input_4_15' class='textarea small'    placeholder='Bitte erz\u00e4hlen Sie uns ein wenig \u00fcber sich selbst und warum Sie an dieser M\u00f6glichkeit, unseren Sch\u00fclern zu helfen, interessiert sind.*' aria-required=\"true\" aria-invalid=\"false\"   rows='10' cols='50'><\/textarea>\n         <input type='submit' id='gform_submit_button_4' class='gform_button button' onclick='gform.submission.handleButtonClick(this);' data-submission-type='submit' value='Senden Sie'  \/> <input type='hidden' name='gform_ajax' value='form_id=4&amp;title=&amp;description=&amp;tabindex=0&amp;theme=gravity-theme&amp;styles=[]&amp;hash=2ac61118ae529d897ab5193c9b03f195' \/>\n            <input type='hidden' class='gform_hidden' name='gform_submission_method' data-js='gform_submission_method_4' value='iframe' \/>\n            <input type='hidden' class='gform_hidden' name='gform_theme' data-js='gform_theme_4' id='gform_theme_4' value='gravity-theme' \/>\n            <input type='hidden' class='gform_hidden' name='gform_style_settings' data-js='gform_style_settings_4' id='gform_style_settings_4' value='[]' \/>\n            <input type='hidden' class='gform_hidden' name='is_submit_4' value='1' \/>\n            <input type='hidden' class='gform_hidden' name='gform_submit' value='4' \/>\n            <input type='hidden' class='gform_hidden' name='gform_currency' data-currency='USD' value='8GK4vJPnDopmWcBoYXVuUCUAMeoEE8Ibhnnav8UekD042tsbS6VssBIuGPZeAEt6n0r\/42\/o8TkSmsxAEy3crogHgKmpmSx2DOD7ptDAhrHwTjk=' \/>\n            <input type='hidden' class='gform_hidden' name='gform_unique_id' value='' \/>\n            <input type='hidden' class='gform_hidden' name='state_4' value='WyJbXSIsImNmY2MzMDFiZWU0ZjI4YWI1Y2I5MThmMTE4MTA5NDVlIl0=' \/>\n            <input type='hidden' autocomplete='off' class='gform_hidden' name='gform_target_page_number_4' id='gform_target_page_number_4' value='0' \/>\n            <input type='hidden' autocomplete='off' class='gform_hidden' name='gform_source_page_number_4' id='gform_source_page_number_4' value='1' \/>\n            <input type='hidden' name='gform_field_values' value='' \/>\n                        <input type=\"hidden\" name=\"trp-form-language\" value=\"de\"\/><\/form>\n\t\t                <iframe style='display:none;width:0px;height:0px;' src='about:blank' name='gform_ajax_frame_4' id='gform_ajax_frame_4' title='Dieser iframe enth\u00e4lt die Logik, die f\u00fcr die Handhabung von Ajax-gesteuerten Gravity-Formularen erforderlich ist.'><\/iframe>","protected":false},"excerpt":{"rendered":"<p>VCCF scholarship reader interest survey We are currently recruiting Ventura County volunteers who are interested in reading and scoring scholarship applications for the 2026 cycle. The Ventura County Community Foundation&hellip;<\/p>","protected":false},"author":4,"featured_media":0,"parent":566,"menu_order":0,"comment_status":"closed","ping_status":"closed","template":"","meta":{"_acf_changed":false,"give_campaign_id":0,"footnotes":""},"class_list":["post-579","page","type-page","status-publish","hentry"],"acf":[],"campaignId":"","_links":{"self":[{"href":"https:\/\/vccf.org\/de\/wp-json\/wp\/v2\/pages\/579","targetHints":{"allow":["GET"]}}],"collection":[{"href":"https:\/\/vccf.org\/de\/wp-json\/wp\/v2\/pages"}],"about":[{"href":"https:\/\/vccf.org\/de\/wp-json\/wp\/v2\/types\/page"}],"author":[{"embeddable":true,"href":"https:\/\/vccf.org\/de\/wp-json\/wp\/v2\/users\/4"}],"replies":[{"embeddable":true,"href":"https:\/\/vccf.org\/de\/wp-json\/wp\/v2\/comments?post=579"}],"version-history":[{"count":0,"href":"https:\/\/vccf.org\/de\/wp-json\/wp\/v2\/pages\/579\/revisions"}],"up":[{"embeddable":true,"href":"https:\/\/vccf.org\/de\/wp-json\/wp\/v2\/pages\/566"}],"wp:attachment":[{"href":"https:\/\/vccf.org\/de\/wp-json\/wp\/v2\/media?parent=579"}],"curies":[{"name":"wp","href":"https:\/\/api.w.org\/{rel}","templated":true}]}}