{"id":744,"date":"2024-04-26T08:11:49","date_gmt":"2024-04-26T08:11:49","guid":{"rendered":"https:\/\/vccf.org\/?page_id=744"},"modified":"2026-05-01T11:19:25","modified_gmt":"2026-05-01T18:19:25","slug":"coffee-and-connections","status":"publish","type":"page","link":"https:\/\/vccf.org\/de\/events\/coffee-and-connections\/","title":{"rendered":"Coffee &#038; Connections"},"content":{"rendered":"<h1>\n\t\t\tCoffee &#038; Connections\t<\/h1>\n\t<p><strong>Die Gemeinschaft umarmen, eine Tasse nach der anderen<\/strong><\/p>\n<p>Wir von der Ventura County Community Foundation glauben an die Kraft der Verbindung. Wir und unsere Partner am California Lutheran University Center for Nonprofit Leadership laden Sie ein, sich uns anzuschlie\u00dfen. Diese Gelegenheiten zur Vernetzung und zum Austausch sind mehr als nur eine Reihe von Veranstaltungen; es ist eine Bewegung hin zu einem besser vernetzten, unterst\u00fctzenden und bl\u00fchenden Ventura County.<\/p>\n\t\t\t<a href=\"https:\/\/vccf.org\/de\/events\/coffee-and-connections\/coffee-connections-sign-up\/\"  target=\"_self\">\n\t\t\t\t\t\t\tMelden Sie sich bei der Mailingliste an\n\t\t\t\t\t<\/a>\n<figure itemscope itemtype=\"https:\/\/schema.org\/ImageObject\">\n\t\t\t\t<img decoding=\"async\" src=\"https:\/\/vccf.org\/wp-content\/uploads\/2024\/04\/image-38.png\" alt=\"image (38)\" height=\"851\" width=\"836\" title=\"Bild (38)\" onerror=\"this.style.display='none'\" loading=\"lazy\" \/>\n\t<\/figure>\n<h2>\n\t\t\tAbout Coffee &#038; Connections\t<\/h2>\n\t<p>Coffee &amp; Connections wurde entwickelt, um gemeinschaftsbasierte, f\u00fcr beide Seiten vorteilhafte Beziehungen zwischen Fachleuten der lokalen Gemeinschaft und gemeinn\u00fctzigen Organisationen zu f\u00f6rdern. Bei unseren zweimonatlichen virtuellen und pers\u00f6nlichen Zusammenk\u00fcnften werden Gespr\u00e4che mit lokalen gemeinn\u00fctzigen Organisationen gef\u00fchrt, Herausforderungen und Erfolge mit Gleichgesinnten diskutiert und das Verst\u00e4ndnis f\u00fcr die Bed\u00fcrfnisse unserer Gemeinschaft vertieft.<\/p>\n<p>Alle Fachleute aus dem Non-Profit-Bereich sind herzlich eingeladen, sich uns anzuschlie\u00dfen. Helfen Sie uns, die Nachricht zu verbreiten, indem Sie Ihre gemeinn\u00fctzigen Kollegen einladen, an Coffee &amp; Connections teilzunehmen. Gemeinsam k\u00f6nnen wir ein st\u00e4rkeres Netz der Unterst\u00fctzung und Zusammenarbeit in Ventura County weben!<\/p>\n<h2>\n\t\t\tWhy Join Coffee &#038; Connections?\t<\/h2>\n\t<p>Beziehungen kultivieren<\/p>\n\t<p>Kn\u00fcpfen Sie dauerhafte Kontakte zu anderen Fachleuten aus dem gemeinn\u00fctzigen und kommunalen Bereich, die Ihre Leidenschaft teilen, etwas zu bewirken.<\/p>\n\t<p>Lernen und wachsen<\/p>\n\t<p>Beteiligen Sie sich an sinnvollen Diskussionen, die sich auf reale L\u00f6sungen, gemeinsame Erfahrungen und gemeinsames Lernen konzentrieren.<\/p>\n\t<p>Gemeinschaft st\u00e4rken<\/p>\n\t<p>Gemeinsam k\u00f6nnen wir ein st\u00e4rkeres, widerstandsf\u00e4higeres Ventura County schaffen, geeint durch unser Engagement f\u00fcr Service und Mitgef\u00fchl.<\/p>\n<figure itemscope itemtype=\"https:\/\/schema.org\/ImageObject\">\n\t\t\t\t<img decoding=\"async\" src=\"https:\/\/vccf.org\/wp-content\/uploads\/2025\/05\/Coffee-Connections.png\" alt=\"Vanessa Bechtel speaking to a crowd at Coffee and Connections\" height=\"563\" width=\"463\" title=\"Kaffee &amp; Verbindungen\" onerror=\"this.style.display='none'\" loading=\"lazy\" \/>\n\t<\/figure>\n<h2  id=\"upcoming\">\n\t\t\tUpcoming Coffee &#038; Connections\t<\/h2>\n\t<p><strong>Giving USA 2025: Eine Ausgabe von Coffee &amp; Connections zur Mittagszeit<\/strong><\/p>\n<p>!\" Giving USA wird die Ausgabe 2025 seines Jahresberichts \u00fcber Philanthropie in Amerika ver\u00f6ffentlichen. Diese unsch\u00e4tzbare Ressource untersucht die Quellen und Verwendungszwecke von Wohlt\u00e4tigkeitsspenden in den USA f\u00fcr das Jahr 2024 und liefert wichtige Daten, die gemeinn\u00fctzigen Organisationen helfen, effektive Fundraising-Strategien, -Ans\u00e4tze und -Aktivit\u00e4ten zu formulieren.<\/p>\n<p>Join us for this Coffee &amp; Connections Lunchtime Edition on <strong>Thursday, July 9 from 12 to 1:30 p.m.<\/strong> with Cassie Carter, Vice President, Fundraising at Campbell &amp; Company. During this virtual session, Cassie will make meaning of the 2026 Giving USA report and share her insights on emerging philanthropic trends and their implications for your organization and the community.<\/p>\n\t\t\t<a href=\"https:\/\/californialutheran.app.neoncrm.com\/eventReg.jsp?event=2393&#038;\" target=\"_self\" rel=\"noopener\">\n\t\t\t\t\t\t\tJetzt registrieren\n\t\t\t\t\t<\/a>\n<h2>\n\t\t\tUnsere Begegnungen\t<\/h2>","protected":false},"excerpt":{"rendered":"<p>Coffee &#038; Connections Embracing Community, One Cup at a Time At the Ventura County Community Foundation, we believe in the power of connection. We and our co-partners at the California&hellip;<\/p>","protected":false},"author":4,"featured_media":0,"parent":21008,"menu_order":0,"comment_status":"closed","ping_status":"closed","template":"","meta":{"_acf_changed":false,"give_campaign_id":0,"footnotes":""},"class_list":["post-744","page","type-page","status-publish","hentry"],"acf":[],"campaignId":"","_links":{"self":[{"href":"https:\/\/vccf.org\/de\/wp-json\/wp\/v2\/pages\/744","targetHints":{"allow":["GET"]}}],"collection":[{"href":"https:\/\/vccf.org\/de\/wp-json\/wp\/v2\/pages"}],"about":[{"href":"https:\/\/vccf.org\/de\/wp-json\/wp\/v2\/types\/page"}],"author":[{"embeddable":true,"href":"https:\/\/vccf.org\/de\/wp-json\/wp\/v2\/users\/4"}],"replies":[{"embeddable":true,"href":"https:\/\/vccf.org\/de\/wp-json\/wp\/v2\/comments?post=744"}],"version-history":[{"count":0,"href":"https:\/\/vccf.org\/de\/wp-json\/wp\/v2\/pages\/744\/revisions"}],"up":[{"embeddable":true,"href":"https:\/\/vccf.org\/de\/wp-json\/wp\/v2\/pages\/21008"}],"wp:attachment":[{"href":"https:\/\/vccf.org\/de\/wp-json\/wp\/v2\/media?parent=744"}],"curies":[{"name":"wp","href":"https:\/\/api.w.org\/{rel}","templated":true}]}}