{"id":20928,"date":"2024-06-18T14:14:47","date_gmt":"2024-06-18T14:14:47","guid":{"rendered":"https:\/\/vccf.org\/?page_id=20928"},"modified":"2025-10-21T09:47:12","modified_gmt":"2025-10-21T16:47:12","slug":"about","status":"publish","type":"page","link":"https:\/\/vccf.org\/es\/about\/","title":{"rendered":"Acerca de"},"content":{"rendered":"<h1>\n\t\t\tCrear un impacto duradero\t<\/h1>\n<h1>\n\t\t\tal lugar que llamas hogar\t<\/h1>\n\t<p>Conseguir un impacto significativo en tu comunidad es f\u00e1cil con la orientaci\u00f3n y el apoyo adecuados. Se acab\u00f3 el sentirse abrumado, inseguro sobre qu\u00e9 causas apoyar o confundido sobre c\u00f3mo asegurarse de que su donaci\u00f3n se utiliza de forma eficaz. La VCCF ofrece una experiencia de donaci\u00f3n fluida, informada, sencilla y de gran impacto:<\/p>\n<h4>\n\t\t\tImpacto demostrado\t<\/h4>\n\t<p>Desde 1987, la VCCF ha concedido aproximadamente $250 millones para apoyar a nuestra comunidad.<\/p>\n<h4>\n\t\t\tMayor alcance\t<\/h4>\n\t<p>We&#8217;ve supported 10,000+ unique nonprofit organizations and local businesses.<\/p>\n<h4>\n\t\t\tApoyo entre donantes\t<\/h4>\n\t<p>M\u00e1s de 22.000 donantes contribuyen a nuestra misi\u00f3n, lo que refleja el amplio apoyo y la confianza de nuestra comunidad.<\/p>\n<strong><a href=\"https:\/\/vccf.org\/es\/contact-us\/\">P\u00f3ngase en contacto con nosotros<\/a> o <a href=\"https:\/\/vccf.org\/es\/donors\/\">Participa<\/a> y ver c\u00f3mo tus contribuciones tienen un impacto inmediato y duradero que puedes sentir.<\/strong>\n\t<p>\"No creo que pueda cambiar el mundo, pero puedo contribuir a que el condado de Ventura sea a\u00fan mejor\".<\/p>\n\t<p><strong>Leah Lacayo, donante<\/strong><\/p>\n<a  href=\"https:\/\/vccf.org\/es\/about\/our-history\/\" target=\"_self\">\n\t<\/a>\n<h3>\n\t\t\tNuestra historia\t<\/h3>\n<a  href=\"https:\/\/vccf.org\/es\/about\/board-of-directors\/\" target=\"_self\">\n\t<\/a>\n<h3>\n\t\t\tMiembros del Consejo\t<\/h3>\n<a  href=\"https:\/\/vccf.org\/es\/about\/staff\/\" target=\"_self\">\n\t<\/a>\n<h3>\n\t\t\tFuncionarios\t<\/h3>\n<a  href=\"https:\/\/vccf.org\/es\/about\/financials\/\" target=\"_self\">\n\t<\/a>\n<h3>\n\t\t\tFinanzas\t<\/h3>\n<a  href=\"https:\/\/vccf.org\/es\/about\/donor-stories\/\" target=\"_self\">\n\t<\/a>\n<h3>\n\t\t\tHistorias de donantes\t<\/h3>\n<a  href=\"https:\/\/vccf.org\/es\/about\/faq\/\" target=\"_self\">\n\t<\/a>\n<h3>\n\t\t\tPreguntas frecuentes\t<\/h3>\n<h2>\n\t\t\t\u00danete a la VCCF\t<\/h2>\n\t<p>Y formar parte de una comunidad compasiva e inspirada de dadores y hacedores. Juntos, construimos un futuro m\u00e1s brillante y m\u00e1s fuerte para nuestro condado de Ventura.<\/p>\n\t\t\t<a href=\"https:\/\/vccf.org\/es\/get-involved\/\" target=\"_self\">\n\t\t\t\t\t\t\tParticipa\n\t\t\t\t\t<\/a>\n\t\t\t<a href=\"https:\/\/vccf.org\/es\/contact-us\/\" target=\"_self\">\n\t\t\t\t\t\t\tEnv\u00edenos un correo electr\u00f3nico\n\t\t\t\t\t<\/a>\n\t\t\t\t<img decoding=\"async\" src=\"https:\/\/vccf.org\/wp-content\/uploads\/2024\/06\/Group-1080-2.png\" alt=\"Group 1080 (2)\" itemprop=\"image\" height=\"563\" width=\"463\" title=\"Grupo 1080 (2)\" onerror=\"this.style.display='none'\" loading=\"lazy\" \/>","protected":false},"excerpt":{"rendered":"<p>Crear un impacto duradero en el lugar al que llamas hogar Crear un impacto significativo en tu comunidad es f\u00e1cil con la orientaci\u00f3n y el apoyo adecuados. Olv\u00eddate de sentirte abrumado, inseguro...<\/p>","protected":false},"author":4,"featured_media":0,"parent":0,"menu_order":0,"comment_status":"closed","ping_status":"closed","template":"","meta":{"_acf_changed":false,"give_campaign_id":0,"footnotes":""},"class_list":["post-20928","page","type-page","status-publish","hentry"],"acf":[],"campaignId":"","_links":{"self":[{"href":"https:\/\/vccf.org\/es\/wp-json\/wp\/v2\/pages\/20928","targetHints":{"allow":["GET"]}}],"collection":[{"href":"https:\/\/vccf.org\/es\/wp-json\/wp\/v2\/pages"}],"about":[{"href":"https:\/\/vccf.org\/es\/wp-json\/wp\/v2\/types\/page"}],"author":[{"embeddable":true,"href":"https:\/\/vccf.org\/es\/wp-json\/wp\/v2\/users\/4"}],"replies":[{"embeddable":true,"href":"https:\/\/vccf.org\/es\/wp-json\/wp\/v2\/comments?post=20928"}],"version-history":[{"count":0,"href":"https:\/\/vccf.org\/es\/wp-json\/wp\/v2\/pages\/20928\/revisions"}],"wp:attachment":[{"href":"https:\/\/vccf.org\/es\/wp-json\/wp\/v2\/media?parent=20928"}],"curies":[{"name":"wp","href":"https:\/\/api.w.org\/{rel}","templated":true}]}}