{"id":20939,"date":"2024-06-19T08:01:45","date_gmt":"2024-06-19T08:01:45","guid":{"rendered":"https:\/\/vccf.org\/?page_id=20939"},"modified":"2026-03-24T11:58:06","modified_gmt":"2026-03-24T18:58:06","slug":"financials","status":"publish","type":"page","link":"https:\/\/vccf.org\/es\/about\/financials\/","title":{"rendered":"Finanzas"},"content":{"rendered":"<h1>\n\t\t\tFinanzas\t<\/h1>\n\t<p>La Ventura County Community Foundation representa a todo el condado de Ventura. Supervisamos m\u00e1s de $250 millones en activos totales y actuamos como fiduciarios de m\u00e1s de 800 fondos filantr\u00f3picos. Nuestro ejercicio fiscal comienza el 1 de octubre y finaliza el 30 de septiembre.<\/p>\n\t\t\t<a href=\"https:\/\/vccf.org\/es\/get-involved\/\"  target=\"_self\">\n\t\t\t\t\t\t\tParticipa\n\t\t\t\t\t<\/a>\n<figure itemscope itemtype=\"https:\/\/schema.org\/ImageObject\">\n\t\t\t\t<img decoding=\"async\" src=\"https:\/\/vccf.org\/wp-content\/uploads\/2024\/06\/Mask-group.png\" alt=\"Mask group\" height=\"772\" width=\"836\" title=\"Grupo de m\u00e1scaras\" onerror=\"this.style.display='none'\" loading=\"lazy\" \/>\n\t<\/figure>\n<h3>\n\t\t\tNuestra historia\t<\/h3>\n<h3>\n\t\t\tMiembros del Consejo\t<\/h3>\n<h3>\n\t\t\tFuncionarios\t<\/h3>\n<h3>\n\t\t\tFinanzas\t<\/h3>\n<h3>\n\t\t\tHistorias de donantes\t<\/h3>\n<h3>\n\t\t\tPreguntas frecuentes\t<\/h3>\n<h1>\n\t\t\tFinanzas\t<\/h1>\n\t\t\t\tDocumentos financieros disponibles\n\t\t\t\t<ul>\n<li><a href=\"https:\/\/vccf.org\/wp-content\/uploads\/2026\/02\/Ventura-County-Community-Foundation-Sep25-AR-Final.pdf\">FY 2025 Audited Financial Statements<\/a><\/li>\n<li><a href=\"https:\/\/vccf.org\/wp-content\/uploads\/2025\/03\/Ventura-County-Community-Foundation-Sept24-AR-Final.pdf\">Estados financieros auditados del ejercicio 2024<\/a><\/li>\n<li><a href=\"https:\/\/vccf.org\/wp-content\/uploads\/2024\/04\/ventura-county-community-foundation-and-subsidiaries-sep23ar-final.pdf\" target=\"_blank\" rel=\"noopener\">Estados financieros auditados del ejercicio 2023<\/a><\/li>\n<li><a href=\"https:\/\/vccf.org\/wp-content\/uploads\/2024\/04\/ventura-county-community-foundation-sep22ar-final_.pdf\" target=\"_blank\" rel=\"noopener\">Estados financieros auditados del ejercicio 2022<\/a><\/li>\n<li><a href=\"https:\/\/vccf.org\/wp-content\/uploads\/2024\/04\/ventura-county-community-foundation-sep21ar-final.pdf\" target=\"_blank\" rel=\"noopener\">Estados financieros auditados del ejercicio 2021<\/a><\/li>\n<li><a href=\"https:\/\/vccf.org\/wp-content\/uploads\/2024\/04\/ventura-county-community-foundation-sep20ar-final.pdf\" target=\"_blank\" rel=\"noopener\">Estados financieros auditados del ejercicio 2020<\/a><\/li>\n<li><a href=\"https:\/\/vccf.org\/wp-content\/uploads\/2025\/08\/VCCF-2023-Form-990-Public-Disclosure-Copy.pdf\">FY 2024 Form 990<\/a>, <a href=\"https:\/\/vccf.org\/wp-content\/uploads\/2025\/08\/VCCF-2023-Form-990-T-Public-Disclosure-Copy.pdf\">FY 2024 Form 990-T<\/a>, <a href=\"https:\/\/vccf.org\/wp-content\/uploads\/2025\/08\/VCCFCASO-2023-Form-990-Public-Disclosure-Copy.pdf\">FY 2024 VCCF Complex Asset Supporting Organization 990<\/a><\/li>\n<li><a href=\"https:\/\/vccf.org\/wp-content\/uploads\/2024\/09\/vccf-2022-form-990-public-disclosure-copy.pdf\" target=\"_blank\" rel=\"noopener\">Formulario 990 del ejercicio 2023<\/a>,\u00a0<a href=\"https:\/\/vccf.org\/wp-content\/uploads\/2024\/09\/vccf-2022-form-990-t-public-disclosure-copy.pdf\" target=\"_blank\" rel=\"noopener\">Formulario 990-T del ejercicio 2023,<\/a>\u00a0<a href=\"https:\/\/vccf.org\/wp-content\/uploads\/2024\/09\/vccfcaso-2022-form-990-public-disclosure-copy.pdf\" target=\"_blank\" rel=\"noopener\">FY 2023 VCCF Complex Asset Supporting Organization 990<\/a><\/li>\n<li><a href=\"https:\/\/vccf.org\/wp-content\/uploads\/2024\/04\/vccf-2021-form-990-public-disclosure-copy.pdf\" target=\"_blank\" rel=\"noopener\">Formulario 990 del ejercicio 2022<\/a><\/li>\n<li><a href=\"https:\/\/vccf.org\/wp-content\/uploads\/2024\/04\/vccf-2020-form-990-public-disclosure-copy.pdf\" target=\"_blank\" rel=\"noopener\">Formulario 990 del ejercicio 2021,<\/a>\u00a0<a href=\"https:\/\/vccf.org\/wp-content\/uploads\/2024\/04\/vccf-2020-form-990-t-public-disclosure-copy.pdf\" target=\"_blank\" rel=\"noopener\">Ejercicio 2021 Formulario 990-T<\/a><\/li>\n<li><a href=\"https:\/\/vccf.org\/wp-content\/uploads\/2024\/04\/vccf-2019-form-990-public-disclosure-copy.pdf\" target=\"_blank\" rel=\"noopener\">Formulario 990 del ejercicio 2020,<\/a>\u00a0<a href=\"https:\/\/vccf.org\/wp-content\/uploads\/2024\/04\/vccf-2019-form-990-t-public-disclosure-copy-1.pdf\" target=\"_blank\" rel=\"noopener\">Formulario 990-T del ejercicio 2020<\/a><\/li>\n<\/ul>\n\t\t\t\tPol\u00edtica de inversi\u00f3n \n\t\t\t\t<p><a href=\"https:\/\/vccf.org\/wp-content\/uploads\/2025\/10\/VCCF-Investment-Policy-Statement-Final-2025.pdf\" target=\"_blank\" rel=\"noopener\">Pol\u00edtica de inversiones de la VCCF<\/a><\/p>\n<p>Cada a\u00f1o, las pol\u00edticas de inversi\u00f3n de la VCCF son revisadas a fondo por el Comit\u00e9 de Inversiones, cuyas recomendaciones de modificaci\u00f3n se remiten al Consejo de Administraci\u00f3n. Dichas pol\u00edticas definen los importes de distribuci\u00f3n anual, las metas de inversi\u00f3n, los objetivos de inversi\u00f3n y los objetivos de asignaci\u00f3n de activos.<\/p>\n<p>Las pol\u00edticas de distribuci\u00f3n anual de los fondos de dotaci\u00f3n se basan en una estrategia de rentabilidad total que pretende proporcionar una revalorizaci\u00f3n del capital a largo plazo. La pol\u00edtica actual de distribuci\u00f3n anual para la mayor\u00eda de los fondos es del 5% del valor total del fondo, basado en una media m\u00f3vil de 16 trimestres tomada a 30 de junio.<\/p>\n<p>Nuestro objetivo de inversi\u00f3n a largo plazo es sencillo: hacer crecer la cartera en t\u00e9rminos reales, ajustados a la inflaci\u00f3n, para satisfacer las necesidades anuales de distribuci\u00f3n del fondo, preservando y mejorando al mismo tiempo el poder adquisitivo.<\/p>\n\t\t\t\tComisiones de inversi\u00f3n\n\t\t\t\t<p>Cada fondo de la VCCF comparte a prorrata los costes reales del proceso de inversi\u00f3n, los consultores y los honorarios de base, ya que cada fondo tambi\u00e9n comparte a prorrata los rendimientos. En la actualidad, las comisiones de inversi\u00f3n ascienden a 0,73%.<\/p>\n<p>* Para m\u00e1s informaci\u00f3n, p\u00f3ngase en contacto con Bonnie Gilles, Directora Financiera, en\u00a0<a href=\"mailto:bgilles@vccf.org\">bgilles@vccf.org<\/a>.<\/p>\n<figure itemscope itemtype=\"https:\/\/schema.org\/ImageObject\">\n\t\t\t\t<img decoding=\"async\" src=\"https:\/\/vccf.org\/wp-content\/uploads\/2024\/04\/\u0421\u043b\u043e\u0439-1-4.png\" alt=\"\u0421\u043b\u043e\u0438\u0306 1 4\" height=\"60\" width=\"44\" title=\"\u0421\u043b\u043e\u0439 1 4\" onerror=\"this.style.display='none'\" loading=\"lazy\" \/>\n\t<\/figure>\n<h3>\n\t\t\tVea c\u00f3mo sus contribuciones tienen un impacto inmediato y duradero que puede sentir\t<\/h3>\n<figure itemscope itemtype=\"https:\/\/schema.org\/ImageObject\">\n\t\t\t\t<img decoding=\"async\" src=\"https:\/\/vccf.org\/wp-content\/uploads\/2024\/04\/\u0421\u043b\u043e\u0439-1-4.png\" alt=\"\u0421\u043b\u043e\u0438\u0306 1 4\" height=\"60\" width=\"44\" title=\"\u0421\u043b\u043e\u0439 1 4\" onerror=\"this.style.display='none'\" loading=\"lazy\" \/>\n\t<\/figure>\n<h2>\n\t\t\t\u00danete a la VCCF\t<\/h2>\n\t<p>Y formar parte de una comunidad compasiva e inspirada de dadores y hacedores. Juntos, construimos un futuro m\u00e1s brillante y m\u00e1s fuerte para nuestro condado de Ventura.<\/p>\n\t\t\t<a href=\"https:\/\/vccf.org\/es\/get-involved\/\"  target=\"_self\">\n\t\t\t\t\t\t\tParticipa\n\t\t\t\t\t<\/a>\n\t\t\t<a href=\"https:\/\/vccf.org\/es\/contact-us\/\"  target=\"_self\">\n\t\t\t\t\t\t\tEnv\u00edenos un correo electr\u00f3nico\n\t\t\t\t\t<\/a>\n<figure itemscope itemtype=\"https:\/\/schema.org\/ImageObject\">\n\t\t\t\t<img decoding=\"async\" src=\"https:\/\/vccf.org\/wp-content\/uploads\/2024\/06\/Group-1080-2.png\" alt=\"Group 1080 (2)\" height=\"563\" width=\"463\" title=\"Grupo 1080 (2)\" onerror=\"this.style.display='none'\" loading=\"lazy\" \/>\n\t<\/figure>","protected":false},"excerpt":{"rendered":"<p>Finanzas La Ventura County Community Foundation representa a todo el condado de Ventura. Supervisamos m\u00e1s de $250 millones en activos totales y actuamos como fiduciarios de m\u00e1s de 800...<\/p>","protected":false},"author":3,"featured_media":0,"parent":20928,"menu_order":0,"comment_status":"closed","ping_status":"closed","template":"","meta":{"_acf_changed":false,"give_campaign_id":0,"footnotes":""},"class_list":["post-20939","page","type-page","status-publish","hentry"],"acf":[],"campaignId":"","_links":{"self":[{"href":"https:\/\/vccf.org\/es\/wp-json\/wp\/v2\/pages\/20939","targetHints":{"allow":["GET"]}}],"collection":[{"href":"https:\/\/vccf.org\/es\/wp-json\/wp\/v2\/pages"}],"about":[{"href":"https:\/\/vccf.org\/es\/wp-json\/wp\/v2\/types\/page"}],"author":[{"embeddable":true,"href":"https:\/\/vccf.org\/es\/wp-json\/wp\/v2\/users\/3"}],"replies":[{"embeddable":true,"href":"https:\/\/vccf.org\/es\/wp-json\/wp\/v2\/comments?post=20939"}],"version-history":[{"count":0,"href":"https:\/\/vccf.org\/es\/wp-json\/wp\/v2\/pages\/20939\/revisions"}],"up":[{"embeddable":true,"href":"https:\/\/vccf.org\/es\/wp-json\/wp\/v2\/pages\/20928"}],"wp:attachment":[{"href":"https:\/\/vccf.org\/es\/wp-json\/wp\/v2\/media?parent=20939"}],"curies":[{"name":"wp","href":"https:\/\/api.w.org\/{rel}","templated":true}]}}