{"id":20952,"date":"2024-06-19T10:15:14","date_gmt":"2024-06-19T10:15:14","guid":{"rendered":"https:\/\/vccf.org\/?page_id=20952"},"modified":"2026-04-27T00:17:12","modified_gmt":"2026-04-27T07:17:12","slug":"our-history","status":"publish","type":"page","link":"https:\/\/vccf.org\/es\/about\/our-history\/","title":{"rendered":"Nuestra historia"},"content":{"rendered":"<h1>\n\t\t\tNuestra historia\t<\/h1>\n\t<p>\"No creo que pueda cambiar el mundo, pero puedo contribuir a que el condado de Ventura sea a\u00fan mejor\".<\/p>\n<h4>\n\t\t\tLeah Lacayo, donante\t<\/h4>\n\t\t\t<a href=\"https:\/\/vccf.org\/es\/get-involved\/\"  target=\"_self\">\n\t\t\t\t\t\t\tParticipa\n\t\t\t\t\t<\/a>\n<figure itemscope itemtype=\"https:\/\/schema.org\/ImageObject\">\n\t\t\t\t<img decoding=\"async\" src=\"https:\/\/vccf.org\/wp-content\/uploads\/2024\/09\/Group-1080-1.png\" alt=\"Group 1080 (1)\" height=\"563\" width=\"463\" title=\"Grupo 1080 (1)\" onerror=\"this.style.display='none'\" loading=\"lazy\" \/>\n\t<\/figure>\n<h3>\n\t\t\tNuestra historia\t<\/h3>\n<h3>\n\t\t\tMiembros del Consejo\t<\/h3>\n<h3>\n\t\t\tFuncionarios\t<\/h3>\n<h3>\n\t\t\tFinanzas\t<\/h3>\n<h3>\n\t\t\tHistorias de donantes\t<\/h3>\n<h3>\n\t\t\tPreguntas frecuentes\t<\/h3>\n<h2>\n\t\t\tMuchas cosas han cambiado en nuestra comunidad desde 1987. Nuestro prop\u00f3sito no.\t<\/h2>\n\t<p>Hace casi 40 a\u00f1os, nos propusimos mejorar la vida de los habitantes del condado de Ventura.<\/p>\n\tAl principio, quer\u00edamos ayudar a las organizaciones sin \u00e1nimo de lucro a ser m\u00e1s sostenibles y ofrecer a los donantes una forma de dejar donaciones complicadas, como bienes inmuebles y acciones. En 1990, empezamos a ofrecer la posibilidad de financiar becas. Despu\u00e9s, en el a\u00f1o 2000, ofrecimos subvenciones comunitarias para que los donantes pudieran donar juntos a una causa com\u00fan.<br \/>\nAhora, convocamos a un gran n\u00famero de residentes para que trabajen juntos como agentes del cambio.\n<figure itemscope itemtype=\"https:\/\/schema.org\/ImageObject\">\n\t\t\t\t<img decoding=\"async\" src=\"https:\/\/vccf.org\/wp-content\/uploads\/2024\/09\/Group-1093-1024x787.png\" alt=\"Group 1093\" height=\"787\" width=\"1024\" title=\"Grupo 1093\" onerror=\"this.style.display='none'\" loading=\"lazy\" \/>\n\t<\/figure>\n<h2>\n\t\t\tNuestra misi\u00f3n\t<\/h2>\n\t<p>Conectar personas, recursos y soluciones para crear un impacto duradero en nuestro mundo com\u00fan.<\/p>\n<h2>\n\t\t\tNuestra visi\u00f3n\t<\/h2>\n\t<p>Prevemos una comunidad comprometida y pr\u00f3spera inspirada por una generosidad creciente.<\/p>\n<h2>\n\t\t\tNuestros valores\t<\/h2>\n<figure itemscope itemtype=\"https:\/\/schema.org\/ImageObject\">\n\t\t\t\t<img decoding=\"async\" src=\"https:\/\/vccf.org\/wp-content\/uploads\/2024\/04\/Group-1079.svg\" alt=\"Group 1079\" title=\"Grupo 1079\" onerror=\"this.style.display='none'\" loading=\"lazy\" \/>\n\t<\/figure>\n\t<p>Conf\u00ede en<\/p>\n\t<p>Aplicamos principios financieros s\u00f3lidos e invertimos con prudencia para administrar los activos que se nos conf\u00edan.<\/p>\n<figure itemscope itemtype=\"https:\/\/schema.org\/ImageObject\">\n\t\t\t\t<img decoding=\"async\" src=\"https:\/\/vccf.org\/wp-content\/uploads\/2024\/04\/Group-1080.svg\" alt=\"Group 1080\" title=\"Grupo 1080\" onerror=\"this.style.display='none'\" loading=\"lazy\" \/>\n\t<\/figure>\n\t<p>Transparencia<\/p>\n\t<p>Realizamos nuestro trabajo con honestidad, intencionalidad y responsabilidad.<\/p>\n<figure itemscope itemtype=\"https:\/\/schema.org\/ImageObject\">\n\t\t\t\t<img decoding=\"async\" src=\"https:\/\/vccf.org\/wp-content\/uploads\/2024\/04\/Group-1081.svg\" alt=\"Group 1081\" title=\"Grupo 1081\" onerror=\"this.style.display='none'\" loading=\"lazy\" \/>\n\t<\/figure>\n\t<p>Compasi\u00f3n<\/p>\n\t<p>Aportamos empat\u00eda, respeto y coraz\u00f3n a todas nuestras interacciones.<\/p>\n<figure itemscope itemtype=\"https:\/\/schema.org\/ImageObject\">\n\t\t\t\t<img decoding=\"async\" src=\"https:\/\/vccf.org\/wp-content\/uploads\/2024\/04\/Group-1125.svg\" alt=\"Group 1125\" title=\"Grupo 1125\" onerror=\"this.style.display='none'\" loading=\"lazy\" \/>\n\t<\/figure>\n\t<p>Equidad<\/p>\n\t<p>Escuchamos y valoramos las distintas voces y experiencias para promover oportunidades justas y equitativas.<\/p>\n<figure itemscope itemtype=\"https:\/\/schema.org\/ImageObject\">\n\t\t\t\t<img decoding=\"async\" src=\"https:\/\/vccf.org\/wp-content\/uploads\/2024\/04\/Group-1140.svg\" alt=\"Group 1140\" title=\"Grupo 1140\" onerror=\"this.style.display='none'\" loading=\"lazy\" \/>\n\t<\/figure>\n\t<p>Tenacidad<\/p>\n\t<p>Respondemos a los retos din\u00e1micos estrat\u00e9gicamente y con inmediatez, perseverando hasta lograr un \u00e9xito sostenible.<\/p>\n<figure itemscope itemtype=\"https:\/\/schema.org\/ImageObject\">\n\t\t\t\t<img decoding=\"async\" src=\"https:\/\/vccf.org\/wp-content\/uploads\/2024\/04\/Group-1132.svg\" alt=\"Group 1132\" title=\"Grupo 1132\" onerror=\"this.style.display='none'\" loading=\"lazy\" \/>\n\t<\/figure>\n\t<p>Excelencia<\/p>\n\t<p>Invertimos constantemente en educaci\u00f3n, operaciones, tecnolog\u00eda y nuestro capital humano para garantizar la m\u00e1xima calidad de servicio y apoyo a nuestros clientes donantes y a quienes servimos.<\/p>\n<figure itemscope itemtype=\"https:\/\/schema.org\/ImageObject\">\n\t\t\t\t<img decoding=\"async\" src=\"https:\/\/vccf.org\/wp-content\/uploads\/2024\/04\/Group-1125.svg\" alt=\"Group 1125\" title=\"Grupo 1125\" onerror=\"this.style.display='none'\" loading=\"lazy\" \/>\n\t<\/figure>\n\t<p>Conexi\u00f3n aut\u00e9ntica<\/p>\n\t<p>Nos comprometemos con todas las asociaciones mediante una colaboraci\u00f3n abierta y una comunicaci\u00f3n franca, co-creando soluciones impactantes.<\/p>\n<h2  id=\"legacy-magazine\">\n\t\t\tRevista VCCF's Legacy\t<\/h2>\n\t<p>Un legado de generosidad.<\/p>\n\t<p>La Fundaci\u00f3n Comunitaria del Condado de Ventura se enorgullece de lanzar nuestra primera revista de legado, \"Un legado de generosidad\". Esta publicaci\u00f3n de 42 p\u00e1ginas capta el esp\u00edritu y el coraz\u00f3n de nuestros donantes, miembros de la comunidad, beneficiarios de subvenciones y l\u00edderes de organizaciones sin \u00e1nimo de lucro que viven los valores de la VCCF de confianza, transparencia, compasi\u00f3n, equidad, tenacidad, excelencia y conexi\u00f3n aut\u00e9ntica.<\/p>\n\t<p>Esta revista cuenta la historia de su fundaci\u00f3n comunitaria y el papel que desempe\u00f1a en las historias del condado de Ventura a trav\u00e9s de su asesoramiento filantr\u00f3pico y su liderazgo comunitario.<\/p>\n\t<p>Le invitamos a leer esta carta de amor a nuestra comunidad, mientras transmitimos el mensaje \"Somos Vecinos y Todos Contamos\". Con 17 conmovedoras entrevistas y hermosas fotograf\u00edas de nuestra comunidad y sus inspiradores miembros, esta revista te har\u00e1 sonre\u00edr, llorar y querr\u00e1s leerla una y otra vez.<\/p>\n<h4>\n\t\t<a href=\"https:\/\/vccf.org\/wp-content\/uploads\/2024\/11\/vccf-legacy-magazine-pdf.pdf\" title=\"Descargar la revista en PDF\"  target=\"_blank\"  rel=\"noopener\">\n\t\t\tDescargar la revista en PDF\t\t<\/a>\n\t<\/h4>\n\t\t\t<a href=\"https:\/\/vccf.org\/SMPA_VCCF_financial_insert\/mobile\/index.html\"  target=\"_blank\" rel=\"noopener\">\n\t\t\t\t\t\t\tDatos financieros del ejercicio 2022\n\t\t\t\t\t<\/a>\n\t\t\t<a href=\"https:\/\/vccf.org\/SMPA_VCCF_5-24\/mobile\/index.html\"  target=\"_blank\" rel=\"noopener\">\n\t\t\t\t\t\t\tLeer ahora\n\t\t\t\t\t<\/a>\n<figure itemscope itemtype=\"https:\/\/schema.org\/ImageObject\">\n\t\t\t\t<img decoding=\"async\" src=\"https:\/\/vccf.org\/wp-content\/uploads\/2024\/04\/\u0421\u043b\u043e\u0439-1-4.png\" alt=\"\u0421\u043b\u043e\u0438\u0306 1 4\" height=\"60\" width=\"44\" title=\"\u0421\u043b\u043e\u0439 1 4\" onerror=\"this.style.display='none'\" loading=\"lazy\" \/>\n\t<\/figure>\n<h3>\n\t\t\tVea c\u00f3mo sus contribuciones tienen un impacto inmediato y duradero que puede sentir\t<\/h3>\n<figure itemscope itemtype=\"https:\/\/schema.org\/ImageObject\">\n\t\t\t\t<img decoding=\"async\" src=\"https:\/\/vccf.org\/wp-content\/uploads\/2024\/04\/\u0421\u043b\u043e\u0439-1-4.png\" alt=\"\u0421\u043b\u043e\u0438\u0306 1 4\" height=\"60\" width=\"44\" title=\"\u0421\u043b\u043e\u0439 1 4\" onerror=\"this.style.display='none'\" loading=\"lazy\" \/>\n\t<\/figure>\n<h2>\n\t\t\t\u00danete a la VCCF\t<\/h2>\n\t<p>Y formar parte de una comunidad compasiva e inspirada de dadores y hacedores. Juntos, construimos un futuro m\u00e1s brillante y m\u00e1s fuerte para nuestro condado de Ventura.<\/p>\n\t\t\t<a href=\"https:\/\/vccf.org\/es\/get-involved\/\"  target=\"_self\">\n\t\t\t\t\t\t\tParticipa\n\t\t\t\t\t<\/a>\n\t\t\t<a href=\"https:\/\/vccf.org\/es\/contact-us\/\"  target=\"_self\">\n\t\t\t\t\t\t\tEnv\u00edenos un correo electr\u00f3nico\n\t\t\t\t\t<\/a>\n<figure itemscope itemtype=\"https:\/\/schema.org\/ImageObject\">\n\t\t\t\t<img decoding=\"async\" src=\"https:\/\/vccf.org\/wp-content\/uploads\/2024\/06\/Group-1080-2.png\" alt=\"Group 1080 (2)\" height=\"563\" width=\"463\" title=\"Grupo 1080 (2)\" onerror=\"this.style.display='none'\" loading=\"lazy\" \/>\n\t<\/figure>","protected":false},"excerpt":{"rendered":"<p>Nuestra historia \"No creo que pueda cambiar el mundo, pero puedo contribuir a que el condado de Ventura sea a\u00fan mejor\". Leah Lacayo, donante Invol\u00facrate Nuestra historia Miembros de la Junta Personal...<\/p>","protected":false},"author":4,"featured_media":0,"parent":20928,"menu_order":0,"comment_status":"closed","ping_status":"closed","template":"","meta":{"_acf_changed":false,"give_campaign_id":0,"footnotes":""},"class_list":["post-20952","page","type-page","status-publish","hentry"],"acf":[],"campaignId":"","_links":{"self":[{"href":"https:\/\/vccf.org\/es\/wp-json\/wp\/v2\/pages\/20952","targetHints":{"allow":["GET"]}}],"collection":[{"href":"https:\/\/vccf.org\/es\/wp-json\/wp\/v2\/pages"}],"about":[{"href":"https:\/\/vccf.org\/es\/wp-json\/wp\/v2\/types\/page"}],"author":[{"embeddable":true,"href":"https:\/\/vccf.org\/es\/wp-json\/wp\/v2\/users\/4"}],"replies":[{"embeddable":true,"href":"https:\/\/vccf.org\/es\/wp-json\/wp\/v2\/comments?post=20952"}],"version-history":[{"count":0,"href":"https:\/\/vccf.org\/es\/wp-json\/wp\/v2\/pages\/20952\/revisions"}],"up":[{"embeddable":true,"href":"https:\/\/vccf.org\/es\/wp-json\/wp\/v2\/pages\/20928"}],"wp:attachment":[{"href":"https:\/\/vccf.org\/es\/wp-json\/wp\/v2\/media?parent=20952"}],"curies":[{"name":"wp","href":"https:\/\/api.w.org\/{rel}","templated":true}]}}