{"id":20953,"date":"2024-06-19T10:19:19","date_gmt":"2024-06-19T10:19:19","guid":{"rendered":"https:\/\/vccf.org\/?page_id=20953"},"modified":"2026-03-24T11:56:06","modified_gmt":"2026-03-24T18:56:06","slug":"faq","status":"publish","type":"page","link":"https:\/\/vccf.org\/es\/about\/faq\/","title":{"rendered":"PREGUNTAS FRECUENTES"},"content":{"rendered":"<h1>\n\t\t\tPreguntas frecuentes\t<\/h1>\n\t<p>Estamos aqu\u00ed para proporcionarle conocimientos sobre los problemas de la comunidad; recursos para influir en el cambio social; y estrategias para apoyar sus valores, esperanzas y visi\u00f3n de un mundo mejor. Las oportunidades abundan: sus donaciones a nuestra comunidad local sientan hoy las bases para el ma\u00f1ana y para las generaciones venideras.<\/p>\n\t\t\t<a href=\"https:\/\/vccf.org\/es\/get-involved\/\"  target=\"_self\">\n\t\t\t\t\t\t\tParticipa\n\t\t\t\t\t<\/a>\n<figure itemscope itemtype=\"https:\/\/schema.org\/ImageObject\">\n\t\t\t\t<img decoding=\"async\" src=\"https:\/\/vccf.org\/wp-content\/uploads\/2024\/06\/Mask-group-2.png\" alt=\"Mask group (2)\" height=\"772\" width=\"836\" title=\"Grupo de m\u00e1scaras (2)\" onerror=\"this.style.display='none'\" loading=\"lazy\" \/>\n\t<\/figure>\n<h3>\n\t\t\tNuestra historia\t<\/h3>\n<h3>\n\t\t\tMiembros del Consejo\t<\/h3>\n<h3>\n\t\t\tFuncionarios\t<\/h3>\n<h3>\n\t\t\tFinanzas\t<\/h3>\n<h3>\n\t\t\tHistorias de donantes\t<\/h3>\n<h3>\n\t\t\tPreguntas frecuentes\t<\/h3>\n<h1>\n\t\t\tPreguntas m\u00e1s frecuentes\t<\/h1>\n\t\t\t\t\u00bfEs la VCCF una organizaci\u00f3n sin \u00e1nimo de lucro?\n\t\t\t\t<p>\u00a1S\u00cd! Por lo tanto, cualquier donaci\u00f3n a la VCCF o a un fondo de la VCCF es una donaci\u00f3n ben\u00e9fica con el n\u00famero de identificaci\u00f3n fiscal 77-0165029.<\/p>\n\t\t\t\t\u00bfCu\u00e1nto cuesta empezar?\n\t\t\t\t<p>Nos especializamos en ayudarle a dar estrat\u00e9gicamente y hay\u00a0<strong>sin coste<\/strong>\u00a0para este periodo de planificaci\u00f3n.<\/p>\n<p>Sin embargo, una vez que cree su fondo, deber\u00e1 abonar una comisi\u00f3n administrativa trimestral que depender\u00e1 del tipo de fondo que cree.<\/p>\n<p>Por ejemplo, los fondos de becas dotados tienen una comisi\u00f3n anual de 1,5% y una comisi\u00f3n t\u00edpica de 1,24% anual sobre el saldo. Los fondos no destinados a becas, como un fondo asesorado por el donante o un fondo de una agencia sin \u00e1nimo de lucro, tienen una comisi\u00f3n t\u00edpica de 1,24% trimestral sobre el saldo. Hay algunos otros tipos de fondos que tienen estructuras de comisiones \u00fanicas debido a la duraci\u00f3n del fondo, como los fondos \"Pass Through\", o una posible reducci\u00f3n de la comisi\u00f3n en funci\u00f3n del tama\u00f1o de su fondo.<\/p>\n<p>To learn more, <a href=\"https:\/\/vccf.org\/es\/my-vccf-fund\/fund-contact\/\">please contact our Philanthropic Services Team.<\/a><\/p>\n\t\t\t\t\u00bfQu\u00e9 tipos de activos puedo donar?\n\t\t\t\t<p>Estamos autorizados a aceptar donaciones de todo tipo. Aunque los tipos m\u00e1s comunes de donaciones incluyen dinero en efectivo, propiedades apreciadas y acciones cotizadas en bolsa, tambi\u00e9n podemos aceptar la mayor\u00eda de los dem\u00e1s activos.<\/p>\n<p><a href=\"https:\/\/vccf.org\/es\/my-vccf-fund\/fund-contact\/\">Please contact our Philanthropic Services Team<\/a>\u00a0to learn more about available giving options.<\/p>\n\t\t\t\t\u00bfTrabaja con asesores profesionales?\n\t\t\t\t<p>Si usted es como muchos asesores profesionales, es posible que haya dudado en plantear el tema de la filantrop\u00eda a sus clientes. Sin embargo, los estudios demuestran que la gente est\u00e1 deseando saber m\u00e1s sobre las donaciones ben\u00e9ficas. Seg\u00fan un art\u00edculo publicado en el Chronicle of Philanthropy, la mayor\u00eda de las personas afirman que les gustar\u00eda que sus asesores tuvieran m\u00e1s conocimientos sobre las donaciones planificadas y fueran m\u00e1s comunicativos en sus sugerencias sobre los tipos de donaciones que se pueden hacer. En otras palabras, si se esfuerza por estar mejor informado sobre el papel fundamental que puede desempe\u00f1ar la filantrop\u00eda en la planificaci\u00f3n del patrimonio, sus clientes se lo agradecer\u00e1n.<\/p>\n<p>La Fundaci\u00f3n Comunitaria del Condado de Ventura es un veh\u00edculo \u00fanico y de confianza que usted y sus clientes pueden utilizar para abordar las cuestiones que les interesan, al tiempo que obtienen el m\u00e1ximo beneficio fiscal en virtud de la legislaci\u00f3n estatal y federal. Ofrecemos una gran variedad de opciones de donaciones, incluida la posibilidad de crear un fondo asesorado por el donante a nombre de su cliente. A menudo surgen oportunidades de donaciones significativas cuando los clientes toman decisiones empresariales, personales y financieras importantes. Nuestro personal puede trabajar con usted y su cliente para recomendar la mejor soluci\u00f3n ben\u00e9fica. Considere las siguientes situaciones:<\/p>\n<p><strong>Planificaci\u00f3n fiscal de fin de a\u00f1o<\/strong><br \/>Su cliente necesita compensar plusval\u00edas o cosechar p\u00e9rdidas de capital y desea retribuir a la comunidad, y dispone de poco tiempo para decidir cu\u00e1les son las organizaciones ben\u00e9ficas m\u00e1s merecedoras.<\/p>\n<p><strong>Conservar un patrimonio<\/strong><br \/>La planificaci\u00f3n del patrimonio puede identificar impuestos significativos que van a parar a Hacienda, y su cliente quiere destinar dinero a causas ben\u00e9ficas...<\/p>\n<p><strong>Jubilarse c\u00f3modamente<\/strong><br \/>A su cliente le interesan unos ingresos estables durante toda su vida y siempre ha sido caritativo.<\/p>\n<p><strong>Crear una fundaci\u00f3n privada<\/strong><br \/>Su cliente est\u00e1 pensando en crear una fundaci\u00f3n privada y busca apoyo administrativo o una forma m\u00e1s rentable y sencilla.<\/p>\n<p><strong>Acciones en cartera<\/strong><br \/>El patrimonio neto de su cliente incluye una empresa de capital cerrado, y es importante para su cliente retribuir a la comunidad.<\/p>\n<p><strong>Venta o enajenaci\u00f3n de acciones o bienes muy apreciados<\/strong><br \/>Su cliente posee acciones o propiedades apreciadas y desea destinar una parte de las ganancias a donaciones ben\u00e9ficas. Sin embargo, las organizaciones ben\u00e9ficas identificadas pueden ser demasiado peque\u00f1as para aceptar donaciones directas de acciones o propiedades. Al asociarse con su fundaci\u00f3n comunitaria, puede superar estos retos sin problemas.<br \/>Ofrecemos soluciones de donaci\u00f3n flexibles, como fondos asesorados por donantes, donaciones planificadas o donaciones de ingresos vitalicios para ayudar a alcanzar los objetivos filantr\u00f3picos de su cliente. La VCCF est\u00e1 preparada para aceptar diversos veh\u00edculos de donaci\u00f3n, incluidas acciones muy apreciadas y en cartera, lo que garantiza que su cliente reciba los m\u00e1ximos beneficios fiscales.<br \/>Con nuestra experiencia, puede estar seguro de que los objetivos ben\u00e9ficos de su cliente se perseguir\u00e1n fiel y eficazmente, creando un impacto significativo y duradero.<\/p>\n<p>To learn more, <a href=\"https:\/\/vccf.org\/es\/donate\/professional-advisor-faqs\/\">please visit our Professional Advisors FAQ page<\/a>.<\/p>\n<figure itemscope itemtype=\"https:\/\/schema.org\/ImageObject\">\n\t\t\t\t<img decoding=\"async\" src=\"https:\/\/vccf.org\/wp-content\/uploads\/2024\/04\/\u0421\u043b\u043e\u0439-1-4.png\" alt=\"\u0421\u043b\u043e\u0438\u0306 1 4\" height=\"60\" width=\"44\" title=\"\u0421\u043b\u043e\u0439 1 4\" onerror=\"this.style.display='none'\" loading=\"lazy\" \/>\n\t<\/figure>\n<h3>\n\t\t\tVea c\u00f3mo sus contribuciones tienen un impacto inmediato y duradero que puede sentir\t<\/h3>\n<figure itemscope itemtype=\"https:\/\/schema.org\/ImageObject\">\n\t\t\t\t<img decoding=\"async\" src=\"https:\/\/vccf.org\/wp-content\/uploads\/2024\/04\/\u0421\u043b\u043e\u0439-1-4.png\" alt=\"\u0421\u043b\u043e\u0438\u0306 1 4\" height=\"60\" width=\"44\" title=\"\u0421\u043b\u043e\u0439 1 4\" onerror=\"this.style.display='none'\" loading=\"lazy\" \/>\n\t<\/figure>\n<h2>\n\t\t\t\u00danete a la VCCF\t<\/h2>\n\t<p>Y formar parte de una comunidad compasiva e inspirada de dadores y hacedores. Juntos, construimos un futuro m\u00e1s brillante y m\u00e1s fuerte para nuestro condado de Ventura.<\/p>\n\t\t\t<a href=\"https:\/\/vccf.org\/es\/get-involved\/\"  target=\"_self\">\n\t\t\t\t\t\t\tParticipa\n\t\t\t\t\t<\/a>\n\t\t\t<a href=\"https:\/\/vccf.org\/es\/contact-us\/\"  target=\"_self\">\n\t\t\t\t\t\t\tEnv\u00edenos un correo electr\u00f3nico\n\t\t\t\t\t<\/a>\n<figure itemscope itemtype=\"https:\/\/schema.org\/ImageObject\">\n\t\t\t\t<img decoding=\"async\" src=\"https:\/\/vccf.org\/wp-content\/uploads\/2024\/06\/Group-1080-2.png\" alt=\"Group 1080 (2)\" height=\"563\" width=\"463\" title=\"Grupo 1080 (2)\" onerror=\"this.style.display='none'\" loading=\"lazy\" \/>\n\t<\/figure>","protected":false},"excerpt":{"rendered":"<p>FAQs Estamos aqu\u00ed para proporcionarle conocimientos sobre los problemas de la comunidad; recursos para influir en el cambio social; y estrategias para apoyar sus valores, esperanzas y visi\u00f3n de un mundo mejor....<\/p>","protected":false},"author":3,"featured_media":0,"parent":20928,"menu_order":0,"comment_status":"closed","ping_status":"closed","template":"","meta":{"_acf_changed":false,"give_campaign_id":0,"footnotes":""},"class_list":["post-20953","page","type-page","status-publish","hentry"],"acf":[],"campaignId":"","_links":{"self":[{"href":"https:\/\/vccf.org\/es\/wp-json\/wp\/v2\/pages\/20953","targetHints":{"allow":["GET"]}}],"collection":[{"href":"https:\/\/vccf.org\/es\/wp-json\/wp\/v2\/pages"}],"about":[{"href":"https:\/\/vccf.org\/es\/wp-json\/wp\/v2\/types\/page"}],"author":[{"embeddable":true,"href":"https:\/\/vccf.org\/es\/wp-json\/wp\/v2\/users\/3"}],"replies":[{"embeddable":true,"href":"https:\/\/vccf.org\/es\/wp-json\/wp\/v2\/comments?post=20953"}],"version-history":[{"count":0,"href":"https:\/\/vccf.org\/es\/wp-json\/wp\/v2\/pages\/20953\/revisions"}],"up":[{"embeddable":true,"href":"https:\/\/vccf.org\/es\/wp-json\/wp\/v2\/pages\/20928"}],"wp:attachment":[{"href":"https:\/\/vccf.org\/es\/wp-json\/wp\/v2\/media?parent=20953"}],"curies":[{"name":"wp","href":"https:\/\/api.w.org\/{rel}","templated":true}]}}