{"id":21037,"date":"2024-07-09T15:07:08","date_gmt":"2024-07-09T15:07:08","guid":{"rendered":"https:\/\/vccf.org\/?page_id=21037"},"modified":"2024-09-16T06:11:08","modified_gmt":"2024-09-16T06:11:08","slug":"apply-for-funding","status":"publish","type":"page","link":"https:\/\/vccf.org\/es\/my-vccf-fund\/apply-for-funding\/","title":{"rendered":"VCCF Nonprofit Partners looking for funding"},"content":{"rendered":"<h1>\n\t\tSocios sin \u00e1nimo de lucro de la VCCF en busca de financiaci\u00f3n:\n\t<\/h1>\n<h4>\n\t\tSi es la primera vez que lo solicita:\n\t<\/h4>\n<h4>\n\t\tHaga clic en registrarse para crear una cuenta.\n\t<\/h4>\n\t\t\t<a href=\"https:\/\/vccf.spectrumportal.net\/Accounts\/Register\" target=\"_blank\" rel=\"noopener\">\n\t\t\t\t\t\t\tReg\u00edstrese en\n\t\t\t\t\t<\/a>\n<h5>\n\t\tLas cuentas nuevas se abren en un plazo de 24 a 48 horas.\n\t<\/h5>\n<h4>\n\t\tSi tienes una cuenta:\n\t<\/h4>\n<h4>\n\t\tHaga clic a continuaci\u00f3n para iniciar sesi\u00f3n y ver las solicitudes de subvenci\u00f3n disponibles.\n\t<\/h4>\n\t\t\t<a href=\"https:\/\/vccf.spectrumportal.net\/Accounts\/LogOn\" target=\"_blank\" rel=\"noopener\">\n\t\t\t\t\t\t\tIniciar sesi\u00f3n\n\t\t\t\t\t<\/a>","protected":false},"excerpt":{"rendered":"<p>VCCF Nonprofit Partners looking for funding: If this is your first time applying: Click register to create an account. Register Please allow 24 to 48 hours for set-up of new&hellip;<\/p>","protected":false},"author":4,"featured_media":0,"parent":21014,"menu_order":0,"comment_status":"closed","ping_status":"closed","template":"","meta":{"_acf_changed":false,"give_campaign_id":0,"footnotes":""},"class_list":["post-21037","page","type-page","status-publish","hentry"],"acf":[],"campaignId":"","_links":{"self":[{"href":"https:\/\/vccf.org\/es\/wp-json\/wp\/v2\/pages\/21037","targetHints":{"allow":["GET"]}}],"collection":[{"href":"https:\/\/vccf.org\/es\/wp-json\/wp\/v2\/pages"}],"about":[{"href":"https:\/\/vccf.org\/es\/wp-json\/wp\/v2\/types\/page"}],"author":[{"embeddable":true,"href":"https:\/\/vccf.org\/es\/wp-json\/wp\/v2\/users\/4"}],"replies":[{"embeddable":true,"href":"https:\/\/vccf.org\/es\/wp-json\/wp\/v2\/comments?post=21037"}],"version-history":[{"count":0,"href":"https:\/\/vccf.org\/es\/wp-json\/wp\/v2\/pages\/21037\/revisions"}],"up":[{"embeddable":true,"href":"https:\/\/vccf.org\/es\/wp-json\/wp\/v2\/pages\/21014"}],"wp:attachment":[{"href":"https:\/\/vccf.org\/es\/wp-json\/wp\/v2\/media?parent=21037"}],"curies":[{"name":"wp","href":"https:\/\/api.w.org\/{rel}","templated":true}]}}