{"id":21044,"date":"2024-07-10T18:13:12","date_gmt":"2024-07-10T18:13:12","guid":{"rendered":"https:\/\/vccf.org\/?page_id=21044"},"modified":"2025-05-05T10:52:20","modified_gmt":"2025-05-05T17:52:20","slug":"initiatives","status":"publish","type":"page","link":"https:\/\/vccf.org\/es\/initiatives\/","title":{"rendered":"Iniciativas"},"content":{"rendered":"<h1>\n\t\tTransformar vidas, una iniciativa cada vez.\n\t<\/h1>\n<h1>\n\t\t\u00danete a nosotros.\n\t<\/h1>\n\t<p>Desde la protecci\u00f3n del medio ambiente hasta los programas educativos, su apoyo a las iniciativas de la VCCF en el condado de Ventura crea una comunidad pr\u00f3spera para todos. Descubra c\u00f3mo puede marcar la diferencia hoy mismo.<\/p>\n\t\t\t<a href=\"https:\/\/vccf.org\/es\/initiatives\/donate\/\" target=\"_self\">\n\t\t\t\t\t\t\tDonar ahora\n\t\t\t\t\t<\/a>\n\t\t\t\t<img loading=\"lazy\" decoding=\"async\" src=\"https:\/\/vccf.org\/wp-content\/uploads\/2024\/04\/\u0421\u043b\u043e\u0439-1-4.png\" alt=\"\u0421\u043b\u043e\u0438\u0306 1 4\" itemprop=\"image\" height=\"60\" width=\"44\" title=\"\u0421\u043b\u043e\u0439 1 4\" onerror=\"this.style.display='none'\"  \/>\n<h3>\n\t\tHacer del condado de Ventura un lugar mejor para vivir\n\t<\/h3>\n\t<p>Su apoyo a las iniciativas de la VCCF en el condado de Ventura crea una comunidad pr\u00f3spera para todos. Al apoyar estos programas, usted desempe\u00f1a un papel directo en la configuraci\u00f3n del futuro del condado de Ventura, ayud\u00e1ndonos a abordar nuestros retos m\u00e1s cr\u00edticos. \u00a1Explore c\u00f3mo puede marcar la diferencia hoy mismo!<\/p>\n<h2>\n\t\tIniciativas actuales\n\t<\/h2>\n        \t<meta itemscope itemprop=\"mainEntityOfPage\" itemtype=\"https:\/\/schema.org\/WebPage\" itemid=\"http:\/\/176\" content=\"Isabella Project &#8211; Highest-Quality Early Childhood Education Initiative\" \/><meta itemprop=\"datePublished\" content=\"2024-04-12\" \/><meta itemprop=\"dateModified\" content=\"2025-03-20\" \/><meta itemprop=\"name\" content=\"Ventura County Community Foundation\"\/><meta itemprop=\"url\" content=\"https:\/\/vccf.org\/author\/laurengraf\/\" \/><meta itemprop=\"name\" content=\"laurengraf\" \/><meta itemprop=\"url\" content=\"https:\/\/vccf.org\/wp-content\/uploads\/2024\/04\/c1cd2aab5c9cf2f0cdd797299fe64329-scaled.jpeg\" \/><meta itemprop=\"width\" content=\"1707\" \/><meta itemprop=\"height\" content=\"2560\" \/><meta itemprop=\"interactionType\" content=\"https:\/\/schema.org\/CommentAction\" \/><meta itemprop=\"userInteractionCount\" content=\"0\" \/>\n    <h3><a href='https:\/\/vccf.org\/es\/vccf-initiatives\/isabella-project-early-childhood-education\/' title='Proyecto Isabella - Iniciativa de educaci\u00f3n infantil de m\u00e1xima calidad'>Proyecto Isabella - Iniciativa de educaci\u00f3n infantil de m\u00e1xima calidad<\/a><\/h3>\n    <img decoding=\"async\" src=\"https:\/\/vccf.org\/wp-content\/uploads\/2024\/04\/c1cd2aab5c9cf2f0cdd797299fe64329-scaled.jpeg\" \/>\n        \t<meta itemscope itemprop=\"mainEntityOfPage\" itemtype=\"https:\/\/schema.org\/WebPage\" itemid=\"http:\/\/177\" content=\"Animal Welfare Initiative\" \/><meta itemprop=\"datePublished\" content=\"2024-04-12\" \/><meta itemprop=\"dateModified\" content=\"2025-02-11\" \/><meta itemprop=\"name\" content=\"Ventura County Community Foundation\"\/><meta itemprop=\"url\" content=\"https:\/\/vccf.org\/author\/kazbek-kadalashvilieverneu-com\/\" \/><meta itemprop=\"name\" content=\"Kazbek Kadalashvili\" \/><meta itemprop=\"url\" content=\"https:\/\/vccf.org\/wp-content\/uploads\/2024\/04\/AdobeStock_716979388-1.png\" \/><meta itemprop=\"width\" content=\"836\" \/><meta itemprop=\"height\" content=\"850\" \/><meta itemprop=\"interactionType\" content=\"https:\/\/schema.org\/CommentAction\" \/><meta itemprop=\"userInteractionCount\" content=\"0\" \/>\n    <h3><a href='https:\/\/vccf.org\/es\/vccf-initiatives\/vccf-animal-welfare-fund\/' title='Iniciativa para el Bienestar Animal'>Iniciativa para el Bienestar Animal<\/a><\/h3>\n    <img decoding=\"async\" src=\"https:\/\/vccf.org\/wp-content\/uploads\/2024\/04\/AdobeStock_716979388-1.png\" \/>\n        \t<meta itemscope itemprop=\"mainEntityOfPage\" itemtype=\"https:\/\/schema.org\/WebPage\" itemid=\"http:\/\/178\" content=\"Caregiver Initiative\" \/><meta itemprop=\"datePublished\" content=\"2024-04-12\" \/><meta itemprop=\"dateModified\" content=\"2025-01-13\" \/><meta itemprop=\"name\" content=\"Ventura County Community Foundation\"\/><meta itemprop=\"url\" content=\"https:\/\/vccf.org\/author\/viktar-ramanovicheverneu-com\/\" \/><meta itemprop=\"name\" content=\"Viktar Ramanovich\" \/><meta itemprop=\"url\" content=\"https:\/\/vccf.org\/wp-content\/uploads\/2024\/04\/vccf-lr-40-768x512-1.jpg\" \/><meta itemprop=\"width\" content=\"768\" \/><meta itemprop=\"height\" content=\"512\" \/><meta itemprop=\"interactionType\" content=\"https:\/\/schema.org\/CommentAction\" \/><meta itemprop=\"userInteractionCount\" content=\"0\" \/>\n    <h3><a href='https:\/\/vccf.org\/es\/vccf-initiatives\/caregiver-initiative\/' title='Iniciativa sobre cuidadores'>Iniciativa sobre cuidadores<\/a><\/h3>\n    <img decoding=\"async\" src=\"https:\/\/vccf.org\/wp-content\/uploads\/2024\/04\/vccf-lr-40-768x512-1.jpg\" \/>\n        \t<meta itemscope itemprop=\"mainEntityOfPage\" itemtype=\"https:\/\/schema.org\/WebPage\" itemid=\"http:\/\/181\" content=\"Environmental Initiative\" \/><meta itemprop=\"datePublished\" content=\"2024-04-12\" \/><meta itemprop=\"dateModified\" content=\"2025-01-13\" \/><meta itemprop=\"name\" content=\"Ventura County Community Foundation\"\/><meta itemprop=\"url\" content=\"https:\/\/vccf.org\/author\/kazbek-kadalashvilieverneu-com\/\" \/><meta itemprop=\"name\" content=\"Kazbek Kadalashvili\" \/><meta itemprop=\"url\" content=\"https:\/\/vccf.org\/wp-content\/uploads\/2024\/04\/image-18-1.png\" \/><meta itemprop=\"width\" content=\"836\" \/><meta itemprop=\"height\" content=\"850\" \/><meta itemprop=\"interactionType\" content=\"https:\/\/schema.org\/CommentAction\" \/><meta itemprop=\"userInteractionCount\" content=\"0\" \/>\n    <h3><a href='https:\/\/vccf.org\/es\/vccf-initiatives\/environmental-initiative\/' title='Iniciativa medioambiental'>Iniciativa medioambiental<\/a><\/h3>\n    <img decoding=\"async\" src=\"https:\/\/vccf.org\/wp-content\/uploads\/2024\/04\/image-18-1.png\" \/>\n        \t<meta itemscope itemprop=\"mainEntityOfPage\" itemtype=\"https:\/\/schema.org\/WebPage\" itemid=\"http:\/\/21045\" content=\"Scholarships for Local Students\" \/><meta itemprop=\"datePublished\" content=\"2024-07-10\" \/><meta itemprop=\"dateModified\" content=\"2024-11-06\" \/><meta itemprop=\"name\" content=\"Ventura County Community Foundation\"\/><meta itemprop=\"url\" content=\"https:\/\/vccf.org\/author\/viktar-ramanovicheverneu-com\/\" \/><meta itemprop=\"name\" content=\"Viktar Ramanovich\" \/><meta itemprop=\"url\" content=\"https:\/\/vccf.org\/wp-content\/uploads\/2024\/07\/image-142.png\" \/><meta itemprop=\"width\" content=\"345\" \/><meta itemprop=\"height\" content=\"222\" \/><meta itemprop=\"interactionType\" content=\"https:\/\/schema.org\/CommentAction\" \/><meta itemprop=\"userInteractionCount\" content=\"0\" \/>\n    <h3>\n        <a href=\"https:\/\/vccf.org\/es\/scholarships\/\">Becas para estudiantes locales<\/a>\n    <\/h3>\n    <img decoding=\"async\" src=\"https:\/\/vccf.org\/wp-content\/uploads\/2024\/07\/image-142.png\" \/>\n        \t<meta itemscope itemprop=\"mainEntityOfPage\" itemtype=\"https:\/\/schema.org\/WebPage\" itemid=\"http:\/\/21622\" content=\"VCCF Disaster Resilience and Preparedness\" \/><meta itemprop=\"datePublished\" content=\"2024-11-06\" \/><meta itemprop=\"dateModified\" content=\"2025-02-12\" \/><meta itemprop=\"name\" content=\"Ventura County Community Foundation\"\/><meta itemprop=\"url\" content=\"https:\/\/vccf.org\/author\/maria-dadonovaeverneu-com\/\" \/><meta itemprop=\"name\" content=\"Maria Dadonova\" \/><meta itemprop=\"url\" content=\"https:\/\/vccf.org\/wp-content\/uploads\/2025\/01\/hill-fire-and-woolsey-fire-flower-e1561367852867-line-removed-2.png\" \/><meta itemprop=\"width\" content=\"1492\" \/><meta itemprop=\"height\" content=\"825\" \/><meta itemprop=\"interactionType\" content=\"https:\/\/schema.org\/CommentAction\" \/><meta itemprop=\"userInteractionCount\" content=\"0\" \/>\n    <h3><a href='https:\/\/vccf.org\/es\/vccf-initiatives\/vccf-disaster-resilience-and-preparedness\/' title='VCCF Resiliencia y preparaci\u00f3n ante cat\u00e1strofes'>VCCF Resiliencia y preparaci\u00f3n ante cat\u00e1strofes<\/a><\/h3>\n    <img decoding=\"async\" src=\"https:\/\/vccf.org\/wp-content\/uploads\/2025\/01\/hill-fire-and-woolsey-fire-flower-e1561367852867-line-removed-2.png\" \/>\n<h2>\n\t\t\u00danete a nosotros\n\t<\/h2>\n<h3>\n\t\tAproveche la oportunidad de marcar una diferencia duradera.\n\t<\/h3>\n\t<p><strong><a href=\"\/es\/initiatives\/donate\/\">Done hoy y convi\u00e9rtase en una parte vital de nuestra misi\u00f3n.<\/a><\/strong><\/p>\n<p>Juntos, podemos seguir afrontando los retos y celebrar la fortaleza del condado de Ventura. Juntos, invirtamos en un futuro en el que cada miembro de nuestra comunidad tenga la oportunidad de prosperar.<\/p>","protected":false},"excerpt":{"rendered":"<p>Transformar vidas, una iniciativa cada vez. \u00danase a nosotros Desde la protecci\u00f3n del medio ambiente hasta los programas educativos, su apoyo a las iniciativas de la VCCF en el condado de Ventura crea una comunidad pr\u00f3spera para todos. Descubra...<\/p>","protected":false},"author":4,"featured_media":0,"parent":0,"menu_order":0,"comment_status":"closed","ping_status":"closed","template":"","meta":{"_acf_changed":false,"give_campaign_id":0,"footnotes":""},"class_list":["post-21044","page","type-page","status-publish","hentry"],"acf":[],"campaignId":"","_links":{"self":[{"href":"https:\/\/vccf.org\/es\/wp-json\/wp\/v2\/pages\/21044","targetHints":{"allow":["GET"]}}],"collection":[{"href":"https:\/\/vccf.org\/es\/wp-json\/wp\/v2\/pages"}],"about":[{"href":"https:\/\/vccf.org\/es\/wp-json\/wp\/v2\/types\/page"}],"author":[{"embeddable":true,"href":"https:\/\/vccf.org\/es\/wp-json\/wp\/v2\/users\/4"}],"replies":[{"embeddable":true,"href":"https:\/\/vccf.org\/es\/wp-json\/wp\/v2\/comments?post=21044"}],"version-history":[{"count":0,"href":"https:\/\/vccf.org\/es\/wp-json\/wp\/v2\/pages\/21044\/revisions"}],"wp:attachment":[{"href":"https:\/\/vccf.org\/es\/wp-json\/wp\/v2\/media?parent=21044"}],"curies":[{"name":"wp","href":"https:\/\/api.w.org\/{rel}","templated":true}]}}