{"id":21048,"date":"2024-07-11T12:05:33","date_gmt":"2024-07-11T12:05:33","guid":{"rendered":"https:\/\/vccf.org\/?page_id=21048"},"modified":"2025-11-17T14:02:50","modified_gmt":"2025-11-17T22:02:50","slug":"professional-advisor-faqs","status":"publish","type":"page","link":"https:\/\/vccf.org\/es\/donate\/professional-advisor-faqs\/","title":{"rendered":"Preguntas frecuentes sobre el asesor profesional"},"content":{"rendered":"<h1>\n\t\t\tPreguntas frecuentes sobre el asesor profesional\t<\/h1>\n\t\t\t\t<h2 itemprop=\"name description\">\u00bfPor qu\u00e9 deber\u00eda recomendar la VCCF a mis clientes?<\/h2>\n\t\t\t\tComo asesor profesional, sus recomendaciones pueden tener un gran impacto en las estrategias filantr\u00f3picas de sus clientes. La Ventura County Community Foundation no es s\u00f3lo una fundaci\u00f3n; es una organizaci\u00f3n centrada en la comunidad y profundamente arraigada en el condado de Ventura desde 1987. Recomendar la VCCF le permite poner en contacto a sus clientes con una entidad de confianza conocida por su transparencia, compasi\u00f3n y excelencia en la gesti\u00f3n de recursos filantr\u00f3picos. Los donantes de la VCCF han concedido m\u00e1s de $250 millones desde 1987, lo que ha repercutido directamente en las organizaciones locales sin \u00e1nimo de lucro y ha ayudado a miles de estudiantes a trav\u00e9s de becas.\n\t\t\t\t<h2 itemprop=\"name description\">\u00bfQu\u00e9 servicios exclusivos ofrece la VCCF a mis clientes?<\/h2>\n\t\t\t\tVCCF ofrece consultor\u00eda filantr\u00f3pica centrada en el cliente, ayudando a crear estrategias de donaci\u00f3n personalizadas y de gran impacto. Esto incluye desde la identificaci\u00f3n de causas hasta el desarrollo de estrategias que se alineen con los valores de sus clientes. Adem\u00e1s, la VCCF ofrece opciones de donaci\u00f3n flexibles, como los fondos asesorados por el donante, que pueden ser m\u00e1s rentables y sencillos que establecer una fundaci\u00f3n privada.\n\t\t\t\t<h2 itemprop=\"name description\">\u00bfPuede la VCCF ayudar con tipos de donaciones complejas?<\/h2>\n\t\t\t\tS\u00ed, la VCCF est\u00e1 preparada para gestionar una amplia gama de tipos de activos, como efectivo, bienes inmuebles y acciones. Nuestra experiencia se extiende a situaciones m\u00e1s complejas, como las acciones en manos de particulares o la planificaci\u00f3n ben\u00e9fica, garantizando que los actos filantr\u00f3picos de sus clientes tengan impacto y sean financieramente s\u00f3lidos.\n\t\t\t\t<h2 itemprop=\"name description\">\u00bfEn qu\u00e9 me beneficia como asesor profesional asociarme a la VCCF?<\/h2>\n\t\t\t\tAl asociarse con la VCCF, usted accede a una organizaci\u00f3n con profundas ra\u00edces en la comunidad y amplios conocimientos de las necesidades locales. Adem\u00e1s de mejorar su oferta de servicios, una asociaci\u00f3n con la VCCF le posiciona como un actor clave en el viaje filantr\u00f3pico de sus clientes, profundizando las relaciones con ellos y construyendo su reputaci\u00f3n como asesor con visi\u00f3n de futuro.\n\t\t\t\t<h2 itemprop=\"name description\">\u00bfQu\u00e9 impacto ha tenido la VCCF en el condado de Ventura?<\/h2>\n\t\t\t\tLa VCCF ha desempe\u00f1ado un papel decisivo a la hora de abordar algunos de los problemas m\u00e1s acuciantes del condado de Ventura, desde iniciativas educativas hasta ayuda en caso de cat\u00e1strofe. Nuestro trabajo, apoyado por una red de donantes y socios, es un testimonio del poder de la filantrop\u00eda impulsada por la comunidad y de la diferencia tangible que marca en las vidas de los residentes del condado de Ventura.\n\t\t\t\t<h2 itemprop=\"name description\">\u00bfCuentan con especialistas certificados en donaciones planificadas? <\/h2>\n\t\t\t\t<p>S\u00ed. En la VCCF contamos con cuatro empleados que son especialistas certificados en donaciones planificadas.<\/p>\n\t\t\t\t<h2 itemprop=\"name description\"> \u00bfTienen alg\u00fan Analista Fiduciario de Inversiones Acreditado en plantilla?<\/h2>\n\t\t\t\t<p>S\u00ed. En la VCCF contamos con dos empleados que son Analistas Fiduciarios de Inversiones Acreditados.<\/p>\n\t\t\t\t<h2 itemprop=\"name description\">\u00bfQui\u00e9nes son los Asesores Profesionales con los que trabaja principalmente y a los que quiere atraer?<\/h2>\n\t\t\t\t<p>Colaboramos estrechamente y tratamos de atraer a abogados especializados en sucesiones, contadores p\u00fablicos y fiscales, planificadores financieros certificados y planificadores de sucesiones. Nuestro objetivo es asociarnos con asesores que se comprometan a guiar a sus clientes en la toma de decisiones filantr\u00f3picas de impacto.<\/p>\n\t\t\t\t<h2 itemprop=\"name description\">\u00bfQu\u00e9 servicios espec\u00edficos, recursos, valor y beneficios ofrecen a los Asesores Profesionales?<\/h2>\n\t\t\t\t<p>En VCCF, ofrecemos una ventaja distintiva al estar profundamente arraigados en la comunidad local. Nuestra Oficina de Consultor\u00eda Filantr\u00f3pica ofrece servicios personalizados a particulares, familias y empresas, gui\u00e1ndoles a lo largo de su trayectoria filantr\u00f3pica. Ayudamos a identificar causas significativas, a desarrollar estrategias de impacto, a involucrar a las generaciones futuras en la filantrop\u00eda y a ofrecer experiencia local en problemas urgentes de la comunidad. Nuestro exhaustivo proceso de diligencia debida sobre las organizaciones sin \u00e1nimo de lucro, el asesoramiento estrat\u00e9gico para la concesi\u00f3n de subvenciones y la formaci\u00f3n para maximizar los beneficios de las donaciones ben\u00e9ficas permiten a los asesores profesionales ofrecer soluciones integrales a sus clientes.<\/p>\n<p>Adem\u00e1s, nuestra experiencia en donaciones planificadas nos permite colaborar con asesores profesionales para dise\u00f1ar estrategias de donaci\u00f3n que satisfagan diversas necesidades, como proporcionar ingresos inmediatos, reducir impuestos y establecer legados duraderos. Tambi\u00e9n ofrecemos servicios de informes de impacto, que ayudan a los asesores a demostrar los resultados tangibles de las inversiones filantr\u00f3picas de sus clientes. Por \u00faltimo, ofrecemos consultas personalizadas, servicios de planificaci\u00f3n de legados y acceso a una amplia red de expertos y hom\u00f3logos, incluidos l\u00edderes jur\u00eddicos, financieros y sin \u00e1nimo de lucro. Esta red proporciona valiosos conocimientos y oportunidades de colaboraci\u00f3n.<\/p>\n\t\t\t\t<h2 itemprop=\"name description\">\u00bfExisten programas o iniciativas exclusivos para los asesores profesionales? <\/h2>\n\t\t\t\t<p>Nos complace anunciar el pr\u00f3ximo lanzamiento de varias iniciativas dise\u00f1adas espec\u00edficamente para asesores profesionales. Para mantenerse informado, suscr\u00edbase a nuestro <a href=\"\/es\/media-news\/email-newsletter-sign-up\/\">Bolet\u00edn Power of Purpose<\/a>.<\/p>\n\t\t\t\t<h2 itemprop=\"name description\">Do you provide any tools that Professional Advisors can use with their clients?<\/h2>\n\t\t\t\tUpon request, we will run customized illustrations for donors interested in establishing a Charitable Gift Annuity (CGA) or Charitable Remainder Trust (CRT). These illustrations present to the donor the anticipated income and tax benefit of their gift.\n\t\t\t\t<h2 itemprop=\"name description\">\u00bfQu\u00e9 ventajas o incentivos fiscales deben tener en cuenta los asesores profesionales a la hora de orientar a sus clientes sobre la realizaci\u00f3n de donaciones a la VCCF?<\/h2>\n\t\t\t\t<p>Las donaciones a la VCCF ofrecen varias ventajas fiscales potenciales, que pueden ser parte integrante de una estrategia financiera y filantr\u00f3pica global. Los principales beneficios fiscales pueden incluir:<\/p>\n<ul>\n<li><strong>Deducci\u00f3n ben\u00e9fica del impuesto sobre la renta:<\/strong> A menudo, los donantes pueden deducir las donaciones a la VCCF de sus impuestos federales sobre la renta, hasta un determinado porcentaje de su renta bruta ajustada (AGI). Esta deducci\u00f3n puede resultar especialmente ventajosa para las personas con ingresos elevados.<\/li>\n<li><strong>Ahorro fiscal en plusval\u00edas:<\/strong> Los donantes que aportan a la VCCF activos apreciados, como acciones o bienes inmuebles, pueden evitar el pago de impuestos sobre las plusval\u00edas. Esto les permite tener un impacto ben\u00e9fico m\u00e1s sustancial en comparaci\u00f3n con la venta de los activos y la donaci\u00f3n de los ingresos.<\/li>\n<li><strong>Reducci\u00f3n del impuesto sobre el patrimonio:<\/strong> La inclusi\u00f3n de donaciones ben\u00e9ficas como parte de un plan de sucesi\u00f3n puede reducir el valor imponible de la herencia, lo que puede reducir o eliminar los impuestos sobre el patrimonio. Esto es especialmente beneficioso para los donantes que desean dejar un legado duradero al tiempo que minimizan las obligaciones fiscales del patrimonio.<\/li>\n<li><strong>Fondos asesorados por donantes (DAF):<\/strong> El establecimiento de un fondo asesorado por el donante a trav\u00e9s de la VCCF puede permitir a los donantes deducir inmediatamente de sus impuestos el importe total de la contribuci\u00f3n, manteniendo al mismo tiempo la flexibilidad de recomendar subvenciones a lo largo del tiempo. Puede ser una herramienta estrat\u00e9gica para gestionar las obligaciones fiscales y apoyar causas ben\u00e9ficas.<\/li>\n<li><strong>Transferencias caritativas de cuentas IRA:<\/strong> Las personas de 70\u00bd a\u00f1os o m\u00e1s pueden hacer transferencias libres de impuestos directamente de sus cuentas IRA a la VCCF, satisfaciendo las distribuciones m\u00ednimas requeridas sin incurrir en el impuesto sobre la renta.<\/li>\n<\/ul>\n<p>Aunque estos beneficios pueden ser significativos, es importante que los donantes consulten con profesionales fiscales o abogados especializados en planificaci\u00f3n patrimonial para comprender las implicaciones espec\u00edficas de las donaciones ben\u00e9ficas en el contexto de su situaci\u00f3n financiera y fiscal general. La VCCF se compromete a trabajar con asesores profesionales para garantizar que los donantes reciban informaci\u00f3n precisa y maximicen el impacto de sus contribuciones filantr\u00f3picas.<\/p>\n\t<p>For more details or to discuss ways VCCF can assist you and your clients, contact our Philanthropic Services Team<\/p>\n\t\t\t<a href=\"\/es\/my-vccf-fund\/fund-contact\/\" target=\"_self\">\n\t\t\t\t\t\t\tP\u00f3ngase en contacto con nosotros\n\t\t\t\t\t<\/a>\n\t<p>La Ventura County Community Foundation se compromete a hacer del condado de Ventura una comunidad pr\u00f3spera y equitativa.<\/p>\n<p>&nbsp;<\/p>\n<p>Juntos, podemos inspirar y permitir que sus clientes formen parte de un legado de generosidad e impacto.<\/p>\n    <button id=\"board-prev\" type=\"button\"><\/button>\n    1\n     \/ 3\n    <button id=\"board-next\" type=\"button\"><\/button>","protected":false},"excerpt":{"rendered":"<p>Preguntas frecuentes de los asesores profesionales \u00bfPor qu\u00e9 deber\u00eda recomendar la VCCF a mis clientes? Como asesor profesional, sus recomendaciones pueden tener un gran impacto en las estrategias filantr\u00f3picas de sus clientes. La Ventura County Community Foundation es...<\/p>","protected":false},"author":4,"featured_media":0,"parent":20931,"menu_order":0,"comment_status":"closed","ping_status":"closed","template":"","meta":{"_acf_changed":false,"give_campaign_id":0,"footnotes":""},"class_list":["post-21048","page","type-page","status-publish","hentry"],"acf":[],"campaignId":"","_links":{"self":[{"href":"https:\/\/vccf.org\/es\/wp-json\/wp\/v2\/pages\/21048","targetHints":{"allow":["GET"]}}],"collection":[{"href":"https:\/\/vccf.org\/es\/wp-json\/wp\/v2\/pages"}],"about":[{"href":"https:\/\/vccf.org\/es\/wp-json\/wp\/v2\/types\/page"}],"author":[{"embeddable":true,"href":"https:\/\/vccf.org\/es\/wp-json\/wp\/v2\/users\/4"}],"replies":[{"embeddable":true,"href":"https:\/\/vccf.org\/es\/wp-json\/wp\/v2\/comments?post=21048"}],"version-history":[{"count":0,"href":"https:\/\/vccf.org\/es\/wp-json\/wp\/v2\/pages\/21048\/revisions"}],"up":[{"embeddable":true,"href":"https:\/\/vccf.org\/es\/wp-json\/wp\/v2\/pages\/20931"}],"wp:attachment":[{"href":"https:\/\/vccf.org\/es\/wp-json\/wp\/v2\/media?parent=21048"}],"curies":[{"name":"wp","href":"https:\/\/api.w.org\/{rel}","templated":true}]}}