{"id":21049,"date":"2024-07-11T13:31:46","date_gmt":"2024-07-11T13:31:46","guid":{"rendered":"https:\/\/vccf.org\/?page_id=21049"},"modified":"2025-11-17T14:11:46","modified_gmt":"2025-11-17T22:11:46","slug":"donor-faqs","status":"publish","type":"page","link":"https:\/\/vccf.org\/es\/donate\/donor-faqs\/","title":{"rendered":"Preguntas frecuentes de los donantes"},"content":{"rendered":"<h1>\n\t\t\tPreguntas frecuentes de nuestros donantes\t<\/h1>\n\t<p>En la VCCF creemos en el poder de la comunidad. Cada pregunta que nos hace refuerza nuestra misi\u00f3n de mejorar la vitalidad y el bienestar del condado de Ventura. Tanto si est\u00e1 considerando hacer una donaci\u00f3n como si ya es donante, sus preguntas allanan el camino para lograr un mayor impacto. A continuaci\u00f3n, encontrar\u00e1 respuestas a algunas de las preguntas m\u00e1s comunes que nos hacen nuestros donantes.<\/p>\n\t\t\t\t\u00bfEst\u00e1 obligada la VCCF a ser buena administradora de mi donaci\u00f3n?\n\t\t\t\tS\u00cd. La Junta Directiva de la VCCF est\u00e1 certificada 100% en Fiduciary Essentials for Foundations and Endowments (FEFE), y el personal recibe formaci\u00f3n cada a\u00f1o.\n<img loading=\"lazy\" decoding=\"async\" src=\"https:\/\/vccf.org\/wp-content\/uploads\/2024\/07\/logo.png\" alt=\"\" width=\"120\" height=\"120\" \/>\n\t\t\t\t\u00bfPor qu\u00e9 deber\u00eda donar a la VCCF?\n\t\t\t\tDonar a la Fundaci\u00f3n Comunitaria del Condado de Ventura significa invertir en el futuro de nuestra comunidad. Cada d\u00f3lar que dona apoya a organizaciones locales sin \u00e1nimo de lucro y a iniciativas destinadas a mejorar la calidad de vida en todo el condado de Ventura. Nuestros profundos lazos con la comunidad y nuestro conocimiento exhaustivo de las necesidades locales garantizan que sus aportaciones se destinen all\u00ed donde pueden hacer m\u00e1s bien:\n<ul>\n<li data-pm-slice=\"1 3 []\">M\u00e1s de $250 millones distribuidos en subvenciones y becas desde su creaci\u00f3n.<\/li>\n<li data-pm-slice=\"1 3 []\">Reconocimiento constante de la transparencia y la responsabilidad fiscal.<\/li>\n<\/ul>\n\t\t\t\t\u00bfEs la VCCF una organizaci\u00f3n sin \u00e1nimo de lucro?\n\t\t\t\tS\u00cd. Por lo tanto, cualquier donaci\u00f3n a la VCCF o a un fondo de la VCCF es una donaci\u00f3n ben\u00e9fica con el n\u00famero de identificaci\u00f3n fiscal 77-0165029.\n\t\t\t\t\u00bfQu\u00e9 tipos de bienes puedo donar?\n\t\t\t\tLa VCCF est\u00e1 autorizada a aceptar donaciones de todo tipo. Aunque los tipos de donaciones m\u00e1s comunes incluyen dinero en efectivo, propiedades apreciadas y acciones cotizadas en bolsa, tambi\u00e9n podemos aceptar la mayor\u00eda de los dem\u00e1s activos.\n\t<p>To learn more or to take the next step of your Ventura County Philanthropic Journey, please contact our Philanthropic Services team<\/p>\n\t\t\t<a href=\"\/es\/my-vccf-fund\/fund-contact\/\" target=\"_self\">\n\t\t\t\t\t\t\tContacto Jim Rivera\n\t\t\t\t\t<\/a>\n\t\t\t\t<img decoding=\"async\" src=\"https:\/\/vccf.org\/wp-content\/uploads\/2024\/07\/Group-1080-2.png\" alt=\"Group 1080 (2)\" itemprop=\"image\" height=\"563\" width=\"463\" title=\"Grupo 1080 (2)\" onerror=\"this.style.display='none'\" loading=\"lazy\" \/>\n\t<p>\"Esta comunidad ha sido nuestro hogar durante muchos a\u00f1os y ha sido buena con nosotros. Nuestros hijos y nietos viven en esta zona. Creamos este fondo para fomentar el desarrollo de viviendas asequibles, apoyar las artes y mejorar el bienestar f\u00edsico y mental de la gente de nuestra comunidad. El fondo es flexible a la hora de ayudarnos con nuestros planes sucesorios y nos encanta poder ver los resultados de nuestras donaciones mientras a\u00fan estamos vivos para formar parte de ello.\"<\/p>\n<h4>\n\t\t\tMike Merewether Donante\t<\/h4>\n\t<p>Cada pregunta conduce a una comprensi\u00f3n y conexi\u00f3n m\u00e1s profundas. Su curiosidad alimenta nuestra misi\u00f3n compartida de enriquecer la vida de todos los residentes del condado de Ventura. Juntos, estamos creando un legado de compasi\u00f3n y resistencia. Gracias por considerar a la Fundaci\u00f3n Comunitaria del Condado de Ventura como su socio en la filantrop\u00eda.<\/p>\n<h4>\n\t\t\t\u00bfListo para marcar la diferencia?\t<\/h4>\n\t<p><a href=\"https:\/\/vccf.org\/es\/contact-us\/\">P\u00f3ngase en contacto con nosotros<\/a>, <a href=\"https:\/\/vccf.org\/es\/donate\/\">donar<\/a>o <a href=\"https:\/\/vccf.org\/es\/my-vccf-fund\/start-a-fund\/\">cree su propio fondo<\/a> para comenzar su viaje filantr\u00f3pico de hacer del Condado de Ventura un lugar mejor para estar.<\/p>\n\t\t\t\t<img decoding=\"async\" src=\"https:\/\/vccf.org\/wp-content\/uploads\/2024\/04\/image-11.png\" alt=\"image (11)\" itemprop=\"image\" height=\"563\" width=\"463\" title=\"imagen (11)\" onerror=\"this.style.display='none'\" loading=\"lazy\" \/>","protected":false},"excerpt":{"rendered":"<p>Preguntas frecuentes de nuestros donantes En la VCCF creemos en el poder de la comunidad. Cada pregunta que nos hace refuerza nuestra misi\u00f3n de mejorar la vitalidad y el bienestar de...<\/p>","protected":false},"author":4,"featured_media":0,"parent":20931,"menu_order":0,"comment_status":"closed","ping_status":"closed","template":"","meta":{"_acf_changed":false,"give_campaign_id":0,"footnotes":""},"class_list":["post-21049","page","type-page","status-publish","hentry"],"acf":[],"campaignId":"","_links":{"self":[{"href":"https:\/\/vccf.org\/es\/wp-json\/wp\/v2\/pages\/21049","targetHints":{"allow":["GET"]}}],"collection":[{"href":"https:\/\/vccf.org\/es\/wp-json\/wp\/v2\/pages"}],"about":[{"href":"https:\/\/vccf.org\/es\/wp-json\/wp\/v2\/types\/page"}],"author":[{"embeddable":true,"href":"https:\/\/vccf.org\/es\/wp-json\/wp\/v2\/users\/4"}],"replies":[{"embeddable":true,"href":"https:\/\/vccf.org\/es\/wp-json\/wp\/v2\/comments?post=21049"}],"version-history":[{"count":0,"href":"https:\/\/vccf.org\/es\/wp-json\/wp\/v2\/pages\/21049\/revisions"}],"up":[{"embeddable":true,"href":"https:\/\/vccf.org\/es\/wp-json\/wp\/v2\/pages\/20931"}],"wp:attachment":[{"href":"https:\/\/vccf.org\/es\/wp-json\/wp\/v2\/media?parent=21049"}],"curies":[{"name":"wp","href":"https:\/\/api.w.org\/{rel}","templated":true}]}}