{"id":21086,"date":"2024-07-23T10:02:18","date_gmt":"2024-07-23T10:02:18","guid":{"rendered":"https:\/\/vccf.org\/?page_id=21086"},"modified":"2025-07-24T04:39:34","modified_gmt":"2025-07-24T11:39:34","slug":"start-a-fund","status":"publish","type":"page","link":"https:\/\/vccf.org\/es\/my-vccf-fund\/start-a-fund\/","title":{"rendered":"Crear un fondo en la Fundaci\u00f3n Comunitaria del Condado de Ventura"},"content":{"rendered":"<h1>\n\t\t\tComience su legado en el condado de Ventura - Establezca un fondo VCCF\t<\/h1>\n\t<p>Bienvenido a una comunidad de agentes del cambio.<\/p>\n<h2>\n\t\t\t\u00bfPor qu\u00e9 crear un fondo con la VCCF?\t<\/h2>\n\t<p>\u00danase a nosotros en nuestro compromiso de transformar el condado de Ventura a trav\u00e9s de la filantrop\u00eda enfocada. Crear un fondo con la Fundaci\u00f3n Comunitaria del Condado de Ventura ofrece una forma personalizada de retribuir a las causas que te apasionan, impulsando el cambio donde m\u00e1s se necesita en nuestra comunidad.<\/p>\n\t\t\t\t<img decoding=\"async\" src=\"https:\/\/vccf.org\/wp-content\/uploads\/2024\/07\/logo-2.png\" alt=\"logo (2)\" itemprop=\"image\" height=\"120\" width=\"120\" title=\"logotipo (2)\" onerror=\"this.style.display='none'\" loading=\"lazy\" \/>\n<h3>\n\t\t\tLa VCCF cuenta con la certificaci\u00f3n 100% en Fiduciary Essentials for Foundations and Endowments (FEFE).\t<\/h3>\n<h3>\n\t\t\tC\u00f3mo crear un fondo\t<\/h3>\n\t<p>Comienza tu viaje filantr\u00f3pico concertando una cita de consulta gratuita con nuestro equipo de servicios filantr\u00f3picos. Hablaremos de tus objetivos y exploraremos las mejores opciones para que tus donaciones tengan el mayor impacto posible.<\/p>\n\t\t\t<a href=\"https:\/\/vccf.org\/es\/my-vccf-fund\/fund-contact\/\" target=\"_self\">\n\t\t\t\t\t\t\tConcertar una consulta sin compromiso\n\t\t\t\t\t<\/a>\n\t<p>\"VCCF hace que sea f\u00e1cil establecer un legado que beneficiar\u00e1 a las personas en los a\u00f1os venideros, y asegurarse de que la financiaci\u00f3n va a organizaciones dignas\".<\/p>\n\t<p>Kimberly J. Engberg, Fundholder<\/p>\n<h3>\n\t\t\tPasos t\u00edpicos para crear un fondo:\t<\/h3>\n\t\t\t\tRevisar objetivos y aspiraciones\n\t\t\t\t<p>Defina lo que quiere conseguir con su filantrop\u00eda.<\/p>\n\t\t\t\tSeleccione el tipo de fondo m\u00e1s adecuado\n\t\t\t\t<p>Revise y compare una variedad de categor\u00edas de fondos para que se ajusten mejor a sus intereses ben\u00e9ficos y objetivos de impacto:<\/p>\n<ul data-pm-slice=\"3 3 []\">\n<li data-list-indent=\"2\" data-list-type=\"bulleted\">\n<p><strong>Fondos de agencias:<\/strong> Apoye a su organizaci\u00f3n sin \u00e1nimo de lucro con activos gestionados.<\/p>\n<\/li>\n<li data-list-indent=\"2\" data-list-type=\"bulleted\">\n<p><strong>Fondos asesorados por donantes (DAF):<\/strong> Disfrute de ventajas fiscales y recomiende subvenciones.<\/p>\n<\/li>\n<li data-list-indent=\"2\" data-list-type=\"bulleted\">\n<p><strong>Fondos designados:<\/strong> Apoyo directo a organizaciones o programas espec\u00edficos.<\/p>\n<\/li>\n<li data-list-indent=\"2\" data-list-type=\"bulleted\">\n<p><strong>Fondos del \u00e1mbito de inter\u00e9s:<\/strong> Abordar causas o \u00e1reas geogr\u00e1ficas amplias.<\/p>\n<\/li>\n<li data-list-indent=\"2\" data-list-type=\"bulleted\">\n<p><strong>Fondos para becas:<\/strong> Ayudar a la educaci\u00f3n de los estudiantes.<\/p>\n<\/li>\n<li data-list-indent=\"2\" data-list-type=\"bulleted\">\n<p><strong>Fondos de libre disposici\u00f3n:<\/strong> Permitir a la VCCF hacer frente a las necesidades urgentes de la comunidad.<\/p>\n<\/li>\n<\/ul>\n\t\t\t\t\"Haz el papeleo\"\n\t\t\t\t<p>Trabaje con nuestro equipo de expertos para establecer su fondo y conmemorar sus deseos.<\/p>\n\t\t\t\tSubvenciones\n\t\t\t\t<p>Decidir c\u00f3mo se distribuyen los fondos para lograr un impacto duradero.<\/p>\n\t\t\t\tFinancie su fondo\n\t\t\t\t<p>Comienza con una donaci\u00f3n inicial y ve aument\u00e1ndola con el tiempo.<\/p>\n\t<p>Si tiene alguna pregunta o desea saber c\u00f3mo proceder, p\u00f3ngase en contacto con Nuestro equipo de servicios filantr\u00f3picos<\/p>\n\t\t\t<a href=\"https:\/\/vccf.org\/es\/my-vccf-fund\/fund-contact\/\" target=\"_self\">\n\t\t\t\t\t\t\tP\u00f3ngase en contacto con nosotros\n\t\t\t\t\t<\/a>\n<h2>\n\t\t\tVentajas de crear un fondo\t<\/h2>\n\t\t\t\t<img decoding=\"async\" src=\"https:\/\/vccf.org\/wp-content\/uploads\/2024\/07\/Group-1075.png\" alt=\"Group 1075\" itemprop=\"image\" height=\"52\" width=\"52\" title=\"Grupo 1075\" onerror=\"this.style.display='none'\" loading=\"lazy\" \/>\n<h3>\n\t\t\tSimplicidad\t<\/h3>\n\t<p>La creaci\u00f3n de un fondo ben\u00e9fico es una alternativa f\u00e1cil y barata a la constituci\u00f3n y administraci\u00f3n de una fundaci\u00f3n privada, y requiere un m\u00ednimo de papeleo. Gestionamos las inversiones, tramitamos las distribuciones de fondos y presentamos las declaraciones fiscales pertinentes.<\/p>\n\t\t\t\t<img decoding=\"async\" src=\"https:\/\/vccf.org\/wp-content\/uploads\/2024\/07\/Group-1076.png\" alt=\"Group 1076\" itemprop=\"image\" height=\"52\" width=\"52\" title=\"Grupo 1076\" onerror=\"this.style.display='none'\" loading=\"lazy\" \/>\n<h3>\n\t\t\tBeneficios fiscales\t<\/h3>\n\t<p>Maximice las ventajas fiscales federales y estatales. Reciba una deducci\u00f3n fiscal inmediata el a\u00f1o en que realice la donaci\u00f3n, sin tener que apresurarse a tomar decisiones sobre el momento final o el beneficiario de sus donaciones.<\/p>\n\t\t\t\t<img decoding=\"async\" src=\"https:\/\/vccf.org\/wp-content\/uploads\/2024\/07\/Group-1122.png\" alt=\"Group 1122\" itemprop=\"image\" height=\"52\" width=\"52\" title=\"Grupo 1122\" onerror=\"this.style.display='none'\" loading=\"lazy\" \/>\n<h3>\n\t\t\tGran flexibilidad\t<\/h3>\n\t<p>Podemos aceptar una amplia variedad de donaciones, como dinero en efectivo, acciones, bienes inmuebles y otros activos. Podemos ayudarle a crear un fondo que aborde pr\u00e1cticamente cualquier fin ben\u00e9fico. Reciba reconocimiento p\u00fablico o permanezca en el anonimato. Puede conceder donaciones a diversas organizaciones y a\u00f1adir fondos a cualquier fondo en cualquier momento.<\/p>\n\t\t\t\t<img decoding=\"async\" src=\"https:\/\/vccf.org\/wp-content\/uploads\/2024\/07\/Group-1079.png\" alt=\"Group 1079\" itemprop=\"image\" height=\"50\" width=\"45\" title=\"Grupo 1079\" onerror=\"this.style.display='none'\" loading=\"lazy\" \/>\n<h3>\n\t\t\tGesti\u00f3n profesional\t<\/h3>\n\t<p>Disfrute de las ventajas de que su fondo forme parte de una cartera de inversiones diversificada y gestionada activamente, con personal profesional disponible para responder a sus preguntas, identificar las necesidades de la comunidad y examinar las solicitudes de subvenci\u00f3n.<\/p>\n\t\t\t\t<img decoding=\"async\" src=\"https:\/\/vccf.org\/wp-content\/uploads\/2024\/07\/Group-1080-2-1.png\" alt=\"Group 1080 (2)\" itemprop=\"image\" height=\"52\" width=\"50\" title=\"Grupo 1080 (2)\" onerror=\"this.style.display='none'\" loading=\"lazy\" \/>\n<h3>\n\t\t\tImpacto comunitario\t<\/h3>\n\t<p>Nuestro personal profesional de programas le ayudar\u00e1 a comprender las necesidades de la comunidad, evaluar las organizaciones locales y destinar el dinero de las donaciones a \u00e1reas de gran impacto.<\/p>\n\t\t\t\t<img decoding=\"async\" src=\"https:\/\/vccf.org\/wp-content\/uploads\/2024\/07\/Group-1081.png\" alt=\"Group 1081\" itemprop=\"image\" height=\"52\" width=\"52\" title=\"Grupo 1081\" onerror=\"this.style.display='none'\" loading=\"lazy\" \/>\n<h3>\n\t\t\tEstabilidad\t<\/h3>\n\t<p>Las fundaciones comunitarias son organizaciones profesionales que cumplen las normas publicadas sobre pr\u00e1cticas de inversi\u00f3n, servicios a los donantes y concesi\u00f3n de subvenciones. Las auditor\u00edas anuales, la divulgaci\u00f3n p\u00fablica de todas las actividades subvencionadas y la cuidadosa selecci\u00f3n de los miembros del patronato garantizan el uso continuado de los fondos en beneficio del inter\u00e9s p\u00fablico, tal y como han determinado los donantes.<\/p>\n\t\t\t\t<img decoding=\"async\" src=\"https:\/\/vccf.org\/wp-content\/uploads\/2024\/07\/Group-1123.png\" alt=\"Group 1123\" itemprop=\"image\" height=\"52\" width=\"53\" title=\"Grupo 1123\" onerror=\"this.style.display='none'\" loading=\"lazy\" \/>\n<h3>\n\t\t\tPerpetuidad\t<\/h3>\n\t<p>Los fondos de dotaci\u00f3n servir\u00e1n a sus intereses ben\u00e9ficos ahora y durante generaciones, porque el capital del fondo nunca se gasta. Un fondo de dotaci\u00f3n dura para siempre: un testimonio permanente de su compasi\u00f3n y un recurso duradero para su comunidad.<\/p>\n\t<button id=\"board-prev\" type=\"button\">Retroceder<\/button>\n<button id=\"board-next\" type=\"button\">M\u00e1s informaci\u00f3n<\/button>\n\t<p><strong>\u00danase hoy mismo a nuestra comunidad de donantes. P\u00f3ngase en contacto con nosotros para iniciar su viaje filantr\u00f3pico y ayudarnos a hacer del condado de Ventura un lugar mejor para todos.<\/strong><\/p>\n\t\t\t<a href=\"https:\/\/vccf.org\/es\/my-vccf-fund\/fund-contact\/\" target=\"_self\">\n\t\t\t\t\t\t\tP\u00f3ngase en contacto con nosotros\n\t\t\t\t\t<\/a>\n<h3>\n\t\t\t\"Esta comunidad ha sido nuestro hogar durante muchos a\u00f1os y ha sido buena con nosotros. Nuestros hijos y nietos viven en esta zona. Creamos este fondo para fomentar el desarrollo de viviendas asequibles, apoyar las artes y mejorar el bienestar f\u00edsico y mental de la gente de nuestra comunidad. El fondo es flexible a la hora de ayudarnos con nuestros planes sucesorios y nos encanta poder ver los resultados de nuestras donaciones mientras a\u00fan estamos vivos para formar parte de ello.\"\t<\/h3>\n\t<p>Mike Merewether, Donor<\/p>\n\t\t\t\t<img decoding=\"async\" src=\"https:\/\/vccf.org\/wp-content\/uploads\/2024\/07\/Group-1080-1.png\" alt=\"Group 1080 (1)\" itemprop=\"image\" height=\"563\" width=\"463\" title=\"Grupo 1080 (1)\" onerror=\"this.style.display='none'\" loading=\"lazy\" \/>","protected":false},"excerpt":{"rendered":"<p>Comience su legado en el condado de Ventura - Establezca un fondo VCCF \u00a1Bienvenido a una comunidad de creadores de cambio! \u00bfPor qu\u00e9 crear un fondo con la VCCF? \u00danase a nosotros en nuestro compromiso de...<\/p>","protected":false},"author":3,"featured_media":0,"parent":21014,"menu_order":0,"comment_status":"closed","ping_status":"closed","template":"","meta":{"_acf_changed":false,"give_campaign_id":0,"footnotes":""},"class_list":["post-21086","page","type-page","status-publish","hentry"],"acf":[],"campaignId":"","_links":{"self":[{"href":"https:\/\/vccf.org\/es\/wp-json\/wp\/v2\/pages\/21086","targetHints":{"allow":["GET"]}}],"collection":[{"href":"https:\/\/vccf.org\/es\/wp-json\/wp\/v2\/pages"}],"about":[{"href":"https:\/\/vccf.org\/es\/wp-json\/wp\/v2\/types\/page"}],"author":[{"embeddable":true,"href":"https:\/\/vccf.org\/es\/wp-json\/wp\/v2\/users\/3"}],"replies":[{"embeddable":true,"href":"https:\/\/vccf.org\/es\/wp-json\/wp\/v2\/comments?post=21086"}],"version-history":[{"count":0,"href":"https:\/\/vccf.org\/es\/wp-json\/wp\/v2\/pages\/21086\/revisions"}],"up":[{"embeddable":true,"href":"https:\/\/vccf.org\/es\/wp-json\/wp\/v2\/pages\/21014"}],"wp:attachment":[{"href":"https:\/\/vccf.org\/es\/wp-json\/wp\/v2\/media?parent=21086"}],"curies":[{"name":"wp","href":"https:\/\/api.w.org\/{rel}","templated":true}]}}