{"id":21089,"date":"2024-07-23T13:46:20","date_gmt":"2024-07-23T13:46:20","guid":{"rendered":"https:\/\/vccf.org\/?page_id=21089"},"modified":"2025-05-05T11:05:04","modified_gmt":"2025-05-05T18:05:04","slug":"nonprofit-compliance","status":"publish","type":"page","link":"https:\/\/vccf.org\/es\/grants\/nonprofit-compliance\/","title":{"rendered":"Cumplimiento sin \u00e1nimo de lucro"},"content":{"rendered":"<h1>\n\t\tCumplimiento de la normativa y concesi\u00f3n de subvenciones\n\t<\/h1>\n<h2>\n\t\tCumplimiento sin \u00e1nimo de lucro\n\t<\/h2>\n\tTras recibir una recomendaci\u00f3n de subvenci\u00f3n de un fondo, la VCCF realiza una comprobaci\u00f3n de diligencia debida sobre la organizaci\u00f3n receptora. Todas las organizaciones 501(c)(3) sin \u00e1nimo de lucro de California deben registrarse anualmente en la Oficina del Fiscal General de California y mantener un estado de registro \"actual\", a menos que la organizaci\u00f3n est\u00e9 exenta. Las organizaciones 501(c)(3) sin \u00e1nimo de lucro de otros estados deben inscribirse en la Oficina del Fiscal General de California si desarrollan su actividad en California, es decir, si solicitan donaciones, reciben regalos u otros bienes con valor econ\u00f3mico con fines ben\u00e9ficos.\n<p>He aqu\u00ed algunos enlaces \u00fatiles al sitio web del Fiscal General de California.<\/p>\n<ul>\n<li><a href=\"https:\/\/oag.ca.gov\/charities\/initial-reg\" target=\"_blank\" rel=\"noopener\">Registro inicial<\/a><\/li>\n<li><a href=\"https:\/\/oag.ca.gov\/charities\/renewals\" target=\"_blank\" rel=\"noopener\">Renovaci\u00f3n anual del registro<\/a><\/li>\n<li><a href=\"https:\/\/oag.ca.gov\/charities\/delinquency\" target=\"_blank\" rel=\"noopener\">Morosos<\/a><\/li>\n<\/ul>\n<p>Adem\u00e1s de tener un registro en vigor, la organizaci\u00f3n sin \u00e1nimo de lucro debe estar al d\u00eda en sus declaraciones fiscales al IRS. La informaci\u00f3n sobre la declaraci\u00f3n de impuestos se revisa a trav\u00e9s del <a href=\"https:\/\/apps.irs.gov\/app\/eos\/\" target=\"_blank\" rel=\"noopener\">Herramienta de b\u00fasqueda de organizaciones exentas de impuestos del IRS.<\/a><\/p>\n<p>La VCCF tambi\u00e9n lleva a cabo una evaluaci\u00f3n b\u00e1sica de diligencia debida financiera, tal y como se describe en la pol\u00edtica adjunta \"<a href=\"https:\/\/vccf.org\/wp-content\/uploads\/2024\/11\/VCCF-Assessing-the-Financial-Health-of-Nonprofit-Organizations.pdf\" target=\"_blank\" rel=\"noopener\">Evaluaci\u00f3n de la salud financiera de las organizaciones sin \u00e1nimo de lucro<\/a>&#8220;.<\/p>\n\t\t\t<a href=\"https:\/\/vccf.org\/es\/grants\/\" target=\"_self\">\n\t\t\t\t\t\t\tVolver a Subvenciones\n\t\t\t\t\t<\/a>","protected":false},"excerpt":{"rendered":"<p>Cumplimiento y concesi\u00f3n de subvenciones sin \u00e1nimo de lucro Cumplimiento sin \u00e1nimo de lucro Al recibir una recomendaci\u00f3n de subvenci\u00f3n de un fondo, la VCCF realiza una comprobaci\u00f3n de diligencia debida de la organizaci\u00f3n receptora. Todas las organizaciones sin \u00e1nimo de lucro 501(c)(3) de California...<\/p>","protected":false},"author":4,"featured_media":0,"parent":22928,"menu_order":0,"comment_status":"closed","ping_status":"closed","template":"","meta":{"_acf_changed":false,"give_campaign_id":0,"footnotes":""},"class_list":["post-21089","page","type-page","status-publish","hentry"],"acf":[],"campaignId":"","_links":{"self":[{"href":"https:\/\/vccf.org\/es\/wp-json\/wp\/v2\/pages\/21089","targetHints":{"allow":["GET"]}}],"collection":[{"href":"https:\/\/vccf.org\/es\/wp-json\/wp\/v2\/pages"}],"about":[{"href":"https:\/\/vccf.org\/es\/wp-json\/wp\/v2\/types\/page"}],"author":[{"embeddable":true,"href":"https:\/\/vccf.org\/es\/wp-json\/wp\/v2\/users\/4"}],"replies":[{"embeddable":true,"href":"https:\/\/vccf.org\/es\/wp-json\/wp\/v2\/comments?post=21089"}],"version-history":[{"count":0,"href":"https:\/\/vccf.org\/es\/wp-json\/wp\/v2\/pages\/21089\/revisions"}],"up":[{"embeddable":true,"href":"https:\/\/vccf.org\/es\/wp-json\/wp\/v2\/pages\/22928"}],"wp:attachment":[{"href":"https:\/\/vccf.org\/es\/wp-json\/wp\/v2\/media?parent=21089"}],"curies":[{"name":"wp","href":"https:\/\/api.w.org\/{rel}","templated":true}]}}