{"id":21123,"date":"2024-07-25T11:56:07","date_gmt":"2024-07-25T11:56:07","guid":{"rendered":"https:\/\/vccf.org\/?page_id=21123"},"modified":"2025-12-11T13:54:16","modified_gmt":"2025-12-11T21:54:16","slug":"virtual-lunch-and-learns","status":"publish","type":"page","link":"https:\/\/vccf.org\/es\/events\/virtual-lunch-and-learns\/","title":{"rendered":"Almuerzos de trabajo virtuales"},"content":{"rendered":"<h1>\n\t\t\tVCCF Virtual Lunch &amp; Learns: <br \/>\u00danase a nuestra comunidad de agentes de cambio\t<\/h1>\n\t<p><strong>Juntos por un condado de Ventura m\u00e1s brillante<\/strong><\/p>\n\t<p>En la Ventura County Community Foundation, creemos que cada reuni\u00f3n es una oportunidad para forjar un futuro mejor para nuestra comunidad. Nuestros eventos son m\u00e1s que reuniones; son una celebraci\u00f3n vibrante de un prop\u00f3sito compartido y un compromiso sincero para mejorar el condado de Ventura.<\/p>\n\t<p><strong>Almuerzos de trabajo virtuales: Una ventana al impacto local<\/strong><\/p>\n\t<p>Experimente el poder de la acci\u00f3n colectiva con nuestros almuerzos virtuales. Estas sesiones re\u00fanen a donantes, l\u00edderes comunitarios y personas apasionadas para debatir y apoyar los proyectos en curso que dan forma al futuro de nuestra comunidad. Desde la mejora de las oportunidades educativas hasta el avance de las iniciativas de atenci\u00f3n sanitaria, cada reuni\u00f3n es un paso adelante en nuestro viaje comunitario.<\/p>\n\t\t\t\t<img decoding=\"async\" src=\"https:\/\/vccf.org\/wp-content\/uploads\/2024\/10\/image-2024-10-18T132935.500.png\" alt=\"image - 2024-10-18T132935.500\" itemprop=\"image\" height=\"851\" width=\"836\" title=\"imagen - 2024-10-18T132935.500\" onerror=\"this.style.display='none'\" loading=\"lazy\" \/>\n<h2>\n\t\t\t\u00bfPor qu\u00e9 asistir?\t<\/h2>\n\t<p>Conectar con personas afines<\/p>\n\t<p>Comparta su pasi\u00f3n con una comunidad que se preocupa profundamente por el futuro y el bienestar del condado de Ventura.<\/p>\n\t<p>Mant\u00e9ngase informado sobre proyectos de impacto<\/p>\n\t<p>Conozca el impacto directo de sus contribuciones y vea de primera mano c\u00f3mo, juntos, estamos marcando la diferencia.<\/p>\n\t<p>Modelar el futuro<\/p>\n\t<p>Su participaci\u00f3n ayuda a orientar nuestras iniciativas, garantizando que las necesidades de la comunidad est\u00e9n siempre en primer plano.<\/p>\n\t<p>Escuche a quienes han experimentado la alegr\u00eda de dar a trav\u00e9s de nuestros eventos:<\/p>\n\t<p>\"Los almuerzos de trabajo virtuales han sido una forma estupenda de conocer a otras organizaciones sin \u00e1nimo de lucro. El condado de Ventura cuenta con una gran variedad de organizaciones sin \u00e1nimo de lucro que realizan una gran labor y hacen de nuestra comunidad un lugar maravilloso para vivir. He aprendido mucho a trav\u00e9s de los Almuerzos y Aprendizajes y he hecho muchos nuevos amigos.\"<\/p>\n\t<p>Linda Braunschweiger, Directora General de Housing Trust Fund Ventura County<\/p>\n<h2>\n\t\t\tPr\u00f3ximos eventos\t<\/h2>\n\t<p>Le invitamos a unirse a nosotros en nuestros pr\u00f3ximos eventos. Cada acto se planifica meticulosamente para garantizar una experiencia enriquecedora y memorable a todos los asistentes. Est\u00e9 atento a los detalles de nuestro pr\u00f3ximo encuentro y forme parte de algo verdaderamente especial.<\/p>\n<p>Para participar en nuestro pr\u00f3ximo evento o para m\u00e1s informaci\u00f3n, p\u00f3ngase en contacto con Lauren Graf Pe\u00f1a en <a href=\"mailto:lgraf@vccf.org\" rel=\"noopener\" target=\"_blank\">lgraf@vccf.org<\/a>.<\/p>\n<p>Juntos, inspiremos el cambio y celebremos el esp\u00edritu de nuestra comunidad en cada reuni\u00f3n.<\/p>\n<h2>\n\t\t\tInscripci\u00f3n y grabaciones anteriores\t<\/h2>","protected":false},"excerpt":{"rendered":"<p>VCCF Virtual Lunch &amp; Learns: \u00danase a nuestra comunidad de agentes de cambio Trabajando juntos por un condado de Ventura m\u00e1s brillante En la Fundaci\u00f3n Comunitaria del Condado de Ventura, creemos que cada reuni\u00f3n es una oportunidad...<\/p>","protected":false},"author":4,"featured_media":0,"parent":21008,"menu_order":0,"comment_status":"closed","ping_status":"closed","template":"","meta":{"_acf_changed":false,"give_campaign_id":0,"footnotes":""},"class_list":["post-21123","page","type-page","status-publish","hentry"],"acf":[],"campaignId":"","_links":{"self":[{"href":"https:\/\/vccf.org\/es\/wp-json\/wp\/v2\/pages\/21123","targetHints":{"allow":["GET"]}}],"collection":[{"href":"https:\/\/vccf.org\/es\/wp-json\/wp\/v2\/pages"}],"about":[{"href":"https:\/\/vccf.org\/es\/wp-json\/wp\/v2\/types\/page"}],"author":[{"embeddable":true,"href":"https:\/\/vccf.org\/es\/wp-json\/wp\/v2\/users\/4"}],"replies":[{"embeddable":true,"href":"https:\/\/vccf.org\/es\/wp-json\/wp\/v2\/comments?post=21123"}],"version-history":[{"count":0,"href":"https:\/\/vccf.org\/es\/wp-json\/wp\/v2\/pages\/21123\/revisions"}],"up":[{"embeddable":true,"href":"https:\/\/vccf.org\/es\/wp-json\/wp\/v2\/pages\/21008"}],"wp:attachment":[{"href":"https:\/\/vccf.org\/es\/wp-json\/wp\/v2\/media?parent=21123"}],"curies":[{"name":"wp","href":"https:\/\/api.w.org\/{rel}","templated":true}]}}