{"id":21130,"date":"2024-07-25T14:15:19","date_gmt":"2024-07-25T14:15:19","guid":{"rendered":"https:\/\/vccf.org\/?page_id=21130"},"modified":"2025-08-22T16:36:22","modified_gmt":"2025-08-22T23:36:22","slug":"donor-peer-network","status":"publish","type":"page","link":"https:\/\/vccf.org\/es\/events\/donor-peer-network\/","title":{"rendered":"Red de pares donantes"},"content":{"rendered":"<h1>\n\t\t\tRed de pares donantes\t<\/h1>\n\t<p>En el coraz\u00f3n del condado de Ventura, nuestra Red de Pares Donantes prospera gracias a las conexiones que construimos juntos. Nacida de conversaciones sinceras y sue\u00f1os compartidos, esta red es un testimonio del poder de la donaci\u00f3n colectiva. Nuestros donantes anhelaban relaciones m\u00e1s profundas y nosotros les escuchamos.<\/p>\n\t\t\t\t<img decoding=\"async\" src=\"https:\/\/vccf.org\/wp-content\/uploads\/2024\/09\/image-3.png\" alt=\"image (3)\" itemprop=\"image\" height=\"851\" width=\"836\" title=\"imagen (3)\" onerror=\"this.style.display='none'\" loading=\"lazy\" \/>\n\t\t\t\t<img decoding=\"async\" src=\"https:\/\/vccf.org\/wp-content\/uploads\/2024\/07\/1-20.png\" alt=\"1 (20)\" itemprop=\"image\" height=\"50\" width=\"50\" title=\"1 (20)\" onerror=\"this.style.display='none'\" loading=\"lazy\" \/>\n\t<p>Descubrir juntos<\/p>\n\t<p>El ochenta por ciento de nuestros donantes han encontrado su orientaci\u00f3n m\u00e1s fiable a trav\u00e9s de las interacciones entre iguales. Esta red no consiste s\u00f3lo en dar, sino en aprender, compartir y crecer juntos. El cien por cien de los participantes en nuestros grupos de discusi\u00f3n expresaron su deseo de comprender los retos de nuestra comunidad y forjar v\u00ednculos significativos con otros donantes.<\/p>\n\t\t\t\t<img decoding=\"async\" src=\"https:\/\/vccf.org\/wp-content\/uploads\/2024\/07\/3-14.png\" alt=\"3 (14)\" itemprop=\"image\" height=\"50\" width=\"50\" title=\"3 (14)\" onerror=\"this.style.display='none'\" loading=\"lazy\" \/>\n\t<p>Nuestro viaje<\/p>\n\t<p>Creada en enero de 2021 y dirigida por los apasionados copresidentes Catherine Sep\u00falveda y Jack Edelstein, la Red de Pares Donantes se ha convertido en un faro de esperanza y colaboraci\u00f3n. Nuestros eventos abarcan desde debates virtuales hasta reuniones presenciales, cada una de ellas dise\u00f1ada para inspirar y dotar a nuestros miembros de los conocimientos y las relaciones necesarias para marcar una diferencia tangible.<\/p>\n\t\t\t\t<img decoding=\"async\" src=\"https:\/\/vccf.org\/wp-content\/uploads\/2024\/07\/2-15.png\" alt=\"2 (15)\" itemprop=\"image\" height=\"50\" width=\"50\" title=\"2 (15)\" onerror=\"this.style.display='none'\" loading=\"lazy\" \/>\n\t<p>\u00bfPor qu\u00e9 unirse a nosotros?<\/p>\n\t<p>La belleza del condado de Ventura se refleja en la generosidad de su comunidad. Nuestras iniciativas abarcan una amplia gama de causas, desde el bienestar de los animales hasta la educaci\u00f3n infantil, y desde la respuesta ante cat\u00e1strofes hasta la protecci\u00f3n del medio ambiente. Como miembro, no s\u00f3lo apoyar\u00e1 estas \u00e1reas cr\u00edticas, sino que tambi\u00e9n formar\u00e1 parte de un grupo compasivo e inspirado dedicado a hacer del condado de Ventura un lugar mejor para todos.<\/p>\n\t\t\t\t<img decoding=\"async\" src=\"https:\/\/vccf.org\/wp-content\/uploads\/2024\/09\/Group-1080.png\" alt=\"Group 1080\" itemprop=\"image\" height=\"563\" width=\"463\" title=\"Grupo 1080\" onerror=\"this.style.display='none'\" loading=\"lazy\" \/>\n\t<p>\"Qu\u00e9 honor es formar parte de la Red de Pares Donantes de la VCCF, ver, a <em>siente<\/em>\u00a0el impacto que nuestro programa ha tenido en tantas vidas. Conocer la fuerza y la resistencia de nuestros beneficiarios, la esperanza, escuchar sus historias y verlas con nuestros propios ojos y corazones ha cambiado la vida de muchas personas. <em>mi<\/em>\u00a0vida. No hay suficientes palabras de agradecimiento\".<\/p>\n\t<p>Terri Lisagor, Miembro de DPN<\/p>\n\t<p><strong>M\u00e1s informaci\u00f3n<\/strong>p\u00f3ngase en contacto con Mike Silacci en <a href=\"mailto:msilacci@vccf.org\">msilacci@vccf.org<\/a>.<\/p>\n\t<p>\u00danete a nosotros en este viaje de benevolencia e inspiraci\u00f3n. Juntos, podemos conseguir cosas extraordinarias para el condado de Ventura.<\/p>\n<h2>\n\t\t\tCalendario de la Red de Pares\t<\/h2>\n\t<p>Disponible s\u00f3lo para la red de pares donantes<\/p>\n<table  data-tablesaw-minimap>\n\t\t\t<thead>\n\t\t<tr>\n\t\t\t<th id=\"pp-table-col-1\" scope=\"col\" data-tablesaw-sortable-col>\t\t\t\t\t\n\t\t\t\t\t\t\t\t\t\t\t\tFecha\/hora\t\t\t\t\t\n\t\t\t\t\t<\/th><th id=\"pp-table-col-2\" scope=\"col\" data-tablesaw-sortable-col>\t\t\t\t\t\n\t\t\t\t\t\t\t\t\t\t\t\tComunidad de pr\u00e1cticas\t\t\t\t\t\n\t\t\t\t\t<\/th><th id=\"pp-table-col-3\" scope=\"col\" data-tablesaw-sortable-col>\t\t\t\t\t\n\t\t\t\t\t\t\t\t\t\t\t\tCuestiones espec\u00edficas\t\t\t\t\t\n\t\t\t\t\t<\/th><th id=\"pp-table-col-4\" scope=\"col\" data-tablesaw-sortable-col>\t\t\t\t\t\n\t\t\t\t\t\t\t\t\t\t\t\tCompartir entre iguales\t\t\t\t\t\n\t\t\t\t\t<\/th>\t\t<\/tr>\n\t<\/thead>\n\t\t<tbody>\n\t\t<tr data-row-index=\"1\"><td><strong>Sep 10, 2025, 4:30 &#8211; 6 P.M.<\/strong><\/td><td>Donor Peer Network Summer Reception, at Moorpark College Teaching Zoo<\/td><\/tr><tr data-row-index=\"2\"><td><strong>Nov 1, 2024, 4 &#8211; 6 P.M.<\/strong><\/td><td>Donor Peer Network Social, at the VCCF Nonprofit Center<\/td><td>\"Quest\" de John Kobara<\/td><\/tr><tr data-row-index=\"3\"><td><strong>Feb 8, 2024, 5 &#8211; 7 P.M. <\/strong><\/td><td>Donor Peer Network Dinner: The Future of Education, at CSU Channel Islands<\/td><\/tr><tr data-row-index=\"4\"><td><b>May 18, 2023, 5 &#8211; 7 P.M.<\/b><\/td><td>Donor Peer Network Social, at Boys &#038; Girls Club of Camarillo<\/td><td>Tema: Sue\u00f1o para nuestro futuro Debate en grupo abierto, puesta en com\u00fan y preguntas y respuestas<\/td><td>Pasi\u00f3n<\/td><\/tr><tr data-row-index=\"5\"><td><b>Feb 16, 2023, 5 &#8211; 7 P.M.<\/b><\/td><td>Donor Peer Network Social, at Food Share of Ventura County<\/td><td>Tema: Asociaci\u00f3n con el Gobierno Abierto a preguntas \/ Debate<\/td><td>Pasi\u00f3n<\/td><\/tr><tr data-row-index=\"6\"><td><b>Nov 17, 2022, 5 &#8211; 7 P.M.<\/b><\/td><td>Donor Peer Network Social, at the VCCF Nonprofit Center<\/td><td>Cena festiva de la reuni\u00f3n Debate en grupo abierto, puesta en com\u00fan y preguntas y respuestas<\/td><td>Pasi\u00f3n<\/td><\/tr><tr data-row-index=\"7\"><td><b>June 23, 2022, 4 &#8211; 6 P.M.<\/b><\/td><td>Donor Peer Network: Year 1 in Review, Virtual<\/td><td>Debate moderado y retroalimentaci\u00f3n<\/td><td>Pasi\u00f3n<\/td><\/tr><tr data-row-index=\"8\"><td><b>Apr 21, 2022, 12 &#8211; 1:30 P.M.<\/b><\/td><td>Welcome to YOUR Donor Peer Network, Virtual<\/td><td>Abierto a preguntas y debate<\/td><td>Pasi\u00f3n<\/td><\/tr><tr data-row-index=\"9\"><td><b>Mar 24, 2022 5:30 &#8211; 7:30 P.M.<\/b><\/td><td>Dinner with VCCF Board of Directors, at the VCCF Nonprofit Center<\/td><td>Debate en grupo abierto, puesta en com\u00fan y preguntas y respuestas<\/td><\/tr><tr data-row-index=\"10\"><td><b>Feb 24, 2022, 12 &#8211; 1:30 P.M.<\/b><\/td><td>Highest Quality Early Childhood Education, Santa Paula Pilot Program, Virtual<\/td><td>Abierto a preguntas y debate<\/td><td>Pasi\u00f3n<\/td><\/tr><tr data-row-index=\"11\"><td><b>Jan 27, 2022 12 &#8211; 1:30 P.M.<\/b><\/td><td>Community Foundations as Civic Homes, Virtual<\/td><td>Vivienda y personas sin hogar<\/td><td>Pasi\u00f3n<\/td><\/tr><tr data-row-index=\"12\"><td><b>Nov 30, 2021 11:30 A.M. &#8211; 2 P.M<\/b><\/td><td>State of Nonprofit Sector\nCenter for Nonprofit Leadership, Virtual<\/td><\/tr><tr data-row-index=\"13\"><td><b>Nov 17, 2021, 8 A.M. &#8211; 12 P.M.<\/b><\/td><td>Ventura County State of the Region\nVentura County Civic Alliance, Virtual<\/td><\/tr>\t<\/tbody>\n<\/table>","protected":false},"excerpt":{"rendered":"<p>Donor Peer Network En el coraz\u00f3n del condado de Ventura, nuestra Donor Peer Network prospera gracias a las conexiones que establecemos juntos. Nacida de conversaciones sinceras y sue\u00f1os compartidos, esta red es...<\/p>","protected":false},"author":3,"featured_media":0,"parent":21008,"menu_order":0,"comment_status":"closed","ping_status":"closed","template":"","meta":{"_acf_changed":false,"give_campaign_id":0,"footnotes":""},"class_list":["post-21130","page","type-page","status-publish","hentry"],"acf":[],"campaignId":"","_links":{"self":[{"href":"https:\/\/vccf.org\/es\/wp-json\/wp\/v2\/pages\/21130","targetHints":{"allow":["GET"]}}],"collection":[{"href":"https:\/\/vccf.org\/es\/wp-json\/wp\/v2\/pages"}],"about":[{"href":"https:\/\/vccf.org\/es\/wp-json\/wp\/v2\/types\/page"}],"author":[{"embeddable":true,"href":"https:\/\/vccf.org\/es\/wp-json\/wp\/v2\/users\/3"}],"replies":[{"embeddable":true,"href":"https:\/\/vccf.org\/es\/wp-json\/wp\/v2\/comments?post=21130"}],"version-history":[{"count":0,"href":"https:\/\/vccf.org\/es\/wp-json\/wp\/v2\/pages\/21130\/revisions"}],"up":[{"embeddable":true,"href":"https:\/\/vccf.org\/es\/wp-json\/wp\/v2\/pages\/21008"}],"wp:attachment":[{"href":"https:\/\/vccf.org\/es\/wp-json\/wp\/v2\/media?parent=21130"}],"curies":[{"name":"wp","href":"https:\/\/api.w.org\/{rel}","templated":true}]}}