{"id":21232,"date":"2024-08-09T18:34:48","date_gmt":"2024-08-09T18:34:48","guid":{"rendered":"https:\/\/vccf.org\/?page_id=21232"},"modified":"2025-05-05T10:25:53","modified_gmt":"2025-05-05T17:25:53","slug":"donate-to-a-fund","status":"publish","type":"page","link":"https:\/\/vccf.org\/es\/donate\/donate-to-a-fund\/","title":{"rendered":"Donar a un fondo"},"content":{"rendered":"<h1>\n\t\tDona para apoyar el compromiso de la VCCF con la mejora del condado de Ventura, CA\n\t<\/h1>\n\t<p>Cada d\u00f3lar que usted dona ayuda a tejer el tejido de un condado de Ventura m\u00e1s vibrante y resistente. Su donaci\u00f3n permite a la Fundaci\u00f3n Comunitaria del Condado de Ventura abordar las necesidades urgentes, fomentar el crecimiento a largo plazo y ver prosperar a las comunidades del condado de Ventura:<\/p>\n\t<div class='root-data-givewp-embed' data-form-locale='es_MX' data-form-url='https:\/\/vccf.org\/?post_type=give_forms&#038;p=21543' data-form-view-url='https:\/\/vccf.org\/es\/?givewp-route=donation-form-view&form-id=21543' data-src='https:\/\/vccf.org\/es\/?givewp-route=donation-form-view&form-id=21543' data-givewp-embed-id='give-form-shortcode-1' data-form-format='' data-open-form-button='Donate now' style='--givewp-primary-color: #ff8846; --givewp-secondary-color: #8d867a;'><\/div>\n\t\t\t\t<img loading=\"lazy\" decoding=\"async\" src=\"https:\/\/vccf.org\/wp-content\/uploads\/2024\/08\/donate-fund-hero.jpg\" alt=\"donate-fund-hero\" itemprop=\"image\" height=\"851\" width=\"836\" title=\"donar-financiar-h\u00e9roe\" onerror=\"this.style.display='none'\"  \/>","protected":false},"excerpt":{"rendered":"<p>Done para apoyar el compromiso de la VCCF con la mejora del condado de Ventura, CA Cada d\u00f3lar que usted dona ayuda a tejer el tejido de un condado de Ventura m\u00e1s vibrante y resistente. Su donaci\u00f3n...<\/p>","protected":false},"author":5,"featured_media":0,"parent":20931,"menu_order":0,"comment_status":"closed","ping_status":"closed","template":"","meta":{"_acf_changed":false,"give_campaign_id":0,"footnotes":""},"class_list":["post-21232","page","type-page","status-publish","hentry"],"acf":[],"campaignId":"","_links":{"self":[{"href":"https:\/\/vccf.org\/es\/wp-json\/wp\/v2\/pages\/21232","targetHints":{"allow":["GET"]}}],"collection":[{"href":"https:\/\/vccf.org\/es\/wp-json\/wp\/v2\/pages"}],"about":[{"href":"https:\/\/vccf.org\/es\/wp-json\/wp\/v2\/types\/page"}],"author":[{"embeddable":true,"href":"https:\/\/vccf.org\/es\/wp-json\/wp\/v2\/users\/5"}],"replies":[{"embeddable":true,"href":"https:\/\/vccf.org\/es\/wp-json\/wp\/v2\/comments?post=21232"}],"version-history":[{"count":0,"href":"https:\/\/vccf.org\/es\/wp-json\/wp\/v2\/pages\/21232\/revisions"}],"up":[{"embeddable":true,"href":"https:\/\/vccf.org\/es\/wp-json\/wp\/v2\/pages\/20931"}],"wp:attachment":[{"href":"https:\/\/vccf.org\/es\/wp-json\/wp\/v2\/media?parent=21232"}],"curies":[{"name":"wp","href":"https:\/\/api.w.org\/{rel}","templated":true}]}}