{"id":21234,"date":"2024-08-09T19:29:01","date_gmt":"2024-08-09T19:29:01","guid":{"rendered":"https:\/\/vccf.org\/?page_id=21234"},"modified":"2025-06-06T14:18:07","modified_gmt":"2025-06-06T21:18:07","slug":"donate","status":"publish","type":"page","link":"https:\/\/vccf.org\/es\/initiatives\/donate\/","title":{"rendered":"Donate to Initiatives"},"content":{"rendered":"<h1>\n\t\t\tDonate to Support VCCF&#8217;s Commitment to the Betterment of Ventura County\t<\/h1>\n\t<p>Cada d\u00f3lar que usted dona ayuda a tejer el tejido de un condado de Ventura m\u00e1s vibrante y resistente. Su donaci\u00f3n permite a la Fundaci\u00f3n Comunitaria del Condado de Ventura abordar necesidades urgentes, fomentar el crecimiento a largo plazo y ver prosperar a las comunidades del condado de Ventura.<\/p>\n\t\t\t\t\t<a href=\"#\"  id=\"fl-accordion--label-0\" tabindex=\"0\" aria-controls=\"fl-accordion--panel-0\">Otras formas de donar<\/a>\n\t\t\t\t\t\t\t\t\t\t\t<a href=\"#\" id=\"fl-accordion--icon-0\"  tabindex=\"0\"><i title=\"Expand\">Expand<\/i><\/a>\n\t\t\t\t\t<ul>\n<li><strong>Por cheque<\/strong>: Pagadero a<em>\u00a0Fundaci\u00f3n Comunitaria del Condado de Ventura.\u00a0<\/em>Por favor escriba el Nombre del Fondo en la l\u00ednea de memo y env\u00edelo por correo a VCCF 4001 Mission Oaks Blvd. Suite A, Camarillo, CA 93012.<\/li>\n<li><strong>Otros regalos<\/strong>: Tambi\u00e9n aceptamos donaciones de acciones, distribuciones de IRA y transferencias bancarias.  P\u00f3ngase en contacto con Bonnie Gilles, Vicepresidenta y Directora Financiera y de Operaciones de la VCCF, llamando al 805.330.6681, ext. 125 o enviando un correo electr\u00f3nico a\u00a0<a href=\"mailto:%20bgilles@vccf.org\">bgilles@vccf.org.<\/a><\/li>\n<\/ul>\n\t<div class='root-data-givewp-embed' data-form-locale='es_MX' data-form-url='https:\/\/vccf.org\/?post_type=give_forms&#038;p=21542' data-form-view-url='https:\/\/vccf.org\/es\/?givewp-route=donation-form-view&form-id=21542' data-src='https:\/\/vccf.org\/es\/?givewp-route=donation-form-view&form-id=21542' data-givewp-embed-id='give-form-shortcode-1' data-form-format='' data-open-form-button='Donate now' style='--givewp-primary-color: #ff8846; --givewp-secondary-color: #8d867a;'><\/div>","protected":false},"excerpt":{"rendered":"<p>Done para apoyar el compromiso de la VCCF con la mejora del condado de Ventura, CA Cada d\u00f3lar que usted dona ayuda a tejer el tejido de un condado de Ventura m\u00e1s vibrante y resistente. Su donaci\u00f3n...<\/p>","protected":false},"author":5,"featured_media":0,"parent":21044,"menu_order":0,"comment_status":"closed","ping_status":"closed","template":"","meta":{"_acf_changed":false,"give_campaign_id":0,"footnotes":""},"class_list":["post-21234","page","type-page","status-publish","hentry"],"acf":[],"campaignId":"","_links":{"self":[{"href":"https:\/\/vccf.org\/es\/wp-json\/wp\/v2\/pages\/21234","targetHints":{"allow":["GET"]}}],"collection":[{"href":"https:\/\/vccf.org\/es\/wp-json\/wp\/v2\/pages"}],"about":[{"href":"https:\/\/vccf.org\/es\/wp-json\/wp\/v2\/types\/page"}],"author":[{"embeddable":true,"href":"https:\/\/vccf.org\/es\/wp-json\/wp\/v2\/users\/5"}],"replies":[{"embeddable":true,"href":"https:\/\/vccf.org\/es\/wp-json\/wp\/v2\/comments?post=21234"}],"version-history":[{"count":0,"href":"https:\/\/vccf.org\/es\/wp-json\/wp\/v2\/pages\/21234\/revisions"}],"up":[{"embeddable":true,"href":"https:\/\/vccf.org\/es\/wp-json\/wp\/v2\/pages\/21044"}],"wp:attachment":[{"href":"https:\/\/vccf.org\/es\/wp-json\/wp\/v2\/media?parent=21234"}],"curies":[{"name":"wp","href":"https:\/\/api.w.org\/{rel}","templated":true}]}}