{"id":21453,"date":"2024-09-16T14:41:11","date_gmt":"2024-09-16T14:41:11","guid":{"rendered":"https:\/\/vccf.org\/?page_id=21453"},"modified":"2025-05-05T11:04:48","modified_gmt":"2025-05-05T18:04:48","slug":"start-an-endowment-fund","status":"publish","type":"page","link":"https:\/\/vccf.org\/es\/grants\/start-an-endowment-fund\/","title":{"rendered":"Crear un fondo de dotaci\u00f3n"},"content":{"rendered":"<h1>\n\t\tConstruya la sostenibilidad financiera de su organizaci\u00f3n sin \u00e1nimo de lucro\n\t<\/h1>\n\t<p>P\u00f3ngase en contacto con nosotros para programar una consulta sobre dotaciones.<\/p>\n\t\t\t<a href=\"https:\/\/vccf.org\/es\/my-vccf-fund\/fund-contact\/\" target=\"_self\">\n\t\t\t\t\t\t\tConcertar una cita\n\t\t\t\t\t<\/a>\n\t\t\t\t<img loading=\"lazy\" decoding=\"async\" src=\"https:\/\/vccf.org\/wp-content\/uploads\/2024\/09\/Mask-group-87.png\" alt=\"Mask group (87)\" itemprop=\"image\" height=\"851\" width=\"836\" title=\"Grupo de m\u00e1scaras (87)\" onerror=\"this.style.display='none'\"  \/>\n\t\t\t\t<img loading=\"lazy\" decoding=\"async\" src=\"https:\/\/vccf.org\/wp-content\/uploads\/2024\/04\/\u0421\u043b\u043e\u0439-1-4.png\" alt=\"\u0421\u043b\u043e\u0438\u0306 1 4\" itemprop=\"image\" height=\"60\" width=\"44\" title=\"\u0421\u043b\u043e\u0439 1 4\" onerror=\"this.style.display='none'\"  \/>\n<h3>\n\t\tHacer del condado de Ventura un lugar mejor para vivir\n\t<\/h3>\n\t<p>\"Asociarnos con la Ventura County Community Foundation para gestionar nuestras dotaciones ha sido una de las decisiones m\u00e1s valiosas que hemos tomado para el futuro y la sostenibilidad a largo plazo de nuestra organizaci\u00f3n sin \u00e1nimo de lucro. Confiamos profundamente en la VCCF; aportan un nivel de experiencia, integridad y atenci\u00f3n que se siente como una verdadera extensi\u00f3n de nuestro equipo. Con VCCF a nuestro lado, podemos centrarnos plenamente en nuestra misi\u00f3n y ampliar nuestra programaci\u00f3n para mejorar el condado de Ventura.\"<\/p>\n\t<p>Elena Brokaw, Museo del Condado de Ventura<\/p>\n<h2>\n\t\t\u00bfPor qu\u00e9 elegir un Fondo de Dotaci\u00f3n de la Agencia?\n\t<\/h2>\n\t<p>La creaci\u00f3n de un fondo de dotaci\u00f3n para una agencia con VCCF ofrece a su organizaci\u00f3n sin \u00e1nimo de lucro una v\u00eda hacia la resistencia y la sostenibilidad financieras, garantizando que su misi\u00f3n prospere en los a\u00f1os venideros.<\/p>\n\t\t\t\t<img decoding=\"async\" src=\"https:\/\/vccf.org\/wp-content\/uploads\/2024\/09\/Group-1127.svg\" alt=\"Group 1127\" itemprop=\"image\" title=\"Grupo 1127\" onerror=\"this.style.display='none'\"  \/>\n\t<p>Misi\u00f3n Prosperidad<\/p>\n\t<p>La creaci\u00f3n de un fondo de dotaci\u00f3n para una agencia con VCCF ofrece a su organizaci\u00f3n sin \u00e1nimo de lucro una v\u00eda hacia la resistencia y la sostenibilidad financieras, garantizando que su misi\u00f3n prospere en los a\u00f1os venideros.<\/p>\n\t\t\t\t<img decoding=\"async\" src=\"https:\/\/vccf.org\/wp-content\/uploads\/2024\/09\/Group-1127.svg\" alt=\"Group 1127\" itemprop=\"image\" title=\"Grupo 1127\" onerror=\"this.style.display='none'\"  \/>\n\t<p>Estabilidad financiera<\/p>\n\t<p>Cree un flujo de ingresos fiable que apoye a su organizaci\u00f3n m\u00e1s all\u00e1 de los presupuestos anuales y las campa\u00f1as.<\/p>\n\t\t\t\t<img decoding=\"async\" src=\"https:\/\/vccf.org\/wp-content\/uploads\/2024\/11\/Frame-1181.svg\" alt=\"Frame 1181\" itemprop=\"image\" title=\"Cuadro 1181\" onerror=\"this.style.display='none'\"  \/>\n\t<p>Sostenibilidad a largo plazo<\/p>\n\t<p>Asegure el futuro de sus programas y operaciones, incluso en tiempos dif\u00edciles, construyendo una base financiera s\u00f3lida.<\/p>\n\t\t\t\t<img decoding=\"async\" src=\"https:\/\/vccf.org\/wp-content\/uploads\/2024\/09\/Group-1129.svg\" alt=\"Group 1129\" itemprop=\"image\" title=\"Grupo 1129\" onerror=\"this.style.display='none'\"  \/>\n\t<p>Mantenimiento de instalaciones<\/p>\n\t<p>Reserve fondos para reparaciones y mejoras esenciales, asegur\u00e1ndose de que sus instalaciones se mantienen en las mejores condiciones.<\/p>\n\t\t\t\t<img decoding=\"async\" src=\"https:\/\/vccf.org\/wp-content\/uploads\/2024\/09\/Group-1130-1.svg\" alt=\"Group 1130 (1)\" itemprop=\"image\" title=\"Grupo 1130 (1)\" onerror=\"this.style.display='none'\"  \/>\n\t<p>Mayor visibilidad<\/p>\n\t<p>As\u00f3ciese con la VCCF para mejorar la credibilidad y la presencia de su organizaci\u00f3n en la comunidad.<\/p>\n\t\t\t\t<img decoding=\"async\" src=\"https:\/\/vccf.org\/wp-content\/uploads\/2024\/09\/Group-1131.svg\" alt=\"Group 1131\" itemprop=\"image\" title=\"Grupo 1131\" onerror=\"this.style.display='none'\"  \/>\n\t<p>Edificio Legacy<\/p>\n\t<p>Establezca un impacto duradero creando un fondo que apoye su misi\u00f3n durante generaciones.<\/p>\n\t\t\t\t<img decoding=\"async\" src=\"https:\/\/vccf.org\/wp-content\/uploads\/2024\/09\/Group-1134-1.svg\" alt=\"Group 1134 (1)\" itemprop=\"image\" title=\"Grupo 1134 (1)\" onerror=\"this.style.display='none'\"  \/>\n\t<p>Donaciones planificadas<\/p>\n\t<p>Proporcione a los donantes un medio para realizar donaciones planificadas o aplazadas, ampliando as\u00ed sus oportunidades de financiaci\u00f3n.<\/p>\n\t\t\t\t<img decoding=\"async\" src=\"https:\/\/vccf.org\/wp-content\/uploads\/2024\/09\/Group-1134-1.svg\" alt=\"Group 1134 (1)\" itemprop=\"image\" title=\"Grupo 1134 (1)\" onerror=\"this.style.display='none'\"  \/>\n\t<p>Gesti\u00f3n profesional<\/p>\n\t<p>Benef\u00edciese de una gesti\u00f3n experta de las inversiones, garantizando que su fondo de dotaci\u00f3n se gestione sabiamente para obtener un rendimiento \u00f3ptimo.<\/p>\n\t<p>\"VCCF ha sido fundamental para ayudar a Food Share a aumentar nuestra dotaci\u00f3n para asegurar nuestro futuro financiero. El equipo es siempre proactivo, ofreci\u00e9ndonos su apoyo siempre que lo necesitamos. Tambi\u00e9n van m\u00e1s all\u00e1 ayud\u00e1ndonos a conectar con donantes apasionados por nuestra misi\u00f3n de garantizar que nadie pase hambre en el condado de Ventura. Estamos profundamente agradecidos de contar con VCCF como socio de confianza en nuestro trabajo.\"<\/p>\n\t<p>Monica White, Presidenta y Directora General de Food Share del condado de Ventura<\/p>\n<h2>\n\t\tC\u00f3mo constituir su fondo\n\t<\/h2>\n\t<p>Nombre de su fondo<\/p>\n\t<p>Elija un nombre que est\u00e9 en consonancia con su misi\u00f3n y sus valores, y que refleje la esencia de su organizaci\u00f3n.<\/p>\n\t<p>Prop\u00f3sito<\/p>\n\t<p>Defina c\u00f3mo los ingresos apoyar\u00e1n sus iniciativas, esbozando los objetivos a largo plazo de su fondo.<\/p>\n\t<p>Aprobaci\u00f3n de su Junta Directiva<\/p>\n\t<p>Defina c\u00f3mo los ingresos apoyar\u00e1n sus iniciativas, esbozando los objetivos a largo plazo de su fondo.<\/p>\n\t<p>Documentaci\u00f3n<\/p>\n\t<p>Proporcione una copia de sus estatutos para finalizar el establecimiento de su fondo.<\/p>\n\t<p>P\u00f3ngase en contacto con nosotros si necesita asesoramiento y ayuda:<\/p>\n\t\t\t<a href=\"https:\/\/vccf.org\/es\/my-vccf-fund\/fund-contact\/\" target=\"_self\">\n\t\t\t\t\t\t\tP\u00f3ngase en contacto con nosotros\n\t\t\t\t\t<\/a>\n    <button id=\"board-prev\" type=\"button\"><\/button>\n    1\n     \/ 4\n    <button id=\"board-next\" type=\"button\"><\/button>","protected":false},"excerpt":{"rendered":"<p>Construir la sostenibilidad financiera para su sin fines de lucro P\u00f3ngase en contacto con nosotros para programar una consulta acerca de las dotaciones. Programar cita Hacer del condado de Ventura un lugar mejor para vivir \"Asociarse con la comunidad del condado de Ventura...<\/p>","protected":false},"author":3,"featured_media":0,"parent":22928,"menu_order":0,"comment_status":"closed","ping_status":"closed","template":"","meta":{"_acf_changed":false,"give_campaign_id":0,"footnotes":""},"class_list":["post-21453","page","type-page","status-publish","hentry"],"acf":[],"campaignId":"","_links":{"self":[{"href":"https:\/\/vccf.org\/es\/wp-json\/wp\/v2\/pages\/21453","targetHints":{"allow":["GET"]}}],"collection":[{"href":"https:\/\/vccf.org\/es\/wp-json\/wp\/v2\/pages"}],"about":[{"href":"https:\/\/vccf.org\/es\/wp-json\/wp\/v2\/types\/page"}],"author":[{"embeddable":true,"href":"https:\/\/vccf.org\/es\/wp-json\/wp\/v2\/users\/3"}],"replies":[{"embeddable":true,"href":"https:\/\/vccf.org\/es\/wp-json\/wp\/v2\/comments?post=21453"}],"version-history":[{"count":0,"href":"https:\/\/vccf.org\/es\/wp-json\/wp\/v2\/pages\/21453\/revisions"}],"up":[{"embeddable":true,"href":"https:\/\/vccf.org\/es\/wp-json\/wp\/v2\/pages\/22928"}],"wp:attachment":[{"href":"https:\/\/vccf.org\/es\/wp-json\/wp\/v2\/media?parent=21453"}],"curies":[{"name":"wp","href":"https:\/\/api.w.org\/{rel}","templated":true}]}}