{"id":21499,"date":"2024-09-18T17:08:09","date_gmt":"2024-09-18T17:08:09","guid":{"rendered":"https:\/\/vccf.org\/?page_id=21499"},"modified":"2025-01-16T13:17:23","modified_gmt":"2025-01-16T13:17:23","slug":"grant-resources","status":"publish","type":"page","link":"https:\/\/vccf.org\/es\/grant-resources\/","title":{"rendered":"Recursos para subvenciones"},"content":{"rendered":"<h1>\n\t\tBiblioteca para la investigaci\u00f3n y el desarrollo sin \u00e1nimo de lucro\n\t<\/h1>\n\t<p>La VCCF alberga la Biblioteca de Investigaci\u00f3n y Desarrollo de Organizaciones No Lucrativas, con publicaciones impresas, libros y publicaciones peri\u00f3dicas sobre temas de gesti\u00f3n de organizaciones no lucrativas, as\u00ed como la base de datos Foundation Directory Online para solicitantes de subvenciones.<\/p>\n\t\t\t\t<img loading=\"lazy\" decoding=\"async\" src=\"https:\/\/vccf.org\/wp-content\/uploads\/2024\/04\/\u0421\u043b\u043e\u0439-1-4.png\" alt=\"\u0421\u043b\u043e\u0438\u0306 1 4\" itemprop=\"image\" height=\"60\" width=\"44\" title=\"\u0421\u043b\u043e\u0439 1 4\" onerror=\"this.style.display='none'\"  \/>\n<h3>\n\t\tHacer del condado de Ventura un lugar mejor para vivir\n\t<\/h3>\n\t\t\t<img decoding=\"async\" src=\"https:\/\/vccf.org\/wp-content\/uploads\/2024\/09\/image-73.png\" title=\"imagen (73)\" alt=\"\" \/>\t\t\t\t\t\n<h2>\n\t\tVCCF es socio de la Red de Informaci\u00f3n sobre Financiaci\u00f3n de Foundation Directory Online.\u00a0\n\t<\/h2>\n\t<p>Candid's Foundation Directory Online ha sido durante mucho tiempo un proveedor l\u00edder de datos que cubren todos los aspectos de la filantrop\u00eda institucional. Los visitantes pueden acceder a la base de datos Candid's Foundation Directory Online con acceso inmediato a m\u00e1s de 140.000 perfiles de donantes, noticias sobre filantrop\u00eda, solicitudes de propuestas y formaci\u00f3n para solicitantes de subvenciones.<\/p>\n\t<p>Este servicio se presta \u00fanicamente con cita previa. P\u00f3ngase en contacto con Aaron Weissman, responsable de la base de datos, en <a href=\"mailto:aweissman@vccf.org\">aweissman@vccf.org\u00a0<\/a>para conocer las pr\u00f3ximas citas disponibles, as\u00ed como las directrices del servicio. Lamentablemente, no aceptamos visitas sin cita previa.<\/p>","protected":false},"excerpt":{"rendered":"<p>Biblioteca para la investigaci\u00f3n y el desarrollo sin \u00e1nimo de lucro La VCCF alberga la Biblioteca para la investigaci\u00f3n y el desarrollo sin \u00e1nimo de lucro, con publicaciones impresas, libros y...<\/p>","protected":false},"author":4,"featured_media":0,"parent":0,"menu_order":0,"comment_status":"closed","ping_status":"closed","template":"","meta":{"_acf_changed":false,"give_campaign_id":0,"footnotes":""},"class_list":["post-21499","page","type-page","status-publish","hentry"],"acf":[],"campaignId":"","_links":{"self":[{"href":"https:\/\/vccf.org\/es\/wp-json\/wp\/v2\/pages\/21499","targetHints":{"allow":["GET"]}}],"collection":[{"href":"https:\/\/vccf.org\/es\/wp-json\/wp\/v2\/pages"}],"about":[{"href":"https:\/\/vccf.org\/es\/wp-json\/wp\/v2\/types\/page"}],"author":[{"embeddable":true,"href":"https:\/\/vccf.org\/es\/wp-json\/wp\/v2\/users\/4"}],"replies":[{"embeddable":true,"href":"https:\/\/vccf.org\/es\/wp-json\/wp\/v2\/comments?post=21499"}],"version-history":[{"count":0,"href":"https:\/\/vccf.org\/es\/wp-json\/wp\/v2\/pages\/21499\/revisions"}],"wp:attachment":[{"href":"https:\/\/vccf.org\/es\/wp-json\/wp\/v2\/media?parent=21499"}],"curies":[{"name":"wp","href":"https:\/\/api.w.org\/{rel}","templated":true}]}}