{"id":21559,"date":"2024-10-25T13:57:14","date_gmt":"2024-10-25T13:57:14","guid":{"rendered":"https:\/\/vccf.org\/?page_id=21559"},"modified":"2026-01-23T11:26:00","modified_gmt":"2026-01-23T19:26:00","slug":"donate-to-support-disaster-relief","status":"publish","type":"page","link":"https:\/\/vccf.org\/es\/donate\/donate-to-support-disaster-relief\/","title":{"rendered":"Donate to Support Disaster Relief"},"content":{"rendered":"<h1>\n\t\t\tDonar ahora\t<\/h1>\n\t\t\t<a href=\"#relief-recovery\"  target=\"_self\">\n\t\t\t\t\t\t\tPara apoyar el Fondo de Apoyo a los Vecinos del Condado de Ventura, haga su donaci\u00f3n a continuaci\u00f3n\n\t\t\t\t\t<\/a>\n\t\t\t<a href=\"https:\/\/vccf.org\/es\/donate\/\"  target=\"_self\">\n\t\t\t\t\t\t\tPara hacer una contribuci\u00f3n a cualquier fondo o iniciativa de la VCCF, pulse aqu\u00ed\n\t\t\t\t\t<\/a>\n<h2  id=\"relief-recovery\">\n\t\t\t\t<\/h2>\n\t<p>Cada d\u00f3lar que usted dona ayuda a tejer el tejido de un condado de Ventura m\u00e1s vibrante y resistente. Su donaci\u00f3n permite a la Fundaci\u00f3n Comunitaria del Condado de Ventura abordar las necesidades urgentes, fomentar el crecimiento a largo plazo y ver prosperar a las comunidades del condado de Ventura:<\/p>\n<h2>\n\t\t\tOtras formas de donar\t<\/h2>\n\t<p><strong>1. Env\u00edenos un cheque<\/strong><\/p>\n<p>Haga los cheques a nombre de Ventura County Community Foundation y env\u00edelos a nuestra direcci\u00f3n postal en 4001 Mission Oaks Blvd, Suite A, Camarillo, CA 93012. Por favor, escriba el nombre del fondo al que desea contribuir en la l\u00ednea de memo.<\/p>\n<p><strong>2. Transferir valores o efectivo por cable<\/strong><\/p>\n<p>We accept gifts of publicly traded securities and cash by wire. For your convenience, we&#8217;ve prepared a one-page instruction letter that you can send to your bank or investment advisory firm, which will give your financial advisor all the information he or she needs to execute a wire transfer of securities or cash.<\/p>\n<a href=\"https:\/\/vccf.org\/wp-content\/uploads\/2026\/01\/USB-Stock-Transfer-1.pdf\" target=\"_blank\" rel=\"noopener\">Instrucciones para enviar una transferencia bancaria<\/a><br \/>\n<a href=\"https:\/\/vccf.org\/wp-content\/uploads\/2026\/01\/VCCF-Wire-ACH-Transfer.pdf\" target=\"_blank\" rel=\"noopener\">Instrucciones para una transferencia de acciones<\/a>\n<p>Si tiene alguna pregunta, p\u00f3ngase en contacto con nosotros en <a href=\"mailto:info@vccf.org\">info@vccf.org<\/a>.<\/p>\n<p>Por favor, aseg\u00farese de incluir el nombre del fondo al que desea contribuir. La Fundaci\u00f3n Comunitaria del Condado de Ventura es una organizaci\u00f3n ben\u00e9fica p\u00fablica 501(c)3, n\u00famero de identificaci\u00f3n fiscal federal: 77-0165029.<\/p>","protected":false},"excerpt":{"rendered":"<p>Donate Now To support the Ventura County Neighbors Support Fund, donate below To make a contribution to any VCCF Fund or Initiative, click here Every dollar you give helps weave&hellip;<\/p>","protected":false},"author":3,"featured_media":23230,"parent":20931,"menu_order":0,"comment_status":"closed","ping_status":"closed","template":"","meta":{"_acf_changed":false,"give_campaign_id":0,"footnotes":""},"class_list":["post-21559","page","type-page","status-publish","has-post-thumbnail","hentry"],"acf":[],"campaignId":"","_links":{"self":[{"href":"https:\/\/vccf.org\/es\/wp-json\/wp\/v2\/pages\/21559","targetHints":{"allow":["GET"]}}],"collection":[{"href":"https:\/\/vccf.org\/es\/wp-json\/wp\/v2\/pages"}],"about":[{"href":"https:\/\/vccf.org\/es\/wp-json\/wp\/v2\/types\/page"}],"author":[{"embeddable":true,"href":"https:\/\/vccf.org\/es\/wp-json\/wp\/v2\/users\/3"}],"replies":[{"embeddable":true,"href":"https:\/\/vccf.org\/es\/wp-json\/wp\/v2\/comments?post=21559"}],"version-history":[{"count":0,"href":"https:\/\/vccf.org\/es\/wp-json\/wp\/v2\/pages\/21559\/revisions"}],"up":[{"embeddable":true,"href":"https:\/\/vccf.org\/es\/wp-json\/wp\/v2\/pages\/20931"}],"wp:featuredmedia":[{"embeddable":true,"href":"https:\/\/vccf.org\/es\/wp-json\/wp\/v2\/media\/23230"}],"wp:attachment":[{"href":"https:\/\/vccf.org\/es\/wp-json\/wp\/v2\/media?parent=21559"}],"curies":[{"name":"wp","href":"https:\/\/api.w.org\/{rel}","templated":true}]}}