{"id":22928,"date":"2025-04-29T08:42:02","date_gmt":"2025-04-29T15:42:02","guid":{"rendered":"https:\/\/vccf.org\/?page_id=22928"},"modified":"2026-03-27T08:31:13","modified_gmt":"2026-03-27T15:31:13","slug":"grants","status":"publish","type":"page","link":"https:\/\/vccf.org\/es\/grants\/","title":{"rendered":"Subvenciones"},"content":{"rendered":"<figure itemscope itemtype=\"https:\/\/schema.org\/ImageObject\">\n\t\t\t\t<img decoding=\"async\" src=\"https:\/\/vccf.org\/wp-content\/uploads\/2024\/07\/AdobeStock_514940291-1.png\" alt=\"AdobeStock_514940291 1\" height=\"375\" width=\"519\" title=\"AdobeStock_514940291 1\" onerror=\"this.style.display='none'\" loading=\"lazy\" \/>\n\t<\/figure>\n\tCondado de Ventura<br \/>\nFundaci\u00f3n Comunitaria\n<p>Servicios y subvenciones<\/p>\n<figure itemscope itemtype=\"https:\/\/schema.org\/ImageObject\">\n\t\t\t\t<img decoding=\"async\" src=\"https:\/\/vccf.org\/wp-content\/uploads\/2024\/09\/AdobeStock_566561880-1.png\" alt=\"AdobeStock_566561880 1\" height=\"377\" width=\"520\" title=\"AdobeStock_566561880 1\" onerror=\"this.style.display='none'\" loading=\"lazy\" \/>\n\t<\/figure>\n\t<p>Solicitar subvenciones<\/p>\n\t\t\t<a href=\"https:\/\/vccf.org\/es\/grants\/past-current-and-upcoming-grants\/\"  target=\"_self\">\n\t\t\t\t\t\t\tExplorar las subvenciones\n\t\t\t\t\t<\/a>\n\t<p>Recursos<\/p>\n\t\t\t<a href=\"https:\/\/vccf.org\/es\/grant-resources\/\"  target=\"_self\">\n\t\t\t\t\t\t\tExplorar los recursos\n\t\t\t\t\t<\/a>\n\t<p>Cumplimiento sin \u00e1nimo de lucro<\/p>\n\t\t\t<a href=\"https:\/\/vccf.org\/es\/grants\/nonprofit-compliance\/\"  target=\"_self\">\n\t\t\t\t\t\t\tM\u00e1s informaci\u00f3n\n\t\t\t\t\t<\/a>\n\t<p>Crear un fondo de dotaci\u00f3n de la Agencia<\/p>\n\t\t\t<a href=\"https:\/\/vccf.org\/es\/grants\/start-an-endowment-fund\/\"  target=\"_self\">\n\t\t\t\t\t\t\tCrear un fondo\n\t\t\t\t\t<\/a>\n\tVCCF<br \/>\nCentro sin \u00e1nimo de lucro Espacio para reuniones\n\t\t\t<a href=\"https:\/\/vccf.org\/es\/reserve-a-room\/\"  target=\"_self\">\n\t\t\t\t\t\t\tReservar una habitaci\u00f3n\n\t\t\t\t\t<\/a>","protected":false},"excerpt":{"rendered":"<p>Fundaci\u00f3n Comunitaria del Condado de Ventura Servicios y subvenciones sin \u00e1nimo de lucro Solicitar subvenciones Explorar subvenciones Recursos Explorar recursos Cumplimiento de normas sin \u00e1nimo de lucro M\u00e1s informaci\u00f3n Crear una agencia Fondo de dotaci\u00f3n Crear un fondo VCCF Sin \u00e1nimo de lucro...<\/p>","protected":false},"author":9,"featured_media":0,"parent":0,"menu_order":0,"comment_status":"closed","ping_status":"closed","template":"","meta":{"_acf_changed":false,"give_campaign_id":0,"footnotes":""},"class_list":["post-22928","page","type-page","status-publish","hentry"],"acf":[],"campaignId":"","_links":{"self":[{"href":"https:\/\/vccf.org\/es\/wp-json\/wp\/v2\/pages\/22928","targetHints":{"allow":["GET"]}}],"collection":[{"href":"https:\/\/vccf.org\/es\/wp-json\/wp\/v2\/pages"}],"about":[{"href":"https:\/\/vccf.org\/es\/wp-json\/wp\/v2\/types\/page"}],"author":[{"embeddable":true,"href":"https:\/\/vccf.org\/es\/wp-json\/wp\/v2\/users\/9"}],"replies":[{"embeddable":true,"href":"https:\/\/vccf.org\/es\/wp-json\/wp\/v2\/comments?post=22928"}],"version-history":[{"count":0,"href":"https:\/\/vccf.org\/es\/wp-json\/wp\/v2\/pages\/22928\/revisions"}],"wp:attachment":[{"href":"https:\/\/vccf.org\/es\/wp-json\/wp\/v2\/media?parent=22928"}],"curies":[{"name":"wp","href":"https:\/\/api.w.org\/{rel}","templated":true}]}}