{"id":22940,"date":"2025-04-30T07:29:47","date_gmt":"2025-04-30T14:29:47","guid":{"rendered":"https:\/\/vccf.org\/?page_id=22940"},"modified":"2025-07-18T08:28:36","modified_gmt":"2025-07-18T15:28:36","slug":"get-involved","status":"publish","type":"page","link":"https:\/\/vccf.org\/es\/get-involved\/","title":{"rendered":"Participa"},"content":{"rendered":"<img decoding=\"async\" src=\"https:\/\/vccf.org\/wp-content\/uploads\/2024\/09\/AdobeStock_514940291-2.png\" alt=\"AdobeStock_514940291 2\" itemprop=\"image\" height=\"375\" width=\"519\" title=\"AdobeStock_514940291 2\" onerror=\"this.style.display='none'\" loading=\"lazy\" \/>\n\t<h1>Transformar el condado de Ventura<br \/>\n- Colabora con la VCCF<\/h1>\n<h2>\n\t\t\tAbrace su pasi\u00f3n, potencie su prop\u00f3sito y transforme el condado de Ventura\t<\/h2>\n\t<p>En el coraz\u00f3n del condado de Ventura, cada acci\u00f3n que realizas enciende una onda de cambio positivo. Aqu\u00ed, en la Fundaci\u00f3n Comunitaria del Condado de Ventura (VCCF), le invitamos a canalizar su pasi\u00f3n en una acci\u00f3n decidida que enriquezca nuestra comunidad. Descubre c\u00f3mo puedes tener un impacto profundo:<\/p>\n\t\t\t\t<img decoding=\"async\" src=\"https:\/\/vccf.org\/wp-content\/uploads\/2024\/07\/AdobeStock_566561880-1-2.png\" alt=\"AdobeStock_566561880 1 (2)\" itemprop=\"image\" height=\"377\" width=\"520\" title=\"AdobeStock_566561880 1 (2)\" onerror=\"this.style.display='none'\" loading=\"lazy\" \/>\n\tDonar a la direcci\u00f3n<br \/>\nNecesidades de la Comunidad\n\t<p>Contribuya r\u00e1pidamente a las necesidades m\u00e1s acuciantes de nuestra comunidad o apoye un fondo espec\u00edfico.<\/p>\n\t\t\t<a href=\"https:\/\/vccf.org\/es\/donate\/\" target=\"_self\">\n\t\t\t\t\t\t\tHaz un donativo\n\t\t\t\t\t<\/a>\n\t<p>Iniciativas de la VCCF<\/p>\n\t<p>Obtenga m\u00e1s informaci\u00f3n sobre las iniciativas de la VCCF y descubra c\u00f3mo puede marcar la diferencia.<\/p>\n\t\t\t<a href=\"https:\/\/vccf.org\/es\/initiatives\/\" target=\"_self\">\n\t\t\t\t\t\t\tM\u00e1s informaci\u00f3n\n\t\t\t\t\t<\/a>\n\t<p>Crear su propio fondo<\/p>\n\t<p>Marca una diferencia significativa en las \u00e1reas que m\u00e1s te apasionan. Al crear un fondo, centras tu apoyo en las causas que m\u00e1s te importan, lo que garantiza un impacto duradero.<\/p>\n\t\t\t<a href=\"https:\/\/vccf.org\/es\/my-vccf-fund\/start-a-fund\/\" target=\"_self\">\n\t\t\t\t\t\t\tCrear un fondo\n\t\t\t\t\t<\/a>\n\t<p>Eventos comunitarios<\/p>\n\t<p>Con\u00e9ctese con organizaciones sin fines de lucro locales, otros donantes y miembros de la comunidad a trav\u00e9s de nuestros eventos. Obtenga informaci\u00f3n sobre el trabajo transformador que se est\u00e1 llevando a cabo en el condado de Ventura y c\u00f3mo puede formar parte de este movimiento.<\/p>\n\t\t\t<a href=\"https:\/\/vccf.org\/es\/events\/\" target=\"_self\">\n\t\t\t\t\t\t\tParticipar en un acto\n\t\t\t\t\t<\/a>\n\t<p>Tienda VCCF<\/p>\n\t<p>Para seguir apoyando a la VCCF en nuestra misi\u00f3n, muestra tu amor visitando la tienda de la VCCF.<\/p>\n\t\t\t<a href=\"https:\/\/vccf.org\/es\/store\/\" target=\"_self\">\n\t\t\t\t\t\t\tIr a la tienda\n\t\t\t\t\t<\/a>\n<h2>\n\t\t\tAl donar a trav\u00e9s de la VCCF, usted recibe:\t<\/h2>\n\t<p>Experiencia comunitaria<\/p>\n\t<p>Con un historial de participaci\u00f3n local y una extensa red de m\u00e1s de 800 fundaciones comunitarias en todo el mundo, la VCCF es un pilar del liderazgo comunitario. Sus contribuciones se unen a un esfuerzo coordinado y bien informado para satisfacer las necesidades cambiantes del condado de Ventura, fomentando cambios impactantes y futuros m\u00e1s brillantes.<\/p>\n\t<p>Amplio alcance y financiaci\u00f3n diversa<\/p>\n\t<p>Al aunar recursos, sus donaciones apoyan multitud de iniciativas en distintos sectores, amplificando el alcance y el efecto de cada d\u00f3lar invertido en la creaci\u00f3n de una comunidad resiliente.<\/p>\n\tOrientaci\u00f3n profesional<br \/>\ny Apoyo\n\t<p>Nuestro equipo ofrece asesoramiento experto y servicio de conserjer\u00eda, ayud\u00e1ndole a alinear sus esfuerzos filantr\u00f3picos con sus valores y objetivos personales, garantizando que su donaci\u00f3n tenga el mayor impacto posible.<\/p>\n\t<p>Importantes ventajas fiscales<\/p>\n\t<p>Contribuir a trav\u00e9s de la VCCF no s\u00f3lo fomenta sus objetivos altruistas, sino que tambi\u00e9n puede ofrecer importantes ventajas fiscales, maximizando la eficacia de sus aportaciones.<\/p>","protected":false},"excerpt":{"rendered":"<p>Transforma el condado de Ventura - Invol\u00facrate con VCCF Abraza tu pasi\u00f3n, potencia tu prop\u00f3sito y transforma el condado de Ventura En el coraz\u00f3n del condado de Ventura, cada acci\u00f3n que...<\/p>","protected":false},"author":9,"featured_media":0,"parent":0,"menu_order":0,"comment_status":"closed","ping_status":"closed","template":"","meta":{"_acf_changed":false,"give_campaign_id":0,"footnotes":""},"class_list":["post-22940","page","type-page","status-publish","hentry"],"acf":[],"campaignId":"","_links":{"self":[{"href":"https:\/\/vccf.org\/es\/wp-json\/wp\/v2\/pages\/22940","targetHints":{"allow":["GET"]}}],"collection":[{"href":"https:\/\/vccf.org\/es\/wp-json\/wp\/v2\/pages"}],"about":[{"href":"https:\/\/vccf.org\/es\/wp-json\/wp\/v2\/types\/page"}],"author":[{"embeddable":true,"href":"https:\/\/vccf.org\/es\/wp-json\/wp\/v2\/users\/9"}],"replies":[{"embeddable":true,"href":"https:\/\/vccf.org\/es\/wp-json\/wp\/v2\/comments?post=22940"}],"version-history":[{"count":0,"href":"https:\/\/vccf.org\/es\/wp-json\/wp\/v2\/pages\/22940\/revisions"}],"wp:attachment":[{"href":"https:\/\/vccf.org\/es\/wp-json\/wp\/v2\/media?parent=22940"}],"curies":[{"name":"wp","href":"https:\/\/api.w.org\/{rel}","templated":true}]}}