{"id":23235,"date":"2025-07-28T11:07:40","date_gmt":"2025-07-28T18:07:40","guid":{"rendered":"https:\/\/vccf.org\/?page_id=23235"},"modified":"2025-07-28T11:07:40","modified_gmt":"2025-07-28T18:07:40","slug":"join-the-coalition","status":"publish","type":"page","link":"https:\/\/vccf.org\/es\/neighbors-support-fund\/join-the-coalition\/","title":{"rendered":"Join the Coalition &#8211; Ventura County Neighbors Support Fund"},"content":{"rendered":"<h1>\n\t\t\tJoin the Coalition &#8211; Ventura County Neighbors Support Fund\t<\/h1>\n                            <h2>Funding Updates for Ventura County Neighbors Support Fund<\/h2>\n                            \n                        <form method='post' enctype='multipart\/form-data' target='gform_ajax_frame_17' id='gform_17'  action='https:\/\/vccf.org\/es\/?page_id=23235&#038;fl_builder&#038;fl_builder_ui_iframe#gf_17' data-formid='17' novalidate data-trp-original-action=\"https:\/\/vccf.org\/?page_id=23235&#038;fl_builder&#038;fl_builder_ui_iframe#gf_17\">\n                        <fieldset id=\"field_17_1\"><legend class='gfield_label gform-field-label gfield_label_before_complex'>Nombre(Obligatorio)<\/legend>\n                                                    <input type='text' name='input_1.3' id='input_17_1_3' value=''   aria-required='true'   placeholder='Nombre *'  \/>\n                                                    <label for='input_17_1_3' class='gform-field-label gform-field-label--type-sub hidden_sub_label screen-reader-text'>En primer lugar<\/label>\n                                                    <input type='text' name='input_1.6' id='input_17_1_6' value=''   aria-required='true'   placeholder='Apellido *'  \/>\n                                                    <label for='input_17_1_6' class='gform-field-label gform-field-label--type-sub hidden_sub_label screen-reader-text'>\u00daltima<\/label>\n                        <\/fieldset><label class='gfield_label gform-field-label' for='input_17_3'>Correo electr\u00f3nico(Obligatorio)<\/label>\n                            <input name='input_3' id='input_17_3' type='email' value='' class='large'   placeholder='Correo electr\u00f3nico *' aria-required=\"true\" aria-invalid=\"false\"  \/>\n                        <label class='gfield_label gform-field-label' for='input_17_4'>Organizaci\u00f3n<\/label><input name='input_4' id='input_17_4' type='text' value='' class='large'    placeholder='Organizaci\u00f3n'  aria-invalid=\"false\"   \/><label class='gfield_label gform-field-label' for='input_17_5'>Puesto<\/label><input name='input_5' id='input_17_5' type='text' value='' class='large'    placeholder='Puesto'  aria-invalid=\"false\"   \/><fieldset id=\"field_17_7\"><legend class='gfield_label gform-field-label gfield_label_before_complex'>Direcci\u00f3n<\/legend>    \n                                        <input type='text' name='input_7.1' id='input_17_7_1' value=''   placeholder='Direcci\u00f3n (l\u00ednea 1)' aria-required='false'    \/>\n                                        <label for='input_17_7_1' id='input_17_7_1_label' class='gform-field-label gform-field-label--type-sub hidden_sub_label screen-reader-text'>Direcci\u00f3n<\/label>\n                                        <input type='text' name='input_7.2' id='input_17_7_2' value=''   placeholder='Direcci\u00f3n (l\u00ednea 2)'  aria-required='false'   \/>\n                                        <label for='input_17_7_2' id='input_17_7_2_label' class='gform-field-label gform-field-label--type-sub hidden_sub_label screen-reader-text'>Direcci\u00f3n L\u00ednea 2<\/label>\n                                    <input type='text' name='input_7.3' id='input_17_7_3' value=''   placeholder='Ciudad' aria-required='false'    \/>\n                                    <label for='input_17_7_3' id='input_17_7_3_label' class='gform-field-label gform-field-label--type-sub hidden_sub_label screen-reader-text'>Ciudad<\/label>\n                                        <input type='text' name='input_7.4' id='input_17_7_4' value=''     placeholder='Estado' aria-required='false'    \/>\n                                        <label for='input_17_7_4' id='input_17_7_4_label' class='gform-field-label gform-field-label--type-sub hidden_sub_label screen-reader-text'>Estado \/ Provincia \/ Regi\u00f3n<\/label>\n                                    <input type='text' name='input_7.5' id='input_17_7_5' value=''   placeholder='ZIP' aria-required='false'    \/>\n                                    <label for='input_17_7_5' id='input_17_7_5_label' class='gform-field-label gform-field-label--type-sub hidden_sub_label screen-reader-text'>C\u00f3digo postal<\/label>\n                                        <select name='input_7.6' id='input_17_7_6'   aria-required='false'><option value='' selected='selected'>Pa\u00eds<\/option><option value='Afghanistan'>Afganist\u00e1n<\/option><option value='Albania'>Albania<\/option><option value='Algeria'>Argelia<\/option><option value='American Samoa'>Samoa Americana<\/option><option value='Andorra'>Andorra<\/option><option value='Angola'>Angola<\/option><option value='Anguilla'>Anguila<\/option><option value='Antarctica'>Ant\u00e1rtida<\/option><option value='Antigua and Barbuda'>Antigua y Barbuda<\/option><option value='Argentina'>Argentina<\/option><option value='Armenia'>Armenia<\/option><option value='Aruba'>Aruba<\/option><option value='Australia'>Australia<\/option><option value='Austria'>Austria<\/option><option value='Azerbaijan'>Azerbaiy\u00e1n<\/option><option value='Bahamas'>Bahamas<\/option><option value='Bahrain'>Bahr\u00e9in<\/option><option value='Bangladesh'>Bangladesh<\/option><option value='Barbados'>Barbados<\/option><option value='Belarus'>Bielorrusia<\/option><option value='Belgium'>B\u00e9lgica<\/option><option value='Belize'>Belice<\/option><option value='Benin'>Ben\u00edn<\/option><option value='Bermuda'>Bermudas<\/option><option value='Bhutan'>But\u00e1n<\/option><option value='Bolivia'>Bolivia<\/option><option value='Bonaire, Sint Eustatius and Saba'>Bonaire, San Eustaquio y Saba<\/option><option value='Bosnia and Herzegovina'>Bosnia y Herzegovina<\/option><option value='Botswana'>Botsuana<\/option><option value='Bouvet Island'>Isla Bouvet<\/option><option value='Brazil'>Brasil<\/option><option value='British Indian Ocean Territory'>Territorio Brit\u00e1nico del Oc\u00e9ano \u00cdndico<\/option><option value='Brunei Darussalam'>Brunei Darussalam<\/option><option value='Bulgaria'>Bulgaria<\/option><option value='Burkina Faso'>Burkina Faso<\/option><option value='Burundi'>Burundi<\/option><option value='Cabo Verde'>Cabo Verde<\/option><option value='Cambodia'>Camboya<\/option><option value='Cameroon'>Camer\u00fan<\/option><option value='Canada'>Canad\u00e1<\/option><option value='Cayman Islands'>Islas Caim\u00e1n<\/option><option value='Central African Republic'>Rep\u00fablica Centroafricana<\/option><option value='Chad'>Chad<\/option><option value='Chile'>Chile<\/option><option value='China'>China<\/option><option value='Christmas Island'>Isla de Navidad<\/option><option value='Cocos Islands'>Islas Cocos<\/option><option value='Colombia'>Colombia<\/option><option value='Comoros'>Comoras<\/option><option value='Congo'>Congo<\/option><option value='Congo, Democratic Republic of the'>Congo, Rep\u00fablica Democr\u00e1tica del<\/option><option value='Cook Islands'>Islas Cook<\/option><option value='Costa Rica'>Costa Rica<\/option><option value='Croatia'>Croacia<\/option><option value='Cuba'>Cuba<\/option><option value='Cura\u00e7ao'>Cura\u00e7ao<\/option><option value='Cyprus'>Chipre<\/option><option value='Czechia'>Chequia<\/option><option value='C\u00f4te d&#039;Ivoire'>Costa de Marfil<\/option><option value='Denmark'>Dinamarca<\/option><option value='Djibouti'>Yibuti<\/option><option value='Dominica'>Dominica<\/option><option value='Dominican Republic'>Rep\u00fablica Dominicana<\/option><option value='Ecuador'>Ecuador<\/option><option value='Egypt'>Egipto<\/option><option value='El Salvador'>El Salvador<\/option><option value='Equatorial Guinea'>Guinea Ecuatorial<\/option><option value='Eritrea'>Eritrea<\/option><option value='Estonia'>Estonia<\/option><option value='Eswatini'>Eswatini<\/option><option value='Ethiopia'>Etiop\u00eda<\/option><option value='Falkland Islands'>Islas Malvinas<\/option><option value='Faroe Islands'>Islas Feroe<\/option><option value='Fiji'>Fiyi<\/option><option value='Finland'>Finlandia<\/option><option value='France'>Francia<\/option><option value='French Guiana'>Guayana Francesa<\/option><option value='French Polynesia'>Polinesia Francesa<\/option><option value='French Southern Territories'>Territorios Australes Franceses<\/option><option value='Gabon'>Gab\u00f3n<\/option><option value='Gambia'>Gambia<\/option><option value='Georgia'>Georgia<\/option><option value='Germany'>Alemania<\/option><option value='Ghana'>Ghana<\/option><option value='Gibraltar'>Gibraltar<\/option><option value='Greece'>Grecia<\/option><option value='Greenland'>Groenlandia<\/option><option value='Grenada'>Granada<\/option><option value='Guadeloupe'>Guadalupe<\/option><option value='Guam'>Guam<\/option><option value='Guatemala'>Guatemala<\/option><option value='Guernsey'>Guernsey<\/option><option value='Guinea'>Guinea<\/option><option value='Guinea-Bissau'>Guinea-Bissau<\/option><option value='Guyana'>Guyana<\/option><option value='Haiti'>Hait\u00ed<\/option><option value='Heard Island and McDonald Islands'>Islas Heard y McDonald<\/option><option value='Holy See'>Santa Sede<\/option><option value='Honduras'>Honduras<\/option><option value='Hong Kong'>Hong Kong<\/option><option value='Hungary'>Hungr\u00eda<\/option><option value='Iceland'>Islandia<\/option><option value='India'>India<\/option><option value='Indonesia'>Indonesia<\/option><option value='Iran'>Ir\u00e1n<\/option><option value='Iraq'>Iraq<\/option><option value='Ireland'>Irlanda<\/option><option value='Isle of Man'>Isla de Man<\/option><option value='Israel'>Israel<\/option><option value='Italy'>Italia<\/option><option value='Jamaica'>Jamaica<\/option><option value='Japan'>Jap\u00f3n<\/option><option value='Jersey'>Jersey<\/option><option value='Jordan'>Jordan<\/option><option value='Kazakhstan'>Kazajst\u00e1n<\/option><option value='Kenya'>Kenia<\/option><option value='Kiribati'>Kiribati<\/option><option value='Korea, Democratic People&#039;s Republic of'>Corea, Rep\u00fablica Popular Democr\u00e1tica de<\/option><option value='Korea, Republic of'>Corea, Rep\u00fablica de<\/option><option value='Kuwait'>Kuwait<\/option><option value='Kyrgyzstan'>Kirguist\u00e1n<\/option><option value='Lao People&#039;s Democratic Republic'>Rep\u00fablica Democr\u00e1tica Popular Lao<\/option><option value='Latvia'>Letonia<\/option><option value='Lebanon'>L\u00edbano<\/option><option value='Lesotho'>Lesotho<\/option><option value='Liberia'>Liberia<\/option><option value='Libya'>Libia<\/option><option value='Liechtenstein'>Liechtenstein<\/option><option value='Lithuania'>Lituania<\/option><option value='Luxembourg'>Luxemburgo<\/option><option value='Macao'>Macao<\/option><option value='Madagascar'>Madagascar<\/option><option value='Malawi'>Malawi<\/option><option value='Malaysia'>Malasia<\/option><option value='Maldives'>Maldivas<\/option><option value='Mali'>Mali<\/option><option value='Malta'>Malta<\/option><option value='Marshall Islands'>Islas Marshall<\/option><option value='Martinique'>Martinica<\/option><option value='Mauritania'>Mauritania<\/option><option value='Mauritius'>Mauricio<\/option><option value='Mayotte'>Mayotte<\/option><option value='Mexico'>M\u00e9xico<\/option><option value='Micronesia'>Micronesia<\/option><option value='Moldova'>Moldavia<\/option><option value='Monaco'>M\u00f3naco<\/option><option value='Mongolia'>Mongolia<\/option><option value='Montenegro'>Montenegro<\/option><option value='Montserrat'>Montserrat<\/option><option value='Morocco'>Marruecos<\/option><option value='Mozambique'>Mozambique<\/option><option value='Myanmar'>Myanmar<\/option><option value='Namibia'>Namibia<\/option><option value='Nauru'>Nauru<\/option><option value='Nepal'>Nepal<\/option><option value='Netherlands'>Pa\u00edses Bajos<\/option><option value='New Caledonia'>Nueva Caledonia<\/option><option value='New Zealand'>Nueva Zelanda<\/option><option value='Nicaragua'>Nicaragua<\/option><option value='Niger'>N\u00edger<\/option><option value='Nigeria'>Nigeria<\/option><option value='Niue'>Niue<\/option><option value='Norfolk Island'>Isla de Norfolk<\/option><option value='North Macedonia'>Macedonia del Norte<\/option><option value='Northern Mariana Islands'>Islas Marianas del Norte<\/option><option value='Norway'>Noruega<\/option><option value='Oman'>Om\u00e1n<\/option><option value='Pakistan'>Pakist\u00e1n<\/option><option value='Palau'>Palau<\/option><option value='Palestine, State of'>Palestina, Estado de<\/option><option value='Panama'>Panam\u00e1<\/option><option value='Papua New Guinea'>Pap\u00faa Nueva Guinea<\/option><option value='Paraguay'>Paraguay<\/option><option value='Peru'>Per\u00fa<\/option><option value='Philippines'>Filipinas<\/option><option value='Pitcairn'>Pitcairn<\/option><option value='Poland'>Polonia<\/option><option value='Portugal'>Portugal<\/option><option value='Puerto Rico'>Puerto Rico<\/option><option value='Qatar'>Qatar<\/option><option value='Romania'>Ruman\u00eda<\/option><option value='Russian Federation'>Federaci\u00f3n de Rusia<\/option><option value='Rwanda'>Ruanda<\/option><option value='R\u00e9union'>Reuni\u00f3n<\/option><option value='Saint Barth\u00e9lemy'>San Bartolom\u00e9<\/option><option value='Saint Helena, Ascension and Tristan da Cunha'>Santa Elena, Ascensi\u00f3n y Trist\u00e1n da Cunha<\/option><option value='Saint Kitts and Nevis'>San Crist\u00f3bal y Nieves<\/option><option value='Saint Lucia'>Santa Luc\u00eda<\/option><option value='Saint Martin'>San Mart\u00edn<\/option><option value='Saint Pierre and Miquelon'>San Pedro y Miquel\u00f3n<\/option><option value='Saint Vincent and the Grenadines'>San Vicente y las Granadinas<\/option><option value='Samoa'>Samoa<\/option><option value='San Marino'>San Marino<\/option><option value='Sao Tome and Principe'>Santo Tom\u00e9 y Pr\u00edncipe<\/option><option value='Saudi Arabia'>Arabia Saud\u00ed<\/option><option value='Senegal'>Senegal<\/option><option value='Serbia'>Serbia<\/option><option value='Seychelles'>Seychelles<\/option><option value='Sierra Leone'>Sierra Leona<\/option><option value='Singapore'>Singapur<\/option><option value='Sint Maarten'>San Mart\u00edn<\/option><option value='Slovakia'>Eslovaquia<\/option><option value='Slovenia'>Eslovenia<\/option><option value='Solomon Islands'>Islas Salom\u00f3n<\/option><option value='Somalia'>Somalia<\/option><option value='South Africa'>Sud\u00e1frica<\/option><option value='South Georgia and the South Sandwich Islands'>Georgia del Sur y las islas Sandwich del Sur<\/option><option value='South Sudan'>Sud\u00e1n del Sur<\/option><option value='Spain'>Espa\u00f1a<\/option><option value='Sri Lanka'>Sri Lanka<\/option><option value='Sudan'>Sud\u00e1n<\/option><option value='Suriname'>Surinam<\/option><option value='Svalbard and Jan Mayen'>Svalbard y Jan Mayen<\/option><option value='Sweden'>Suecia<\/option><option value='Switzerland'>Suiza<\/option><option value='Syria Arab Republic'>Rep\u00fablica \u00c1rabe Siria<\/option><option value='Taiwan'>Taiw\u00e1n<\/option><option value='Tajikistan'>Tayikist\u00e1n<\/option><option value='Tanzania, the United Republic of'>Tanzania, Rep\u00fablica Unida de<\/option><option value='Thailand'>Tailandia<\/option><option value='Timor-Leste'>Timor Oriental<\/option><option value='Togo'>Togo<\/option><option value='Tokelau'>Tokelau<\/option><option value='Tonga'>Tonga<\/option><option value='Trinidad and Tobago'>Trinidad y Tobago<\/option><option value='Tunisia'>T\u00fanez<\/option><option value='Turkmenistan'>Turkmenist\u00e1n<\/option><option value='Turks and Caicos Islands'>Islas Turcas y Caicos<\/option><option value='Tuvalu'>Tuvalu<\/option><option value='T\u00fcrkiye'>T\u00fcrkiye<\/option><option value='US Minor Outlying Islands'>Islas perif\u00e9ricas menores de EE.UU.<\/option><option value='Uganda'>Uganda<\/option><option value='Ukraine'>Ucrania<\/option><option value='United Arab Emirates'>Emiratos \u00c1rabes Unidos<\/option><option value='United Kingdom'>Reino Unido<\/option><option value='United States'>Estados Unidos<\/option><option value='Uruguay'>Uruguay<\/option><option value='Uzbekistan'>Uzbekist\u00e1n<\/option><option value='Vanuatu'>Vanuatu<\/option><option value='Venezuela'>Venezuela<\/option><option value='Viet Nam'>Vietnam<\/option><option value='Virgin Islands, British'>Islas V\u00edrgenes Brit\u00e1nicas<\/option><option value='Virgin Islands, U.S.'>Islas V\u00edrgenes, EE.UU.<\/option><option value='Wallis and Futuna'>Wallis y Futuna<\/option><option value='Western Sahara'>S\u00e1hara Occidental<\/option><option value='Yemen'>Yemen<\/option><option value='Zambia'>Zambia<\/option><option value='Zimbabwe'>Zimbabue<\/option><option value='\u00c5land Islands'>Islas \u00c5land<\/option><\/select>\n                                        <label for='input_17_7_6' id='input_17_7_6_label' class='gform-field-label gform-field-label--type-sub hidden_sub_label screen-reader-text'>Pa\u00eds<\/label>\n                <\/fieldset>\n         <input type='submit' id='gform_submit_button_17' class='gform_button button' onclick='gform.submission.handleButtonClick(this);' data-submission-type='submit' value='Enviar'  \/> <input type='hidden' name='gform_ajax' value='form_id=17&amp;title=1&amp;description=1&amp;tabindex=0&amp;theme=gravity-theme&amp;styles=[]&amp;hash=478613f8ab688d968baa3e419f50d035' \/>\n            <input type='hidden' class='gform_hidden' name='gform_submission_method' data-js='gform_submission_method_17' value='iframe' \/>\n            <input type='hidden' class='gform_hidden' name='gform_theme' data-js='gform_theme_17' id='gform_theme_17' value='gravity-theme' \/>\n            <input type='hidden' class='gform_hidden' name='gform_style_settings' data-js='gform_style_settings_17' id='gform_style_settings_17' value='[]' \/>\n            <input type='hidden' class='gform_hidden' name='is_submit_17' value='1' \/>\n            <input type='hidden' class='gform_hidden' name='gform_submit' value='17' \/>\n            <input type='hidden' class='gform_hidden' name='gform_unique_id' value='' \/>\n            <input type='hidden' class='gform_hidden' name='state_17' value='WyJbXSIsImNmY2MzMDFiZWU0ZjI4YWI1Y2I5MThmMTE4MTA5NDVlIl0=' \/>\n            <input type='hidden' autocomplete='off' class='gform_hidden' name='gform_target_page_number_17' id='gform_target_page_number_17' value='0' \/>\n            <input type='hidden' autocomplete='off' class='gform_hidden' name='gform_source_page_number_17' id='gform_source_page_number_17' value='1' \/>\n            <input type='hidden' name='gform_field_values' value='' \/>\n                        <label>&#916;<textarea name=\"ak_hp_textarea\" cols=\"45\" rows=\"8\" maxlength=\"100\"><\/textarea><\/label><input type=\"hidden\" id=\"ak_js_1\" name=\"ak_js\" value=\"151\"\/><input type=\"hidden\" name=\"trp-form-language\" value=\"es\"\/><\/form>\n\t\t                <iframe style='display:none;width:0px;height:0px;' src='about:blank' name='gform_ajax_frame_17' id='gform_ajax_frame_17' title='Este iframe contiene la l\u00f3gica necesaria para manejar formularios Gravity con Ajax.'><\/iframe>","protected":false},"excerpt":{"rendered":"<p>Join the Coalition &#8211; Ventura County Neighbors Support Fund Funding Updates for Ventura County Neighbors Support Fund Name(Required) First Last Email(Required) OrganizationJob Title Address Street Address Address Line 2 City&hellip;<\/p>","protected":false},"author":8,"featured_media":0,"parent":23168,"menu_order":0,"comment_status":"closed","ping_status":"closed","template":"","meta":{"_acf_changed":false,"give_campaign_id":0,"footnotes":""},"class_list":["post-23235","page","type-page","status-publish","hentry"],"acf":[],"campaignId":"","_links":{"self":[{"href":"https:\/\/vccf.org\/es\/wp-json\/wp\/v2\/pages\/23235","targetHints":{"allow":["GET"]}}],"collection":[{"href":"https:\/\/vccf.org\/es\/wp-json\/wp\/v2\/pages"}],"about":[{"href":"https:\/\/vccf.org\/es\/wp-json\/wp\/v2\/types\/page"}],"author":[{"embeddable":true,"href":"https:\/\/vccf.org\/es\/wp-json\/wp\/v2\/users\/8"}],"replies":[{"embeddable":true,"href":"https:\/\/vccf.org\/es\/wp-json\/wp\/v2\/comments?post=23235"}],"version-history":[{"count":0,"href":"https:\/\/vccf.org\/es\/wp-json\/wp\/v2\/pages\/23235\/revisions"}],"up":[{"embeddable":true,"href":"https:\/\/vccf.org\/es\/wp-json\/wp\/v2\/pages\/23168"}],"wp:attachment":[{"href":"https:\/\/vccf.org\/es\/wp-json\/wp\/v2\/media?parent=23235"}],"curies":[{"name":"wp","href":"https:\/\/api.w.org\/{rel}","templated":true}]}}