{"id":3,"date":"2023-10-11T08:39:14","date_gmt":"2023-10-11T08:39:14","guid":{"rendered":"https:\/\/vccf.org\/?page_id=3"},"modified":"2025-01-10T08:21:56","modified_gmt":"2025-01-10T08:21:56","slug":"privacy-policy","status":"publish","type":"page","link":"https:\/\/vccf.org\/es\/privacy-policy\/","title":{"rendered":"Pol\u00edtica de privacidad"},"content":{"rendered":"<h3>\n\t\tPol\u00edtica de privacidad\n\t<\/h3>\n\t<p><strong>Aprobado por el consejo de administraci\u00f3n el 7 de septiembre de 2010<\/strong><\/p>\n\t<p>La Ventura County Community Foundation se compromete a mantener la confidencialidad, integridad y seguridad de la informaci\u00f3n personal que nos conf\u00edan los donantes actuales, los donantes potenciales y los directivos y el personal de las agencias sin \u00e1nimo de lucro que se dirigen a nosotros para obtener financiaci\u00f3n y las personas a las que sirven. Esta Declaraci\u00f3n de privacidad se aplica al sitio web de la Ventura County Community Foundation y regula la recopilaci\u00f3n y el uso de los datos. Al utilizar el sitio web de Ventura County Community Foundation, usted acepta las pr\u00e1cticas utilizadas en relaci\u00f3n a los datos que se describen en esta declaraci\u00f3n.<\/p>\n\t<p><strong>Recogida de sus datos personales<\/strong><\/p>\n\t<p>La Ventura County Community Foundation recopila informaci\u00f3n de identificaci\u00f3n personal, como la direcci\u00f3n de correo electr\u00f3nico, el nombre, la direcci\u00f3n del trabajo o de casa o el n\u00famero de tel\u00e9fono. La Ventura County Community Foundation tambi\u00e9n recoge informaci\u00f3n demogr\u00e1fica an\u00f3nima, que no es \u00fanica para usted, como su c\u00f3digo postal, edad, sexo, preferencias, intereses y favoritos.<\/p>\n\t<p>Tambi\u00e9n existe informaci\u00f3n sobre el hardware y el software de su ordenador que la Ventura County Community Foundation recoge autom\u00e1ticamente. Esta informaci\u00f3n puede incluir: su direcci\u00f3n IP, tipo de navegador, nombres de dominio, tiempos de acceso y direcciones de sitios web de referencia. Esta informaci\u00f3n es utilizada por la Ventura County Community Foundation para el funcionamiento del servicio, para mantener la calidad del servicio prestado y para brindar estad\u00edsticas generales acerca del uso del sitio web de la Ventura County Community Foundation.<\/p>\n\t<p>Tenga en cuenta que si usted divulga directamente informaci\u00f3n de identificaci\u00f3n personal o datos privados a trav\u00e9s de las herramientas p\u00fablicas de comunicaci\u00f3n en l\u00ednea de la Ventura County Community Foundation, dicha informaci\u00f3n puede ser recogida y usada por otros. Nota: La Fundaci\u00f3n Comunitaria del Condado de Ventura no lee ninguna de sus comunicaciones en l\u00ednea privadas.<\/p>\n\t<p>La Ventura County Community Foundation le anima a revisar las declaraciones de privacidad de los sitios Web a los que decide conectarse desde la Ventura County Community Foundation de manera que usted pueda comprender c\u00f3mo estos sitios Web recogen, utilizan y comparten su informaci\u00f3n. Ventura County Community Foundation no es responsable de las declaraciones de privacidad ni de otros contenidos que se encuentren en sitios Web fuera de Ventura County Community Foundation.<\/p>\n\t<p><strong>Uso de sus datos personales<\/strong><\/p>\n\t<p>La Ventura County Community Foundation recaba y utiliza su informaci\u00f3n personal para operar el sitio web de la Ventura County Community Foundation y prestarle los servicios que haya solicitado. The Ventura County Community Foundation utiliza adem\u00e1s la informaci\u00f3n que le ata\u00f1e personalmente para informarle de otros productos o servicios disponibles en The Ventura County Community Foundation y sus afiliados. The Ventura County Community Foundation puede tambi\u00e9n ponerse en contacto con Usted mediante encuestas, para conocer su opini\u00f3n sobre los servicios prestados actualmente o potenciales servicios a ofrecer en el futuro.<\/p>\n\t<p>La Ventura County Community Foundation no vende, alquila o arrienda su lista de clientes a terceras partes. La Ventura County Community Foundation puede, de vez en cuando, contactar con usted por parte de socios de negocios externos para ofrecerle alguna oferta particular que pueda ser de su inter\u00e9s. En esos casos, su informaci\u00f3n personal identificable (correo electr\u00f3nico, nombre, direcci\u00f3n, n\u00famero de tel\u00e9fono) no se transfiere al tercero. Adem\u00e1s, The Ventura County Community Foundation puede compartir datos con socios de confianza para ayudarnos a realizar an\u00e1lisis estad\u00edsticos, enviarle correo electr\u00f3nico o postal, proporcionarle asistencia al cliente u organizar las entregas. Est\u00e1 prohibida a todos los terceros la utilizaci\u00f3n de su informaci\u00f3n personal con excepci\u00f3n de proporcionar estos servicios a The Ventura County Community Foundation, y se le pide mantenga discreci\u00f3n en lo que ata\u00f1e a la informaci\u00f3n.<\/p>\n\t<p>La Ventura County Community Foundation no utiliza ni divulga informaci\u00f3n personal delicada, como raza, religi\u00f3n o afiliaciones pol\u00edticas, sin su consentimiento expl\u00edcito.<\/p>\n\t<p>La Ventura County Community Foundation rastrea los sitios Web y las p\u00e1ginas que visitan nuestros clientes dentro de la Ventura County Community Foundation, con el fin de determinar qu\u00e9 servicios de la Ventura County Community Foundation son los m\u00e1s populares. Estos datos son utilizados para presentar contenidos y publicidades personalizadas en el sitio de Ventura County Community Foundation a clientes cuyo comportamiento indica que tienen un particular inter\u00e9s en un \u00e1rea determinada.<\/p>\n\t<p>Los sitios web de Ventura County Community Foundation divulgar\u00e1n su informaci\u00f3n personal, sin previo aviso, s\u00f3lo en caso de que sea requerido por ley o buena fe, que dicha acci\u00f3n es necesaria para: (a) ajustarse a los edictos de la ley o cumplir con un proceso legal realizado sobre Ventura County Community Foundation o el sitio; (b) proteger y defender los derechos o la propiedad de Ventura County Community Foundation; y, (c) actuar bajo circunstancias extremas para proteger la seguridad personal de los usuarios de Ventura County Community Foundation, o del p\u00fablico.<\/p>\n\t<p><strong>Uso de cookies<\/strong><\/p>\n\t<p>El sitio web de la Fundaci\u00f3n Comunitaria del Condado de Ventura utiliza \"cookies\" para ayudarle a personalizar su experiencia en l\u00ednea. Una cookie es un archivo de texto que un servidor de p\u00e1ginas web coloca en su disco duro. Las cookies no pueden utilizarse para ejecutar programas o introducir virus en su ordenador. Las cookies se le asignan a usted de forma exclusiva y s\u00f3lo pueden ser le\u00eddas por un servidor web del dominio que emiti\u00f3 la cookie para usted.<\/p>\n\t<p>Uno de los principales objetivos de las cookies es proporcionar una funci\u00f3n pr\u00e1ctica que le ahorre tiempo. El prop\u00f3sito de una cookie es indicar al servidor Web que usted ha regresado a una p\u00e1gina espec\u00edfica. Por ejemplo, si usted personaliza las p\u00e1ginas de la Fundaci\u00f3n Comunitaria del Condado de Ventura, o se registra en el sitio o en los servicios de la Fundaci\u00f3n Comunitaria del Condado de Ventura, la cookie grabada permite al servidor Web de la Fundaci\u00f3n Comunitaria del Condado de Ventura recuperar su informaci\u00f3n espec\u00edfica en las subsiguientes visitas. Esto simplifica el proceso de registro de su informaci\u00f3n personal, como direcciones de facturaci\u00f3n, direcciones de env\u00edo, etc. Cuando regresa al mismo sitio web Ventura County Community Foundation, la informaci\u00f3n que ya ha proporcionado puede ser recuperada, de esta manera puede utilizar simplemente las caracter\u00edsticas Ventura County Community Foundation que ha personalizado.<\/p>\n\t<p>Usted tiene la posibilidad de aceptar o rechazar las cookies. La mayor\u00eda de los navegadores web aceptan autom\u00e1ticamente las cookies, pero normalmente puede modificar la configuraci\u00f3n de su navegador para rechazarlas si lo prefiere. Si decide rechazar las cookies, es posible que no pueda aprovechar en su totalidad las caracter\u00edsticas interactivas de los servicios de Ventura County Community Foundation o de los sitios Web que visite.<\/p>\n\t<p><strong>Seguridad de sus datos personales<\/strong><\/p>\n\t<p>La Ventura County Community Foundation asegura su informaci\u00f3n personal frente al acceso, uso o divulgaci\u00f3n no autorizados. La Ventura County Community Foundation mantiene la informaci\u00f3n de identificaci\u00f3n personal que usted proporciona en servidores ubicados en un entorno controlado y seguro, protegidos del acceso, uso o divulgaci\u00f3n no autorizados. Cuando la informaci\u00f3n personal (como el n\u00famero de tarjeta de cr\u00e9dito) se transmite a otros sitios web, se protege mediante el uso de cifrado.<\/p>\n\t<p><strong>Cambios en esta declaraci\u00f3n<\/strong><\/p>\n\t<p>La Ventura County Community Foundation podr\u00e1 ocasionalmente actualizar esta Declaraci\u00f3n de Privacidad para reflejar las sugerencias tanto de la compa\u00f1\u00eda como de los clientes. La Ventura County Community Foundation le invita a revisar peri\u00f3dicamente esta Declaraci\u00f3n para estar informado de c\u00f3mo la Ventura County Community Foundation protege su informaci\u00f3n.<\/p>\n\t<p><strong>Informaci\u00f3n de contacto<\/strong><\/p>\n\t<p>The Ventura County Community Foundation agradece sus comentarios relativos a esta Declaraci\u00f3n de Privacidad. Si Usted cree que The Ventura County Community Foundation no se ha ce\u00f1ido a esta Declaraci\u00f3n, por favor, p\u00f3ngase en contacto con The Ventura County Community Foundation a trav\u00e9s de la siguiente direcci\u00f3n <a href=\"mailto:info@vccf.org\">info@vccf.org<\/a>. Haremos todos los esfuerzos comercialmente razonables para determinar y solucionar el problema lo antes posible.<\/p>","protected":false},"excerpt":{"rendered":"<p>Pol\u00edtica de privacidad Aprobada por el Consejo de Administraci\u00f3n el 7 de septiembre de 2010 La Ventura County Community Foundation se compromete a mantener la confidencialidad, integridad y seguridad de la informaci\u00f3n personal confiada a...<\/p>","protected":false},"author":3,"featured_media":0,"parent":0,"menu_order":0,"comment_status":"closed","ping_status":"closed","template":"","meta":{"_acf_changed":false,"give_campaign_id":0,"footnotes":""},"class_list":["post-3","page","type-page","status-publish","hentry"],"acf":[],"campaignId":"","_links":{"self":[{"href":"https:\/\/vccf.org\/es\/wp-json\/wp\/v2\/pages\/3","targetHints":{"allow":["GET"]}}],"collection":[{"href":"https:\/\/vccf.org\/es\/wp-json\/wp\/v2\/pages"}],"about":[{"href":"https:\/\/vccf.org\/es\/wp-json\/wp\/v2\/types\/page"}],"author":[{"embeddable":true,"href":"https:\/\/vccf.org\/es\/wp-json\/wp\/v2\/users\/3"}],"replies":[{"embeddable":true,"href":"https:\/\/vccf.org\/es\/wp-json\/wp\/v2\/comments?post=3"}],"version-history":[{"count":0,"href":"https:\/\/vccf.org\/es\/wp-json\/wp\/v2\/pages\/3\/revisions"}],"wp:attachment":[{"href":"https:\/\/vccf.org\/es\/wp-json\/wp\/v2\/media?parent=3"}],"curies":[{"name":"wp","href":"https:\/\/api.w.org\/{rel}","templated":true}]}}