{"id":521,"date":"2024-04-18T13:58:36","date_gmt":"2024-04-18T13:58:36","guid":{"rendered":"https:\/\/vccf.org\/?page_id=521"},"modified":"2026-01-20T09:54:24","modified_gmt":"2026-01-20T17:54:24","slug":"student-applicants","status":"publish","type":"page","link":"https:\/\/vccf.org\/es\/scholarships\/students\/student-applicants\/","title":{"rendered":"Student Applicants"},"content":{"rendered":"<h1>\n\t\t\t\u00a1Enhorabuena por cursar estudios superiores!\t<\/h1>\n\t<p>Gracias a la generosidad de los donantes locales, la VCCF puede colaborar con usted para ayudarle a alcanzar sus objetivos profesionales y educativos.<\/p>\n<h2>\n\t\t\tVCCF Scholarship Season Now Closed\t<\/h2>\n<figure itemscope itemtype=\"https:\/\/schema.org\/ImageObject\">\n\t\t\t\t<img decoding=\"async\" src=\"https:\/\/vccf.org\/wp-content\/uploads\/2024\/12\/ye6dugke.jpeg\" alt=\"ye6dugke\" height=\"1067\" width=\"1600\" title=\"ye6dugke\" onerror=\"this.style.display='none'\" loading=\"lazy\" \/>\n\t<\/figure>\n<h2>\n\t\t\tEl proceso de solicitud\t<\/h2>\n\t<p>Nuestro proceso de solicitud de becas es <strong>competitivo<\/strong>con m\u00e1s de 100 oportunidades de becas disponibles y <strong>varios miles<\/strong> <strong>solicitantes anualmente<\/strong>. Para poder optar a una beca, es fundamental cumplimentar la solicitud de forma minuciosa y completa. Aconsejamos a cada estudiante que <strong>lea la p\u00e1gina siguiente<\/strong> para comprender los requisitos de la aplicaci\u00f3n.<\/p>\n\t\t\t\tWatch the Overview Video\n\t\t\t\t<iframe src=\"https:\/\/player.vimeo.com\/video\/1127333725?badge=0&amp;autopause=0&amp;player_id=0&amp;app_id=58479\" frameborder=\"0\" allow=\"autoplay; fullscreen; picture-in-picture; clipboard-write; encrypted-media; web-share\" referrerpolicy=\"strict-origin-when-cross-origin\" title=\"VCCF Scholarship Presentation 2025.26\"><\/iframe>\t\t\t\n\t\t\t\tPrimeros pasos\n\t\t\t\t<p>Para completar con \u00e9xito el proceso de solicitud, revise toda la informaci\u00f3n de esta p\u00e1gina.<\/p>\n<ol>\n<li>Crear una cuenta en el portal VCCF Academic Works\u00a0<strong><a href=\"https:\/\/vccf.academicworks.com\/users\/sign_up\" target=\"_blank\" rel=\"noopener\">haciendo clic aqu\u00ed<\/a><\/strong>. Aseg\u00farese de utilizar su direcci\u00f3n de correo electr\u00f3nico personal y de consultarla con frecuencia. <strong>No utilice su direcci\u00f3n de correo electr\u00f3nico escolar<\/strong>. Identifique una contrase\u00f1a siguiendo estas pautas. Su contrase\u00f1a debe:\n<ul>\n<li>No contener su nombre de usuario ni palabras o frases comunes.<\/li>\n<li>Contener un m\u00ednimo de 12 caracteres.<\/li>\n<li>Incluya al menos 1 d\u00edgito, 1 letra may\u00fascula, 1 letra min\u00fascula y 1 de estos caracteres especiales: # ? \u00a1! @ $ % ^ &amp; * -<\/li>\n<\/ul>\n<\/li>\n<li>P\u00f3ngase en contacto con dos personas que est\u00e9n dispuestas a rellenar un cuestionario de recomendaci\u00f3n en su nombre. Una de las personas debe ser un profesor o consejero escolar. Se le pedir\u00e1 que indique los nombres y direcciones de correo electr\u00f3nico de sus referencias en el portal de solicitud. Si es posible, facil\u00edtales sus direcciones de correo electr\u00f3nico personales. Otro puede ser un entrenador, pastor, empleador o alguien que no sea un miembro de la familia. No se aceptar\u00e1n cartas de compa\u00f1eros.<\/li>\n<li>Una vez cumplimentada la solicitud general, <strong>click on &#8220;other opportunities&#8221;<\/strong> para asegurarse de que cumple los requisitos de cada una de las oportunidades a las que se presenta.<\/li>\n<li>Si necesita ayuda, p\u00f3ngase en contacto con nuestro departamento de becas en <a href=\"mailto:scholarships@vccf.org\" target=\"_blank\" rel=\"noopener\">scholarships@vccf.org<\/a><\/li>\n<\/ol>\n\t\t\t\tSolicita tu expediente acad\u00e9mico m\u00e1s reciente a tu asesor acad\u00e9mico\n\t\t\t\t<ul>\n<li>Debe presentar un expediente acad\u00e9mico\u00a0<strong>como archivo PDF<\/strong> para que su solicitud sea admitida. Aseg\u00farese de que el nombre del archivo es corto y sin caracteres especiales.<\/li>\n<li>Los perfiles de los estudiantes s\u00f3lo son aceptables si incluyen su nota media no ponderada.<\/li>\n<li><strong>Tu nota media no ponderada debe ser visible.<\/strong><\/li>\n<\/ul>\n\t\t\t\tPida al menos dos referencias\n\t\t\t\t<p>Tenga en cuenta que la mayor\u00eda de los recomendadores necesitar\u00e1n\u00a0<strong>al menos dos (2) semanas<\/strong>\u00a0para rellenar el cuestionario de recomendaci\u00f3n, pero nunca es demasiado pronto para pedirlo. Le animamos a que avise a sus recomendadores con la mayor antelaci\u00f3n posible cuando solicite una referencia.<\/p>\n<p>Este a\u00f1o, tus recomendadores rellenar\u00e1n un cuestionario en tu nombre.<\/p>\n<ul>\n<li>D\u00e9 a sus recomendadores tiempo suficiente para rellenar el cuestionario.<\/li>\n<li>La(s) otra(s) recomendaci\u00f3n(es) puede(n) provenir de un entrenador, pastor, empleador, mentor o cualquier persona que te conozca bien y no sea un amigo o familiar, pero al menos 1 recomendaci\u00f3n debe provenir de un profesor o consejero acad\u00e9mico.<\/li>\n<\/ul>\n\t\t\t\tFinancial Need\n\t\t\t\t<p>Some of our scholarships require proof of financial need. <a href=\"https:\/\/vccf.org\/wp-content\/uploads\/2025\/10\/2026-VCCF-Financial-Need-Resource.pdf\"><strong>Please view our Financial Need Guidelines here<\/strong><\/a>Al rellenar la solicitud, deber\u00e1 conocer su informaci\u00f3n financiera m\u00e1s reciente.<\/p>\n<ul>\n<li>Si usted es un\u00a0<strong>dependiente<\/strong> you will need your guardians&#8217;\/spouse&#8217;s<strong>\u00a0ingresos totales del ejercicio fiscal m\u00e1s reciente<\/strong>.<\/li>\n<li>Si usted es <strong>independiente<\/strong> necesitar\u00e1 el\u00a0<strong>ingresos totales del ejercicio fiscal m\u00e1s reciente.<\/strong><\/li>\n<li>Las directrices sobre la necesidad econ\u00f3mica estar\u00e1n disponibles en octubre de cada a\u00f1o natural.<\/li>\n<\/ul>\n\t\t\t\tRevisar las oportunidades de becas disponibles\n\t\t\t\t<p><strong>La Fundaci\u00f3n Comunitaria del Condado de Ventura ofrece m\u00e1s de 100 oportunidades de becas.<\/strong><\/p>\n<p>Hay nuevas becas disponibles y se han introducido algunos cambios. Todos los solicitantes, incluso aquellos a los que se les haya concedido una beca anteriormente, deben revisar las directrices, ya que los criterios pueden haber cambiado. Las directrices de las becas estar\u00e1n disponibles en octubre de cada a\u00f1o natural.<\/p>\n<p><strong><a href=\"https:\/\/vccf.org\/wp-content\/uploads\/2025\/10\/2026-Scholarship-Guidelines.pdf\" target=\"_blank\" rel=\"noopener\">Pulse aqu\u00ed<\/a><\/strong> para consultar nuestras directrices sobre becas.<\/p>\n<p>Cuando rellene y env\u00ede la solicitud de beca general, su solicitud ser\u00e1 tenida en cuenta para todas las oportunidades de beca de selecci\u00f3n autom\u00e1tica disponibles. Adem\u00e1s de las becas de selecci\u00f3n autom\u00e1tica, existen varias becas de solicitud. Puede consultar las oportunidades de solicitud una vez que haya enviado la solicitud general.<\/p>\n\t\t\t\tConsejos sobre becas\n\t\t\t\t<ul>\n<li><strong>CONSEJO #1 No espere hasta el \u00faltimo minuto<\/strong><br \/>\nRellenar la solicitud lleva tiempo, as\u00ed que piense bien sus respuestas.<\/li>\n<li><strong>CONSEJO #2 Aseg\u00farese de que sus recomendaciones se presentan en su nombre<\/strong><br \/>\nLa solicitud requiere dos recomendaciones para que su solicitud sea tenida en cuenta. Es su responsabilidad asegurarse de que sus recomendadores cumplimenten la recomendaci\u00f3n en su nombre antes de la fecha l\u00edmite.<\/li>\n<li><strong>SUGERENCIA #3 Cumplimente la solicitud en su totalidad.<\/strong><br \/>\nBe sure to complete the entire application. If a question does not apply, note that on the application (&#8220;n\/a&#8221; for not applicable). Don&#8217;t just leave a blank. Include all required documents.<\/li>\n<li><strong>SUGERENCIA #4 Siga las instrucciones.<br \/>\n<\/strong>Proporcione todo lo que se requiere, pero no proporcione cosas que no se piden - su solicitud ser\u00e1 descalificada.\u00a0<strong>Si se requiere una redacci\u00f3n o formulario especial, aseg\u00farese de incluirlo.<\/strong><\/li>\n<li><strong>CONSEJO #5 Aseg\u00farate de que tu redacci\u00f3n cause impresi\u00f3n.<\/strong><br \/>\nThe key to writing a strong essay is to be personal and specific. Include concrete details to make your experience come alive: the &#8216;who,&#8217; &#8216;what,&#8217; &#8216;where,&#8217; and &#8216;when&#8217; of your topic. The simplest experience can be monumental if you present honestly how you were affected. There is a specific prompt or topic for each scholarship. Be sure that you respond to that prompt. Be sure to check your spelling. Think of your essay as a narrative picture of you for our selection committee.<\/li>\n<li><strong>TIP #6 Give it a final &#8216;once-over.&#8217;<br \/>\n<\/strong>Revise detenidamente toda la solicitud. Busca palabras mal escritas o errores gramaticales. Pide a un amigo, profesor o padre que revise tus redacciones.<\/li>\n<li><strong>CONSEJO #7 Pide ayuda si la necesitas.<br \/>\n<\/strong>Si tiene alg\u00fan problema con la solicitud, p\u00f3ngase en contacto con el equipo de becas de la VCCF en <a href=\"mailto:scholarships@vccf.org\" rel=\"noopener\" target=\"_blank\">scholarships@vccf.org<\/a>. Si tiene preguntas espec\u00edficas sobre la solicitud, p\u00f3ngase en contacto con la Ventura County Community Foundation.<\/li>\n<li><strong>CONSEJO #8 Recuerda: \u00a1tu solicitud de beca te representa!<\/strong><br \/>\nTu capacidad para presentar una solicitud ordenada, puntual y completa se refleja en ti. Es tu cara ante esta organizaci\u00f3n. Si\u00e9ntete orgulloso de ti mismo presentando la mejor solicitud posible.<\/li>\n<li><strong>TIP #9 Solic\u00edtelo s\u00f3lo si cumple los requisitos.<br \/>\n<\/strong>Para solicitar las becas disponibles, aseg\u00farese de que cumple los requisitos antes de presentar su solicitud. Su solicitud no se tendr\u00e1 en cuenta si no re\u00fane los requisitos para solicitarla.<\/li>\n<\/ul>\n\t\t\t\tDocumentos importantes\n\t\t\t\t<p><strong><a href=\"https:\/\/vccf.org\/wp-content\/uploads\/2025\/10\/2026-VCCF-Financial-Need-Resource.pdf\" target=\"_blank\" rel=\"noopener\">2025-2026 Financial Need Document<\/a><\/strong><\/p>\n<p><strong><a href=\"https:\/\/vccf.org\/wp-content\/uploads\/2024\/11\/guidelines-24.25-final.pdf\" target=\"_blank\" rel=\"noopener\">Directrices 2024-2025<\/a><\/strong><\/p>\n\t\t\t\tTimeline &#038; Important Dates\n\t\t\t\t<p><strong>October 29, 2025: <\/strong><em>Application Opens<\/em><\/p>\n<p><strong>January 16, 2026: <\/strong><em>Application Closes<\/em><\/p>\n<p><strong>January 23, 2026: <\/strong><em>Final Reference Deadline<\/em><\/p>\n<p><strong>February through April 2026: <\/strong><em>Las solicitudes se revisan<\/em><\/p>\n<p><strong>April 28, 2026: <\/strong><em>Applicants Informed<\/em><\/p>\n<h2>\n\t\t\tNow you are ready to apply\t<\/h2>\n\t<p>You&#8217;ve reviewed the eligibility guidelines, you&#8217;ve requested your most recent transcripts, gathered your financial documents, and have contacted your potential references &#8211; great! Now it&#8217;s time to work on your application.<\/p>\n\t\t\t<a href=\"https:\/\/vccf.academicworks.com\/\" target=\"_blank\" rel=\"noopener\">\n\t\t\t\t\t\t\tSolicitar\n\t\t\t\t\t<\/a>\n    <button id=\"board-prev\" type=\"button\"><\/button>\n    1\n     \/ 4\n    <button id=\"board-next\" type=\"button\"><\/button>","protected":false},"excerpt":{"rendered":"<p>Congratulations on Pursuing Higher Education! Through the generosity of local donors, VCCF is able to partner with you to help you reach your career and educational goals. VCCF Scholarship Season&hellip;<\/p>","protected":false},"author":4,"featured_media":0,"parent":269,"menu_order":0,"comment_status":"closed","ping_status":"closed","template":"","meta":{"_acf_changed":false,"give_campaign_id":0,"footnotes":""},"class_list":["post-521","page","type-page","status-publish","hentry"],"acf":[],"campaignId":"","_links":{"self":[{"href":"https:\/\/vccf.org\/es\/wp-json\/wp\/v2\/pages\/521","targetHints":{"allow":["GET"]}}],"collection":[{"href":"https:\/\/vccf.org\/es\/wp-json\/wp\/v2\/pages"}],"about":[{"href":"https:\/\/vccf.org\/es\/wp-json\/wp\/v2\/types\/page"}],"author":[{"embeddable":true,"href":"https:\/\/vccf.org\/es\/wp-json\/wp\/v2\/users\/4"}],"replies":[{"embeddable":true,"href":"https:\/\/vccf.org\/es\/wp-json\/wp\/v2\/comments?post=521"}],"version-history":[{"count":0,"href":"https:\/\/vccf.org\/es\/wp-json\/wp\/v2\/pages\/521\/revisions"}],"up":[{"embeddable":true,"href":"https:\/\/vccf.org\/es\/wp-json\/wp\/v2\/pages\/269"}],"wp:attachment":[{"href":"https:\/\/vccf.org\/es\/wp-json\/wp\/v2\/media?parent=521"}],"curies":[{"name":"wp","href":"https:\/\/api.w.org\/{rel}","templated":true}]}}