{"id":553,"date":"2024-04-19T10:40:40","date_gmt":"2024-04-19T10:40:40","guid":{"rendered":"https:\/\/vccf.org\/?page_id=553"},"modified":"2026-04-14T12:34:43","modified_gmt":"2026-04-14T19:34:43","slug":"recommenders","status":"publish","type":"page","link":"https:\/\/vccf.org\/es\/scholarships\/recommenders\/","title":{"rendered":"Recomendadores"},"content":{"rendered":"<h1>\n\t\t\tReferencias de becas de la VCCF\t<\/h1>\n\t<p>Gracias por apoyar a nuestros estudiantes del condado de Ventura.<\/p>\n\t<p>Cada a\u00f1o, miles de estudiantes solicitan becas de la VCCF. Las cartas de referencia son una parte vital del proceso de solicitud de becas de la VCCF. Proporcionan a los miembros del comit\u00e9 de selecci\u00f3n una visi\u00f3n hol\u00edstica del estudiante durante el proceso de evaluaci\u00f3n. Las cartas de referencia revelan mucho sobre el solicitante y permiten a los miembros del comit\u00e9 de selecci\u00f3n comprender mejor sus objetivos, aspiraciones, \u00e9tica de trabajo y car\u00e1cter.<\/p>\n<figure itemscope itemtype=\"https:\/\/schema.org\/ImageObject\">\n\t\t\t\t<img decoding=\"async\" src=\"https:\/\/vccf.org\/wp-content\/uploads\/2024\/07\/image-82.png\" alt=\"image (82)\" height=\"851\" width=\"836\" title=\"imagen (82)\" onerror=\"this.style.display='none'\" loading=\"lazy\" \/>\n\t<\/figure>\n\t<p>\"Soy recomendadora porque las notas y las actividades s\u00f3lo cuentan una parte de la historia. Mi esperanza es que una carta de recomendaci\u00f3n bien escrita cuente a un donante la historia de valent\u00eda y perseverancia del estudiante.\"<\/p>\n\t<p>Sarah Page, profesora y referente de AVID en el instituto<\/p>\n<h2>\n\t\t\tPrimeros pasos\t<\/h2>\n\t<p>Antes de empezar a redactar su carta, t\u00f3mese un momento para revisar la siguiente informaci\u00f3n importante.<\/p>\n\t\t\t\tQu\u00e9 esperar como referencia\n\t\t\t\t<p>Los estudiantes le preguntar\u00e1n si est\u00e1 dispuesto a rellenar un cuestionario en su nombre. Si no puede rellenar el cuestionario, notif\u00edquelo para que puedan encontrar otra referencia.\u00a0<strong>Deber\u00e1n presentarse dos cuestionarios en nombre del estudiante; de lo contrario, quedar\u00e1 autom\u00e1ticamente descalificado.<\/strong>\u00a0El cuestionario ser\u00e1 confidencial y el estudiante no tendr\u00e1 acceso a sus respuestas.<\/p>\n<p>Los estudiantes introducir\u00e1n su direcci\u00f3n de correo electr\u00f3nico en la aplicaci\u00f3n, recibir\u00e1n un correo electr\u00f3nico de Academic Works con un enlace directo al cuestionario. Es posible que se le pida que cree un nombre de usuario y una contrase\u00f1a.<\/p>\n<p>Si tiene alg\u00fan problema t\u00e9cnico, env\u00ede un correo electr\u00f3nico a <a href=\"mailto:scholarships@vccf.org\">scholarships@vccf.org<\/a><\/p>\n\t\t\t\t\u00bfQu\u00e9 informaci\u00f3n debe incluirse en el cuestionario?\n\t\t\t\t<p>En el cuestionario le preguntaremos lo siguiente:<\/p>\n<ul>\n<li>Su relaci\u00f3n con el estudiante<\/li>\n<li>Cu\u00e1nto tiempo hace que conoce al estudiante<\/li>\n<li>Los puntos fuertes de este estudiante<\/li>\n<li>La \u00e9tica de trabajo del alumno<\/li>\n<\/ul>\n<p><strong>Si conoce al alumno en el \u00e1mbito acad\u00e9mico, aborde tambi\u00e9n su participaci\u00f3n en clase, as\u00ed como sus habilidades para colaborar y escuchar a los dem\u00e1s.<\/strong><\/p>\n\t\t\t\tEn caso de que no pueda presentar un cuestionario en nombre del estudiante\n\t\t\t\t<p>Lamentablemente, los solicitantes que no tengan dos referencias son\u00a0<strong>descalificado autom\u00e1ticamente<\/strong>\u00a0del proceso de solicitud de becas de la VCCF.<\/p>\n<p>Si no puede rellenar el cuestionario, notif\u00edquelo inmediatamente para que el alumno pueda preguntar a otra persona.<\/p>\n    <button id=\"board-prev\" type=\"button\"><\/button>\n    1\n     \/ 4\n    <button id=\"board-next\" type=\"button\"><\/button>","protected":false},"excerpt":{"rendered":"<p>Referencias de becas de la VCCF \u00a1Gracias por apoyar a nuestros estudiantes del condado de Ventura! Cada a\u00f1o, miles de estudiantes solicitan becas de la VCCF. Las cartas de referencia son una parte vital de la VCCF....<\/p>","protected":false},"author":4,"featured_media":0,"parent":22926,"menu_order":0,"comment_status":"closed","ping_status":"closed","template":"","meta":{"_acf_changed":false,"give_campaign_id":0,"footnotes":""},"class_list":["post-553","page","type-page","status-publish","hentry"],"acf":[],"campaignId":"","_links":{"self":[{"href":"https:\/\/vccf.org\/es\/wp-json\/wp\/v2\/pages\/553","targetHints":{"allow":["GET"]}}],"collection":[{"href":"https:\/\/vccf.org\/es\/wp-json\/wp\/v2\/pages"}],"about":[{"href":"https:\/\/vccf.org\/es\/wp-json\/wp\/v2\/types\/page"}],"author":[{"embeddable":true,"href":"https:\/\/vccf.org\/es\/wp-json\/wp\/v2\/users\/4"}],"replies":[{"embeddable":true,"href":"https:\/\/vccf.org\/es\/wp-json\/wp\/v2\/comments?post=553"}],"version-history":[{"count":0,"href":"https:\/\/vccf.org\/es\/wp-json\/wp\/v2\/pages\/553\/revisions"}],"up":[{"embeddable":true,"href":"https:\/\/vccf.org\/es\/wp-json\/wp\/v2\/pages\/22926"}],"wp:attachment":[{"href":"https:\/\/vccf.org\/es\/wp-json\/wp\/v2\/media?parent=553"}],"curies":[{"name":"wp","href":"https:\/\/api.w.org\/{rel}","templated":true}]}}