{"id":566,"date":"2024-04-19T13:04:37","date_gmt":"2024-04-19T13:04:37","guid":{"rendered":"https:\/\/vccf.org\/?page_id=566"},"modified":"2026-04-14T06:53:53","modified_gmt":"2026-04-14T13:53:53","slug":"readers","status":"publish","type":"page","link":"https:\/\/vccf.org\/es\/scholarships\/readers\/","title":{"rendered":"Lectores"},"content":{"rendered":"<h1>\n\t\tLectores de becas\n\t<\/h1>\n\t<p>Los lectores de becas de la VCCF est\u00e1n formados por voluntarios de la comunidad y donantes de becas comprometidos con la mejora de las oportunidades educativas de los estudiantes del condado de Ventura. Cada a\u00f1o, los lectores invierten su tiempo en revisar, leer y calificar las solicitudes de becas. Su experiencia y tiempo son muy valorados y no podr\u00edamos hacer este trabajo sin ellos.<\/p>\n<p>Si est\u00e1 interesado en ser lector de becas de la VCCF, env\u00ede un correo electr\u00f3nico a nuestra Directora de Becas, Kirsti Thompson, a la siguiente direcci\u00f3n <a href=\"mailto:kthompson@vccf.org\" target=\"_blank\" rel=\"noopener\">kthompson@vccf.org<\/a>.<\/p>\n\t\t\t<a href=\"https:\/\/vccf.org\/es\/vccf-scholarship-reader-interest-form\/\" target=\"_self\" rel=\"noopener\">\n\t\t\t\t\t\t\tEnviar el formulario de inter\u00e9s del lector\n\t\t\t\t\t<\/a>\n\t\t\t\t<img loading=\"lazy\" decoding=\"async\" src=\"https:\/\/vccf.org\/wp-content\/uploads\/2024\/11\/Recommender-Image.png\" alt=\"Recommender Image\" itemprop=\"image\" height=\"400\" width=\"600\" title=\"Imagen de recomendaci\u00f3n\" onerror=\"this.style.display='none'\"  \/>\n<h2>\n\t\t\u00a1El programa de becas de la VCCF necesita lectores becados!\n\t<\/h2>\n\t<p>\u00danase a nosotros para apoyar a los estudiantes del condado de Ventura revisando las solicitudes de becas. Es una experiencia gratificante que muestra el talento y el potencial de los estudiantes locales.<\/p>\n\t\t\t<a href=\"https:\/\/vccf.org\/es\/vccf-scholarship-reader-interest-form\/\" target=\"_self\" rel=\"noopener\">\n\t\t\t\t\t\t\tEnviar el formulario de inter\u00e9s del lector\n\t\t\t\t\t<\/a>\n<h2>\n\t\tDescripci\u00f3n del puesto de lector de becas\n\t<\/h2>\n\t\t\t\tFinalidad de las becas VCCF lectores\n\t\t\t\t<p>El objetivo de los lectores de becas de la VCCF es leer, revisar y puntuar minuciosamente las solicitudes de becas espec\u00edficas.<\/p>\n<p>Cada a\u00f1o se ofrece formaci\u00f3n a los lectores, y el equipo de Becas ofrece apoyo continuo durante todo el proceso. Todas las tareas de voluntariado, incluida la formaci\u00f3n a demanda, pueden realizarse virtualmente desde la comodidad de su hogar.<\/p>\n<p>La revisi\u00f3n se realiza en l\u00ednea, por lo que se puede completar desde cualquier lugar.<\/p>\n\t\t\t\tRequisitos y funciones espec\u00edficas\n\t\t\t\t<p><strong>Requisitos<\/strong><\/p>\n<ul>\n<li>Aceptar dedicar entre 15 y 20 horas a la formaci\u00f3n, revisi\u00f3n, evaluaci\u00f3n y puntuaci\u00f3n de todas las solicitudes de becas competitivas durante la primavera.<\/li>\n<li>Mayor de 18 a\u00f1os<\/li>\n<li>Debe valorar y apoyar la ense\u00f1anza superior<\/li>\n<li>Debe disponer de un ordenador con acceso a Internet<\/li>\n<li>V\u00eddeo de formaci\u00f3n a la carta<\/li>\n<\/ul>\n<p><strong>Funciones espec\u00edficas<\/strong><\/p>\n<ul>\n<li>Leer, revisar y puntuar minuciosamente las solicitudes que se le asignen antes de la fecha l\u00edmite.<\/li>\n<li>Siga la r\u00fabrica de puntuaci\u00f3n de becas de la VCCF<\/li>\n<\/ul>\n\t\t\t\tCondiciones adicionales\n\t\t\t\t<p>El servicio como lector de becas es voluntario. Se anima a las personas interesadas en retribuir y ayudar a los estudiantes a alcanzar su pleno potencial a que consideren la posibilidad de participar en este importante esfuerzo. Todos los voluntarios deben revisar y firmar el formulario de Pol\u00edtica de Confidencialidad y Conflicto de Intereses de la VCCF antes de participar en el proceso de lectura y puntuaci\u00f3n.<\/p>\n<p>Los voluntarios deben reconocer que, como parte de su participaci\u00f3n en el programa de becas de la VCCF, tendr\u00e1n acceso a informaci\u00f3n de car\u00e1cter personal, confidencial y\/o sujeta a derechos de propiedad, por ejemplo: informaci\u00f3n personal como nombres, direcciones de correo electr\u00f3nico, informaci\u00f3n acad\u00e9mica y laboral. Los voluntarios deben comprometerse a mantener toda la informaci\u00f3n confidencial en estricta confidencialidad y aceptar que s\u00f3lo se utilizar\u00e1 para los fines necesarios para revisar y puntuar las solicitudes de becas, y no se utilizar\u00e1 para ning\u00fan otro prop\u00f3sito, ni se revelar\u00e1 a terceros.<\/p>\n\t\t\t\t\u00bfPreguntas?\n\t\t\t\t<p>Para obtener m\u00e1s informaci\u00f3n sobre el voluntariado como lector de becas de la VCCF, env\u00ede un correo electr\u00f3nico a la Directora de Becas, Kirsti Thompson, a la direcci\u00f3n\u00a0<a href=\"mailto:kthompson@vccf.org\" target=\"_blank\" rel=\"noopener\">kthompson@vccf.org<\/a>.<\/p>\n\t\t\t<a href=\"https:\/\/vccf.org\/es\/vccf-scholarship-reader-interest-form\/\" target=\"_self\" rel=\"noopener\">\n\t\t\t\t\t\t\tEnviar el formulario de inter\u00e9s del lector\n\t\t\t\t\t<\/a>","protected":false},"excerpt":{"rendered":"<p>Lectores de becas Los lectores de becas de la VCCF est\u00e1n formados por voluntarios de la comunidad y donantes de becas comprometidos con la mejora de las oportunidades educativas de los estudiantes del condado de Ventura. Cada a\u00f1o, los lectores...<\/p>","protected":false},"author":4,"featured_media":0,"parent":22926,"menu_order":0,"comment_status":"closed","ping_status":"closed","template":"","meta":{"_acf_changed":false,"give_campaign_id":0,"footnotes":""},"class_list":["post-566","page","type-page","status-publish","hentry"],"acf":[],"campaignId":"","_links":{"self":[{"href":"https:\/\/vccf.org\/es\/wp-json\/wp\/v2\/pages\/566","targetHints":{"allow":["GET"]}}],"collection":[{"href":"https:\/\/vccf.org\/es\/wp-json\/wp\/v2\/pages"}],"about":[{"href":"https:\/\/vccf.org\/es\/wp-json\/wp\/v2\/types\/page"}],"author":[{"embeddable":true,"href":"https:\/\/vccf.org\/es\/wp-json\/wp\/v2\/users\/4"}],"replies":[{"embeddable":true,"href":"https:\/\/vccf.org\/es\/wp-json\/wp\/v2\/comments?post=566"}],"version-history":[{"count":0,"href":"https:\/\/vccf.org\/es\/wp-json\/wp\/v2\/pages\/566\/revisions"}],"up":[{"embeddable":true,"href":"https:\/\/vccf.org\/es\/wp-json\/wp\/v2\/pages\/22926"}],"wp:attachment":[{"href":"https:\/\/vccf.org\/es\/wp-json\/wp\/v2\/media?parent=566"}],"curies":[{"name":"wp","href":"https:\/\/api.w.org\/{rel}","templated":true}]}}