{"id":744,"date":"2024-04-26T08:11:49","date_gmt":"2024-04-26T08:11:49","guid":{"rendered":"https:\/\/vccf.org\/?page_id=744"},"modified":"2026-05-01T11:19:25","modified_gmt":"2026-05-01T18:19:25","slug":"coffee-and-connections","status":"publish","type":"page","link":"https:\/\/vccf.org\/es\/events\/coffee-and-connections\/","title":{"rendered":"Caf\u00e9 y conexiones"},"content":{"rendered":"<h1>\n\t\t\tCaf\u00e9 y conexiones\t<\/h1>\n\t<p><strong>Abrazar la comunidad, taza a taza<\/strong><\/p>\n<p>En la Ventura County Community Foundation, creemos en el poder de la conexi\u00f3n. Nosotros y nuestros socios en el Centro de Liderazgo Sin Fines de Lucro de la Universidad Luterana de California le invitamos a unirse a nosotros. Estas oportunidades de establecer contactos y compartir son m\u00e1s que una serie de eventos; es un movimiento hacia un condado de Ventura m\u00e1s conectado, solidario y pr\u00f3spero.<\/p>\n\t\t\t<a href=\"https:\/\/vccf.org\/es\/events\/coffee-and-connections\/coffee-connections-sign-up\/\"  target=\"_self\">\n\t\t\t\t\t\t\t\u00danase a la lista de correo\n\t\t\t\t\t<\/a>\n<figure itemscope itemtype=\"https:\/\/schema.org\/ImageObject\">\n\t\t\t\t<img decoding=\"async\" src=\"https:\/\/vccf.org\/wp-content\/uploads\/2024\/04\/image-38.png\" alt=\"image (38)\" height=\"851\" width=\"836\" title=\"imagen (38)\" onerror=\"this.style.display='none'\" loading=\"lazy\" \/>\n\t<\/figure>\n<h2>\n\t\t\tAcerca de Coffee &amp; Connections\t<\/h2>\n\t<p>Coffee &amp; Connections est\u00e1 dise\u00f1ado para fomentar las relaciones comunitarias y mutuamente beneficiosas entre la comunidad local y los profesionales de las organizaciones sin \u00e1nimo de lucro. Nuestras reuniones bimensuales, virtuales y presenciales, se sumergen en conversaciones facilitadas con organizaciones y entidades sin \u00e1nimo de lucro locales, debaten retos y \u00e9xitos con sus hom\u00f3logos y profundizan en nuestra comprensi\u00f3n de las necesidades de nuestra comunidad.<\/p>\n<p>Todos los profesionales sin \u00e1nimo de lucro son bienvenidos. Ay\u00fadenos a correr la voz invitando a sus pares sin fines de lucro a unirse a Coffee &amp; Connections. \u00a1Juntos, podemos tejer un tejido m\u00e1s fuerte de apoyo y colaboraci\u00f3n en todo el condado de Ventura!<\/p>\n<h2>\n\t\t\t\u00bfPor qu\u00e9 unirse a Coffee &amp; Connections?\t<\/h2>\n\t<p>Cultivar las relaciones<\/p>\n\t<p>Establezca contactos duraderos con otros profesionales de organizaciones sin \u00e1nimo de lucro y de la comunidad que comparten su pasi\u00f3n por marcar la diferencia.<\/p>\n\t<p>Aprender y crecer<\/p>\n\t<p>Participe en debates significativos centrados en soluciones del mundo real, experiencias compartidas y aprendizaje colaborativo.<\/p>\n\t<p>Reforzar la Comunidad<\/p>\n\t<p>Juntos, podemos crear un condado de Ventura m\u00e1s fuerte y resistente, unidos por nuestro compromiso con el servicio y la compasi\u00f3n.<\/p>\n<figure itemscope itemtype=\"https:\/\/schema.org\/ImageObject\">\n\t\t\t\t<img decoding=\"async\" src=\"https:\/\/vccf.org\/wp-content\/uploads\/2025\/05\/Coffee-Connections.png\" alt=\"Vanessa Bechtel speaking to a crowd at Coffee and Connections\" height=\"563\" width=\"463\" title=\"Caf\u00e9 y conexiones\" onerror=\"this.style.display='none'\" loading=\"lazy\" \/>\n\t<\/figure>\n<h2  id=\"upcoming\">\n\t\t\tPr\u00f3ximos caf\u00e9s y conexiones\t<\/h2>\n\t<p><strong>Dar a EE.UU. 2025: Caf\u00e9 y Conexiones a la hora del almuerzo<\/strong><\/p>\n<p>!\" Giving USA publicar\u00e1 la edici\u00f3n 2025 de su Informe Anual sobre la Filantrop\u00eda en Estados Unidos. Este valioso recurso examina las fuentes y usos de las donaciones ben\u00e9ficas en Estados Unidos para el a\u00f1o 2024 y proporciona datos clave para ayudar a las organizaciones sin \u00e1nimo de lucro a formular estrategias, enfoques y actividades eficaces de captaci\u00f3n de fondos.<\/p>\n<p>Join us for this Coffee &amp; Connections Lunchtime Edition on <strong>Thursday, July 9 from 12 to 1:30 p.m.<\/strong> with Cassie Carter, Vice President, Fundraising at Campbell &amp; Company. During this virtual session, Cassie will make meaning of the 2026 Giving USA report and share her insights on emerging philanthropic trends and their implications for your organization and the community.<\/p>\n\t\t\t<a href=\"https:\/\/californialutheran.app.neoncrm.com\/eventReg.jsp?event=2393&#038;\" target=\"_self\" rel=\"noopener\">\n\t\t\t\t\t\t\tReg\u00edstrese ahora\n\t\t\t\t\t<\/a>\n<h2>\n\t\t\tNuestras reuniones\t<\/h2>","protected":false},"excerpt":{"rendered":"<p>Caf\u00e9 y Conexiones Abrazando la Comunidad, Una Taza a la Vez En la Fundaci\u00f3n Comunitaria del Condado de Ventura, creemos en el poder de la conexi\u00f3n. Nosotros y nuestros socios de la California...<\/p>","protected":false},"author":4,"featured_media":0,"parent":21008,"menu_order":0,"comment_status":"closed","ping_status":"closed","template":"","meta":{"_acf_changed":false,"give_campaign_id":0,"footnotes":""},"class_list":["post-744","page","type-page","status-publish","hentry"],"acf":[],"campaignId":"","_links":{"self":[{"href":"https:\/\/vccf.org\/es\/wp-json\/wp\/v2\/pages\/744","targetHints":{"allow":["GET"]}}],"collection":[{"href":"https:\/\/vccf.org\/es\/wp-json\/wp\/v2\/pages"}],"about":[{"href":"https:\/\/vccf.org\/es\/wp-json\/wp\/v2\/types\/page"}],"author":[{"embeddable":true,"href":"https:\/\/vccf.org\/es\/wp-json\/wp\/v2\/users\/4"}],"replies":[{"embeddable":true,"href":"https:\/\/vccf.org\/es\/wp-json\/wp\/v2\/comments?post=744"}],"version-history":[{"count":0,"href":"https:\/\/vccf.org\/es\/wp-json\/wp\/v2\/pages\/744\/revisions"}],"up":[{"embeddable":true,"href":"https:\/\/vccf.org\/es\/wp-json\/wp\/v2\/pages\/21008"}],"wp:attachment":[{"href":"https:\/\/vccf.org\/es\/wp-json\/wp\/v2\/media?parent=744"}],"curies":[{"name":"wp","href":"https:\/\/api.w.org\/{rel}","templated":true}]}}