{"id":20928,"date":"2024-06-18T14:14:47","date_gmt":"2024-06-18T14:14:47","guid":{"rendered":"https:\/\/vccf.org\/?page_id=20928"},"modified":"2025-10-21T09:47:12","modified_gmt":"2025-10-21T16:47:12","slug":"about","status":"publish","type":"page","link":"https:\/\/vccf.org\/fr\/about\/","title":{"rendered":"A propos de"},"content":{"rendered":"<h1>\n\t\t\tCr\u00e9er un impact durable\t<\/h1>\n<h1>\n\t\t\t\u00e0 l'endroit que vous appelez chez vous\t<\/h1>\n\t<p>Il est facile d'avoir un impact significatif sur votre communaut\u00e9 en b\u00e9n\u00e9ficiant de conseils et d'un soutien appropri\u00e9s. Fini le sentiment d'\u00eatre d\u00e9bord\u00e9, de ne pas savoir quelles causes soutenir ou de ne pas savoir comment s'assurer que votre don est utilis\u00e9 de mani\u00e8re efficace. La VCCF offre une exp\u00e9rience de don transparente, inform\u00e9e, facile et efficace :<\/p>\n<h4>\n\t\t\tUn impact prouv\u00e9\t<\/h4>\n\t<p>Depuis 1987, la VCCF a accord\u00e9 environ $250 millions de dollars pour soutenir notre communaut\u00e9.<\/p>\n<h4>\n\t\t\tLa plus grande port\u00e9e\t<\/h4>\n\t<p>We&#8217;ve supported 10,000+ unique nonprofit organizations and local businesses.<\/p>\n<h4>\n\t\t\tSoutien des donateurs par les pairs\t<\/h4>\n\t<p>Plus de 22 000 donateurs contribuent \u00e0 notre mission, ce qui t\u00e9moigne du large soutien et de la confiance de notre communaut\u00e9.<\/p>\n<strong><a href=\"https:\/\/vccf.org\/fr\/contact-us\/\">Nous contacter<\/a> ou <a href=\"https:\/\/vccf.org\/fr\/donors\/\">S'impliquer<\/a> et constatez que vos contributions ont un impact imm\u00e9diat et durable que vous pouvez ressentir.<\/strong>\n\t<p>\"Je ne pense pas pouvoir changer le monde, mais je peux contribuer \u00e0 rendre le comt\u00e9 de Ventura encore meilleur.<\/p>\n\t<p><strong>Leah Lacayo, donatrice<\/strong><\/p>\n<a  href=\"https:\/\/vccf.org\/fr\/about\/our-history\/\" target=\"_self\">\n\t<\/a>\n<h3>\n\t\t\tNotre histoire\t<\/h3>\n<a  href=\"https:\/\/vccf.org\/fr\/about\/board-of-directors\/\" target=\"_self\">\n\t<\/a>\n<h3>\n\t\t\tMembres du conseil d'administration\t<\/h3>\n<a  href=\"https:\/\/vccf.org\/fr\/about\/staff\/\" target=\"_self\">\n\t<\/a>\n<h3>\n\t\t\tMembres du personnel\t<\/h3>\n<a  href=\"https:\/\/vccf.org\/fr\/about\/financials\/\" target=\"_self\">\n\t<\/a>\n<h3>\n\t\t\tFinances\t<\/h3>\n<a  href=\"https:\/\/vccf.org\/fr\/about\/donor-stories\/\" target=\"_self\">\n\t<\/a>\n<h3>\n\t\t\tT\u00e9moignages de donateurs\t<\/h3>\n<a  href=\"https:\/\/vccf.org\/fr\/about\/faq\/\" target=\"_self\">\n\t<\/a>\n<h3>\n\t\t\tFAQ\t<\/h3>\n<h2>\n\t\t\tAdh\u00e9rer \u00e0 la VCCF\t<\/h2>\n\t<p>Et faites partie d'une communaut\u00e9 compatissante et inspir\u00e9e de donateurs et d'acteurs. Ensemble, nous construisons un avenir plus brillant et plus fort pour le comt\u00e9 de Ventura.<\/p>\n\t\t\t<a href=\"https:\/\/vccf.org\/fr\/get-involved\/\" target=\"_self\">\n\t\t\t\t\t\t\tS'impliquer\n\t\t\t\t\t<\/a>\n\t\t\t<a href=\"https:\/\/vccf.org\/fr\/contact-us\/\" target=\"_self\">\n\t\t\t\t\t\t\tNous envoyer un courriel\n\t\t\t\t\t<\/a>\n\t\t\t\t<img decoding=\"async\" src=\"https:\/\/vccf.org\/wp-content\/uploads\/2024\/06\/Group-1080-2.png\" alt=\"Group 1080 (2)\" itemprop=\"image\" height=\"563\" width=\"463\" title=\"Groupe 1080 (2)\" onerror=\"this.style.display='none'\" loading=\"lazy\" \/>","protected":false},"excerpt":{"rendered":"<p>Cr\u00e9ez un impact durable sur l'endroit o\u00f9 vous vivez Il est facile d'avoir un impact significatif sur votre communaut\u00e9 si vous b\u00e9n\u00e9ficiez de conseils et d'un soutien appropri\u00e9s. Fini le sentiment d'\u00eatre d\u00e9bord\u00e9, incertain...<\/p>","protected":false},"author":4,"featured_media":0,"parent":0,"menu_order":0,"comment_status":"closed","ping_status":"closed","template":"","meta":{"_acf_changed":false,"give_campaign_id":0,"footnotes":""},"class_list":["post-20928","page","type-page","status-publish","hentry"],"acf":[],"campaignId":"","_links":{"self":[{"href":"https:\/\/vccf.org\/fr\/wp-json\/wp\/v2\/pages\/20928","targetHints":{"allow":["GET"]}}],"collection":[{"href":"https:\/\/vccf.org\/fr\/wp-json\/wp\/v2\/pages"}],"about":[{"href":"https:\/\/vccf.org\/fr\/wp-json\/wp\/v2\/types\/page"}],"author":[{"embeddable":true,"href":"https:\/\/vccf.org\/fr\/wp-json\/wp\/v2\/users\/4"}],"replies":[{"embeddable":true,"href":"https:\/\/vccf.org\/fr\/wp-json\/wp\/v2\/comments?post=20928"}],"version-history":[{"count":0,"href":"https:\/\/vccf.org\/fr\/wp-json\/wp\/v2\/pages\/20928\/revisions"}],"wp:attachment":[{"href":"https:\/\/vccf.org\/fr\/wp-json\/wp\/v2\/media?parent=20928"}],"curies":[{"name":"wp","href":"https:\/\/api.w.org\/{rel}","templated":true}]}}