{"id":20939,"date":"2024-06-19T08:01:45","date_gmt":"2024-06-19T08:01:45","guid":{"rendered":"https:\/\/vccf.org\/?page_id=20939"},"modified":"2026-03-24T11:58:06","modified_gmt":"2026-03-24T18:58:06","slug":"financials","status":"publish","type":"page","link":"https:\/\/vccf.org\/fr\/about\/financials\/","title":{"rendered":"Finances"},"content":{"rendered":"<h1>\n\t\t\tFinances\t<\/h1>\n\t<p>La Ventura County Community Foundation repr\u00e9sente l'ensemble du comt\u00e9 de Ventura. Elle supervise plus de $250 millions d'euros d'actifs totaux et sert de fiduciaire \u00e0 plus de 800 fonds philanthropiques. Notre exercice fiscal commence le 1er octobre et se termine le 30 septembre.<\/p>\n\t\t\t<a href=\"https:\/\/vccf.org\/fr\/get-involved\/\"  target=\"_self\">\n\t\t\t\t\t\t\tS'impliquer\n\t\t\t\t\t<\/a>\n<figure itemscope itemtype=\"https:\/\/schema.org\/ImageObject\">\n\t\t\t\t<img decoding=\"async\" src=\"https:\/\/vccf.org\/wp-content\/uploads\/2024\/06\/Mask-group.png\" alt=\"Mask group\" height=\"772\" width=\"836\" title=\"Groupe de masques\" onerror=\"this.style.display='none'\" loading=\"lazy\" \/>\n\t<\/figure>\n<h3>\n\t\t\tNotre histoire\t<\/h3>\n<h3>\n\t\t\tMembres du conseil d'administration\t<\/h3>\n<h3>\n\t\t\tMembres du personnel\t<\/h3>\n<h3>\n\t\t\tFinances\t<\/h3>\n<h3>\n\t\t\tT\u00e9moignages de donateurs\t<\/h3>\n<h3>\n\t\t\tFAQ\t<\/h3>\n<h1>\n\t\t\tFinances\t<\/h1>\n\t\t\t\tDocuments financiers disponibles\n\t\t\t\t<ul>\n<li><a href=\"https:\/\/vccf.org\/wp-content\/uploads\/2026\/02\/Ventura-County-Community-Foundation-Sep25-AR-Final.pdf\">FY 2025 Audited Financial Statements<\/a><\/li>\n<li><a href=\"https:\/\/vccf.org\/wp-content\/uploads\/2025\/03\/Ventura-County-Community-Foundation-Sept24-AR-Final.pdf\">\u00c9tats financiers v\u00e9rifi\u00e9s pour l'exercice 2024<\/a><\/li>\n<li><a href=\"https:\/\/vccf.org\/wp-content\/uploads\/2024\/04\/ventura-county-community-foundation-and-subsidiaries-sep23ar-final.pdf\" target=\"_blank\" rel=\"noopener\">\u00c9tats financiers v\u00e9rifi\u00e9s pour l'exercice 2023<\/a><\/li>\n<li><a href=\"https:\/\/vccf.org\/wp-content\/uploads\/2024\/04\/ventura-county-community-foundation-sep22ar-final_.pdf\" target=\"_blank\" rel=\"noopener\">\u00c9tats financiers v\u00e9rifi\u00e9s pour l'exercice 2022<\/a><\/li>\n<li><a href=\"https:\/\/vccf.org\/wp-content\/uploads\/2024\/04\/ventura-county-community-foundation-sep21ar-final.pdf\" target=\"_blank\" rel=\"noopener\">\u00c9tats financiers v\u00e9rifi\u00e9s pour l'exercice 2021<\/a><\/li>\n<li><a href=\"https:\/\/vccf.org\/wp-content\/uploads\/2024\/04\/ventura-county-community-foundation-sep20ar-final.pdf\" target=\"_blank\" rel=\"noopener\">\u00c9tats financiers v\u00e9rifi\u00e9s pour l'exercice 2020<\/a><\/li>\n<li><a href=\"https:\/\/vccf.org\/wp-content\/uploads\/2025\/08\/VCCF-2023-Form-990-Public-Disclosure-Copy.pdf\">FY 2024 Form 990<\/a>, <a href=\"https:\/\/vccf.org\/wp-content\/uploads\/2025\/08\/VCCF-2023-Form-990-T-Public-Disclosure-Copy.pdf\">FY 2024 Form 990-T<\/a>, <a href=\"https:\/\/vccf.org\/wp-content\/uploads\/2025\/08\/VCCFCASO-2023-Form-990-Public-Disclosure-Copy.pdf\">Exercice 2023 VCCF Complex Asset Supporting Organization 990<\/a><\/li>\n<li><a href=\"https:\/\/vccf.org\/wp-content\/uploads\/2024\/09\/vccf-2022-form-990-public-disclosure-copy.pdf\" target=\"_blank\" rel=\"noopener\">Formulaire 990 pour l'exercice 2023<\/a>,\u00a0<a href=\"https:\/\/vccf.org\/wp-content\/uploads\/2024\/09\/vccf-2022-form-990-t-public-disclosure-copy.pdf\" target=\"_blank\" rel=\"noopener\">Formulaire 990-T pour l'exercice 2023,<\/a>\u00a0<a href=\"https:\/\/vccf.org\/wp-content\/uploads\/2024\/09\/vccfcaso-2022-form-990-public-disclosure-copy.pdf\" target=\"_blank\" rel=\"noopener\">Exercice 2023 VCCF Complex Asset Supporting Organization 990<\/a><\/li>\n<li><a href=\"https:\/\/vccf.org\/wp-content\/uploads\/2024\/04\/vccf-2021-form-990-public-disclosure-copy.pdf\" target=\"_blank\" rel=\"noopener\">Formulaire 990 pour l'exercice 2022<\/a><\/li>\n<li><a href=\"https:\/\/vccf.org\/wp-content\/uploads\/2024\/04\/vccf-2020-form-990-public-disclosure-copy.pdf\" target=\"_blank\" rel=\"noopener\">Formulaire 990 pour l'exercice 2021,<\/a>\u00a0<a href=\"https:\/\/vccf.org\/wp-content\/uploads\/2024\/04\/vccf-2020-form-990-t-public-disclosure-copy.pdf\" target=\"_blank\" rel=\"noopener\">Formulaire 990-T pour l'exercice 2021<\/a><\/li>\n<li><a href=\"https:\/\/vccf.org\/wp-content\/uploads\/2024\/04\/vccf-2019-form-990-public-disclosure-copy.pdf\" target=\"_blank\" rel=\"noopener\">Formulaire 990 pour l'exercice 2020,<\/a>\u00a0<a href=\"https:\/\/vccf.org\/wp-content\/uploads\/2024\/04\/vccf-2019-form-990-t-public-disclosure-copy-1.pdf\" target=\"_blank\" rel=\"noopener\">Formulaire 990-T pour l'exercice 2020<\/a><\/li>\n<\/ul>\n\t\t\t\tPolitique d'investissement et vue d'ensemble \n\t\t\t\t<p><a href=\"https:\/\/vccf.org\/wp-content\/uploads\/2025\/10\/VCCF-Investment-Policy-Statement-Final-2025.pdf\" target=\"_blank\" rel=\"noopener\">Politique d'investissement de la VCCF<\/a><\/p>\n<p>Chaque ann\u00e9e, les politiques d'investissement du VCCF sont examin\u00e9es en profondeur par le comit\u00e9 d'investissement, dont les recommandations de modification sont transmises au conseil d'administration. Ces politiques d\u00e9finissent les montants des distributions annuelles, les objectifs d'investissement, les objectifs d'investissement et les objectifs d'allocation d'actifs.<\/p>\n<p>Les politiques de distribution annuelle pour les fonds de dotation sont bas\u00e9es sur une strat\u00e9gie de rendement total qui vise \u00e0 fournir une appr\u00e9ciation du capital \u00e0 long terme. La politique de distribution annuelle actuelle pour la plupart des fonds est de 5% de la valeur totale du fonds, sur la base d'une moyenne mobile sur 16 trimestres au 30 juin.<\/p>\n<p>Notre objectif d'investissement \u00e0 long terme est simple : faire cro\u00eetre le portefeuille en termes r\u00e9els, corrig\u00e9s de l'inflation, afin de r\u00e9pondre aux besoins de distribution annuelle du fonds, tout en pr\u00e9servant et en am\u00e9liorant le pouvoir d'achat.<\/p>\n\t\t\t\tFrais d'investissement\n\t\t\t\t<p>Chaque fonds de la VCCF partage au prorata les co\u00fbts r\u00e9els du processus d'investissement, des consultants et des frais de base, \u00e9tant donn\u00e9 que chaque fonds partage \u00e9galement au prorata les rendements. Actuellement, les frais d'investissement s'\u00e9l\u00e8vent \u00e0 0,73%.<\/p>\n<p>* Pour plus d'informations, veuillez contacter Bonnie Gilles, directeur financier, \u00e0 l'adresse suivante\u00a0<a href=\"mailto:bgilles@vccf.org\">bgilles@vccf.org<\/a>.<\/p>\n<figure itemscope itemtype=\"https:\/\/schema.org\/ImageObject\">\n\t\t\t\t<img decoding=\"async\" src=\"https:\/\/vccf.org\/wp-content\/uploads\/2024\/04\/\u0421\u043b\u043e\u0439-1-4.png\" alt=\"\u0421\u043b\u043e\u0438\u0306 1 4\" height=\"60\" width=\"44\" title=\"\u0421\u043b\u043e\u0439 1 4\" onerror=\"this.style.display='none'\" loading=\"lazy\" \/>\n\t<\/figure>\n<h3>\n\t\t\tVos contributions ont un impact imm\u00e9diat et durable que vous pouvez ressentir.\t<\/h3>\n<figure itemscope itemtype=\"https:\/\/schema.org\/ImageObject\">\n\t\t\t\t<img decoding=\"async\" src=\"https:\/\/vccf.org\/wp-content\/uploads\/2024\/04\/\u0421\u043b\u043e\u0439-1-4.png\" alt=\"\u0421\u043b\u043e\u0438\u0306 1 4\" height=\"60\" width=\"44\" title=\"\u0421\u043b\u043e\u0439 1 4\" onerror=\"this.style.display='none'\" loading=\"lazy\" \/>\n\t<\/figure>\n<h2>\n\t\t\tAdh\u00e9rer \u00e0 la VCCF\t<\/h2>\n\t<p>Et faites partie d'une communaut\u00e9 compatissante et inspir\u00e9e de donateurs et d'acteurs. Ensemble, nous construisons un avenir plus brillant et plus fort pour le comt\u00e9 de Ventura.<\/p>\n\t\t\t<a href=\"https:\/\/vccf.org\/fr\/get-involved\/\"  target=\"_self\">\n\t\t\t\t\t\t\tS'impliquer\n\t\t\t\t\t<\/a>\n\t\t\t<a href=\"https:\/\/vccf.org\/fr\/contact-us\/\"  target=\"_self\">\n\t\t\t\t\t\t\tNous envoyer un courriel\n\t\t\t\t\t<\/a>\n<figure itemscope itemtype=\"https:\/\/schema.org\/ImageObject\">\n\t\t\t\t<img decoding=\"async\" src=\"https:\/\/vccf.org\/wp-content\/uploads\/2024\/06\/Group-1080-2.png\" alt=\"Group 1080 (2)\" height=\"563\" width=\"463\" title=\"Groupe 1080 (2)\" onerror=\"this.style.display='none'\" loading=\"lazy\" \/>\n\t<\/figure>","protected":false},"excerpt":{"rendered":"<p>Finances La Ventura County Community Foundation repr\u00e9sente l'ensemble du comt\u00e9 de Ventura. Nous supervisons plus de $250 millions d'actifs totaux et servons de fiduciaire \u00e0 plus de 800 organisations philanthropiques....<\/p>","protected":false},"author":3,"featured_media":0,"parent":20928,"menu_order":0,"comment_status":"closed","ping_status":"closed","template":"","meta":{"_acf_changed":false,"give_campaign_id":0,"footnotes":""},"class_list":["post-20939","page","type-page","status-publish","hentry"],"acf":[],"campaignId":"","_links":{"self":[{"href":"https:\/\/vccf.org\/fr\/wp-json\/wp\/v2\/pages\/20939","targetHints":{"allow":["GET"]}}],"collection":[{"href":"https:\/\/vccf.org\/fr\/wp-json\/wp\/v2\/pages"}],"about":[{"href":"https:\/\/vccf.org\/fr\/wp-json\/wp\/v2\/types\/page"}],"author":[{"embeddable":true,"href":"https:\/\/vccf.org\/fr\/wp-json\/wp\/v2\/users\/3"}],"replies":[{"embeddable":true,"href":"https:\/\/vccf.org\/fr\/wp-json\/wp\/v2\/comments?post=20939"}],"version-history":[{"count":0,"href":"https:\/\/vccf.org\/fr\/wp-json\/wp\/v2\/pages\/20939\/revisions"}],"up":[{"embeddable":true,"href":"https:\/\/vccf.org\/fr\/wp-json\/wp\/v2\/pages\/20928"}],"wp:attachment":[{"href":"https:\/\/vccf.org\/fr\/wp-json\/wp\/v2\/media?parent=20939"}],"curies":[{"name":"wp","href":"https:\/\/api.w.org\/{rel}","templated":true}]}}