{"id":20945,"date":"2024-06-19T09:46:32","date_gmt":"2024-06-19T09:46:32","guid":{"rendered":"https:\/\/vccf.org\/?page_id=20945"},"modified":"2026-03-24T11:56:17","modified_gmt":"2026-03-24T18:56:17","slug":"donor-stories","status":"publish","type":"page","link":"https:\/\/vccf.org\/fr\/about\/donor-stories\/","title":{"rendered":"T\u00e9moignages de donateurs"},"content":{"rendered":"<h1>\n\t\t\tT\u00e9moignages de donateurs\t<\/h1>\n\t<p>Gr\u00e2ce \u00e0 votre soutien, le comt\u00e9 de Ventura peut devenir un lieu de vie encore plus agr\u00e9able.<\/p>\n\t\t\t<a href=\"https:\/\/vccf.org\/fr\/get-involved\/\"  target=\"_self\">\n\t\t\t\t\t\t\tS'impliquer\n\t\t\t\t\t<\/a>\n<figure itemscope itemtype=\"https:\/\/schema.org\/ImageObject\">\n\t\t\t\t<img decoding=\"async\" src=\"https:\/\/vccf.org\/wp-content\/uploads\/2025\/01\/VCCF-LR-126.jpg\" alt=\"VCCF-LR-126\" height=\"1467\" width=\"2200\" title=\"VCCF-LR-126\" onerror=\"this.style.display='none'\" loading=\"lazy\" \/>\n\t<\/figure>\n<h3>\n\t\t\tNotre histoire\t<\/h3>\n<h3>\n\t\t\tMembres du conseil d'administration\t<\/h3>\n<h3>\n\t\t\tMembres du personnel\t<\/h3>\n<h3>\n\t\t\tFinances\t<\/h3>\n<h3>\n\t\t\tT\u00e9moignages de donateurs\t<\/h3>\n<h3>\n\t\t\tFAQ\t<\/h3>\n<figure itemscope itemtype=\"https:\/\/schema.org\/ImageObject\">\n\t\t\t\t<img decoding=\"async\" src=\"https:\/\/vccf.org\/wp-content\/uploads\/2024\/04\/\u0421\u043b\u043e\u0439-1-4.png\" alt=\"\u0421\u043b\u043e\u0438\u0306 1 4\" height=\"60\" width=\"44\" title=\"\u0421\u043b\u043e\u0439 1 4\" onerror=\"this.style.display='none'\" loading=\"lazy\" \/>\n\t<\/figure>\n<h3>\n\t\t\tVos contributions ont un impact imm\u00e9diat et durable que vous pouvez ressentir.\t<\/h3>\n<figure itemscope itemtype=\"https:\/\/schema.org\/ImageObject\">\n\t\t\t\t<img decoding=\"async\" src=\"https:\/\/vccf.org\/wp-content\/uploads\/2024\/04\/\u0421\u043b\u043e\u0439-1-4.png\" alt=\"\u0421\u043b\u043e\u0438\u0306 1 4\" height=\"60\" width=\"44\" title=\"\u0421\u043b\u043e\u0439 1 4\" onerror=\"this.style.display='none'\" loading=\"lazy\" \/>\n\t<\/figure>\n<h2>\n\t\t\tAdh\u00e9rer \u00e0 la VCCF\t<\/h2>\n\t<p>Et faites partie d'une communaut\u00e9 compatissante et inspir\u00e9e de donateurs et d'acteurs. Ensemble, nous construisons un avenir plus brillant et plus fort pour le comt\u00e9 de Ventura.<\/p>\n\t\t\t<a href=\"https:\/\/vccf.org\/fr\/get-involved\/\"  target=\"_self\">\n\t\t\t\t\t\t\tS'impliquer\n\t\t\t\t\t<\/a>\n\t\t\t<a href=\"https:\/\/vccf.org\/fr\/contact-us\/\"  target=\"_self\">\n\t\t\t\t\t\t\tNous envoyer un courriel\n\t\t\t\t\t<\/a>\n<figure itemscope itemtype=\"https:\/\/schema.org\/ImageObject\">\n\t\t\t\t<img decoding=\"async\" src=\"https:\/\/vccf.org\/wp-content\/uploads\/2024\/06\/Group-1080-2.png\" alt=\"Group 1080 (2)\" height=\"563\" width=\"463\" title=\"Groupe 1080 (2)\" onerror=\"this.style.display='none'\" loading=\"lazy\" \/>\n\t<\/figure>","protected":false},"excerpt":{"rendered":"<p>Histoires de donateurs Avec votre soutien, le comt\u00e9 de Ventura peut devenir un lieu de vie encore meilleur. S'impliquer Notre histoire Membres du conseil d'administration Membres du personnel Finances Histoires de donateurs FAQ's Voir vos contributions...<\/p>","protected":false},"author":3,"featured_media":0,"parent":20928,"menu_order":0,"comment_status":"closed","ping_status":"closed","template":"","meta":{"_acf_changed":false,"give_campaign_id":0,"footnotes":""},"class_list":["post-20945","page","type-page","status-publish","hentry"],"acf":[],"campaignId":"","_links":{"self":[{"href":"https:\/\/vccf.org\/fr\/wp-json\/wp\/v2\/pages\/20945","targetHints":{"allow":["GET"]}}],"collection":[{"href":"https:\/\/vccf.org\/fr\/wp-json\/wp\/v2\/pages"}],"about":[{"href":"https:\/\/vccf.org\/fr\/wp-json\/wp\/v2\/types\/page"}],"author":[{"embeddable":true,"href":"https:\/\/vccf.org\/fr\/wp-json\/wp\/v2\/users\/3"}],"replies":[{"embeddable":true,"href":"https:\/\/vccf.org\/fr\/wp-json\/wp\/v2\/comments?post=20945"}],"version-history":[{"count":0,"href":"https:\/\/vccf.org\/fr\/wp-json\/wp\/v2\/pages\/20945\/revisions"}],"up":[{"embeddable":true,"href":"https:\/\/vccf.org\/fr\/wp-json\/wp\/v2\/pages\/20928"}],"wp:attachment":[{"href":"https:\/\/vccf.org\/fr\/wp-json\/wp\/v2\/media?parent=20945"}],"curies":[{"name":"wp","href":"https:\/\/api.w.org\/{rel}","templated":true}]}}