{"id":20952,"date":"2024-06-19T10:15:14","date_gmt":"2024-06-19T10:15:14","guid":{"rendered":"https:\/\/vccf.org\/?page_id=20952"},"modified":"2026-04-27T00:17:12","modified_gmt":"2026-04-27T07:17:12","slug":"our-history","status":"publish","type":"page","link":"https:\/\/vccf.org\/fr\/about\/our-history\/","title":{"rendered":"Notre histoire"},"content":{"rendered":"<h1>\n\t\t\tNotre histoire\t<\/h1>\n\t<p>\"Je ne pense pas pouvoir changer le monde, mais je peux contribuer \u00e0 rendre le comt\u00e9 de Ventura encore meilleur.<\/p>\n<h4>\n\t\t\tLeah Lacayo, donatrice\t<\/h4>\n\t\t\t<a href=\"https:\/\/vccf.org\/fr\/get-involved\/\"  target=\"_self\">\n\t\t\t\t\t\t\tS'impliquer\n\t\t\t\t\t<\/a>\n<figure itemscope itemtype=\"https:\/\/schema.org\/ImageObject\">\n\t\t\t\t<img decoding=\"async\" src=\"https:\/\/vccf.org\/wp-content\/uploads\/2024\/09\/Group-1080-1.png\" alt=\"Group 1080 (1)\" height=\"563\" width=\"463\" title=\"Groupe 1080 (1)\" onerror=\"this.style.display='none'\" loading=\"lazy\" \/>\n\t<\/figure>\n<h3>\n\t\t\tNotre histoire\t<\/h3>\n<h3>\n\t\t\tMembres du conseil d'administration\t<\/h3>\n<h3>\n\t\t\tMembres du personnel\t<\/h3>\n<h3>\n\t\t\tFinances\t<\/h3>\n<h3>\n\t\t\tT\u00e9moignages de donateurs\t<\/h3>\n<h3>\n\t\t\tFAQ\t<\/h3>\n<h2>\n\t\t\tBeaucoup de choses ont chang\u00e9 dans notre communaut\u00e9 depuis 1987. Notre objectif, lui, n'a pas chang\u00e9.\t<\/h2>\n\t<p>Il y a pr\u00e8s de 40 ans, nous avons entrepris d'am\u00e9liorer la vie des habitants du comt\u00e9 de Ventura.<\/p>\n\t\u00c0 l'origine, nous voulions aider les organisations \u00e0 but non lucratif \u00e0 devenir plus durables et donner aux donateurs la possibilit\u00e9 de l\u00e9guer des biens complexes, tels que des biens immobiliers ou des actions. En 1990, nous avons commenc\u00e9 \u00e0 donner aux gens la possibilit\u00e9 de financer des bourses d'\u00e9tudes. Puis, en 2000, nous avons mis en place un syst\u00e8me de subventions communautaires permettant aux donateurs de s'associer pour une cause commune.<br \/>\nAujourd'hui, nous r\u00e9unissons un grand nombre de r\u00e9sidents pour qu'ils travaillent ensemble en tant qu'agents du changement.\n<figure itemscope itemtype=\"https:\/\/schema.org\/ImageObject\">\n\t\t\t\t<img decoding=\"async\" src=\"https:\/\/vccf.org\/wp-content\/uploads\/2024\/09\/Group-1093-1024x787.png\" alt=\"Group 1093\" height=\"787\" width=\"1024\" title=\"Groupe 1093\" onerror=\"this.style.display='none'\" loading=\"lazy\" \/>\n\t<\/figure>\n<h2>\n\t\t\tNotre mission\t<\/h2>\n\t<p>Relier les personnes, les ressources et les solutions pour cr\u00e9er un impact durable dans notre monde commun.<\/p>\n<h2>\n\t\t\tNotre vision\t<\/h2>\n\t<p>Nous envisageons une communaut\u00e9 engag\u00e9e et prosp\u00e8re, inspir\u00e9e par une g\u00e9n\u00e9rosit\u00e9 croissante.<\/p>\n<h2>\n\t\t\tNos valeurs\t<\/h2>\n<figure itemscope itemtype=\"https:\/\/schema.org\/ImageObject\">\n\t\t\t\t<img decoding=\"async\" src=\"https:\/\/vccf.org\/wp-content\/uploads\/2024\/04\/Group-1079.svg\" alt=\"Group 1079\" title=\"Groupe 1079\" onerror=\"this.style.display='none'\" loading=\"lazy\" \/>\n\t<\/figure>\n\t<p>Confiance<\/p>\n\t<p>Nous appliquons des principes financiers sains et investissons avec sagesse pour g\u00e9rer les actifs qui nous sont confi\u00e9s.<\/p>\n<figure itemscope itemtype=\"https:\/\/schema.org\/ImageObject\">\n\t\t\t\t<img decoding=\"async\" src=\"https:\/\/vccf.org\/wp-content\/uploads\/2024\/04\/Group-1080.svg\" alt=\"Group 1080\" title=\"Groupe 1080\" onerror=\"this.style.display='none'\" loading=\"lazy\" \/>\n\t<\/figure>\n\t<p>Transparence<\/p>\n\t<p>Nous menons notre travail avec honn\u00eatet\u00e9, intentionnalit\u00e9 et responsabilit\u00e9.<\/p>\n<figure itemscope itemtype=\"https:\/\/schema.org\/ImageObject\">\n\t\t\t\t<img decoding=\"async\" src=\"https:\/\/vccf.org\/wp-content\/uploads\/2024\/04\/Group-1081.svg\" alt=\"Group 1081\" title=\"Groupe 1081\" onerror=\"this.style.display='none'\" loading=\"lazy\" \/>\n\t<\/figure>\n\t<p>Compassion<\/p>\n\t<p>Nous faisons preuve d'empathie, de respect et de c\u0153ur dans toutes nos interactions.<\/p>\n<figure itemscope itemtype=\"https:\/\/schema.org\/ImageObject\">\n\t\t\t\t<img decoding=\"async\" src=\"https:\/\/vccf.org\/wp-content\/uploads\/2024\/04\/Group-1125.svg\" alt=\"Group 1125\" title=\"Groupe 1125\" onerror=\"this.style.display='none'\" loading=\"lazy\" \/>\n\t<\/figure>\n\t<p>Fonds propres<\/p>\n\t<p>Nous \u00e9coutons et valorisons les diff\u00e9rentes voix et exp\u00e9riences afin de promouvoir des opportunit\u00e9s justes et \u00e9quitables.<\/p>\n<figure itemscope itemtype=\"https:\/\/schema.org\/ImageObject\">\n\t\t\t\t<img decoding=\"async\" src=\"https:\/\/vccf.org\/wp-content\/uploads\/2024\/04\/Group-1140.svg\" alt=\"Group 1140\" title=\"Groupe 1140\" onerror=\"this.style.display='none'\" loading=\"lazy\" \/>\n\t<\/figure>\n\t<p>T\u00e9nacit\u00e9<\/p>\n\t<p>Nous r\u00e9pondons aux d\u00e9fis dynamiques de mani\u00e8re strat\u00e9gique et imm\u00e9diate, en pers\u00e9v\u00e9rant jusqu'\u00e0 l'obtention d'un succ\u00e8s durable.<\/p>\n<figure itemscope itemtype=\"https:\/\/schema.org\/ImageObject\">\n\t\t\t\t<img decoding=\"async\" src=\"https:\/\/vccf.org\/wp-content\/uploads\/2024\/04\/Group-1132.svg\" alt=\"Group 1132\" title=\"Groupe 1132\" onerror=\"this.style.display='none'\" loading=\"lazy\" \/>\n\t<\/figure>\n\t<p>L'excellence<\/p>\n\t<p>Nous investissons constamment dans la formation, les op\u00e9rations, la technologie et notre capital humain afin de garantir la meilleure qualit\u00e9 de service et de soutien \u00e0 nos clients donateurs et \u00e0 ceux que nous servons.<\/p>\n<figure itemscope itemtype=\"https:\/\/schema.org\/ImageObject\">\n\t\t\t\t<img decoding=\"async\" src=\"https:\/\/vccf.org\/wp-content\/uploads\/2024\/04\/Group-1125.svg\" alt=\"Group 1125\" title=\"Groupe 1125\" onerror=\"this.style.display='none'\" loading=\"lazy\" \/>\n\t<\/figure>\n\t<p>Connexion authentique<\/p>\n\t<p>Nous nous engageons dans tous les partenariats avec une collaboration ouverte et une communication franche, en cocr\u00e9ant des solutions efficaces.<\/p>\n<h2  id=\"legacy-magazine\">\n\t\t\tLe magazine Legacy de la VCCF\t<\/h2>\n\t<p>Un h\u00e9ritage de g\u00e9n\u00e9rosit\u00e9.<\/p>\n\t<p>La Ventura County Community Foundation est fi\u00e8re de publier son tout premier magazine sur l'h\u00e9ritage, \"A Legacy of Generosity\" (Un h\u00e9ritage de g\u00e9n\u00e9rosit\u00e9). Cette publication de 42 pages capture l'esprit et le c\u0153ur de nos donateurs, des membres de la communaut\u00e9, des b\u00e9n\u00e9ficiaires de subventions et des dirigeants d'organisations \u00e0 but non lucratif qui vivent les valeurs de la VCCF que sont la confiance, la transparence, la compassion, l'\u00e9quit\u00e9, la t\u00e9nacit\u00e9, l'excellence et la connexion authentique.<\/p>\n\t<p>Ce magazine raconte l'histoire de votre fondation communautaire et le r\u00f4le qu'elle joue dans l'histoire du comt\u00e9 de Ventura gr\u00e2ce \u00e0 ses conseils philanthropiques et \u00e0 son leadership au sein de la communaut\u00e9.<\/p>\n\t<p>Nous vous invitons \u00e0 lire cette lettre d'amour \u00e0 notre communaut\u00e9, alors que nous transmettons le message \"Somos Vecinos y Todos Contamos\" - nous sommes tous des voisins et nous comptons tous ! Avec 17 interviews \u00e9mouvantes et de magnifiques photographies de notre communaut\u00e9 et de ses membres inspirants, ce magazine vous fera sourire, pleurer et vous donnera envie de le lire encore et encore.<\/p>\n<h4>\n\t\t<a href=\"https:\/\/vccf.org\/wp-content\/uploads\/2024\/11\/vccf-legacy-magazine-pdf.pdf\" title=\"T\u00e9l\u00e9charger le magazine au format PDF\"  target=\"_blank\"  rel=\"noopener\">\n\t\t\tT\u00e9l\u00e9charger le magazine au format PDF\t\t<\/a>\n\t<\/h4>\n\t\t\t<a href=\"https:\/\/vccf.org\/SMPA_VCCF_financial_insert\/mobile\/index.html\"  target=\"_blank\" rel=\"noopener\">\n\t\t\t\t\t\t\tFinances de l'exercice 2022\n\t\t\t\t\t<\/a>\n\t\t\t<a href=\"https:\/\/vccf.org\/SMPA_VCCF_5-24\/mobile\/index.html\"  target=\"_blank\" rel=\"noopener\">\n\t\t\t\t\t\t\tLire la suite\n\t\t\t\t\t<\/a>\n<figure itemscope itemtype=\"https:\/\/schema.org\/ImageObject\">\n\t\t\t\t<img decoding=\"async\" src=\"https:\/\/vccf.org\/wp-content\/uploads\/2024\/04\/\u0421\u043b\u043e\u0439-1-4.png\" alt=\"\u0421\u043b\u043e\u0438\u0306 1 4\" height=\"60\" width=\"44\" title=\"\u0421\u043b\u043e\u0439 1 4\" onerror=\"this.style.display='none'\" loading=\"lazy\" \/>\n\t<\/figure>\n<h3>\n\t\t\tVos contributions ont un impact imm\u00e9diat et durable que vous pouvez ressentir.\t<\/h3>\n<figure itemscope itemtype=\"https:\/\/schema.org\/ImageObject\">\n\t\t\t\t<img decoding=\"async\" src=\"https:\/\/vccf.org\/wp-content\/uploads\/2024\/04\/\u0421\u043b\u043e\u0439-1-4.png\" alt=\"\u0421\u043b\u043e\u0438\u0306 1 4\" height=\"60\" width=\"44\" title=\"\u0421\u043b\u043e\u0439 1 4\" onerror=\"this.style.display='none'\" loading=\"lazy\" \/>\n\t<\/figure>\n<h2>\n\t\t\tAdh\u00e9rer \u00e0 la VCCF\t<\/h2>\n\t<p>Et faites partie d'une communaut\u00e9 compatissante et inspir\u00e9e de donateurs et d'acteurs. Ensemble, nous construisons un avenir plus brillant et plus fort pour le comt\u00e9 de Ventura.<\/p>\n\t\t\t<a href=\"https:\/\/vccf.org\/fr\/get-involved\/\"  target=\"_self\">\n\t\t\t\t\t\t\tS'impliquer\n\t\t\t\t\t<\/a>\n\t\t\t<a href=\"https:\/\/vccf.org\/fr\/contact-us\/\"  target=\"_self\">\n\t\t\t\t\t\t\tNous envoyer un courriel\n\t\t\t\t\t<\/a>\n<figure itemscope itemtype=\"https:\/\/schema.org\/ImageObject\">\n\t\t\t\t<img decoding=\"async\" src=\"https:\/\/vccf.org\/wp-content\/uploads\/2024\/06\/Group-1080-2.png\" alt=\"Group 1080 (2)\" height=\"563\" width=\"463\" title=\"Groupe 1080 (2)\" onerror=\"this.style.display='none'\" loading=\"lazy\" \/>\n\t<\/figure>","protected":false},"excerpt":{"rendered":"<p>Notre histoire \"Je ne pense pas pouvoir changer le monde, mais je peux contribuer \u00e0 rendre le comt\u00e9 de Ventura encore meilleur\". Leah Lacayo, donatrice S'impliquer Notre histoire Membres du conseil d'administration Personnel...<\/p>","protected":false},"author":4,"featured_media":0,"parent":20928,"menu_order":0,"comment_status":"closed","ping_status":"closed","template":"","meta":{"_acf_changed":false,"give_campaign_id":0,"footnotes":""},"class_list":["post-20952","page","type-page","status-publish","hentry"],"acf":[],"campaignId":"","_links":{"self":[{"href":"https:\/\/vccf.org\/fr\/wp-json\/wp\/v2\/pages\/20952","targetHints":{"allow":["GET"]}}],"collection":[{"href":"https:\/\/vccf.org\/fr\/wp-json\/wp\/v2\/pages"}],"about":[{"href":"https:\/\/vccf.org\/fr\/wp-json\/wp\/v2\/types\/page"}],"author":[{"embeddable":true,"href":"https:\/\/vccf.org\/fr\/wp-json\/wp\/v2\/users\/4"}],"replies":[{"embeddable":true,"href":"https:\/\/vccf.org\/fr\/wp-json\/wp\/v2\/comments?post=20952"}],"version-history":[{"count":0,"href":"https:\/\/vccf.org\/fr\/wp-json\/wp\/v2\/pages\/20952\/revisions"}],"up":[{"embeddable":true,"href":"https:\/\/vccf.org\/fr\/wp-json\/wp\/v2\/pages\/20928"}],"wp:attachment":[{"href":"https:\/\/vccf.org\/fr\/wp-json\/wp\/v2\/media?parent=20952"}],"curies":[{"name":"wp","href":"https:\/\/api.w.org\/{rel}","templated":true}]}}