{"id":20953,"date":"2024-06-19T10:19:19","date_gmt":"2024-06-19T10:19:19","guid":{"rendered":"https:\/\/vccf.org\/?page_id=20953"},"modified":"2026-03-24T11:56:06","modified_gmt":"2026-03-24T18:56:06","slug":"faq","status":"publish","type":"page","link":"https:\/\/vccf.org\/fr\/about\/faq\/","title":{"rendered":"FAQ"},"content":{"rendered":"<h1>\n\t\t\tFAQ\t<\/h1>\n\t<p>Nous sommes l\u00e0 pour vous fournir des connaissances sur les questions communautaires, des ressources pour influencer le changement social et des strat\u00e9gies pour soutenir vos valeurs, vos espoirs et votre vision d'un monde meilleur. Les opportunit\u00e9s sont nombreuses - les dons que vous faites aujourd'hui \u00e0 notre communaut\u00e9 locale jettent les bases de demain et des g\u00e9n\u00e9rations \u00e0 venir.<\/p>\n\t\t\t<a href=\"https:\/\/vccf.org\/fr\/get-involved\/\"  target=\"_self\">\n\t\t\t\t\t\t\tS'impliquer\n\t\t\t\t\t<\/a>\n<figure itemscope itemtype=\"https:\/\/schema.org\/ImageObject\">\n\t\t\t\t<img decoding=\"async\" src=\"https:\/\/vccf.org\/wp-content\/uploads\/2024\/06\/Mask-group-2.png\" alt=\"Mask group (2)\" height=\"772\" width=\"836\" title=\"Groupe de masques (2)\" onerror=\"this.style.display='none'\" loading=\"lazy\" \/>\n\t<\/figure>\n<h3>\n\t\t\tNotre histoire\t<\/h3>\n<h3>\n\t\t\tMembres du conseil d'administration\t<\/h3>\n<h3>\n\t\t\tMembres du personnel\t<\/h3>\n<h3>\n\t\t\tFinances\t<\/h3>\n<h3>\n\t\t\tT\u00e9moignages de donateurs\t<\/h3>\n<h3>\n\t\t\tFAQ\t<\/h3>\n<h1>\n\t\t\tFAQ sur les donateurs\t<\/h1>\n\t\t\t\tLa VCCF est-elle une organisation \u00e0 but non lucratif ?\n\t\t\t\t<p>OUI ! Par cons\u00e9quent, tout don \u00e0 la VCCF ou \u00e0 un fonds de la VCCF est un don de bienfaisance sous le num\u00e9ro d'identification fiscale 77-0165029.<\/p>\n\t\t\t\tQuel est le co\u00fbt de la mise en \u0153uvre ?\n\t\t\t\t<p>Notre sp\u00e9cialit\u00e9 est de vous aider \u00e0 faire des dons de mani\u00e8re strat\u00e9gique.\u00a0<strong>aucun co\u00fbt<\/strong>\u00a0pour cette p\u00e9riode de planification.<\/p>\n<p>Cependant, une fois que vous avez cr\u00e9\u00e9 votre fonds, vous devez payer une commission administrative trimestrielle qui d\u00e9pend du type de fonds que vous cr\u00e9ez.<\/p>\n<p>Par exemple, les fonds de bourses d'\u00e9tudes dot\u00e9s ont des frais annuels de 1,5% et des frais typiques de 1,24% par an, pr\u00e9lev\u00e9s sur le solde. Les fonds autres que les fonds de bourses, tels que les fonds conseill\u00e9s par les donateurs ou les fonds d'organismes \u00e0 but non lucratif, ont des frais typiques de 1,24% par trimestre, pr\u00e9lev\u00e9s sur le solde. Il existe quelques autres types de fonds qui ont des structures de frais uniques en raison de la dur\u00e9e du fonds, comme un fonds de passage, ou une r\u00e9duction possible des frais en fonction de la taille de votre fonds.<\/p>\n<p>To learn more, <a href=\"https:\/\/vccf.org\/fr\/my-vccf-fund\/fund-contact\/\">please contact our Philanthropic Services Team.<\/a><\/p>\n\t\t\t\tQuels types d'actifs puis-je donner ?\n\t\t\t\t<p>Nous sommes autoris\u00e9s \u00e0 accepter des dons de toutes sortes. Les types de dons les plus courants sont les esp\u00e8ces, les biens ayant pris de la valeur et les actions cot\u00e9es en bourse, mais nous pouvons \u00e9galement accepter la plupart des autres actifs.<\/p>\n<p><a href=\"https:\/\/vccf.org\/fr\/my-vccf-fund\/fund-contact\/\">Please contact our Philanthropic Services Team<\/a>\u00a0to learn more about available giving options.<\/p>\n\t\t\t\tTravaillez-vous avec des conseillers professionnels ?\n\t\t\t\t<p>Si vous \u00eates comme de nombreux conseillers professionnels, vous avez peut-\u00eatre h\u00e9sit\u00e9 \u00e0 aborder le sujet de la philanthropie avec vos clients. Les \u00e9tudes montrent cependant que les gens sont d\u00e9sireux d'en savoir plus sur les dons caritatifs. Selon un article de la Chronicle of Philanthropy, la plupart des gens d\u00e9clarent qu'ils aimeraient que leurs conseillers soient mieux inform\u00e9s sur les dons planifi\u00e9s et qu'ils soient plus enclins \u00e0 faire des suggestions sur les types de dons \u00e0 faire. En d'autres termes, si vous vous efforcez d'\u00eatre mieux inform\u00e9 sur le r\u00f4le essentiel que peut jouer la philanthropie dans la planification successorale, vos clients vous en remercieront.<\/p>\n<p>La Ventura County Community Foundation est un instrument unique et fiable que vous et vos clients pouvez utiliser pour aborder les questions qui leur tiennent \u00e0 c\u0153ur, tout en b\u00e9n\u00e9ficiant d'un avantage fiscal maximal en vertu des lois f\u00e9d\u00e9rales et de l'\u00c9tat. Nous offrons une grande vari\u00e9t\u00e9 d'options de dons, y compris la possibilit\u00e9 de cr\u00e9er un fonds conseill\u00e9 par le donateur au nom de votre client. Les occasions de faire des dons importants se pr\u00e9sentent souvent lorsque les clients prennent des d\u00e9cisions commerciales, personnelles et financi\u00e8res majeures. Notre personnel peut travailler avec vous et votre client pour recommander la meilleure solution caritative. Consid\u00e9rez les sc\u00e9narios suivants :<\/p>\n<p><strong>Planification fiscale de fin d'ann\u00e9e<\/strong><br \/>Votre client a besoin de compenser des plus-values ou de r\u00e9cup\u00e9rer des moins-values, il souhaite rendre service \u00e0 la collectivit\u00e9 et il dispose d'un temps limit\u00e9 pour choisir les organismes de bienfaisance les plus m\u00e9ritants.<\/p>\n<p><strong>Pr\u00e9server une succession<\/strong><br \/>La planification successorale peut mettre en \u00e9vidence des imp\u00f4ts importants \u00e0 payer au fisc, et votre client souhaite consacrer des fonds \u00e0 des \u0153uvres de bienfaisance...<\/p>\n<p><strong>Se retirer dans le confort<\/strong><br \/>Votre client souhaite b\u00e9n\u00e9ficier d'un revenu stable tout au long de sa vie et a toujours fait preuve de charit\u00e9.<\/p>\n<p><strong>Cr\u00e9ation d'une fondation priv\u00e9e<\/strong><br \/>Votre client envisage de cr\u00e9er une fondation priv\u00e9e et recherche un soutien administratif ou une solution plus simple et plus rentable.<\/p>\n<p><strong>Actions d\u00e9tenues par des personnes proches<\/strong><br \/>La valeur nette de votre client comprend une soci\u00e9t\u00e9 \u00e0 capital ferm\u00e9, et il est important pour votre client de rendre service \u00e0 la communaut\u00e9.<\/p>\n<p><strong>Vente ou cession d'actions ou de biens \u00e0 forte valeur ajout\u00e9e<\/strong><br \/>Votre client d\u00e9tient des actions ou des biens ayant pris de la valeur et souhaite utiliser une partie des plus-values pour des dons de bienfaisance. Cependant, les organismes de bienfaisance identifi\u00e9s peuvent \u00eatre trop petits pour accepter des dons directs d'actions ou de biens. En vous associant \u00e0 votre fondation communautaire, vous pouvez surmonter ces difficult\u00e9s en toute transparence.<br \/>Nous proposons des solutions de donation flexibles, telles que les fonds \u00e0 vocation arr\u00eat\u00e9e par le donateur, les dons planifi\u00e9s ou les dons de revenus viagers, afin d'aider votre client \u00e0 atteindre ses objectifs philanthropiques. La VCCF est \u00e9quip\u00e9e pour accepter divers v\u00e9hicules de donation, y compris des actions d\u00e9tenues de fa\u00e7on restreinte et \u00e0 forte valeur ajout\u00e9e, ce qui permet \u00e0 votre client de b\u00e9n\u00e9ficier d'avantages fiscaux maximaux.<br \/>Gr\u00e2ce \u00e0 notre expertise, vous pouvez \u00eatre certain que les objectifs caritatifs de vos clients seront fid\u00e8lement et efficacement poursuivis, cr\u00e9ant ainsi un impact significatif et durable.<\/p>\n<p>To learn more, <a href=\"https:\/\/vccf.org\/fr\/donate\/professional-advisor-faqs\/\">please visit our Professional Advisors FAQ page<\/a>.<\/p>\n<figure itemscope itemtype=\"https:\/\/schema.org\/ImageObject\">\n\t\t\t\t<img decoding=\"async\" src=\"https:\/\/vccf.org\/wp-content\/uploads\/2024\/04\/\u0421\u043b\u043e\u0439-1-4.png\" alt=\"\u0421\u043b\u043e\u0438\u0306 1 4\" height=\"60\" width=\"44\" title=\"\u0421\u043b\u043e\u0439 1 4\" onerror=\"this.style.display='none'\" loading=\"lazy\" \/>\n\t<\/figure>\n<h3>\n\t\t\tVos contributions ont un impact imm\u00e9diat et durable que vous pouvez ressentir.\t<\/h3>\n<figure itemscope itemtype=\"https:\/\/schema.org\/ImageObject\">\n\t\t\t\t<img decoding=\"async\" src=\"https:\/\/vccf.org\/wp-content\/uploads\/2024\/04\/\u0421\u043b\u043e\u0439-1-4.png\" alt=\"\u0421\u043b\u043e\u0438\u0306 1 4\" height=\"60\" width=\"44\" title=\"\u0421\u043b\u043e\u0439 1 4\" onerror=\"this.style.display='none'\" loading=\"lazy\" \/>\n\t<\/figure>\n<h2>\n\t\t\tAdh\u00e9rer \u00e0 la VCCF\t<\/h2>\n\t<p>Et faites partie d'une communaut\u00e9 compatissante et inspir\u00e9e de donateurs et d'acteurs. Ensemble, nous construisons un avenir plus brillant et plus fort pour le comt\u00e9 de Ventura.<\/p>\n\t\t\t<a href=\"https:\/\/vccf.org\/fr\/get-involved\/\"  target=\"_self\">\n\t\t\t\t\t\t\tS'impliquer\n\t\t\t\t\t<\/a>\n\t\t\t<a href=\"https:\/\/vccf.org\/fr\/contact-us\/\"  target=\"_self\">\n\t\t\t\t\t\t\tNous envoyer un courriel\n\t\t\t\t\t<\/a>\n<figure itemscope itemtype=\"https:\/\/schema.org\/ImageObject\">\n\t\t\t\t<img decoding=\"async\" src=\"https:\/\/vccf.org\/wp-content\/uploads\/2024\/06\/Group-1080-2.png\" alt=\"Group 1080 (2)\" height=\"563\" width=\"463\" title=\"Groupe 1080 (2)\" onerror=\"this.style.display='none'\" loading=\"lazy\" \/>\n\t<\/figure>","protected":false},"excerpt":{"rendered":"<p>FAQs Nous sommes l\u00e0 pour vous fournir des connaissances sur les questions communautaires, des ressources pour influencer le changement social et des strat\u00e9gies pour soutenir vos valeurs, vos espoirs et votre vision d'un monde meilleur....<\/p>","protected":false},"author":3,"featured_media":0,"parent":20928,"menu_order":0,"comment_status":"closed","ping_status":"closed","template":"","meta":{"_acf_changed":false,"give_campaign_id":0,"footnotes":""},"class_list":["post-20953","page","type-page","status-publish","hentry"],"acf":[],"campaignId":"","_links":{"self":[{"href":"https:\/\/vccf.org\/fr\/wp-json\/wp\/v2\/pages\/20953","targetHints":{"allow":["GET"]}}],"collection":[{"href":"https:\/\/vccf.org\/fr\/wp-json\/wp\/v2\/pages"}],"about":[{"href":"https:\/\/vccf.org\/fr\/wp-json\/wp\/v2\/types\/page"}],"author":[{"embeddable":true,"href":"https:\/\/vccf.org\/fr\/wp-json\/wp\/v2\/users\/3"}],"replies":[{"embeddable":true,"href":"https:\/\/vccf.org\/fr\/wp-json\/wp\/v2\/comments?post=20953"}],"version-history":[{"count":0,"href":"https:\/\/vccf.org\/fr\/wp-json\/wp\/v2\/pages\/20953\/revisions"}],"up":[{"embeddable":true,"href":"https:\/\/vccf.org\/fr\/wp-json\/wp\/v2\/pages\/20928"}],"wp:attachment":[{"href":"https:\/\/vccf.org\/fr\/wp-json\/wp\/v2\/media?parent=20953"}],"curies":[{"name":"wp","href":"https:\/\/api.w.org\/{rel}","templated":true}]}}