{"id":21015,"date":"2024-07-02T15:49:45","date_gmt":"2024-07-02T15:49:45","guid":{"rendered":"https:\/\/vccf.org\/?page_id=21015"},"modified":"2025-02-12T02:28:34","modified_gmt":"2025-02-12T10:28:34","slug":"support-specific-funds-and-initiatives","status":"publish","type":"page","link":"https:\/\/vccf.org\/fr\/donate\/support-specific-funds-and-initiatives\/","title":{"rendered":"Soutenir des fonds et des initiatives sp\u00e9cifiques"},"content":{"rendered":"<img loading=\"lazy\" decoding=\"async\" src=\"https:\/\/vccf.org\/wp-content\/uploads\/2024\/07\/jJqJfy3-3.png\" alt=\"-jJqJfy3 3\" itemprop=\"image\" height=\"375\" width=\"519\" title=\"-jJqJfy3 3\" onerror=\"this.style.display='none'\"  \/>\n\t<p>Faire un don aux fonds de la VCCF et<\/p>\n<p>Initiatives de votre choix<\/p>\n\t<p>Soutenez des fonds et des initiatives sp\u00e9cifiques qui vous correspondent, tout en r\u00e9pondant aux besoins essentiels de la communaut\u00e9 du comt\u00e9 de Ventura :<\/p>\n\t\t\t\t<img loading=\"lazy\" decoding=\"async\" src=\"https:\/\/vccf.org\/wp-content\/uploads\/2024\/07\/AdobeStock_566561880-1-1.png\" alt=\"AdobeStock_566561880 1 (1)\" itemprop=\"image\" height=\"377\" width=\"520\" title=\"AdobeStock_566561880 1 (1)\" onerror=\"this.style.display='none'\"  \/>\n\t<p>Fonds<\/p>\n\t\t\t<a href=\"https:\/\/vccf.org\/fr\/donate\/specific-fund\/\" target=\"_self\">\n\t\t\t\t\t\t\tExplorer les fonds\n\t\t\t\t\t<\/a>\n\t<p>Initiatives<\/p>\n\t\t\t<a href=\"https:\/\/vccf.org\/fr\/initiatives\/\" target=\"_self\">\n\t\t\t\t\t\t\tExplorer les initiatives\n\t\t\t\t\t<\/a>\n\t<p>Aide en cas de catastrophe<\/p>\n\t\t\t<a href=\"https:\/\/vccf.org\/fr\/donate\/donate-to-support-disaster-relief\/\" target=\"_self\">\n\t\t\t\t\t\t\tFaire un don\n\t\t\t\t\t<\/a>\n\t<style>.disaster-hide {\n                            display: block !important;\n                        }\n\n                    .disaster-hide-left {\n                            display: none !important;\n                        }\n\n                    .disaster-grid {\n                         grid-template-columns: repeat(3, 1fr) !important;\n                    }\n\n                    @media screen and (max-width: 992px) {\n\n                    .disaster-grid {\n                         grid-template-columns: repeat(2, 1fr) !important;\n                    }\n\n                   }\n\n                    @media screen and (max-width: 768px) {\n\n                    .disaster-grid {\n                         grid-template-columns: repeat(1, 1fr) !important;\n                    }\n\n                   }\n\n\n\n\t      <\/style>","protected":false},"excerpt":{"rendered":"<p>Faites un don aux fonds et initiatives de la VCCF de votre choix Soutenez les fonds et initiatives sp\u00e9cifiques qui vous correspondent, tout en r\u00e9pondant aux besoins critiques de la communaut\u00e9 du comt\u00e9 de Ventura : Fonds Explorer les fonds...<\/p>","protected":false},"author":4,"featured_media":0,"parent":20931,"menu_order":0,"comment_status":"closed","ping_status":"closed","template":"","meta":{"_acf_changed":false,"give_campaign_id":0,"footnotes":""},"class_list":["post-21015","page","type-page","status-publish","hentry"],"acf":[],"campaignId":"","_links":{"self":[{"href":"https:\/\/vccf.org\/fr\/wp-json\/wp\/v2\/pages\/21015","targetHints":{"allow":["GET"]}}],"collection":[{"href":"https:\/\/vccf.org\/fr\/wp-json\/wp\/v2\/pages"}],"about":[{"href":"https:\/\/vccf.org\/fr\/wp-json\/wp\/v2\/types\/page"}],"author":[{"embeddable":true,"href":"https:\/\/vccf.org\/fr\/wp-json\/wp\/v2\/users\/4"}],"replies":[{"embeddable":true,"href":"https:\/\/vccf.org\/fr\/wp-json\/wp\/v2\/comments?post=21015"}],"version-history":[{"count":0,"href":"https:\/\/vccf.org\/fr\/wp-json\/wp\/v2\/pages\/21015\/revisions"}],"up":[{"embeddable":true,"href":"https:\/\/vccf.org\/fr\/wp-json\/wp\/v2\/pages\/20931"}],"wp:attachment":[{"href":"https:\/\/vccf.org\/fr\/wp-json\/wp\/v2\/media?parent=21015"}],"curies":[{"name":"wp","href":"https:\/\/api.w.org\/{rel}","templated":true}]}}