{"id":21039,"date":"2024-07-10T17:53:07","date_gmt":"2024-07-10T17:53:07","guid":{"rendered":"https:\/\/vccf.org\/?page_id=21039"},"modified":"2024-10-30T17:03:17","modified_gmt":"2024-10-30T17:03:17","slug":"specific-fund","status":"publish","type":"page","link":"https:\/\/vccf.org\/fr\/donate\/specific-fund\/","title":{"rendered":"Specific Fund"},"content":{"rendered":"<img loading=\"lazy\" decoding=\"async\" src=\"https:\/\/vccf.org\/wp-content\/uploads\/2024\/07\/jJqJfy3-3-1.png\" alt=\"-jJqJfy3 3 (1)\" itemprop=\"image\" height=\"375\" width=\"519\" title=\"-jJqJfy3 3 (1)\" onerror=\"this.style.display='none'\"  \/>\n\tFaites votre marque :<br \/>\nLancer un fonds ou faire un don aujourd'hui\n\t<p>Commencez votre voyage en tant que philanthrope au sein des communaut\u00e9s de la VCCF, ou contribuez \u00e0 un fonds existant qui r\u00e9sonne avec vos valeurs. Ensemble, nous r\u00e9aliserons des choses extraordinaires pour le comt\u00e9 de Ventura !<\/p>\n\t\t\t\t<img loading=\"lazy\" decoding=\"async\" src=\"https:\/\/vccf.org\/wp-content\/uploads\/2024\/07\/AdobeStock_140138608-3-1.png\" alt=\"AdobeStock_140138608 3 (1)\" itemprop=\"image\" height=\"358\" width=\"520\" title=\"AdobeStock_140138608 3 (1)\" onerror=\"this.style.display='none'\"  \/>\n\t<p>Cr\u00e9er un fonds<\/p>\n\t\t\t<a href=\"https:\/\/vccf.org\/fr\/my-vccf-fund\/start-a-fund\/\" target=\"_self\" rel=\"noopener\">\n\t\t\t\t\t\t\tEn savoir plus\n\t\t\t\t\t<\/a>\n\t<p>Faire un don \u00e0 un fonds<\/p>\n\t\t\t<a href=\"\/fr\/donate\/donate-to-a-fund\/\" target=\"_self\" rel=\"noopener\">\n\t\t\t\t\t\t\tEn savoir plus\n\t\t\t\t\t<\/a>","protected":false},"excerpt":{"rendered":"<p>Make Your Mark: Start a Fund or Donate Today Begin your journey as a philanthropist within VCCF&#8217;s communities, or contribute to an existing fund that resonates with your values. Together,&hellip;<\/p>","protected":false},"author":4,"featured_media":0,"parent":20931,"menu_order":0,"comment_status":"closed","ping_status":"closed","template":"","meta":{"_acf_changed":false,"give_campaign_id":0,"footnotes":""},"class_list":["post-21039","page","type-page","status-publish","hentry"],"acf":[],"campaignId":"","_links":{"self":[{"href":"https:\/\/vccf.org\/fr\/wp-json\/wp\/v2\/pages\/21039","targetHints":{"allow":["GET"]}}],"collection":[{"href":"https:\/\/vccf.org\/fr\/wp-json\/wp\/v2\/pages"}],"about":[{"href":"https:\/\/vccf.org\/fr\/wp-json\/wp\/v2\/types\/page"}],"author":[{"embeddable":true,"href":"https:\/\/vccf.org\/fr\/wp-json\/wp\/v2\/users\/4"}],"replies":[{"embeddable":true,"href":"https:\/\/vccf.org\/fr\/wp-json\/wp\/v2\/comments?post=21039"}],"version-history":[{"count":0,"href":"https:\/\/vccf.org\/fr\/wp-json\/wp\/v2\/pages\/21039\/revisions"}],"up":[{"embeddable":true,"href":"https:\/\/vccf.org\/fr\/wp-json\/wp\/v2\/pages\/20931"}],"wp:attachment":[{"href":"https:\/\/vccf.org\/fr\/wp-json\/wp\/v2\/media?parent=21039"}],"curies":[{"name":"wp","href":"https:\/\/api.w.org\/{rel}","templated":true}]}}