{"id":21044,"date":"2024-07-10T18:13:12","date_gmt":"2024-07-10T18:13:12","guid":{"rendered":"https:\/\/vccf.org\/?page_id=21044"},"modified":"2025-05-05T10:52:20","modified_gmt":"2025-05-05T17:52:20","slug":"initiatives","status":"publish","type":"page","link":"https:\/\/vccf.org\/fr\/initiatives\/","title":{"rendered":"Initiatives"},"content":{"rendered":"<h1>\n\t\tTransformer des vies, une initiative \u00e0 la fois.\n\t<\/h1>\n<h1>\n\t\tRejoignez-nous !\n\t<\/h1>\n\t<p>De la protection de l'environnement aux programmes \u00e9ducatifs, votre soutien aux initiatives de la VCCF dans le comt\u00e9 de Ventura cr\u00e9e une communaut\u00e9 prosp\u00e8re pour tous. D\u00e9couvrez comment vous pouvez faire la diff\u00e9rence d\u00e8s aujourd'hui !<\/p>\n\t\t\t<a href=\"https:\/\/vccf.org\/fr\/initiatives\/donate\/\" target=\"_self\">\n\t\t\t\t\t\t\tFaire un don\n\t\t\t\t\t<\/a>\n\t\t\t\t<img loading=\"lazy\" decoding=\"async\" src=\"https:\/\/vccf.org\/wp-content\/uploads\/2024\/04\/\u0421\u043b\u043e\u0439-1-4.png\" alt=\"\u0421\u043b\u043e\u0438\u0306 1 4\" itemprop=\"image\" height=\"60\" width=\"44\" title=\"\u0421\u043b\u043e\u0439 1 4\" onerror=\"this.style.display='none'\"  \/>\n<h3>\n\t\tFaire du comt\u00e9 de Ventura un meilleur endroit o\u00f9 vivre\n\t<\/h3>\n\t<p>Votre soutien aux initiatives de la VCCF dans le comt\u00e9 de Ventura permet de cr\u00e9er une communaut\u00e9 prosp\u00e8re pour tous. En soutenant ces programmes, vous contribuez directement \u00e0 fa\u00e7onner l'avenir du comt\u00e9 de Ventura, en nous aidant \u00e0 relever les d\u00e9fis les plus importants. D\u00e9couvrez comment vous pouvez faire la diff\u00e9rence d\u00e8s aujourd'hui !<\/p>\n<h2>\n\t\tInitiatives en cours\n\t<\/h2>\n        \t<meta itemscope itemprop=\"mainEntityOfPage\" itemtype=\"https:\/\/schema.org\/WebPage\" itemid=\"http:\/\/176\" content=\"Isabella Project &#8211; Highest-Quality Early Childhood Education Initiative\" \/><meta itemprop=\"datePublished\" content=\"2024-04-12\" \/><meta itemprop=\"dateModified\" content=\"2025-03-20\" \/><meta itemprop=\"name\" content=\"Ventura County Community Foundation\"\/><meta itemprop=\"url\" content=\"https:\/\/vccf.org\/author\/laurengraf\/\" \/><meta itemprop=\"name\" content=\"laurengraf\" \/><meta itemprop=\"url\" content=\"https:\/\/vccf.org\/wp-content\/uploads\/2024\/04\/c1cd2aab5c9cf2f0cdd797299fe64329-scaled.jpeg\" \/><meta itemprop=\"width\" content=\"1707\" \/><meta itemprop=\"height\" content=\"2560\" \/><meta itemprop=\"interactionType\" content=\"https:\/\/schema.org\/CommentAction\" \/><meta itemprop=\"userInteractionCount\" content=\"0\" \/>\n    <h3><a href='https:\/\/vccf.org\/fr\/vccf-initiatives\/isabella-project-early-childhood-education\/' title='Projet Isabella - Initiative pour une \u00e9ducation de la petite enfance de la plus haute qualit\u00e9'>Projet Isabella - Initiative pour une \u00e9ducation de la petite enfance de la plus haute qualit\u00e9<\/a><\/h3>\n    <img decoding=\"async\" src=\"https:\/\/vccf.org\/wp-content\/uploads\/2024\/04\/c1cd2aab5c9cf2f0cdd797299fe64329-scaled.jpeg\" \/>\n        \t<meta itemscope itemprop=\"mainEntityOfPage\" itemtype=\"https:\/\/schema.org\/WebPage\" itemid=\"http:\/\/177\" content=\"Animal Welfare Initiative\" \/><meta itemprop=\"datePublished\" content=\"2024-04-12\" \/><meta itemprop=\"dateModified\" content=\"2025-02-11\" \/><meta itemprop=\"name\" content=\"Ventura County Community Foundation\"\/><meta itemprop=\"url\" content=\"https:\/\/vccf.org\/author\/kazbek-kadalashvilieverneu-com\/\" \/><meta itemprop=\"name\" content=\"Kazbek Kadalashvili\" \/><meta itemprop=\"url\" content=\"https:\/\/vccf.org\/wp-content\/uploads\/2024\/04\/AdobeStock_716979388-1.png\" \/><meta itemprop=\"width\" content=\"836\" \/><meta itemprop=\"height\" content=\"850\" \/><meta itemprop=\"interactionType\" content=\"https:\/\/schema.org\/CommentAction\" \/><meta itemprop=\"userInteractionCount\" content=\"0\" \/>\n    <h3><a href='https:\/\/vccf.org\/fr\/vccf-initiatives\/vccf-animal-welfare-fund\/' title='Initiative en faveur du bien-\u00eatre des animaux'>Initiative en faveur du bien-\u00eatre des animaux<\/a><\/h3>\n    <img decoding=\"async\" src=\"https:\/\/vccf.org\/wp-content\/uploads\/2024\/04\/AdobeStock_716979388-1.png\" \/>\n        \t<meta itemscope itemprop=\"mainEntityOfPage\" itemtype=\"https:\/\/schema.org\/WebPage\" itemid=\"http:\/\/178\" content=\"Caregiver Initiative\" \/><meta itemprop=\"datePublished\" content=\"2024-04-12\" \/><meta itemprop=\"dateModified\" content=\"2025-01-13\" \/><meta itemprop=\"name\" content=\"Ventura County Community Foundation\"\/><meta itemprop=\"url\" content=\"https:\/\/vccf.org\/author\/viktar-ramanovicheverneu-com\/\" \/><meta itemprop=\"name\" content=\"Viktar Ramanovich\" \/><meta itemprop=\"url\" content=\"https:\/\/vccf.org\/wp-content\/uploads\/2024\/04\/vccf-lr-40-768x512-1.jpg\" \/><meta itemprop=\"width\" content=\"768\" \/><meta itemprop=\"height\" content=\"512\" \/><meta itemprop=\"interactionType\" content=\"https:\/\/schema.org\/CommentAction\" \/><meta itemprop=\"userInteractionCount\" content=\"0\" \/>\n    <h3><a href='https:\/\/vccf.org\/fr\/vccf-initiatives\/caregiver-initiative\/' title='Initiative en faveur des aidants'>Initiative en faveur des aidants<\/a><\/h3>\n    <img decoding=\"async\" src=\"https:\/\/vccf.org\/wp-content\/uploads\/2024\/04\/vccf-lr-40-768x512-1.jpg\" \/>\n        \t<meta itemscope itemprop=\"mainEntityOfPage\" itemtype=\"https:\/\/schema.org\/WebPage\" itemid=\"http:\/\/181\" content=\"Environmental Initiative\" \/><meta itemprop=\"datePublished\" content=\"2024-04-12\" \/><meta itemprop=\"dateModified\" content=\"2025-01-13\" \/><meta itemprop=\"name\" content=\"Ventura County Community Foundation\"\/><meta itemprop=\"url\" content=\"https:\/\/vccf.org\/author\/kazbek-kadalashvilieverneu-com\/\" \/><meta itemprop=\"name\" content=\"Kazbek Kadalashvili\" \/><meta itemprop=\"url\" content=\"https:\/\/vccf.org\/wp-content\/uploads\/2024\/04\/image-18-1.png\" \/><meta itemprop=\"width\" content=\"836\" \/><meta itemprop=\"height\" content=\"850\" \/><meta itemprop=\"interactionType\" content=\"https:\/\/schema.org\/CommentAction\" \/><meta itemprop=\"userInteractionCount\" content=\"0\" \/>\n    <h3><a href='https:\/\/vccf.org\/fr\/vccf-initiatives\/environmental-initiative\/' title='Initiative environnementale'>Initiative environnementale<\/a><\/h3>\n    <img decoding=\"async\" src=\"https:\/\/vccf.org\/wp-content\/uploads\/2024\/04\/image-18-1.png\" \/>\n        \t<meta itemscope itemprop=\"mainEntityOfPage\" itemtype=\"https:\/\/schema.org\/WebPage\" itemid=\"http:\/\/21045\" content=\"Scholarships for Local Students\" \/><meta itemprop=\"datePublished\" content=\"2024-07-10\" \/><meta itemprop=\"dateModified\" content=\"2024-11-06\" \/><meta itemprop=\"name\" content=\"Ventura County Community Foundation\"\/><meta itemprop=\"url\" content=\"https:\/\/vccf.org\/author\/viktar-ramanovicheverneu-com\/\" \/><meta itemprop=\"name\" content=\"Viktar Ramanovich\" \/><meta itemprop=\"url\" content=\"https:\/\/vccf.org\/wp-content\/uploads\/2024\/07\/image-142.png\" \/><meta itemprop=\"width\" content=\"345\" \/><meta itemprop=\"height\" content=\"222\" \/><meta itemprop=\"interactionType\" content=\"https:\/\/schema.org\/CommentAction\" \/><meta itemprop=\"userInteractionCount\" content=\"0\" \/>\n    <h3>\n        <a href=\"https:\/\/vccf.org\/fr\/scholarships\/\">Bourses d'\u00e9tudes pour les \u00e9tudiants locaux<\/a>\n    <\/h3>\n    <img decoding=\"async\" src=\"https:\/\/vccf.org\/wp-content\/uploads\/2024\/07\/image-142.png\" \/>\n        \t<meta itemscope itemprop=\"mainEntityOfPage\" itemtype=\"https:\/\/schema.org\/WebPage\" itemid=\"http:\/\/21622\" content=\"VCCF Disaster Resilience and Preparedness\" \/><meta itemprop=\"datePublished\" content=\"2024-11-06\" \/><meta itemprop=\"dateModified\" content=\"2025-02-12\" \/><meta itemprop=\"name\" content=\"Ventura County Community Foundation\"\/><meta itemprop=\"url\" content=\"https:\/\/vccf.org\/author\/maria-dadonovaeverneu-com\/\" \/><meta itemprop=\"name\" content=\"Maria Dadonova\" \/><meta itemprop=\"url\" content=\"https:\/\/vccf.org\/wp-content\/uploads\/2025\/01\/hill-fire-and-woolsey-fire-flower-e1561367852867-line-removed-2.png\" \/><meta itemprop=\"width\" content=\"1492\" \/><meta itemprop=\"height\" content=\"825\" \/><meta itemprop=\"interactionType\" content=\"https:\/\/schema.org\/CommentAction\" \/><meta itemprop=\"userInteractionCount\" content=\"0\" \/>\n    <h3><a href='https:\/\/vccf.org\/fr\/vccf-initiatives\/vccf-disaster-resilience-and-preparedness\/' title='R\u00e9silience et pr\u00e9paration aux catastrophes de la VCCF'>R\u00e9silience et pr\u00e9paration aux catastrophes de la VCCF<\/a><\/h3>\n    <img decoding=\"async\" src=\"https:\/\/vccf.org\/wp-content\/uploads\/2025\/01\/hill-fire-and-woolsey-fire-flower-e1561367852867-line-removed-2.png\" \/>\n<h2>\n\t\tRejoignez-nous maintenant\n\t<\/h2>\n<h3>\n\t\tSaisissez l'occasion de faire une diff\u00e9rence durable.\n\t<\/h3>\n\t<p><strong><a href=\"\/fr\/initiatives\/donate\/\">Faites un don aujourd'hui et devenez un \u00e9l\u00e9ment essentiel de notre mission.<\/a><\/strong><\/p>\n<p>Ensemble, nous pouvons continuer \u00e0 relever les d\u00e9fis et \u00e0 c\u00e9l\u00e9brer la force du comt\u00e9 de Ventura. Ensemble, investissons dans un avenir o\u00f9 chaque membre de notre communaut\u00e9 aura la possibilit\u00e9 de s'\u00e9panouir.<\/p>","protected":false},"excerpt":{"rendered":"<p>Transformer des vies, une initiative \u00e0 la fois. Rejoignez-nous ! De la protection de l'environnement aux programmes \u00e9ducatifs, votre soutien aux initiatives de la VCCF dans le comt\u00e9 de Ventura cr\u00e9e une communaut\u00e9 prosp\u00e8re pour tous. Explorer...<\/p>","protected":false},"author":4,"featured_media":0,"parent":0,"menu_order":0,"comment_status":"closed","ping_status":"closed","template":"","meta":{"_acf_changed":false,"give_campaign_id":0,"footnotes":""},"class_list":["post-21044","page","type-page","status-publish","hentry"],"acf":[],"campaignId":"","_links":{"self":[{"href":"https:\/\/vccf.org\/fr\/wp-json\/wp\/v2\/pages\/21044","targetHints":{"allow":["GET"]}}],"collection":[{"href":"https:\/\/vccf.org\/fr\/wp-json\/wp\/v2\/pages"}],"about":[{"href":"https:\/\/vccf.org\/fr\/wp-json\/wp\/v2\/types\/page"}],"author":[{"embeddable":true,"href":"https:\/\/vccf.org\/fr\/wp-json\/wp\/v2\/users\/4"}],"replies":[{"embeddable":true,"href":"https:\/\/vccf.org\/fr\/wp-json\/wp\/v2\/comments?post=21044"}],"version-history":[{"count":0,"href":"https:\/\/vccf.org\/fr\/wp-json\/wp\/v2\/pages\/21044\/revisions"}],"wp:attachment":[{"href":"https:\/\/vccf.org\/fr\/wp-json\/wp\/v2\/media?parent=21044"}],"curies":[{"name":"wp","href":"https:\/\/api.w.org\/{rel}","templated":true}]}}