{"id":21048,"date":"2024-07-11T12:05:33","date_gmt":"2024-07-11T12:05:33","guid":{"rendered":"https:\/\/vccf.org\/?page_id=21048"},"modified":"2025-11-17T14:02:50","modified_gmt":"2025-11-17T22:02:50","slug":"professional-advisor-faqs","status":"publish","type":"page","link":"https:\/\/vccf.org\/fr\/donate\/professional-advisor-faqs\/","title":{"rendered":"FAQ sur les conseillers professionnels"},"content":{"rendered":"<h1>\n\t\t\tFAQ sur les conseillers professionnels\t<\/h1>\n\t\t\t\t<h2 itemprop=\"name description\">Pourquoi devrais-je recommander la VCCF \u00e0 mes clients ?<\/h2>\n\t\t\t\tEn tant que conseiller professionnel, vos recommandations peuvent avoir un impact consid\u00e9rable sur les strat\u00e9gies philanthropiques de vos clients. La Ventura County Community Foundation n'est pas une simple fondation ; c'est une organisation centr\u00e9e sur la communaut\u00e9, profond\u00e9ment ancr\u00e9e dans le comt\u00e9 de Ventura depuis 1987. Recommander la VCCF vous permet de mettre vos clients en contact avec une entit\u00e9 de confiance connue pour sa transparence, sa compassion et son excellence dans la gestion des ressources philanthropiques. Les donateurs de la VCCF ont octroy\u00e9 plus de $250 millions de dollars depuis 1987, ce qui a eu un impact direct sur les organisations \u00e0 but non lucratif locales et a permis d'aider des milliers d'\u00e9tudiants gr\u00e2ce \u00e0 des bourses d'\u00e9tudes.\n\t\t\t\t<h2 itemprop=\"name description\">Quels services uniques la VCCF offre-t-elle \u00e0 mes clients ?<\/h2>\n\t\t\t\tLa VCCF fournit des conseils philanthropiques centr\u00e9s sur le client, en l'aidant \u00e0 cr\u00e9er des strat\u00e9gies de dons personnalis\u00e9es et percutantes. Cela va de l'identification des causes \u00e0 l'\u00e9laboration de strat\u00e9gies conformes aux valeurs de vos clients. En outre, la VCCF propose des options de donation flexibles, telles que les fonds conseill\u00e9s par les donateurs, qui peuvent \u00eatre plus rentables et plus simples que la cr\u00e9ation d'une fondation priv\u00e9e.\n\t\t\t\t<h2 itemprop=\"name description\">La VCCF peut-elle aider \u00e0 g\u00e9rer des types de dons complexes ?<\/h2>\n\t\t\t\tOui, la VCCF est \u00e9quip\u00e9e pour g\u00e9rer un large \u00e9ventail de types d'actifs, y compris les liquidit\u00e9s, les biens immobiliers et les actions. Notre expertise s'\u00e9tend \u00e0 des sc\u00e9narios plus complexes tels que les actions d\u00e9tenues par des particuliers ou la planification des \u0153uvres de bienfaisance, garantissant que les actes philanthropiques de vos clients ont un impact et sont financi\u00e8rement sains.\n\t\t\t\t<h2 itemprop=\"name description\">Quels sont les avantages d'un partenariat avec la VCCF pour moi en tant que conseiller professionnel ?<\/h2>\n\t\t\t\tEn vous associant \u00e0 la VCCF, vous avez acc\u00e8s \u00e0 une organisation profond\u00e9ment enracin\u00e9e dans la communaut\u00e9 et poss\u00e9dant une connaissance approfondie des besoins locaux. En plus d'am\u00e9liorer votre offre de services, un partenariat avec la VCCF vous positionne comme un acteur cl\u00e9 dans le parcours philanthropique de vos clients, ce qui permet d'approfondir les relations avec les clients et d'asseoir votre r\u00e9putation de conseiller avant-gardiste.\n\t\t\t\t<h2 itemprop=\"name description\">Quel est l'impact de la VCCF dans le comt\u00e9 de Ventura ?<\/h2>\n\t\t\t\tLa VCCF a jou\u00e9 un r\u00f4le d\u00e9terminant dans la r\u00e9solution de certains des probl\u00e8mes les plus urgents du comt\u00e9 de Ventura, qu'il s'agisse d'initiatives dans le domaine de l'\u00e9ducation ou de secours en cas de catastrophe. Notre travail, soutenu par un r\u00e9seau de donateurs et de partenaires, t\u00e9moigne du pouvoir de la philanthropie communautaire et de la diff\u00e9rence tangible qu'elle fait dans la vie des habitants du comt\u00e9 de Ventura.\n\t\t\t\t<h2 itemprop=\"name description\">Avez-vous des sp\u00e9cialistes certifi\u00e9s en mati\u00e8re de dons planifi\u00e9s parmi votre personnel ? <\/h2>\n\t\t\t\t<p>Oui ! Quatre membres du personnel de la VCCF sont des sp\u00e9cialistes certifi\u00e9s des dons planifi\u00e9s.<\/p>\n\t\t\t\t<h2 itemprop=\"name description\"> Avez-vous des analystes fiduciaires en investissements accr\u00e9dit\u00e9s parmi votre personnel ?<\/h2>\n\t\t\t\t<p>Oui ! Deux membres du personnel de la VCCF sont des analystes fiduciaires accr\u00e9dit\u00e9s en mati\u00e8re d'investissement.<\/p>\n\t\t\t\t<h2 itemprop=\"name description\">Qui sont les conseillers professionnels avec lesquels vous travaillez principalement et que vous souhaitez attirer ?<\/h2>\n\t\t\t\t<p>Nous travaillons en \u00e9troite collaboration avec des avocats sp\u00e9cialis\u00e9s dans les successions, des experts-comptables et des comptables fiscaux, des planificateurs financiers agr\u00e9\u00e9s et des planificateurs successoraux, et nous cherchons \u00e0 les attirer. Notre objectif est de nous associer \u00e0 des conseillers qui s'engagent \u00e0 guider leurs clients dans la prise de d\u00e9cisions philanthropiques significatives.<\/p>\n\t\t\t\t<h2 itemprop=\"name description\">Quels sont les services, ressources, valeurs et avantages sp\u00e9cifiques que vous offrez aux conseillers professionnels ?<\/h2>\n\t\t\t\t<p>\u00c0 la VCCF, nous offrons un avantage distinctif en \u00e9tant profond\u00e9ment enracin\u00e9s dans la communaut\u00e9 locale. Notre bureau de conseil en philanthropie offre des services personnalis\u00e9s aux particuliers, aux familles et aux entreprises, les guidant tout au long de leur parcours philanthropique. Nous les aidons \u00e0 identifier des causes significatives, \u00e0 d\u00e9velopper des strat\u00e9gies efficaces, \u00e0 impliquer les g\u00e9n\u00e9rations futures dans la philanthropie et \u00e0 offrir une expertise locale sur les questions communautaires urgentes. Nos contr\u00f4les pr\u00e9alables sur les organisations \u00e0 but non lucratif, nos conseils strat\u00e9giques en mati\u00e8re d'octroi de subventions et notre formation sur l'optimisation des dons de bienfaisance permettent aux conseillers professionnels d'offrir des solutions globales \u00e0 leurs clients.<\/p>\n<p>En outre, notre expertise en mati\u00e8re de dons planifi\u00e9s nous permet de collaborer avec des conseillers professionnels pour concevoir des strat\u00e9gies de dons qui r\u00e9pondent \u00e0 divers besoins, tels que la fourniture d'un revenu imm\u00e9diat, la r\u00e9duction des imp\u00f4ts et l'\u00e9tablissement d'un h\u00e9ritage durable. Nous fournissons \u00e9galement des services de reporting d'impact, aidant les conseillers \u00e0 d\u00e9montrer les r\u00e9sultats tangibles des investissements philanthropiques de leurs clients. Enfin, nous proposons des consultations personnalis\u00e9es, des services de planification de l'h\u00e9ritage et l'acc\u00e8s \u00e0 un vaste r\u00e9seau d'experts et de pairs, y compris des responsables juridiques, financiers et associatifs. Ce r\u00e9seau fournit des informations pr\u00e9cieuses et des opportunit\u00e9s de collaboration.<\/p>\n\t\t\t\t<h2 itemprop=\"name description\">Existe-t-il des programmes ou des initiatives uniques adapt\u00e9s aux conseillers professionnels ? <\/h2>\n\t\t\t\t<p>Nous sommes heureux d'annoncer le lancement prochain de plusieurs initiatives con\u00e7ues sp\u00e9cifiquement pour les conseillers professionnels. Pour rester inform\u00e9, veuillez vous inscrire \u00e0 notre <a href=\"\/fr\/media-news\/email-newsletter-sign-up\/\">Lettre d'information \"Power of Purpose<\/a>.<\/p>\n\t\t\t\t<h2 itemprop=\"name description\">Fournissez-vous des outils que les conseillers professionnels peuvent utiliser avec leurs clients ?<\/h2>\n\t\t\t\tSur demande, nous r\u00e9alisons des illustrations personnalis\u00e9es pour les donateurs int\u00e9ress\u00e9s par la constitution d'une rente de bienfaisance (CGA) ou d'une fiducie r\u00e9siduaire de bienfaisance (CRT). Ces illustrations pr\u00e9sentent au donateur le revenu anticip\u00e9 et l'avantage fiscal de son don.\n\t\t\t\t<h2 itemprop=\"name description\">Quels sont les avantages fiscaux ou les incitations que les conseillers professionnels doivent conna\u00eetre lorsqu'ils guident leurs clients dans leurs dons \u00e0 la VCCF ?<\/h2>\n\t\t\t\t<p>Les dons \u00e0 la VCCF offrent plusieurs avantages fiscaux potentiels, qui peuvent faire partie int\u00e9grante d'une strat\u00e9gie financi\u00e8re et philanthropique globale. Les principaux avantages fiscaux sont les suivants<\/p>\n<ul>\n<li><strong>D\u00e9duction de l'imp\u00f4t sur le revenu pour les \u0153uvres de bienfaisance :<\/strong> Les donateurs peuvent souvent d\u00e9duire les dons \u00e0 la VCCF de leur imp\u00f4t f\u00e9d\u00e9ral sur le revenu, \u00e0 concurrence d'un certain pourcentage de leur revenu brut ajust\u00e9 (AGI). Cette d\u00e9duction peut \u00eatre particuli\u00e8rement avantageuse pour les personnes \u00e0 hauts revenus.<\/li>\n<li><strong>\u00c9conomies d'imp\u00f4t sur les plus-values :<\/strong> Les donateurs qui apportent \u00e0 la VCCF des actifs ayant pris de la valeur, tels que des actions ou des biens immobiliers, peuvent potentiellement \u00e9viter de payer des imp\u00f4ts sur les plus-values. Cela leur permet d'avoir un impact caritatif plus important que s'ils vendaient les actifs et donnaient le produit de la vente.<\/li>\n<li><strong>R\u00e9duction de l'imp\u00f4t sur les successions :<\/strong> L'inclusion de dons de bienfaisance dans un plan successoral peut r\u00e9duire la valeur imposable de la succession, ce qui peut permettre de r\u00e9duire ou d'\u00e9liminer les droits de succession. Ceci est particuli\u00e8rement b\u00e9n\u00e9fique pour les donateurs qui souhaitent laisser un h\u00e9ritage durable tout en minimisant l'imp\u00f4t sur les successions.<\/li>\n<li><strong>Les fonds conseill\u00e9s par les donateurs (Donor Advised Funds - DAF) :<\/strong> La cr\u00e9ation d'un fonds conseill\u00e9 par le donateur par l'interm\u00e9diaire de la VCCF peut permettre aux donateurs de b\u00e9n\u00e9ficier d'une d\u00e9duction fiscale imm\u00e9diate pour le montant total de la contribution, tout en conservant la possibilit\u00e9 de recommander des subventions au fil du temps. Il peut s'agir d'un outil strat\u00e9gique pour g\u00e9rer les obligations fiscales et soutenir des causes caritatives.<\/li>\n<li><strong>Transferts de fonds de l'IRA \u00e0 des fins caritatives :<\/strong> Les personnes \u00e2g\u00e9es de 70\u00bd ans ou plus peuvent effectuer des transferts non imposables directement de leur IRA \u00e0 la VCCF, satisfaisant ainsi aux distributions minimales requises sans encourir d'imp\u00f4t sur le revenu.<\/li>\n<\/ul>\n<p>Bien que ces avantages puissent \u00eatre significatifs, il est important que les donateurs consultent des fiscalistes ou des avocats sp\u00e9cialis\u00e9s dans la planification successorale afin de comprendre les implications sp\u00e9cifiques des dons caritatifs dans le contexte de leur situation financi\u00e8re et fiscale globale. La VCCF s'engage \u00e0 travailler avec des conseillers professionnels pour s'assurer que les donateurs re\u00e7oivent des informations exactes et maximisent l'impact de leurs contributions philanthropiques.<\/p>\n\t<p>For more details or to discuss ways VCCF can assist you and your clients, contact our Philanthropic Services Team<\/p>\n\t\t\t<a href=\"\/fr\/my-vccf-fund\/fund-contact\/\" target=\"_self\">\n\t\t\t\t\t\t\tNous contacter\n\t\t\t\t\t<\/a>\n\t<p>La Ventura County Community Foundation s'engage \u00e0 faire du comt\u00e9 de Ventura une communaut\u00e9 prosp\u00e8re et \u00e9quitable.<\/p>\n<p>&nbsp;<\/p>\n<p>Ensemble, nous pouvons inspirer et permettre \u00e0 vos clients de faire partie d'un h\u00e9ritage de g\u00e9n\u00e9rosit\u00e9 et d'impact.<\/p>\n    <button id=\"board-prev\" type=\"button\"><\/button>\n    1\n     \/ 3\n    <button id=\"board-next\" type=\"button\"><\/button>","protected":false},"excerpt":{"rendered":"<p>FAQ pour les conseillers professionnels Pourquoi devrais-je recommander la VCCF \u00e0 mes clients ? En tant que conseiller professionnel, vos recommandations peuvent avoir un impact consid\u00e9rable sur les strat\u00e9gies philanthropiques de vos clients. La Ventura County Community Foundation est...<\/p>","protected":false},"author":4,"featured_media":0,"parent":20931,"menu_order":0,"comment_status":"closed","ping_status":"closed","template":"","meta":{"_acf_changed":false,"give_campaign_id":0,"footnotes":""},"class_list":["post-21048","page","type-page","status-publish","hentry"],"acf":[],"campaignId":"","_links":{"self":[{"href":"https:\/\/vccf.org\/fr\/wp-json\/wp\/v2\/pages\/21048","targetHints":{"allow":["GET"]}}],"collection":[{"href":"https:\/\/vccf.org\/fr\/wp-json\/wp\/v2\/pages"}],"about":[{"href":"https:\/\/vccf.org\/fr\/wp-json\/wp\/v2\/types\/page"}],"author":[{"embeddable":true,"href":"https:\/\/vccf.org\/fr\/wp-json\/wp\/v2\/users\/4"}],"replies":[{"embeddable":true,"href":"https:\/\/vccf.org\/fr\/wp-json\/wp\/v2\/comments?post=21048"}],"version-history":[{"count":0,"href":"https:\/\/vccf.org\/fr\/wp-json\/wp\/v2\/pages\/21048\/revisions"}],"up":[{"embeddable":true,"href":"https:\/\/vccf.org\/fr\/wp-json\/wp\/v2\/pages\/20931"}],"wp:attachment":[{"href":"https:\/\/vccf.org\/fr\/wp-json\/wp\/v2\/media?parent=21048"}],"curies":[{"name":"wp","href":"https:\/\/api.w.org\/{rel}","templated":true}]}}