{"id":21049,"date":"2024-07-11T13:31:46","date_gmt":"2024-07-11T13:31:46","guid":{"rendered":"https:\/\/vccf.org\/?page_id=21049"},"modified":"2025-11-17T14:11:46","modified_gmt":"2025-11-17T22:11:46","slug":"donor-faqs","status":"publish","type":"page","link":"https:\/\/vccf.org\/fr\/donate\/donor-faqs\/","title":{"rendered":"FAQ sur les donateurs"},"content":{"rendered":"<h1>\n\t\t\tQuestions fr\u00e9quemment pos\u00e9es par nos donateurs\t<\/h1>\n\t<p>Au VCCF, nous croyons au pouvoir de la communaut\u00e9. Chaque question que vous posez renforce notre mission d'am\u00e9liorer la vitalit\u00e9 et le bien-\u00eatre du comt\u00e9 de Ventura. Que vous envisagiez de faire un don ou que vous soyez d\u00e9j\u00e0 donateur, vos questions ouvrent la voie \u00e0 un plus grand impact. Vous trouverez ci-dessous les r\u00e9ponses aux questions les plus courantes de nos donateurs.<\/p>\n\t\t\t\tLa VCCF est-elle tenue d'\u00eatre un bon gestionnaire de mon don ?\n\t\t\t\tOUI, LA VCCF EST CERTIFI\u00c9E 100% PAR LE CONSEIL D'ADMINISTRATION DE LA FONDATION. Le conseil d'administration de la VCCF est certifi\u00e9 100% (Fiduciary Essentials for Foundations and Endowments - FEFE) et le personnel est form\u00e9 chaque ann\u00e9e.\n<img loading=\"lazy\" decoding=\"async\" src=\"https:\/\/vccf.org\/wp-content\/uploads\/2024\/07\/logo.png\" alt=\"\" width=\"120\" height=\"120\" \/>\n\t\t\t\tPourquoi devrais-je faire un don \u00e0 la VCCF ?\n\t\t\t\tFaire un don \u00e0 la Ventura County Community Foundation, c'est investir dans l'avenir de notre communaut\u00e9. Chaque dollar que vous donnez soutient des organisations \u00e0 but non lucratif locales et des initiatives visant \u00e0 am\u00e9liorer la qualit\u00e9 de vie dans le comt\u00e9 de Ventura. Nos liens \u00e9troits avec la communaut\u00e9 et notre connaissance approfondie des besoins locaux garantissent que vos contributions sont dirig\u00e9es l\u00e0 o\u00f9 elles peuvent faire le plus de bien :\n<ul>\n<li data-pm-slice=\"1 3 []\">Plus de $250 millions distribu\u00e9s sous forme de subventions et de bourses depuis le d\u00e9but.<\/li>\n<li data-pm-slice=\"1 3 []\">Reconnaissance coh\u00e9rente de la transparence et de la responsabilit\u00e9 fiscale.<\/li>\n<\/ul>\n\t\t\t\tLa VCCF est-elle une association \u00e0 but non lucratif ?\n\t\t\t\tOUI, LA VCCF EST UNE ASSOCIATION \u00c0 BUT NON LUCRATIF. Par cons\u00e9quent, tout don \u00e0 la VCCF ou \u00e0 un fonds de la VCCF est un don de bienfaisance sous le num\u00e9ro d'identification fiscale 77-0165029.\n\t\t\t\tQuels types d'actifs puis-je donner ?\n\t\t\t\tLa VCCF est autoris\u00e9e \u00e0 accepter des dons de toutes sortes. Les types de dons les plus courants sont les esp\u00e8ces, les biens ayant pris de la valeur et les actions cot\u00e9es en bourse, mais nous pouvons \u00e9galement accepter la plupart des autres actifs.\n\t<p>To learn more or to take the next step of your Ventura County Philanthropic Journey, please contact our Philanthropic Services team<\/p>\n\t\t\t<a href=\"\/fr\/my-vccf-fund\/fund-contact\/\" target=\"_self\">\n\t\t\t\t\t\t\tContacter Jim Rivera\n\t\t\t\t\t<\/a>\n\t\t\t\t<img decoding=\"async\" src=\"https:\/\/vccf.org\/wp-content\/uploads\/2024\/07\/Group-1080-2.png\" alt=\"Group 1080 (2)\" itemprop=\"image\" height=\"563\" width=\"463\" title=\"Groupe 1080 (2)\" onerror=\"this.style.display='none'\" loading=\"lazy\" \/>\n\t<p>\"Cette communaut\u00e9 est notre foyer depuis de nombreuses ann\u00e9es et a \u00e9t\u00e9 bonne pour nous. Nos enfants et nos petits-enfants vivent tous dans cette r\u00e9gion. Nous avons cr\u00e9\u00e9 ce fonds pour favoriser le d\u00e9veloppement de logements abordables, soutenir les arts et am\u00e9liorer le bien-\u00eatre physique et mental des habitants de notre communaut\u00e9. Le fonds est flexible et nous aide \u00e0 planifier notre succession, et nous aimons pouvoir voir les r\u00e9sultats de nos dons alors que nous sommes encore en vie pour y participer.<\/p>\n<h4>\n\t\t\tMike Merewether. Donateur\t<\/h4>\n\t<p>Chaque question conduit \u00e0 une compr\u00e9hension et \u00e0 une connexion plus profondes. Votre curiosit\u00e9 alimente notre mission commune d'enrichir la vie de chaque habitant du comt\u00e9 de Ventura. Ensemble, nous cr\u00e9ons un h\u00e9ritage de compassion et de r\u00e9silience. Merci de consid\u00e9rer la Ventura County Community Foundation comme votre partenaire philanthropique.<\/p>\n<h4>\n\t\t\tPr\u00eat \u00e0 faire la diff\u00e9rence ?\t<\/h4>\n\t<p><a href=\"https:\/\/vccf.org\/fr\/contact-us\/\">Contactez-nous d\u00e8s aujourd'hui<\/a>, <a href=\"https:\/\/vccf.org\/fr\/donate\/\">donner<\/a>ou <a href=\"https:\/\/vccf.org\/fr\/my-vccf-fund\/start-a-fund\/\">cr\u00e9ez votre propre fonds<\/a> pour commencer votre voyage philanthropique et faire du comt\u00e9 de Ventura un endroit o\u00f9 il fait bon vivre.<\/p>\n\t\t\t\t<img decoding=\"async\" src=\"https:\/\/vccf.org\/wp-content\/uploads\/2024\/04\/image-11.png\" alt=\"image (11)\" itemprop=\"image\" height=\"563\" width=\"463\" title=\"image (11)\" onerror=\"this.style.display='none'\" loading=\"lazy\" \/>","protected":false},"excerpt":{"rendered":"<p>Questions fr\u00e9quemment pos\u00e9es par nos donateurs Au VCCF, nous croyons au pouvoir de la communaut\u00e9. Chaque question que vous posez renforce notre mission d'am\u00e9liorer la vitalit\u00e9 et le bien-\u00eatre...<\/p>","protected":false},"author":4,"featured_media":0,"parent":20931,"menu_order":0,"comment_status":"closed","ping_status":"closed","template":"","meta":{"_acf_changed":false,"give_campaign_id":0,"footnotes":""},"class_list":["post-21049","page","type-page","status-publish","hentry"],"acf":[],"campaignId":"","_links":{"self":[{"href":"https:\/\/vccf.org\/fr\/wp-json\/wp\/v2\/pages\/21049","targetHints":{"allow":["GET"]}}],"collection":[{"href":"https:\/\/vccf.org\/fr\/wp-json\/wp\/v2\/pages"}],"about":[{"href":"https:\/\/vccf.org\/fr\/wp-json\/wp\/v2\/types\/page"}],"author":[{"embeddable":true,"href":"https:\/\/vccf.org\/fr\/wp-json\/wp\/v2\/users\/4"}],"replies":[{"embeddable":true,"href":"https:\/\/vccf.org\/fr\/wp-json\/wp\/v2\/comments?post=21049"}],"version-history":[{"count":0,"href":"https:\/\/vccf.org\/fr\/wp-json\/wp\/v2\/pages\/21049\/revisions"}],"up":[{"embeddable":true,"href":"https:\/\/vccf.org\/fr\/wp-json\/wp\/v2\/pages\/20931"}],"wp:attachment":[{"href":"https:\/\/vccf.org\/fr\/wp-json\/wp\/v2\/media?parent=21049"}],"curies":[{"name":"wp","href":"https:\/\/api.w.org\/{rel}","templated":true}]}}