{"id":21085,"date":"2024-07-23T09:16:00","date_gmt":"2024-07-23T09:16:00","guid":{"rendered":"https:\/\/vccf.org\/?page_id=21085"},"modified":"2025-08-25T11:53:16","modified_gmt":"2025-08-25T18:53:16","slug":"access-my-fund","status":"publish","type":"page","link":"https:\/\/vccf.org\/fr\/my-vccf-fund\/access-my-fund\/","title":{"rendered":"Acc\u00e9der \u00e0 mon fonds VCCF"},"content":{"rendered":"<h1>\n\t\t\tAcc\u00e8s au portail du fonds VCCF :\t<\/h1>\n\t<p>Voir l'historique<\/p>\n\t<p>V\u00e9rifiez l'historique de vos dons et subventions<\/p>\n\t<p>\u00c9tats financiers<\/p>\n\t<p>Acc\u00e9der aux relev\u00e9s d\u00e9taill\u00e9s des fonds<\/p>\n\t<p>Soumettre des recommandations<\/p>\n\t<p>Faire des recommandations de subventions directement via le portail<\/p>\n\t<p><em>We are excited to introduce our new portal, with a brand new look! Multifactor authentication will also be activated, <a href=\"https:\/\/vccf.org\/wp-content\/uploads\/2025\/08\/Portal-2.0-MFA-Guide-REVISION.docx\">which you can learn more about here<\/a>. <a href=\"mailto:aweissman@vccf.org\">Please contact Aaron Weissman at\u00a0aweissman@vccf.org\u00a0for any questions<\/a>.<\/em><\/p>\n\t<p>Si vous \u00eates nouveau sur ce site :<\/p>\n\t<p>Cliquez sur \"S'inscrire\" pour configurer votre acc\u00e8s au portail en ligne.<\/p>\n\t\t\t<a href=\"https:\/\/vccf.spectrumportal.net\/accounts\/register\" target=\"_blank\" rel=\"noopener\">\n\t\t\t\t\t\t\tRegistre\n\t\t\t\t\t<\/a>\n\t<p>Veuillez pr\u00e9voir un d\u00e9lai de trois jours ouvrables pour la mise en place de votre portail d'acc\u00e8s en ligne.<\/p>\n\t<p>Si vous \u00eates un utilisateur habituel :<\/p>\n\t<p>Cliquez sur \"Se connecter\" pour acc\u00e9der au portail en ligne.<\/p>\n\t\t\t<a href=\"https:\/\/vccf.spectrumportal.net\/accounts\/signin\" target=\"_blank\" rel=\"noopener\">\n\t\t\t\t\t\t\tSe connecter\n\t\t\t\t\t<\/a>\n\t<p>Attention : seuls les repr\u00e9sentants autoris\u00e9s auront acc\u00e8s au site.<\/p>","protected":false},"excerpt":{"rendered":"<p>Acc\u00e8s au portail des fonds de la VCCF : Voir l'historique V\u00e9rifier l'historique de vos dons et subventions Relev\u00e9s de fonds Acc\u00e9der aux relev\u00e9s de fonds d\u00e9taill\u00e9s Soumettre des recommandations Faire des recommandations de subventions directement via le portail Si vous \u00eates...<\/p>","protected":false},"author":3,"featured_media":0,"parent":21014,"menu_order":0,"comment_status":"closed","ping_status":"closed","template":"","meta":{"_acf_changed":false,"give_campaign_id":0,"footnotes":""},"class_list":["post-21085","page","type-page","status-publish","hentry"],"acf":[],"campaignId":"","_links":{"self":[{"href":"https:\/\/vccf.org\/fr\/wp-json\/wp\/v2\/pages\/21085","targetHints":{"allow":["GET"]}}],"collection":[{"href":"https:\/\/vccf.org\/fr\/wp-json\/wp\/v2\/pages"}],"about":[{"href":"https:\/\/vccf.org\/fr\/wp-json\/wp\/v2\/types\/page"}],"author":[{"embeddable":true,"href":"https:\/\/vccf.org\/fr\/wp-json\/wp\/v2\/users\/3"}],"replies":[{"embeddable":true,"href":"https:\/\/vccf.org\/fr\/wp-json\/wp\/v2\/comments?post=21085"}],"version-history":[{"count":0,"href":"https:\/\/vccf.org\/fr\/wp-json\/wp\/v2\/pages\/21085\/revisions"}],"up":[{"embeddable":true,"href":"https:\/\/vccf.org\/fr\/wp-json\/wp\/v2\/pages\/21014"}],"wp:attachment":[{"href":"https:\/\/vccf.org\/fr\/wp-json\/wp\/v2\/media?parent=21085"}],"curies":[{"name":"wp","href":"https:\/\/api.w.org\/{rel}","templated":true}]}}