{"id":21086,"date":"2024-07-23T10:02:18","date_gmt":"2024-07-23T10:02:18","guid":{"rendered":"https:\/\/vccf.org\/?page_id=21086"},"modified":"2025-07-24T04:39:34","modified_gmt":"2025-07-24T11:39:34","slug":"start-a-fund","status":"publish","type":"page","link":"https:\/\/vccf.org\/fr\/my-vccf-fund\/start-a-fund\/","title":{"rendered":"Cr\u00e9er un fonds avec la Ventura County Community Foundation"},"content":{"rendered":"<h1>\n\t\t\tCommencez votre h\u00e9ritage dans le comt\u00e9 de Ventura - Cr\u00e9ez un fonds VCCF\t<\/h1>\n\t<p>Bienvenue dans une communaut\u00e9 d'acteurs du changement !<\/p>\n<h2>\n\t\t\tPourquoi cr\u00e9er un fonds avec la VCCF ?\t<\/h2>\n\t<p>Rejoignez-nous dans notre engagement \u00e0 transformer le comt\u00e9 de Ventura par le biais d'une philanthropie cibl\u00e9e. La cr\u00e9ation d'un fonds aupr\u00e8s de la Ventura County Community Foundation est un moyen personnalis\u00e9 de soutenir des causes qui vous tiennent \u00e0 c\u0153ur et de favoriser le changement l\u00e0 o\u00f9 il est le plus n\u00e9cessaire dans notre communaut\u00e9.<\/p>\n\t\t\t\t<img decoding=\"async\" src=\"https:\/\/vccf.org\/wp-content\/uploads\/2024\/07\/logo-2.png\" alt=\"logo (2)\" itemprop=\"image\" height=\"120\" width=\"120\" title=\"logo (2)\" onerror=\"this.style.display='none'\" loading=\"lazy\" \/>\n<h3>\n\t\t\tLa VCCF est certifi\u00e9e 100% dans le cadre du programme Fiduciary Essentials for Foundations and Endowments (FEFE).\t<\/h3>\n<h3>\n\t\t\tComment cr\u00e9er un fonds\t<\/h3>\n\t<p>Commencez votre parcours philanthropique en prenant un rendez-vous de consultation gratuit avec notre \u00e9quipe d\u00e9di\u00e9e aux services philanthropiques. Nous discuterons de vos objectifs et explorerons les meilleures options pour que vos dons aient le plus d'impact possible.<\/p>\n\t\t\t<a href=\"https:\/\/vccf.org\/fr\/my-vccf-fund\/fund-contact\/\" target=\"_self\">\n\t\t\t\t\t\t\tPlanifier une consultation sans obligation\n\t\t\t\t\t<\/a>\n\t<p>\"La VCCF permet d'\u00e9tablir facilement un h\u00e9ritage qui profitera \u00e0 des personnes pendant des ann\u00e9es, et de s'assurer que les fonds vont \u00e0 des organisations m\u00e9ritantes.<\/p>\n\t<p>Kimberly J. Engberg, titulaire du fonds<\/p>\n<h3>\n\t\t\t\u00c9tapes typiques de la cr\u00e9ation d'un fonds :\t<\/h3>\n\t\t\t\tPasser en revue les objectifs et les aspirations\n\t\t\t\t<p>D\u00e9finissez les objectifs que vous souhaitez atteindre gr\u00e2ce \u00e0 votre philanthropie.<\/p>\n\t\t\t\tChoisir le type de fonds le mieux adapt\u00e9\n\t\t\t\t<p>Examinez et comparez diverses cat\u00e9gories de fonds pour r\u00e9pondre au mieux \u00e0 vos int\u00e9r\u00eats caritatifs et \u00e0 vos objectifs d'impact :<\/p>\n<ul data-pm-slice=\"3 3 []\">\n<li data-list-indent=\"2\" data-list-type=\"bulleted\">\n<p><strong>Fonds de l'Agence :<\/strong> Soutenez votre organisation \u00e0 but non lucratif avec des actifs g\u00e9r\u00e9s.<\/p>\n<\/li>\n<li data-list-indent=\"2\" data-list-type=\"bulleted\">\n<p><strong>Fonds orient\u00e9s par le donateur (Donor Advised Funds - DAF) :<\/strong> B\u00e9n\u00e9ficier d'avantages fiscaux et recommander des subventions.<\/p>\n<\/li>\n<li data-list-indent=\"2\" data-list-type=\"bulleted\">\n<p><strong>Fonds d\u00e9sign\u00e9s :<\/strong> Soutien direct \u00e0 des organisations ou programmes sp\u00e9cifiques.<\/p>\n<\/li>\n<li data-list-indent=\"2\" data-list-type=\"bulleted\">\n<p><strong>Fonds du domaine d'int\u00e9r\u00eat :<\/strong> S'attaquer \u00e0 de grandes causes ou \u00e0 des zones g\u00e9ographiques.<\/p>\n<\/li>\n<li data-list-indent=\"2\" data-list-type=\"bulleted\">\n<p><strong>Fonds de bourses d'\u00e9tudes :<\/strong> Aider \u00e0 l'\u00e9ducation des \u00e9tudiants.<\/p>\n<\/li>\n<li data-list-indent=\"2\" data-list-type=\"bulleted\">\n<p><strong>Fonds non affect\u00e9s :<\/strong> Permettre \u00e0 la VCCF de r\u00e9pondre aux besoins urgents de la communaut\u00e9.<\/p>\n<\/li>\n<\/ul>\n\t\t\t\t\"Faire la paperasserie\n\t\t\t\t<p>Travaillez avec notre \u00e9quipe d'experts pour cr\u00e9er votre fonds et comm\u00e9morer vos souhaits.<\/p>\n\t\t\t\tOctroi de subventions\n\t\t\t\t<p>D\u00e9cidez de la mani\u00e8re dont les fonds sont distribu\u00e9s afin d'avoir un impact durable.<\/p>\n\t\t\t\tAlimentez votre fonds\n\t\t\t\t<p>Commencez par un don initial et augmentez-le au fil du temps.<\/p>\n\t<p>Pour toute question ou pour les prochaines \u00e9tapes, contactez notre \u00e9quipe de services philanthropiques<\/p>\n\t\t\t<a href=\"https:\/\/vccf.org\/fr\/my-vccf-fund\/fund-contact\/\" target=\"_self\">\n\t\t\t\t\t\t\tNous contacter\n\t\t\t\t\t<\/a>\n<h2>\n\t\t\tAvantages de la cr\u00e9ation d'un fonds\t<\/h2>\n\t\t\t\t<img decoding=\"async\" src=\"https:\/\/vccf.org\/wp-content\/uploads\/2024\/07\/Group-1075.png\" alt=\"Group 1075\" itemprop=\"image\" height=\"52\" width=\"52\" title=\"Groupe 1075\" onerror=\"this.style.display='none'\" loading=\"lazy\" \/>\n<h3>\n\t\t\tSimplicit\u00e9\t<\/h3>\n\t<p>La cr\u00e9ation d'un fonds de bienfaisance est une alternative facile et peu co\u00fbteuse \u00e0 la cr\u00e9ation et \u00e0 l'administration d'une fondation priv\u00e9e, et ne n\u00e9cessite qu'un minimum de formalit\u00e9s administratives. Nous g\u00e9rons les investissements, proc\u00e9dons \u00e0 la distribution des fonds et remplissons les d\u00e9clarations fiscales appropri\u00e9es.<\/p>\n\t\t\t\t<img decoding=\"async\" src=\"https:\/\/vccf.org\/wp-content\/uploads\/2024\/07\/Group-1076.png\" alt=\"Group 1076\" itemprop=\"image\" height=\"52\" width=\"52\" title=\"Groupe 1076\" onerror=\"this.style.display='none'\" loading=\"lazy\" \/>\n<h3>\n\t\t\tAvantages fiscaux\t<\/h3>\n\t<p>Maximiser les avantages fiscaux au niveau f\u00e9d\u00e9ral et au niveau de l'\u00c9tat. B\u00e9n\u00e9ficier d'une d\u00e9duction fiscale imm\u00e9diate l'ann\u00e9e o\u00f9 le don est effectu\u00e9, sans avoir \u00e0 prendre de d\u00e9cisions h\u00e2tives concernant le moment ultime ou le b\u00e9n\u00e9ficiaire de vos dons.<\/p>\n\t\t\t\t<img decoding=\"async\" src=\"https:\/\/vccf.org\/wp-content\/uploads\/2024\/07\/Group-1122.png\" alt=\"Group 1122\" itemprop=\"image\" height=\"52\" width=\"52\" title=\"Groupe 1122\" onerror=\"this.style.display='none'\" loading=\"lazy\" \/>\n<h3>\n\t\t\tGrande flexibilit\u00e9\t<\/h3>\n\t<p>Nous pouvons accepter une grande vari\u00e9t\u00e9 de dons - y compris des esp\u00e8ces, des actions, des biens immobiliers et d'autres actifs. Nous pouvons vous aider \u00e0 cr\u00e9er un fonds r\u00e9pondant \u00e0 pratiquement n'importe quelle finalit\u00e9 caritative. Vous pouvez \u00eatre reconnu publiquement ou rester anonyme. Vous pouvez accorder des subventions \u00e0 diverses organisations et alimenter n'importe quel fonds \u00e0 tout moment.<\/p>\n\t\t\t\t<img decoding=\"async\" src=\"https:\/\/vccf.org\/wp-content\/uploads\/2024\/07\/Group-1079.png\" alt=\"Group 1079\" itemprop=\"image\" height=\"50\" width=\"45\" title=\"Groupe 1079\" onerror=\"this.style.display='none'\" loading=\"lazy\" \/>\n<h3>\n\t\t\tGestion professionnelle\t<\/h3>\n\t<p>Vous b\u00e9n\u00e9ficiez des avantages d'un portefeuille d'investissement diversifi\u00e9 et activement g\u00e9r\u00e9, avec un personnel professionnel disponible pour r\u00e9pondre aux questions, identifier les besoins de la communaut\u00e9 et examiner les demandes de subvention.<\/p>\n\t\t\t\t<img decoding=\"async\" src=\"https:\/\/vccf.org\/wp-content\/uploads\/2024\/07\/Group-1080-2-1.png\" alt=\"Group 1080 (2)\" itemprop=\"image\" height=\"52\" width=\"50\" title=\"Groupe 1080 (2)\" onerror=\"this.style.display='none'\" loading=\"lazy\" \/>\n<h3>\n\t\t\tImpact sur la communaut\u00e9\t<\/h3>\n\t<p>Notre personnel professionnel vous aidera \u00e0 comprendre les besoins de la communaut\u00e9, \u00e0 \u00e9valuer les organisations locales et \u00e0 orienter les dons vers des domaines \u00e0 fort impact.<\/p>\n\t\t\t\t<img decoding=\"async\" src=\"https:\/\/vccf.org\/wp-content\/uploads\/2024\/07\/Group-1081.png\" alt=\"Group 1081\" itemprop=\"image\" height=\"52\" width=\"52\" title=\"Groupe 1081\" onerror=\"this.style.display='none'\" loading=\"lazy\" \/>\n<h3>\n\t\t\tStabilit\u00e9\t<\/h3>\n\t<p>Les fondations communautaires sont des organisations professionnelles qui respectent des normes de performance publi\u00e9es en mati\u00e8re de pratiques d'investissement, de services aux donateurs et d'octroi de subventions. L'audit annuel, la divulgation publique de toutes les activit\u00e9s de subvention et la s\u00e9lection rigoureuse des membres du conseil d'administration garantissent l'utilisation continue des fonds dans l'int\u00e9r\u00eat public, comme l'ont d\u00e9cid\u00e9 les donateurs.<\/p>\n\t\t\t\t<img decoding=\"async\" src=\"https:\/\/vccf.org\/wp-content\/uploads\/2024\/07\/Group-1123.png\" alt=\"Group 1123\" itemprop=\"image\" height=\"52\" width=\"53\" title=\"Groupe 1123\" onerror=\"this.style.display='none'\" loading=\"lazy\" \/>\n<h3>\n\t\t\tPerp\u00e9tuit\u00e9\t<\/h3>\n\t<p>Les fonds de dotation serviront vos int\u00e9r\u00eats caritatifs aujourd'hui et pour les g\u00e9n\u00e9rations \u00e0 venir, car le capital du fonds n'est jamais d\u00e9pens\u00e9. Un fonds de dotation est \u00e9ternel - un t\u00e9moignage permanent de votre compassion et une ressource durable pour votre communaut\u00e9.<\/p>\n\t<button id=\"board-prev\" type=\"button\">D\u00e9filement vers l'arri\u00e8re<\/button>\n<button id=\"board-next\" type=\"button\">D\u00e9filez pour en savoir plus<\/button>\n\t<p><strong>Rejoignez notre communaut\u00e9 de donateurs d\u00e8s aujourd'hui ! Prenez contact avec nous pour commencer votre voyage philanthropique et nous aider \u00e0 faire du comt\u00e9 de Ventura un meilleur endroit pour tous.<\/strong><\/p>\n\t\t\t<a href=\"https:\/\/vccf.org\/fr\/my-vccf-fund\/fund-contact\/\" target=\"_self\">\n\t\t\t\t\t\t\tNous contacter\n\t\t\t\t\t<\/a>\n<h3>\n\t\t\t\"Cette communaut\u00e9 est notre foyer depuis de nombreuses ann\u00e9es et elle nous a bien servis. Nos enfants et nos petits-enfants vivent tous dans cette r\u00e9gion. Nous avons cr\u00e9\u00e9 ce fonds pour favoriser le d\u00e9veloppement de logements abordables, soutenir les arts et am\u00e9liorer le bien-\u00eatre physique et mental des habitants de notre communaut\u00e9. Le fonds est flexible et nous aide \u00e0 planifier notre succession, et nous aimons pouvoir voir les r\u00e9sultats de nos dons alors que nous sommes encore en vie pour y participer.\t<\/h3>\n\t<p>Mike Merewether, donateur<\/p>\n\t\t\t\t<img decoding=\"async\" src=\"https:\/\/vccf.org\/wp-content\/uploads\/2024\/07\/Group-1080-1.png\" alt=\"Group 1080 (1)\" itemprop=\"image\" height=\"563\" width=\"463\" title=\"Groupe 1080 (1)\" onerror=\"this.style.display='none'\" loading=\"lazy\" \/>","protected":false},"excerpt":{"rendered":"<p>Commencez votre h\u00e9ritage dans le comt\u00e9 de Ventura - Cr\u00e9er un fonds VCCF Bienvenue dans une communaut\u00e9 d'artisans du changement ! Pourquoi cr\u00e9er un fonds avec la VCCF ? Rejoignez-nous dans notre engagement...<\/p>","protected":false},"author":3,"featured_media":0,"parent":21014,"menu_order":0,"comment_status":"closed","ping_status":"closed","template":"","meta":{"_acf_changed":false,"give_campaign_id":0,"footnotes":""},"class_list":["post-21086","page","type-page","status-publish","hentry"],"acf":[],"campaignId":"","_links":{"self":[{"href":"https:\/\/vccf.org\/fr\/wp-json\/wp\/v2\/pages\/21086","targetHints":{"allow":["GET"]}}],"collection":[{"href":"https:\/\/vccf.org\/fr\/wp-json\/wp\/v2\/pages"}],"about":[{"href":"https:\/\/vccf.org\/fr\/wp-json\/wp\/v2\/types\/page"}],"author":[{"embeddable":true,"href":"https:\/\/vccf.org\/fr\/wp-json\/wp\/v2\/users\/3"}],"replies":[{"embeddable":true,"href":"https:\/\/vccf.org\/fr\/wp-json\/wp\/v2\/comments?post=21086"}],"version-history":[{"count":0,"href":"https:\/\/vccf.org\/fr\/wp-json\/wp\/v2\/pages\/21086\/revisions"}],"up":[{"embeddable":true,"href":"https:\/\/vccf.org\/fr\/wp-json\/wp\/v2\/pages\/21014"}],"wp:attachment":[{"href":"https:\/\/vccf.org\/fr\/wp-json\/wp\/v2\/media?parent=21086"}],"curies":[{"name":"wp","href":"https:\/\/api.w.org\/{rel}","templated":true}]}}