{"id":21089,"date":"2024-07-23T13:46:20","date_gmt":"2024-07-23T13:46:20","guid":{"rendered":"https:\/\/vccf.org\/?page_id=21089"},"modified":"2025-05-05T11:05:04","modified_gmt":"2025-05-05T18:05:04","slug":"nonprofit-compliance","status":"publish","type":"page","link":"https:\/\/vccf.org\/fr\/grants\/nonprofit-compliance\/","title":{"rendered":"Conformit\u00e9 des organisations \u00e0 but non lucratif"},"content":{"rendered":"<h1>\n\t\tConformit\u00e9 des organisations \u00e0 but non lucratif et octroi de subventions\n\t<\/h1>\n<h2>\n\t\tConformit\u00e9 des organisations \u00e0 but non lucratif\n\t<\/h2>\n\tLorsqu'elle re\u00e7oit une recommandation de subvention de la part d'un fonds, la VCCF proc\u00e8de \u00e0 un contr\u00f4le pr\u00e9alable de l'organisation b\u00e9n\u00e9ficiaire. Toute organisation californienne \u00e0 but non lucratif de type 501(c)(3) doit s'enregistrer chaque ann\u00e9e aupr\u00e8s du bureau du procureur g\u00e9n\u00e9ral de Californie et maintenir un statut d'enregistrement \"courant\", \u00e0 moins que l'organisation ne soit exempt\u00e9e. Les organisations \u00e0 but non lucratif 501(c)(3) situ\u00e9es en dehors de l'\u00c9tat doivent s'enregistrer aupr\u00e8s du bureau du procureur g\u00e9n\u00e9ral de Californie si elles m\u00e8nent des activit\u00e9s en Californie, c'est-\u00e0-dire si elles sollicitent des dons, re\u00e7oivent des cadeaux ou d'autres actifs ayant une valeur financi\u00e8re \u00e0 des fins caritatives.\n<p>Voici quelques liens utiles vers le site du procureur g\u00e9n\u00e9ral de Californie.<\/p>\n<ul>\n<li><a href=\"https:\/\/oag.ca.gov\/charities\/initial-reg\" target=\"_blank\" rel=\"noopener\">Enregistrement initial<\/a><\/li>\n<li><a href=\"https:\/\/oag.ca.gov\/charities\/renewals\" target=\"_blank\" rel=\"noopener\">Renouvellement annuel de l'enregistrement<\/a><\/li>\n<li><a href=\"https:\/\/oag.ca.gov\/charities\/delinquency\" target=\"_blank\" rel=\"noopener\">En retard<\/a><\/li>\n<\/ul>\n<p>En plus d'avoir un enregistrement \u00e0 jour, l'organisation \u00e0 but non lucratif doit \u00eatre \u00e0 jour dans ses d\u00e9clarations fiscales aupr\u00e8s de l'IRS. Les informations relatives aux d\u00e9clarations fiscales sont examin\u00e9es par l'interm\u00e9diaire du site Web de l <a href=\"https:\/\/apps.irs.gov\/app\/eos\/\" target=\"_blank\" rel=\"noopener\">Outil de recherche d'organisations exon\u00e9r\u00e9es d'imp\u00f4ts de l'IRS.<\/a><\/p>\n<p>La VCCF proc\u00e8de \u00e9galement \u00e0 une \u00e9valuation financi\u00e8re de base, telle que d\u00e9crite dans la politique ci-jointe.<a href=\"https:\/\/vccf.org\/wp-content\/uploads\/2024\/11\/VCCF-Assessing-the-Financial-Health-of-Nonprofit-Organizations.pdf\" target=\"_blank\" rel=\"noopener\">\u00c9valuer la sant\u00e9 financi\u00e8re des organisations \u00e0 but non lucratif<\/a>&#8220;.<\/p>\n\t\t\t<a href=\"https:\/\/vccf.org\/fr\/grants\/\" target=\"_self\">\n\t\t\t\t\t\t\tRetour aux subventions\n\t\t\t\t\t<\/a>","protected":false},"excerpt":{"rendered":"<p>Conformit\u00e9 des organisations \u00e0 but non lucratif et octroi de subventions Conformit\u00e9 des organisations \u00e0 but non lucratif D\u00e8s r\u00e9ception d'une recommandation de subvention de la part d'un fonds, la VCCF effectue un contr\u00f4le de diligence raisonnable sur l'organisation b\u00e9n\u00e9ficiaire. Chaque organisation californienne \u00e0 but non lucratif 501(c)(3)...<\/p>","protected":false},"author":4,"featured_media":0,"parent":22928,"menu_order":0,"comment_status":"closed","ping_status":"closed","template":"","meta":{"_acf_changed":false,"give_campaign_id":0,"footnotes":""},"class_list":["post-21089","page","type-page","status-publish","hentry"],"acf":[],"campaignId":"","_links":{"self":[{"href":"https:\/\/vccf.org\/fr\/wp-json\/wp\/v2\/pages\/21089","targetHints":{"allow":["GET"]}}],"collection":[{"href":"https:\/\/vccf.org\/fr\/wp-json\/wp\/v2\/pages"}],"about":[{"href":"https:\/\/vccf.org\/fr\/wp-json\/wp\/v2\/types\/page"}],"author":[{"embeddable":true,"href":"https:\/\/vccf.org\/fr\/wp-json\/wp\/v2\/users\/4"}],"replies":[{"embeddable":true,"href":"https:\/\/vccf.org\/fr\/wp-json\/wp\/v2\/comments?post=21089"}],"version-history":[{"count":0,"href":"https:\/\/vccf.org\/fr\/wp-json\/wp\/v2\/pages\/21089\/revisions"}],"up":[{"embeddable":true,"href":"https:\/\/vccf.org\/fr\/wp-json\/wp\/v2\/pages\/22928"}],"wp:attachment":[{"href":"https:\/\/vccf.org\/fr\/wp-json\/wp\/v2\/media?parent=21089"}],"curies":[{"name":"wp","href":"https:\/\/api.w.org\/{rel}","templated":true}]}}