{"id":21123,"date":"2024-07-25T11:56:07","date_gmt":"2024-07-25T11:56:07","guid":{"rendered":"https:\/\/vccf.org\/?page_id=21123"},"modified":"2025-12-11T13:54:16","modified_gmt":"2025-12-11T21:54:16","slug":"virtual-lunch-and-learns","status":"publish","type":"page","link":"https:\/\/vccf.org\/fr\/events\/virtual-lunch-and-learns\/","title":{"rendered":"D\u00e9jeuners et formations virtuels"},"content":{"rendered":"<h1>\n\t\t\tD\u00e9jeuners et formations virtuels de la VCCF : <br \/>Rejoignez notre communaut\u00e9 d'acteurs du changement !\t<\/h1>\n\t<p><strong>S'engager ensemble pour un comt\u00e9 de Ventura plus lumineux<\/strong><\/p>\n\t<p>\u00c0 la Ventura County Community Foundation, nous pensons que chaque rencontre est l'occasion de forger un avenir meilleur pour notre communaut\u00e9. Nos \u00e9v\u00e9nements sont plus que des r\u00e9unions ; ils sont une c\u00e9l\u00e9bration vibrante d'un objectif commun et d'un engagement sinc\u00e8re \u00e0 am\u00e9liorer le comt\u00e9 de Ventura.<\/p>\n\t<p><strong>D\u00e9jeuners et formations virtuels : Une fen\u00eatre sur l'impact local<\/strong><\/p>\n\t<p>D\u00e9couvrez le pouvoir de l'action collective gr\u00e2ce \u00e0 nos d\u00e9jeuners-conf\u00e9rences virtuels. Ces sessions r\u00e9unissent des donateurs, des responsables communautaires et des personnes passionn\u00e9es pour discuter et soutenir les projets en cours qui fa\u00e7onnent l'avenir de notre communaut\u00e9. Qu'il s'agisse d'am\u00e9liorer les possibilit\u00e9s d'\u00e9ducation ou de faire progresser les initiatives en mati\u00e8re de soins de sant\u00e9, chaque r\u00e9union est un pas en avant dans notre voyage commun.<\/p>\n\t\t\t\t<img decoding=\"async\" src=\"https:\/\/vccf.org\/wp-content\/uploads\/2024\/10\/image-2024-10-18T132935.500.png\" alt=\"image - 2024-10-18T132935.500\" itemprop=\"image\" height=\"851\" width=\"836\" title=\"image - 2024-10-18T132935.500\" onerror=\"this.style.display='none'\" loading=\"lazy\" \/>\n<h2>\n\t\t\tPourquoi participer ?\t<\/h2>\n\t<p>Se connecter avec des personnes partageant les m\u00eames id\u00e9es<\/p>\n\t<p>Partagez votre passion avec une communaut\u00e9 qui se soucie profond\u00e9ment de l'avenir et du bien-\u00eatre du comt\u00e9 de Ventura.<\/p>\n\t<p>Rester inform\u00e9 sur les projets \u00e0 fort impact<\/p>\n\t<p>D\u00e9couvrez l'impact direct de vos contributions et voyez directement comment, ensemble, nous faisons la diff\u00e9rence.<\/p>\n\t<p>Fa\u00e7onner l'avenir<\/p>\n\t<p>Votre participation contribue \u00e0 orienter nos initiatives, en veillant \u00e0 ce que les besoins de la communaut\u00e9 soient toujours au premier plan.<\/p>\n\t<p>\u00c9coutez les t\u00e9moignages de ceux qui ont connu la joie de donner gr\u00e2ce \u00e0 nos \u00e9v\u00e9nements :<\/p>\n\t<p>\"Les Virtual Lunch and Learns ont \u00e9t\u00e9 un excellent moyen de rencontrer des contacts dans d'autres organisations \u00e0 but non lucratif. Le comt\u00e9 de Ventura compte une grande vari\u00e9t\u00e9 d'organisations \u00e0 but non lucratif qui accomplissent un travail remarquable et font de notre communaut\u00e9 un endroit o\u00f9 il fait bon vivre. J'ai beaucoup appris gr\u00e2ce \u00e0 ces d\u00e9jeuners et apprentissages et je me suis fait de nombreux nouveaux amis.<\/p>\n\t<p>Linda Braunschweiger, directrice g\u00e9n\u00e9rale du Housing Trust Fund Ventura County<\/p>\n<h2>\n\t\t\t\u00c9v\u00e9nements \u00e0 venir\t<\/h2>\n\t<p>Nous vous invitons \u00e0 nous rejoindre lors de nos prochains \u00e9v\u00e9nements. Chaque \u00e9v\u00e9nement est minutieusement planifi\u00e9 afin de garantir une exp\u00e9rience enrichissante et m\u00e9morable \u00e0 tous les participants. Restez \u00e0 l'\u00e9coute pour conna\u00eetre les d\u00e9tails de notre prochain rassemblement et participez \u00e0 quelque chose de vraiment sp\u00e9cial.<\/p>\n<p>Pour participer \u00e0 notre prochain \u00e9v\u00e9nement ou pour plus d'informations, veuillez contacter Lauren Graf Pe\u00f1a \u00e0 l'adresse suivante <a href=\"mailto:lgraf@vccf.org\" rel=\"noopener\" target=\"_blank\">lgraf@vccf.org<\/a>.<\/p>\n<p>Ensemble, inspirons le changement et c\u00e9l\u00e9brons l'esprit de notre communaut\u00e9 \u00e0 chaque rencontre !<\/p>\n<h2>\n\t\t\tInscription et enregistrements ant\u00e9rieurs\t<\/h2>","protected":false},"excerpt":{"rendered":"<p>D\u00e9jeuners et formations virtuels de la VCCF : Rejoignez notre communaut\u00e9 d'acteurs du changement ! S'engager ensemble pour un meilleur comt\u00e9 de Ventura \u00c0 la Ventura County Community Foundation, nous pensons que chaque rencontre est une occasion...<\/p>","protected":false},"author":4,"featured_media":0,"parent":21008,"menu_order":0,"comment_status":"closed","ping_status":"closed","template":"","meta":{"_acf_changed":false,"give_campaign_id":0,"footnotes":""},"class_list":["post-21123","page","type-page","status-publish","hentry"],"acf":[],"campaignId":"","_links":{"self":[{"href":"https:\/\/vccf.org\/fr\/wp-json\/wp\/v2\/pages\/21123","targetHints":{"allow":["GET"]}}],"collection":[{"href":"https:\/\/vccf.org\/fr\/wp-json\/wp\/v2\/pages"}],"about":[{"href":"https:\/\/vccf.org\/fr\/wp-json\/wp\/v2\/types\/page"}],"author":[{"embeddable":true,"href":"https:\/\/vccf.org\/fr\/wp-json\/wp\/v2\/users\/4"}],"replies":[{"embeddable":true,"href":"https:\/\/vccf.org\/fr\/wp-json\/wp\/v2\/comments?post=21123"}],"version-history":[{"count":0,"href":"https:\/\/vccf.org\/fr\/wp-json\/wp\/v2\/pages\/21123\/revisions"}],"up":[{"embeddable":true,"href":"https:\/\/vccf.org\/fr\/wp-json\/wp\/v2\/pages\/21008"}],"wp:attachment":[{"href":"https:\/\/vccf.org\/fr\/wp-json\/wp\/v2\/media?parent=21123"}],"curies":[{"name":"wp","href":"https:\/\/api.w.org\/{rel}","templated":true}]}}