{"id":21130,"date":"2024-07-25T14:15:19","date_gmt":"2024-07-25T14:15:19","guid":{"rendered":"https:\/\/vccf.org\/?page_id=21130"},"modified":"2025-08-22T16:36:22","modified_gmt":"2025-08-22T23:36:22","slug":"donor-peer-network","status":"publish","type":"page","link":"https:\/\/vccf.org\/fr\/events\/donor-peer-network\/","title":{"rendered":"R\u00e9seau de pairs des donateurs"},"content":{"rendered":"<h1>\n\t\t\tR\u00e9seau de pairs des donateurs\t<\/h1>\n\t<p>Au c\u0153ur du comt\u00e9 de Ventura, notre r\u00e9seau de pairs donateurs prosp\u00e8re gr\u00e2ce aux liens que nous \u00e9tablissons ensemble. N\u00e9 de discussions sinc\u00e8res et de r\u00eaves partag\u00e9s, ce r\u00e9seau t\u00e9moigne de la puissance du don collectif. Nos donateurs souhaitaient des relations plus approfondies, et nous les avons \u00e9cout\u00e9s.<\/p>\n\t\t\t\t<img decoding=\"async\" src=\"https:\/\/vccf.org\/wp-content\/uploads\/2024\/09\/image-3.png\" alt=\"image (3)\" itemprop=\"image\" height=\"851\" width=\"836\" title=\"image (3)\" onerror=\"this.style.display='none'\" loading=\"lazy\" \/>\n\t\t\t\t<img decoding=\"async\" src=\"https:\/\/vccf.org\/wp-content\/uploads\/2024\/07\/1-20.png\" alt=\"1 (20)\" itemprop=\"image\" height=\"50\" width=\"50\" title=\"1 (20)\" onerror=\"this.style.display='none'\" loading=\"lazy\" \/>\n\t<p>D\u00e9couvrir ensemble<\/p>\n\t<p>Quatre-vingt pour cent de nos donateurs ont trouv\u00e9 leurs conseils les plus fiables gr\u00e2ce aux interactions avec leurs pairs. Ce r\u00e9seau ne se limite pas \u00e0 donner ; il s'agit d'apprendre, de partager et de grandir ensemble. Cent pour cent des participants \u00e0 nos groupes de discussion ont exprim\u00e9 le d\u00e9sir de comprendre les d\u00e9fis de notre communaut\u00e9 et de forger des liens significatifs avec d'autres donateurs.<\/p>\n\t\t\t\t<img decoding=\"async\" src=\"https:\/\/vccf.org\/wp-content\/uploads\/2024\/07\/3-14.png\" alt=\"3 (14)\" itemprop=\"image\" height=\"50\" width=\"50\" title=\"3 (14)\" onerror=\"this.style.display='none'\" loading=\"lazy\" \/>\n\t<p>Notre parcours<\/p>\n\t<p>Lanc\u00e9 en janvier 2021 et dirig\u00e9 par les copr\u00e9sidents passionn\u00e9s Catherine Sepulveda et Jack Edelstein, le r\u00e9seau de pairs des donateurs est devenu une source d'espoir et de collaboration. Nos \u00e9v\u00e9nements vont des discussions virtuelles aux rassemblements en personne, chacun \u00e9tant con\u00e7u pour inspirer et \u00e9quiper nos membres avec les connaissances et les relations n\u00e9cessaires pour faire une diff\u00e9rence tangible.<\/p>\n\t\t\t\t<img decoding=\"async\" src=\"https:\/\/vccf.org\/wp-content\/uploads\/2024\/07\/2-15.png\" alt=\"2 (15)\" itemprop=\"image\" height=\"50\" width=\"50\" title=\"2 (15)\" onerror=\"this.style.display='none'\" loading=\"lazy\" \/>\n\t<p>Pourquoi nous rejoindre ?<\/p>\n\t<p>La beaut\u00e9 du comt\u00e9 de Ventura se refl\u00e8te dans la g\u00e9n\u00e9rosit\u00e9 de sa communaut\u00e9. Nos initiatives couvrent un large \u00e9ventail de causes, du bien-\u00eatre des animaux \u00e0 l'\u00e9ducation de la petite enfance, de la r\u00e9ponse aux catastrophes \u00e0 la gestion de l'environnement. En tant que membre, vous soutiendrez non seulement ces domaines essentiels, mais vous ferez \u00e9galement partie d'un groupe compatissant et inspir\u00e9 qui se consacre \u00e0 faire du comt\u00e9 de Ventura un meilleur endroit pour tous.<\/p>\n\t\t\t\t<img decoding=\"async\" src=\"https:\/\/vccf.org\/wp-content\/uploads\/2024\/09\/Group-1080.png\" alt=\"Group 1080\" itemprop=\"image\" height=\"563\" width=\"463\" title=\"Groupe 1080\" onerror=\"this.style.display='none'\" loading=\"lazy\" \/>\n\t<p>\"C'est un honneur de faire partie du r\u00e9seau de donateurs de la VCCF, de voir, de comprendre et d'appr\u00e9cier le travail de la VCCF. <em>sentir<\/em>\u00a0l'impact de notre programme sur tant de vies. Apprendre la force et l'endurance de nos b\u00e9n\u00e9ficiaires, l'espoir, entendre leurs histoires et les voir de nos propres yeux et de nos propres c\u0153urs, a chang\u00e9 la vie de tant de personnes. <em>mon<\/em>\u00a0la vie. Il n'y a pas assez de mots pour les remercier\".<\/p>\n\t<p>Terri Lisagor, membre de la DPN<\/p>\n\t<p><strong>Pour en savoir plus<\/strong>Veuillez contacter Mike Silacci \u00e0 l'adresse suivante <a href=\"mailto:msilacci@vccf.org\">msilacci@vccf.org<\/a>.<\/p>\n\t<p>Rejoignez-nous dans ce voyage de bienveillance et d'inspiration. Ensemble, nous pouvons r\u00e9aliser des choses extraordinaires pour le comt\u00e9 de Ventura !<\/p>\n<h2>\n\t\t\tCalendrier du r\u00e9seau de pairs\t<\/h2>\n\t<p>R\u00e9serv\u00e9 au r\u00e9seau de pairs des donateurs<\/p>\n<table  data-tablesaw-minimap>\n\t\t\t<thead>\n\t\t<tr>\n\t\t\t<th id=\"pp-table-col-1\" scope=\"col\" data-tablesaw-sortable-col>\t\t\t\t\t\n\t\t\t\t\t\t\t\t\t\t\t\tDate\/heure\t\t\t\t\t\n\t\t\t\t\t<\/th><th id=\"pp-table-col-2\" scope=\"col\" data-tablesaw-sortable-col>\t\t\t\t\t\n\t\t\t\t\t\t\t\t\t\t\t\tCommunaut\u00e9 de pratique\t\t\t\t\t\n\t\t\t\t\t<\/th><th id=\"pp-table-col-3\" scope=\"col\" data-tablesaw-sortable-col>\t\t\t\t\t\n\t\t\t\t\t\t\t\t\t\t\t\tSp\u00e9cifique \u00e0 une question\t\t\t\t\t\n\t\t\t\t\t<\/th><th id=\"pp-table-col-4\" scope=\"col\" data-tablesaw-sortable-col>\t\t\t\t\t\n\t\t\t\t\t\t\t\t\t\t\t\tPartage entre pairs\t\t\t\t\t\n\t\t\t\t\t<\/th>\t\t<\/tr>\n\t<\/thead>\n\t\t<tbody>\n\t\t<tr data-row-index=\"1\"><td><strong>Sep 10, 2025, 4:30 &#8211; 6 P.M.<\/strong><\/td><td>Donor Peer Network Summer Reception, at Moorpark College Teaching Zoo<\/td><\/tr><tr data-row-index=\"2\"><td><strong>Nov 1, 2024, 4 &#8211; 6 P.M.<\/strong><\/td><td>Donor Peer Network Social, at the VCCF Nonprofit Center<\/td><td>\"Quest\" de John Kobara<\/td><\/tr><tr data-row-index=\"3\"><td><strong>Feb 8, 2024, 5 &#8211; 7 P.M. <\/strong><\/td><td>Donor Peer Network Dinner: The Future of Education, at CSU Channel Islands<\/td><\/tr><tr data-row-index=\"4\"><td><b>May 18, 2023, 5 &#8211; 7 P.M.<\/b><\/td><td>Donor Peer Network Social, at Boys &#038; Girls Club of Camarillo<\/td><td>Sujet : R\u00eaver pour notre avenir Discussion en groupe ouvert, partage et questions-r\u00e9ponses<\/td><td>Le pitch de la passion<\/td><\/tr><tr data-row-index=\"5\"><td><b>Feb 16, 2023, 5 &#8211; 7 P.M.<\/b><\/td><td>Donor Peer Network Social, at Food Share of Ventura County<\/td><td>Sujet : Partenariat avec le gouvernement Ouvert aux questions \/ discussions<\/td><td>Le pitch de la passion<\/td><\/tr><tr data-row-index=\"6\"><td><b>Nov 17, 2022, 5 &#8211; 7 P.M.<\/b><\/td><td>Donor Peer Network Social, at the VCCF Nonprofit Center<\/td><td>D\u00eener de No\u00ebl de la R\u00e9union Discussion en groupe ouvert, partage et questions-r\u00e9ponses<\/td><td>Le pitch de la passion<\/td><\/tr><tr data-row-index=\"7\"><td><b>June 23, 2022, 4 &#8211; 6 P.M.<\/b><\/td><td>Donor Peer Network: Year 1 in Review, Virtual<\/td><td>Discussion anim\u00e9e et retour d'information<\/td><td>Le pitch de la passion<\/td><\/tr><tr data-row-index=\"8\"><td><b>Apr 21, 2022, 12 &#8211; 1:30 P.M.<\/b><\/td><td>Welcome to YOUR Donor Peer Network, Virtual<\/td><td>Ouvert aux questions \/ discussions<\/td><td>Le pitch de la passion<\/td><\/tr><tr data-row-index=\"9\"><td><b>Mar 24, 2022 5:30 &#8211; 7:30 P.M.<\/b><\/td><td>Dinner with VCCF Board of Directors, at the VCCF Nonprofit Center<\/td><td>Discussion en groupe ouvert, partage et questions-r\u00e9ponses<\/td><\/tr><tr data-row-index=\"10\"><td><b>Feb 24, 2022, 12 &#8211; 1:30 P.M.<\/b><\/td><td>Highest Quality Early Childhood Education, Santa Paula Pilot Program, Virtual<\/td><td>Ouvert aux questions \/ discussions<\/td><td>Le pitch de la passion<\/td><\/tr><tr data-row-index=\"11\"><td><b>Jan 27, 2022 12 &#8211; 1:30 P.M.<\/b><\/td><td>Community Foundations as Civic Homes, Virtual<\/td><td>Logement et sans-abrisme<\/td><td>Le pitch de la passion<\/td><\/tr><tr data-row-index=\"12\"><td><b>Nov 30, 2021 11:30 A.M. &#8211; 2 P.M<\/b><\/td><td>State of Nonprofit Sector\nCenter for Nonprofit Leadership, Virtual<\/td><\/tr><tr data-row-index=\"13\"><td><b>Nov 17, 2021, 8 A.M. &#8211; 12 P.M.<\/b><\/td><td>Ventura County State of the Region\nVentura County Civic Alliance, Virtual<\/td><\/tr>\t<\/tbody>\n<\/table>","protected":false},"excerpt":{"rendered":"<p>Donor Peer Network Au c\u0153ur du comt\u00e9 de Ventura, notre Donor Peer Network prosp\u00e8re gr\u00e2ce aux liens que nous tissons ensemble. N\u00e9 de discussions sinc\u00e8res et de r\u00eaves partag\u00e9s, ce r\u00e9seau est...<\/p>","protected":false},"author":3,"featured_media":0,"parent":21008,"menu_order":0,"comment_status":"closed","ping_status":"closed","template":"","meta":{"_acf_changed":false,"give_campaign_id":0,"footnotes":""},"class_list":["post-21130","page","type-page","status-publish","hentry"],"acf":[],"campaignId":"","_links":{"self":[{"href":"https:\/\/vccf.org\/fr\/wp-json\/wp\/v2\/pages\/21130","targetHints":{"allow":["GET"]}}],"collection":[{"href":"https:\/\/vccf.org\/fr\/wp-json\/wp\/v2\/pages"}],"about":[{"href":"https:\/\/vccf.org\/fr\/wp-json\/wp\/v2\/types\/page"}],"author":[{"embeddable":true,"href":"https:\/\/vccf.org\/fr\/wp-json\/wp\/v2\/users\/3"}],"replies":[{"embeddable":true,"href":"https:\/\/vccf.org\/fr\/wp-json\/wp\/v2\/comments?post=21130"}],"version-history":[{"count":0,"href":"https:\/\/vccf.org\/fr\/wp-json\/wp\/v2\/pages\/21130\/revisions"}],"up":[{"embeddable":true,"href":"https:\/\/vccf.org\/fr\/wp-json\/wp\/v2\/pages\/21008"}],"wp:attachment":[{"href":"https:\/\/vccf.org\/fr\/wp-json\/wp\/v2\/media?parent=21130"}],"curies":[{"name":"wp","href":"https:\/\/api.w.org\/{rel}","templated":true}]}}