{"id":21234,"date":"2024-08-09T19:29:01","date_gmt":"2024-08-09T19:29:01","guid":{"rendered":"https:\/\/vccf.org\/?page_id=21234"},"modified":"2025-06-06T14:18:07","modified_gmt":"2025-06-06T21:18:07","slug":"donate","status":"publish","type":"page","link":"https:\/\/vccf.org\/fr\/initiatives\/donate\/","title":{"rendered":"Donate to Initiatives"},"content":{"rendered":"<h1>\n\t\t\tDonate to Support VCCF&#8217;s Commitment to the Betterment of Ventura County\t<\/h1>\n\t<p>Chaque dollar que vous donnez contribue \u00e0 tisser la trame d'un comt\u00e9 de Ventura plus dynamique et plus r\u00e9silient. Votre don permet \u00e0 la Ventura County Community Foundation de r\u00e9pondre aux besoins urgents, de favoriser la croissance \u00e0 long terme et de voir les communaut\u00e9s du comt\u00e9 de Ventura prosp\u00e9rer.<\/p>\n\t\t\t\t\t<a href=\"#\"  id=\"fl-accordion--label-0\" tabindex=\"0\" aria-controls=\"fl-accordion--panel-0\">Autres fa\u00e7ons de donner<\/a>\n\t\t\t\t\t\t\t\t\t\t\t<a href=\"#\" id=\"fl-accordion--icon-0\"  tabindex=\"0\"><i title=\"Expand\">Expand<\/i><\/a>\n\t\t\t\t\t<ul>\n<li><strong>Par ch\u00e8que<\/strong>: Payable \u00e0<em>\u00a0Fondation communautaire du comt\u00e9 de Ventura.\u00a0<\/em>Veuillez inscrire le nom du fonds sur la ligne m\u00e9mo et l'envoyer \u00e0 VCCF 4001 Mission Oaks Blvd. Suite A, Camarillo, CA 93012.<\/li>\n<li><strong>Autres cadeaux<\/strong>: Nous acceptons \u00e9galement les dons d'actions, les distributions IRA et les virements.  Veuillez contacter Bonnie Gilles, vice-pr\u00e9sidente de la VCCF et directrice financi\u00e8re et op\u00e9rationnelle, au 805.330.6681, poste 125 ou par courriel\u00a0<a href=\"mailto:%20bgilles@vccf.org\">bgilles@vccf.org.<\/a><\/li>\n<\/ul>\n\t<div class='root-data-givewp-embed' data-form-locale='fr_FR' data-form-url='https:\/\/vccf.org\/?post_type=give_forms&#038;p=21542' data-form-view-url='https:\/\/vccf.org\/fr\/?givewp-route=donation-form-view&form-id=21542' data-src='https:\/\/vccf.org\/fr\/?givewp-route=donation-form-view&form-id=21542' data-givewp-embed-id='give-form-shortcode-1' data-form-format='' data-open-form-button='Donate now' style='--givewp-primary-color: #ff8846; --givewp-secondary-color: #8d867a;'><\/div>","protected":false},"excerpt":{"rendered":"<p>Faites un don pour soutenir l'engagement de la VCCF en faveur de l'am\u00e9lioration du comt\u00e9 de Ventura, CA Chaque dollar que vous donnez contribue \u00e0 tisser la trame d'un comt\u00e9 de Ventura plus dynamique et plus r\u00e9silient. Votre don permet...<\/p>","protected":false},"author":5,"featured_media":0,"parent":21044,"menu_order":0,"comment_status":"closed","ping_status":"closed","template":"","meta":{"_acf_changed":false,"give_campaign_id":0,"footnotes":""},"class_list":["post-21234","page","type-page","status-publish","hentry"],"acf":[],"campaignId":"","_links":{"self":[{"href":"https:\/\/vccf.org\/fr\/wp-json\/wp\/v2\/pages\/21234","targetHints":{"allow":["GET"]}}],"collection":[{"href":"https:\/\/vccf.org\/fr\/wp-json\/wp\/v2\/pages"}],"about":[{"href":"https:\/\/vccf.org\/fr\/wp-json\/wp\/v2\/types\/page"}],"author":[{"embeddable":true,"href":"https:\/\/vccf.org\/fr\/wp-json\/wp\/v2\/users\/5"}],"replies":[{"embeddable":true,"href":"https:\/\/vccf.org\/fr\/wp-json\/wp\/v2\/comments?post=21234"}],"version-history":[{"count":0,"href":"https:\/\/vccf.org\/fr\/wp-json\/wp\/v2\/pages\/21234\/revisions"}],"up":[{"embeddable":true,"href":"https:\/\/vccf.org\/fr\/wp-json\/wp\/v2\/pages\/21044"}],"wp:attachment":[{"href":"https:\/\/vccf.org\/fr\/wp-json\/wp\/v2\/media?parent=21234"}],"curies":[{"name":"wp","href":"https:\/\/api.w.org\/{rel}","templated":true}]}}