{"id":21412,"date":"2024-09-16T05:22:09","date_gmt":"2024-09-16T05:22:09","guid":{"rendered":"https:\/\/vccf.org\/?page_id=21412"},"modified":"2025-04-15T11:38:49","modified_gmt":"2025-04-15T18:38:49","slug":"research","status":"publish","type":"page","link":"https:\/\/vccf.org\/fr\/research\/","title":{"rendered":"Recherche"},"content":{"rendered":"<h1>\n\t\tProjets de recherche du VCCF\n\t<\/h1>\n<h4>\n\t\tTransfert de richesse dans le comt\u00e9 de Ventura\n\t<\/h4>\n\t\t\t<a href=\"https:\/\/vccf.org\/wp-content\/uploads\/2024\/09\/study-of-transfer-of-wealth-in-ventura-county_revised2022.pdf\" download target=\"_self\">\n\t\t\t\t\t\t\tT\u00e9l\u00e9charger le rapport\n\t\t\t\t\t<\/a>\n<h4>\n\t\tL'imp\u00e9ratif de cr\u00e9ation d'une \u00e9ducation universelle de la petite enfance dans le comt\u00e9 de Ventura\n\t<\/h4>\n\t\t\t<a href=\"https:\/\/vccf.org\/wp-content\/uploads\/2024\/09\/The-Imperative-of-Creating-Universal-Early-Childhood-Education-in-Ventura-2021_ab-edits-5-06-21.docx-1.pdf\" download target=\"_self\">\n\t\t\t\t\t\t\tT\u00e9l\u00e9charger le rapport\n\t\t\t\t\t<\/a>\n<h4>\n\t\tL'avenir des soins pour une population vieillissante\n\t<\/h4>\n\t\t\t<a href=\"https:\/\/vccf.org\/wp-content\/uploads\/2024\/09\/VCCF-LTC-FINAL.pdf\" download target=\"_self\">\n\t\t\t\t\t\t\tT\u00e9l\u00e9charger le rapport\n\t\t\t\t\t<\/a>\n<h4>\n\t\tIncidence de la violence dans le comt\u00e9 de Ventura\n\t<\/h4>\n\t\t\t<a href=\"https:\/\/vccf.org\/wp-content\/uploads\/2025\/04\/11544-VCCF-IVReport-R8-pages.pdf\" download target=\"_self\">\n\t\t\t\t\t\t\tT\u00e9l\u00e9charger le rapport\n\t\t\t\t\t<\/a>\n<h4>\n\t\tProjet Isabella Santa Paula Feuille de route pour l'acc\u00e8s \u00e0 des services de garde et d'\u00e9ducation de qualit\u00e9\n\t<\/h4>\n\t\t\t<a href=\"https:\/\/vccf.org\/wp-content\/uploads\/2025\/01\/english-isabella-roadmap-sept-2024.pdf\" download target=\"_self\">\n\t\t\t\t\t\t\tT\u00e9l\u00e9charger le rapport\n\t\t\t\t\t<\/a>","protected":false},"excerpt":{"rendered":"<p>VCCF Research Projects Transfer of Wealth in Ventura County T\u00e9l\u00e9charger le rapport The Imperative for Creating Universal Early Childhood Education in Ventura County T\u00e9l\u00e9charger le rapport The Future of Caregiving for an...<\/p>","protected":false},"author":12,"featured_media":0,"parent":0,"menu_order":0,"comment_status":"closed","ping_status":"closed","template":"","meta":{"_acf_changed":false,"give_campaign_id":0,"footnotes":""},"class_list":["post-21412","page","type-page","status-publish","hentry"],"acf":[],"campaignId":"","_links":{"self":[{"href":"https:\/\/vccf.org\/fr\/wp-json\/wp\/v2\/pages\/21412","targetHints":{"allow":["GET"]}}],"collection":[{"href":"https:\/\/vccf.org\/fr\/wp-json\/wp\/v2\/pages"}],"about":[{"href":"https:\/\/vccf.org\/fr\/wp-json\/wp\/v2\/types\/page"}],"author":[{"embeddable":true,"href":"https:\/\/vccf.org\/fr\/wp-json\/wp\/v2\/users\/12"}],"replies":[{"embeddable":true,"href":"https:\/\/vccf.org\/fr\/wp-json\/wp\/v2\/comments?post=21412"}],"version-history":[{"count":0,"href":"https:\/\/vccf.org\/fr\/wp-json\/wp\/v2\/pages\/21412\/revisions"}],"wp:attachment":[{"href":"https:\/\/vccf.org\/fr\/wp-json\/wp\/v2\/media?parent=21412"}],"curies":[{"name":"wp","href":"https:\/\/api.w.org\/{rel}","templated":true}]}}