{"id":21453,"date":"2024-09-16T14:41:11","date_gmt":"2024-09-16T14:41:11","guid":{"rendered":"https:\/\/vccf.org\/?page_id=21453"},"modified":"2025-05-05T11:04:48","modified_gmt":"2025-05-05T18:04:48","slug":"start-an-endowment-fund","status":"publish","type":"page","link":"https:\/\/vccf.org\/fr\/grants\/start-an-endowment-fund\/","title":{"rendered":"Lancer un fonds de dotation"},"content":{"rendered":"<h1>\n\t\tAssurer la viabilit\u00e9 financi\u00e8re de votre organisation \u00e0 but non lucratif\n\t<\/h1>\n\t<p>Contactez-nous pour obtenir une consultation sur les fonds de dotation.<\/p>\n\t\t\t<a href=\"https:\/\/vccf.org\/fr\/my-vccf-fund\/fund-contact\/\" target=\"_self\">\n\t\t\t\t\t\t\tPrendre rendez-vous\n\t\t\t\t\t<\/a>\n\t\t\t\t<img loading=\"lazy\" decoding=\"async\" src=\"https:\/\/vccf.org\/wp-content\/uploads\/2024\/09\/Mask-group-87.png\" alt=\"Mask group (87)\" itemprop=\"image\" height=\"851\" width=\"836\" title=\"Groupe de masques (87)\" onerror=\"this.style.display='none'\"  \/>\n\t\t\t\t<img loading=\"lazy\" decoding=\"async\" src=\"https:\/\/vccf.org\/wp-content\/uploads\/2024\/04\/\u0421\u043b\u043e\u0439-1-4.png\" alt=\"\u0421\u043b\u043e\u0438\u0306 1 4\" itemprop=\"image\" height=\"60\" width=\"44\" title=\"\u0421\u043b\u043e\u0439 1 4\" onerror=\"this.style.display='none'\"  \/>\n<h3>\n\t\tFaire du comt\u00e9 de Ventura un meilleur endroit o\u00f9 vivre\n\t<\/h3>\n\t<p>\"Le partenariat avec la Ventura County Community Foundation pour la gestion de nos fonds de dotation a \u00e9t\u00e9 l'une des d\u00e9cisions les plus pr\u00e9cieuses que nous ayons prises pour l'avenir et la viabilit\u00e9 \u00e0 long terme de notre organisation \u00e0 but non lucratif. Nous avons une grande confiance en la VCCF ; elle apporte un niveau d'expertise, d'int\u00e9grit\u00e9 et d'attention qui s'apparente \u00e0 une v\u00e9ritable extension de notre \u00e9quipe. Avec la VCCF \u00e0 nos c\u00f4t\u00e9s, nous pouvons nous concentrer pleinement sur notre mission et sur l'\u00e9largissement de notre programmation pour l'am\u00e9lioration du comt\u00e9 de Ventura\".<\/p>\n\t<p>Elena Brokaw, Mus\u00e9e du comt\u00e9 de Ventura<\/p>\n<h2>\n\t\tPourquoi choisir un fonds de dotation de l'Agence ?\n\t<\/h2>\n\t<p>La cr\u00e9ation d'un fonds de dotation d'organisme avec la VCCF offre \u00e0 votre organisation une voie vers la r\u00e9silience financi\u00e8re et la durabilit\u00e9, garantissant ainsi la prosp\u00e9rit\u00e9 de votre mission pour les ann\u00e9es \u00e0 venir.<\/p>\n\t\t\t\t<img decoding=\"async\" src=\"https:\/\/vccf.org\/wp-content\/uploads\/2024\/09\/Group-1127.svg\" alt=\"Group 1127\" itemprop=\"image\" title=\"Groupe 1127\" onerror=\"this.style.display='none'\"  \/>\n\t<p>Mission Prosp\u00e9rit\u00e9<\/p>\n\t<p>La cr\u00e9ation d'un fonds de dotation d'organisme avec la VCCF offre \u00e0 votre organisation une voie vers la r\u00e9silience financi\u00e8re et la durabilit\u00e9, garantissant ainsi la prosp\u00e9rit\u00e9 de votre mission pour les ann\u00e9es \u00e0 venir.<\/p>\n\t\t\t\t<img decoding=\"async\" src=\"https:\/\/vccf.org\/wp-content\/uploads\/2024\/09\/Group-1127.svg\" alt=\"Group 1127\" itemprop=\"image\" title=\"Groupe 1127\" onerror=\"this.style.display='none'\"  \/>\n\t<p>Stabilit\u00e9 financi\u00e8re<\/p>\n\t<p>Cr\u00e9ez une source de revenus fiable qui soutient votre organisation au-del\u00e0 des budgets et des campagnes annuels.<\/p>\n\t\t\t\t<img decoding=\"async\" src=\"https:\/\/vccf.org\/wp-content\/uploads\/2024\/11\/Frame-1181.svg\" alt=\"Frame 1181\" itemprop=\"image\" title=\"Cadre 1181\" onerror=\"this.style.display='none'\"  \/>\n\t<p>Durabilit\u00e9 \u00e0 long terme<\/p>\n\t<p>Assurez l'avenir de vos programmes et de vos op\u00e9rations, m\u00eame en p\u00e9riode difficile, en construisant une base financi\u00e8re solide.<\/p>\n\t\t\t\t<img decoding=\"async\" src=\"https:\/\/vccf.org\/wp-content\/uploads\/2024\/09\/Group-1129.svg\" alt=\"Group 1129\" itemprop=\"image\" title=\"Groupe 1129\" onerror=\"this.style.display='none'\"  \/>\n\t<p>Entretien des installations<\/p>\n\t<p>R\u00e9servez des fonds pour les r\u00e9parations et les am\u00e9liorations essentielles, afin de garantir que vos installations restent en parfait \u00e9tat.<\/p>\n\t\t\t\t<img decoding=\"async\" src=\"https:\/\/vccf.org\/wp-content\/uploads\/2024\/09\/Group-1130-1.svg\" alt=\"Group 1130 (1)\" itemprop=\"image\" title=\"Groupe 1130 (1)\" onerror=\"this.style.display='none'\"  \/>\n\t<p>Visibilit\u00e9 accrue<\/p>\n\t<p>Associez-vous \u00e0 la VCCF pour renforcer la cr\u00e9dibilit\u00e9 et la pr\u00e9sence de votre organisation au sein de la communaut\u00e9.<\/p>\n\t\t\t\t<img decoding=\"async\" src=\"https:\/\/vccf.org\/wp-content\/uploads\/2024\/09\/Group-1131.svg\" alt=\"Group 1131\" itemprop=\"image\" title=\"Groupe 1131\" onerror=\"this.style.display='none'\"  \/>\n\t<p>B\u00e2timent de l'h\u00e9ritage<\/p>\n\t<p>Cr\u00e9ez un impact durable en cr\u00e9ant un fonds qui soutiendra votre mission pendant des g\u00e9n\u00e9rations.<\/p>\n\t\t\t\t<img decoding=\"async\" src=\"https:\/\/vccf.org\/wp-content\/uploads\/2024\/09\/Group-1134-1.svg\" alt=\"Group 1134 (1)\" itemprop=\"image\" title=\"Groupe 1134 (1)\" onerror=\"this.style.display='none'\"  \/>\n\t<p>Donations planifi\u00e9es<\/p>\n\t<p>Offrir aux donateurs la possibilit\u00e9 de faire des dons planifi\u00e9s ou diff\u00e9r\u00e9s, ce qui \u00e9largit vos possibilit\u00e9s de financement.<\/p>\n\t\t\t\t<img decoding=\"async\" src=\"https:\/\/vccf.org\/wp-content\/uploads\/2024\/09\/Group-1134-1.svg\" alt=\"Group 1134 (1)\" itemprop=\"image\" title=\"Groupe 1134 (1)\" onerror=\"this.style.display='none'\"  \/>\n\t<p>Gestion professionnelle<\/p>\n\t<p>B\u00e9n\u00e9ficier d'une gestion d'investissement experte, garantissant que votre fonds de dotation est judicieusement g\u00e9r\u00e9 pour obtenir des rendements optimaux.<\/p>\n\t<p>\"La VCCF a jou\u00e9 un r\u00f4le d\u00e9terminant en aidant Food Share \u00e0 accro\u00eetre sa dotation afin de garantir son avenir financier. L'\u00e9quipe est toujours proactive, offrant un soutien d\u00e9vou\u00e9 chaque fois que nous en avons besoin. Elle se surpasse \u00e9galement en nous aidant \u00e0 entrer en contact avec des donateurs passionn\u00e9s par notre mission, qui est de veiller \u00e0 ce que personne ne souffre de la faim dans le comt\u00e9 de Ventura. Nous sommes profond\u00e9ment reconnaissants \u00e0 la VCCF d'\u00eatre un partenaire de confiance dans notre travail\".<\/p>\n\t<p>Monica White, pr\u00e9sidente-directrice g\u00e9n\u00e9rale, Food Share of Ventura County<\/p>\n<h2>\n\t\tComment cr\u00e9er votre fonds\n\t<\/h2>\n\t<p>Nom du fonds<\/p>\n\t<p>Choisissez un nom qui correspond \u00e0 votre mission et \u00e0 vos valeurs et qui refl\u00e8te l'essence de votre organisation.<\/p>\n\t<p>Objectif<\/p>\n\t<p>D\u00e9finir comment les revenus soutiendront vos initiatives, en d\u00e9crivant les objectifs \u00e0 long terme de votre fonds.<\/p>\n\t<p>L'approbation de votre conseil d'administration<\/p>\n\t<p>D\u00e9finir comment les revenus soutiendront vos initiatives, en d\u00e9crivant les objectifs \u00e0 long terme de votre fonds.<\/p>\n\t<p>Documentation<\/p>\n\t<p>Fournissez une copie de vos statuts pour finaliser la cr\u00e9ation de votre fonds.<\/p>\n\t<p>Contactez-nous pour obtenir des conseils d'experts et de l'aide :<\/p>\n\t\t\t<a href=\"https:\/\/vccf.org\/fr\/my-vccf-fund\/fund-contact\/\" target=\"_self\">\n\t\t\t\t\t\t\tNous contacter\n\t\t\t\t\t<\/a>\n    <button id=\"board-prev\" type=\"button\"><\/button>\n    1\n     \/ 4\n    <button id=\"board-next\" type=\"button\"><\/button>","protected":false},"excerpt":{"rendered":"<p>Renforcer la viabilit\u00e9 financi\u00e8re de votre organisation \u00e0 but non lucratif Contactez-nous pour prendre rendez-vous pour une consultation sur les fonds de dotation. Prendre rendez-vous Faire du comt\u00e9 de Ventura un meilleur endroit o\u00f9 vivre \"En partenariat avec la communaut\u00e9 du comt\u00e9 de Ventura...<\/p>","protected":false},"author":3,"featured_media":0,"parent":22928,"menu_order":0,"comment_status":"closed","ping_status":"closed","template":"","meta":{"_acf_changed":false,"give_campaign_id":0,"footnotes":""},"class_list":["post-21453","page","type-page","status-publish","hentry"],"acf":[],"campaignId":"","_links":{"self":[{"href":"https:\/\/vccf.org\/fr\/wp-json\/wp\/v2\/pages\/21453","targetHints":{"allow":["GET"]}}],"collection":[{"href":"https:\/\/vccf.org\/fr\/wp-json\/wp\/v2\/pages"}],"about":[{"href":"https:\/\/vccf.org\/fr\/wp-json\/wp\/v2\/types\/page"}],"author":[{"embeddable":true,"href":"https:\/\/vccf.org\/fr\/wp-json\/wp\/v2\/users\/3"}],"replies":[{"embeddable":true,"href":"https:\/\/vccf.org\/fr\/wp-json\/wp\/v2\/comments?post=21453"}],"version-history":[{"count":0,"href":"https:\/\/vccf.org\/fr\/wp-json\/wp\/v2\/pages\/21453\/revisions"}],"up":[{"embeddable":true,"href":"https:\/\/vccf.org\/fr\/wp-json\/wp\/v2\/pages\/22928"}],"wp:attachment":[{"href":"https:\/\/vccf.org\/fr\/wp-json\/wp\/v2\/media?parent=21453"}],"curies":[{"name":"wp","href":"https:\/\/api.w.org\/{rel}","templated":true}]}}