{"id":21499,"date":"2024-09-18T17:08:09","date_gmt":"2024-09-18T17:08:09","guid":{"rendered":"https:\/\/vccf.org\/?page_id=21499"},"modified":"2025-01-16T13:17:23","modified_gmt":"2025-01-16T13:17:23","slug":"grant-resources","status":"publish","type":"page","link":"https:\/\/vccf.org\/fr\/grant-resources\/","title":{"rendered":"Ressources pour les subventions"},"content":{"rendered":"<h1>\n\t\tBiblioth\u00e8que pour la recherche et le d\u00e9veloppement des organisations \u00e0 but non lucratif\n\t<\/h1>\n\t<p>La VCCF abrite la Library for Nonprofit Research and Development, qui propose des publications imprim\u00e9es, des livres et des p\u00e9riodiques sur la gestion des organisations \u00e0 but non lucratif, ainsi que la base de donn\u00e9es Foundation Directory Online, destin\u00e9e aux personnes \u00e0 la recherche de subventions.<\/p>\n\t\t\t\t<img loading=\"lazy\" decoding=\"async\" src=\"https:\/\/vccf.org\/wp-content\/uploads\/2024\/04\/\u0421\u043b\u043e\u0439-1-4.png\" alt=\"\u0421\u043b\u043e\u0438\u0306 1 4\" itemprop=\"image\" height=\"60\" width=\"44\" title=\"\u0421\u043b\u043e\u0439 1 4\" onerror=\"this.style.display='none'\"  \/>\n<h3>\n\t\tFaire du comt\u00e9 de Ventura un meilleur endroit o\u00f9 vivre\n\t<\/h3>\n\t\t\t<img decoding=\"async\" src=\"https:\/\/vccf.org\/wp-content\/uploads\/2024\/09\/image-73.png\" title=\"image (73)\" alt=\"\" \/>\t\t\t\t\t\n<h2>\n\t\tLa VCCF est un partenaire du r\u00e9seau d'information sur le financement (Funding Information Network) de Foundation Directory Online.\u00a0\n\t<\/h2>\n\t<p>Candid's Foundation Directory Online est depuis longtemps l'un des principaux fournisseurs de donn\u00e9es couvrant tous les aspects de la philanthropie institutionnelle. Les visiteurs peuvent acc\u00e9der \u00e0 la base de donn\u00e9es Candid's Foundation Directory Online avec un acc\u00e8s imm\u00e9diat \u00e0 plus de 140 000 profils de donateurs, \u00e0 Philanthropy News, aux demandes de propositions et \u00e0 Grantseeker Training.<\/p>\n\t<p>Ce service est disponible uniquement sur rendez-vous. Contactez Aaron Weissman, gestionnaire de la base de donn\u00e9es, \u00e0 l'adresse suivante <a href=\"mailto:aweissman@vccf.org\">aweissman@vccf.org\u00a0<\/a>pour conna\u00eetre les prochains cr\u00e9neaux horaires de rendez-vous disponibles, ainsi que les d\u00e9tails des directives relatives \u00e0 ce service. Malheureusement, nous n'acceptons pas les visites sans rendez-vous.<\/p>","protected":false},"excerpt":{"rendered":"<p>Biblioth\u00e8que pour la recherche et le d\u00e9veloppement \u00e0 but non lucratif La VCCF abrite la Biblioth\u00e8que pour la recherche et le d\u00e9veloppement \u00e0 but non lucratif, qui propose des publications imprim\u00e9es, des livres et des...<\/p>","protected":false},"author":4,"featured_media":0,"parent":0,"menu_order":0,"comment_status":"closed","ping_status":"closed","template":"","meta":{"_acf_changed":false,"give_campaign_id":0,"footnotes":""},"class_list":["post-21499","page","type-page","status-publish","hentry"],"acf":[],"campaignId":"","_links":{"self":[{"href":"https:\/\/vccf.org\/fr\/wp-json\/wp\/v2\/pages\/21499","targetHints":{"allow":["GET"]}}],"collection":[{"href":"https:\/\/vccf.org\/fr\/wp-json\/wp\/v2\/pages"}],"about":[{"href":"https:\/\/vccf.org\/fr\/wp-json\/wp\/v2\/types\/page"}],"author":[{"embeddable":true,"href":"https:\/\/vccf.org\/fr\/wp-json\/wp\/v2\/users\/4"}],"replies":[{"embeddable":true,"href":"https:\/\/vccf.org\/fr\/wp-json\/wp\/v2\/comments?post=21499"}],"version-history":[{"count":0,"href":"https:\/\/vccf.org\/fr\/wp-json\/wp\/v2\/pages\/21499\/revisions"}],"wp:attachment":[{"href":"https:\/\/vccf.org\/fr\/wp-json\/wp\/v2\/media?parent=21499"}],"curies":[{"name":"wp","href":"https:\/\/api.w.org\/{rel}","templated":true}]}}