{"id":21559,"date":"2024-10-25T13:57:14","date_gmt":"2024-10-25T13:57:14","guid":{"rendered":"https:\/\/vccf.org\/?page_id=21559"},"modified":"2026-01-23T11:26:00","modified_gmt":"2026-01-23T19:26:00","slug":"donate-to-support-disaster-relief","status":"publish","type":"page","link":"https:\/\/vccf.org\/fr\/donate\/donate-to-support-disaster-relief\/","title":{"rendered":"Donate to Support Disaster Relief"},"content":{"rendered":"<h1>\n\t\t\tFaire un don\t<\/h1>\n\t\t\t<a href=\"#relief-recovery\"  target=\"_self\">\n\t\t\t\t\t\t\tTo support the Ventura County Neighbors Support Fund, donate below\n\t\t\t\t\t<\/a>\n\t\t\t<a href=\"https:\/\/vccf.org\/fr\/donate\/\"  target=\"_self\">\n\t\t\t\t\t\t\tPour contribuer \u00e0 l'un des fonds ou \u00e0 l'une des initiatives de la VCCF, cliquez ici.\n\t\t\t\t\t<\/a>\n<h2  id=\"relief-recovery\">\n\t\t\t\t<\/h2>\n\t<p>Chaque dollar que vous donnez contribue \u00e0 tisser la trame d'un comt\u00e9 de Ventura plus dynamique et plus r\u00e9silient. Votre don permet \u00e0 la Ventura County Community Foundation de r\u00e9pondre aux besoins urgents, de favoriser la croissance \u00e0 long terme et de voir les communaut\u00e9s du comt\u00e9 de Ventura prosp\u00e9rer :<\/p>\n<h2>\n\t\t\tAutres moyens de faire un don\t<\/h2>\n\t<p><strong>1. Envoyez-nous un ch\u00e8que<\/strong><\/p>\n<p>Les ch\u00e8ques doivent \u00eatre libell\u00e9s \u00e0 l'ordre de la Ventura County Community Foundation et envoy\u00e9s \u00e0 notre adresse postale, 4001 Mission Oaks Blvd, Suite A, Camarillo, CA 93012. Veuillez indiquer le nom du fonds auquel vous souhaitez contribuer sur la ligne m\u00e9mo.<\/p>\n<p><strong>2. Transf\u00e9rer des titres ou des esp\u00e8ces par virement bancaire<\/strong><\/p>\n<p>We accept gifts of publicly traded securities and cash by wire. For your convenience, we&#8217;ve prepared a one-page instruction letter that you can send to your bank or investment advisory firm, which will give your financial advisor all the information he or she needs to execute a wire transfer of securities or cash.<\/p>\n<a href=\"https:\/\/vccf.org\/wp-content\/uploads\/2026\/01\/USB-Stock-Transfer-1.pdf\" target=\"_blank\" rel=\"noopener\">Instructions pour effectuer un virement bancaire<\/a><br \/>\n<a href=\"https:\/\/vccf.org\/wp-content\/uploads\/2026\/01\/VCCF-Wire-ACH-Transfer.pdf\" target=\"_blank\" rel=\"noopener\">Instructions pour un transfert d'actions<\/a>\n<p>Si vous avez des questions, veuillez nous contacter \u00e0 l'adresse suivante <a href=\"mailto:info@vccf.org\">info@vccf.org<\/a>.<\/p>\n<p>N'oubliez pas d'indiquer le nom du fonds auquel vous souhaitez contribuer. La Ventura County Community Foundation est une organisation caritative publique de type 501(c)3, num\u00e9ro d'identification fiscale f\u00e9d\u00e9ral : 77-0165029.<\/p>","protected":false},"excerpt":{"rendered":"<p>Donate Now To support the Ventura County Neighbors Support Fund, donate below To make a contribution to any VCCF Fund or Initiative, click here Every dollar you give helps weave&hellip;<\/p>","protected":false},"author":3,"featured_media":23230,"parent":20931,"menu_order":0,"comment_status":"closed","ping_status":"closed","template":"","meta":{"_acf_changed":false,"give_campaign_id":0,"footnotes":""},"class_list":["post-21559","page","type-page","status-publish","has-post-thumbnail","hentry"],"acf":[],"campaignId":"","_links":{"self":[{"href":"https:\/\/vccf.org\/fr\/wp-json\/wp\/v2\/pages\/21559","targetHints":{"allow":["GET"]}}],"collection":[{"href":"https:\/\/vccf.org\/fr\/wp-json\/wp\/v2\/pages"}],"about":[{"href":"https:\/\/vccf.org\/fr\/wp-json\/wp\/v2\/types\/page"}],"author":[{"embeddable":true,"href":"https:\/\/vccf.org\/fr\/wp-json\/wp\/v2\/users\/3"}],"replies":[{"embeddable":true,"href":"https:\/\/vccf.org\/fr\/wp-json\/wp\/v2\/comments?post=21559"}],"version-history":[{"count":0,"href":"https:\/\/vccf.org\/fr\/wp-json\/wp\/v2\/pages\/21559\/revisions"}],"up":[{"embeddable":true,"href":"https:\/\/vccf.org\/fr\/wp-json\/wp\/v2\/pages\/20931"}],"wp:featuredmedia":[{"embeddable":true,"href":"https:\/\/vccf.org\/fr\/wp-json\/wp\/v2\/media\/23230"}],"wp:attachment":[{"href":"https:\/\/vccf.org\/fr\/wp-json\/wp\/v2\/media?parent=21559"}],"curies":[{"name":"wp","href":"https:\/\/api.w.org\/{rel}","templated":true}]}}