{"id":22926,"date":"2025-04-29T05:18:14","date_gmt":"2025-04-29T12:18:14","guid":{"rendered":"https:\/\/vccf.org\/?page_id=22926"},"modified":"2025-04-30T10:41:22","modified_gmt":"2025-04-30T17:41:22","slug":"scholarships","status":"publish","type":"page","link":"https:\/\/vccf.org\/fr\/scholarships\/","title":{"rendered":"Bourses d'\u00e9tudes"},"content":{"rendered":"<img loading=\"lazy\" decoding=\"async\" src=\"https:\/\/vccf.org\/wp-content\/uploads\/2024\/07\/image-139.png\" alt=\"image 139\" itemprop=\"image\" height=\"375\" width=\"519\" title=\"image 139\" onerror=\"this.style.display='none'\"  \/>\n\tComt\u00e9 de Ventura<br \/>\nFondation communautaire\n<p>Bourses d'\u00e9tudes<\/p>\n\t\t\t\t<img loading=\"lazy\" decoding=\"async\" src=\"https:\/\/vccf.org\/wp-content\/uploads\/2024\/09\/AdobeStock_359019853.png\" alt=\"AdobeStock_359019853\" itemprop=\"image\" height=\"377\" width=\"520\" title=\"AdobeStock_359019853\" onerror=\"this.style.display='none'\"  \/>\n\t<p>Les \u00e9tudiants<\/p>\n\t\t\t<a href=\"\/fr\/scholarships\/students\/\" target=\"_self\">\n\t\t\t\t\t\t\tEn savoir plus\n\t\t\t\t\t<\/a>\n\t<p>Donateurs<\/p>\n\t\t\t<a href=\"\/fr\/scholarships\/donors\/\" target=\"_self\">\n\t\t\t\t\t\t\tEn savoir plus\n\t\t\t\t\t<\/a>\n\t<p>Lecteurs<\/p>\n\t\t\t<a href=\"\/fr\/scholarships\/readers\/\" target=\"_self\">\n\t\t\t\t\t\t\tEn savoir plus\n\t\t\t\t\t<\/a>\n\t<p>R\u00e9f\u00e9rences<\/p>\n\t\t\t<a href=\"https:\/\/vccf.org\/fr\/scholarships\/recommenders\/\" target=\"_self\">\n\t\t\t\t\t\t\tEn savoir plus\n\t\t\t\t\t<\/a>","protected":false},"excerpt":{"rendered":"<p>Ventura County Community Foundation Scholarships \u00c9tudiants En savoir plus Donateurs En savoir plus Lecteurs En savoir plus R\u00e9f\u00e9rences En savoir plus<\/p>","protected":false},"author":9,"featured_media":0,"parent":0,"menu_order":0,"comment_status":"closed","ping_status":"closed","template":"","meta":{"_acf_changed":false,"give_campaign_id":0,"footnotes":""},"class_list":["post-22926","page","type-page","status-publish","hentry"],"acf":[],"campaignId":"","_links":{"self":[{"href":"https:\/\/vccf.org\/fr\/wp-json\/wp\/v2\/pages\/22926","targetHints":{"allow":["GET"]}}],"collection":[{"href":"https:\/\/vccf.org\/fr\/wp-json\/wp\/v2\/pages"}],"about":[{"href":"https:\/\/vccf.org\/fr\/wp-json\/wp\/v2\/types\/page"}],"author":[{"embeddable":true,"href":"https:\/\/vccf.org\/fr\/wp-json\/wp\/v2\/users\/9"}],"replies":[{"embeddable":true,"href":"https:\/\/vccf.org\/fr\/wp-json\/wp\/v2\/comments?post=22926"}],"version-history":[{"count":0,"href":"https:\/\/vccf.org\/fr\/wp-json\/wp\/v2\/pages\/22926\/revisions"}],"wp:attachment":[{"href":"https:\/\/vccf.org\/fr\/wp-json\/wp\/v2\/media?parent=22926"}],"curies":[{"name":"wp","href":"https:\/\/api.w.org\/{rel}","templated":true}]}}