{"id":22940,"date":"2025-04-30T07:29:47","date_gmt":"2025-04-30T14:29:47","guid":{"rendered":"https:\/\/vccf.org\/?page_id=22940"},"modified":"2025-07-18T08:28:36","modified_gmt":"2025-07-18T15:28:36","slug":"get-involved","status":"publish","type":"page","link":"https:\/\/vccf.org\/fr\/get-involved\/","title":{"rendered":"S'impliquer"},"content":{"rendered":"<img decoding=\"async\" src=\"https:\/\/vccf.org\/wp-content\/uploads\/2024\/09\/AdobeStock_514940291-2.png\" alt=\"AdobeStock_514940291 2\" itemprop=\"image\" height=\"375\" width=\"519\" title=\"AdobeStock_514940291 2\" onerror=\"this.style.display='none'\" loading=\"lazy\" \/>\n\t<h1>Transformer le comt\u00e9 de Ventura<br \/>\n- S'impliquer dans la VCCF<\/h1>\n<h2>\n\t\t\tEmbrassez votre passion, donnez du pouvoir \u00e0 votre objectif et transformez le comt\u00e9 de Ventura\t<\/h2>\n\t<p>Au c\u0153ur du comt\u00e9 de Ventura, chaque action que vous entreprenez d\u00e9clenche une vague de changements positifs. Ici, \u00e0 la Ventura County Community Foundation (VCCF), nous vous invitons \u00e0 canaliser votre passion dans des actions cibl\u00e9es qui enrichissent notre communaut\u00e9. D\u00e9couvrez comment vous pouvez avoir un impact profond :<\/p>\n\t\t\t\t<img decoding=\"async\" src=\"https:\/\/vccf.org\/wp-content\/uploads\/2024\/07\/AdobeStock_566561880-1-2.png\" alt=\"AdobeStock_566561880 1 (2)\" itemprop=\"image\" height=\"377\" width=\"520\" title=\"AdobeStock_566561880 1 (2)\" onerror=\"this.style.display='none'\" loading=\"lazy\" \/>\n\tFaire un don \u00e0 l'adresse<br \/>\nBesoins de la Communaut\u00e9\n\t<p>Contribuez rapidement aux besoins les plus urgents de notre communaut\u00e9 ou soutenez un fonds sp\u00e9cifique.<\/p>\n\t\t\t<a href=\"https:\/\/vccf.org\/fr\/donate\/\" target=\"_self\">\n\t\t\t\t\t\t\tFaites un don maintenant !\n\t\t\t\t\t<\/a>\n\t<p>Initiatives de la VCCF<\/p>\n\t<p>Apprenez-en plus sur les initiatives de la VCCF et d\u00e9couvrez comment vous pouvez faire la diff\u00e9rence.<\/p>\n\t\t\t<a href=\"https:\/\/vccf.org\/fr\/initiatives\/\" target=\"_self\">\n\t\t\t\t\t\t\tEn savoir plus !\n\t\t\t\t\t<\/a>\n\t<p>Cr\u00e9ez votre propre fonds<\/p>\n\t<p>Cr\u00e9ez une diff\u00e9rence significative dans les domaines qui vous passionnent le plus. En cr\u00e9ant un fonds, vous concentrez votre soutien sur les causes qui vous tiennent le plus \u00e0 c\u0153ur, garantissant ainsi un impact durable.<\/p>\n\t\t\t<a href=\"https:\/\/vccf.org\/fr\/my-vccf-fund\/start-a-fund\/\" target=\"_self\">\n\t\t\t\t\t\t\tCr\u00e9ation d'un fonds\n\t\t\t\t\t<\/a>\n\t<p>\u00c9v\u00e9nements communautaires<\/p>\n\t<p>Entrez en contact avec des organisations \u00e0 but non lucratif locales, des donateurs et des membres de la communaut\u00e9 gr\u00e2ce \u00e0 nos \u00e9v\u00e9nements. D\u00e9couvrez le travail de transformation qui s'op\u00e8re dans le comt\u00e9 de Ventura et la mani\u00e8re dont vous pouvez participer \u00e0 ce mouvement.<\/p>\n\t\t\t<a href=\"https:\/\/vccf.org\/fr\/events\/\" target=\"_self\">\n\t\t\t\t\t\t\tParticiper \u00e0 un \u00e9v\u00e9nement\n\t\t\t\t\t<\/a>\n\t<p>Boutique VCCF<\/p>\n\t<p>Pour continuer \u00e0 soutenir la VCCF dans sa mission, montrez votre amour en visitant la boutique de la VCCF !<\/p>\n\t\t\t<a href=\"https:\/\/vccf.org\/fr\/store\/\" target=\"_self\">\n\t\t\t\t\t\t\tAller au magasin\n\t\t\t\t\t<\/a>\n<h2>\n\t\t\tEn faisant un don par l'interm\u00e9diaire de la VCCF, vous recevez :\t<\/h2>\n\t<p>Expertise communautaire<\/p>\n\t<p>Forte d'une tradition d'engagement local et d'un vaste r\u00e9seau de plus de 800 fondations communautaires dans le monde, la VCCF est un pilier du leadership communautaire. Vos contributions s'inscrivent dans le cadre d'un effort coordonn\u00e9 et avis\u00e9 visant \u00e0 r\u00e9pondre aux besoins \u00e9volutifs du comt\u00e9 de Ventura, favorisant ainsi des changements significatifs et un avenir plus radieux.<\/p>\n\t<p>Large port\u00e9e et financement diversifi\u00e9<\/p>\n\t<p>En regroupant les ressources, vos dons soutiennent une multitude d'initiatives dans diff\u00e9rents secteurs, amplifiant ainsi la port\u00e9e et l'effet de chaque dollar d\u00e9pens\u00e9 pour cr\u00e9er une communaut\u00e9 r\u00e9siliente.<\/p>\n\tOrientation professionnelle<br \/>\net soutien\n\t<p>Notre \u00e9quipe vous offre des conseils d'experts et un service de conciergerie, vous aidant \u00e0 aligner vos efforts philanthropiques sur vos valeurs et objectifs personnels, garantissant ainsi que vos dons auront le plus grand impact possible.<\/p>\n\t<p>Des avantages fiscaux importants<\/p>\n\t<p>Contribuer par l'interm\u00e9diaire de la VCCF ne sert pas seulement vos objectifs altruistes, mais peut \u00e9galement offrir des avantages fiscaux substantiels, maximisant ainsi l'efficacit\u00e9 de vos contributions.<\/p>","protected":false},"excerpt":{"rendered":"<p>Transformer le comt\u00e9 de Ventura - S'impliquer avec le VCCF Embrassez votre passion, renforcez votre objectif et transformez le comt\u00e9 de Ventura Au c\u0153ur du comt\u00e9 de Ventura, chaque action que vous entreprenez d\u00e9clenche une...<\/p>","protected":false},"author":9,"featured_media":0,"parent":0,"menu_order":0,"comment_status":"closed","ping_status":"closed","template":"","meta":{"_acf_changed":false,"give_campaign_id":0,"footnotes":""},"class_list":["post-22940","page","type-page","status-publish","hentry"],"acf":[],"campaignId":"","_links":{"self":[{"href":"https:\/\/vccf.org\/fr\/wp-json\/wp\/v2\/pages\/22940","targetHints":{"allow":["GET"]}}],"collection":[{"href":"https:\/\/vccf.org\/fr\/wp-json\/wp\/v2\/pages"}],"about":[{"href":"https:\/\/vccf.org\/fr\/wp-json\/wp\/v2\/types\/page"}],"author":[{"embeddable":true,"href":"https:\/\/vccf.org\/fr\/wp-json\/wp\/v2\/users\/9"}],"replies":[{"embeddable":true,"href":"https:\/\/vccf.org\/fr\/wp-json\/wp\/v2\/comments?post=22940"}],"version-history":[{"count":0,"href":"https:\/\/vccf.org\/fr\/wp-json\/wp\/v2\/pages\/22940\/revisions"}],"wp:attachment":[{"href":"https:\/\/vccf.org\/fr\/wp-json\/wp\/v2\/media?parent=22940"}],"curies":[{"name":"wp","href":"https:\/\/api.w.org\/{rel}","templated":true}]}}