{"id":22942,"date":"2025-04-30T08:20:14","date_gmt":"2025-04-30T15:20:14","guid":{"rendered":"https:\/\/vccf.org\/?page_id=22942"},"modified":"2026-01-05T04:26:14","modified_gmt":"2026-01-05T12:26:14","slug":"homepage","status":"publish","type":"page","link":"https:\/\/vccf.org\/fr\/","title":{"rendered":"Home page"},"content":{"rendered":"\n\n\t<style>.hider {\n\t                display: none;\n\t               }\n                     .original-hero {\n                        display: block;\n                       } \n\t      <\/style>\n    <div class=\"trp_language_switcher_shortcode\">\n<div class=\"trp-language-switcher trp-language-switcher-container\" data-no-translation >\n    <div class=\"trp-ls-shortcode-current-language\">\n        <a href=\"#\" class=\"trp-ls-shortcode-disabled-language trp-ls-disabled-language\" title=\"French\" onclick=\"event.preventDefault()\">\n\t\t\t<img loading=\"lazy\" decoding=\"async\" class=\"trp-flag-image\" src=\"https:\/\/vccf.org\/wp-content\/plugins\/translatepress-multilingual\/assets\/images\/flags\/fr_FR.png\" width=\"18\" height=\"12\" alt=\"fr_FR\" title=\"French\"> French\t\t<\/a>\n    <\/div>\n    <div class=\"trp-ls-shortcode-language\">\n                <a href=\"#\" class=\"trp-ls-shortcode-disabled-language trp-ls-disabled-language\"  title=\"French\" onclick=\"event.preventDefault()\">\n\t\t\t<img loading=\"lazy\" decoding=\"async\" class=\"trp-flag-image\" src=\"https:\/\/vccf.org\/wp-content\/plugins\/translatepress-multilingual\/assets\/images\/flags\/fr_FR.png\" width=\"18\" height=\"12\" alt=\"fr_FR\" title=\"French\"> French\t\t<\/a>\n                    <a href=\"https:\/\/vccf.org\/fr\/wp-json\/wp\/v2\/pages\/22942#TRPLINKPROCESSED\" title=\"English\">\n            <img loading=\"lazy\" decoding=\"async\" class=\"trp-flag-image\" src=\"https:\/\/vccf.org\/wp-content\/plugins\/translatepress-multilingual\/assets\/images\/flags\/en_US.png\" width=\"18\" height=\"12\" alt=\"en_US\" title=\"English\"> English        <\/a>\n\n            <a href=\"https:\/\/vccf.org\/fr\/wp-json\/wp\/v2\/pages\/22942#TRPLINKPROCESSED\" title=\"Spanish\">\n            <img loading=\"lazy\" decoding=\"async\" class=\"trp-flag-image\" src=\"https:\/\/vccf.org\/wp-content\/plugins\/translatepress-multilingual\/assets\/images\/flags\/es_MX.png\" width=\"18\" height=\"12\" alt=\"es_MX\" title=\"Spanish\"> Spanish        <\/a>\n\n            <a href=\"https:\/\/vccf.org\/fr\/wp-json\/wp\/v2\/pages\/22942#TRPLINKPROCESSED\" title=\"German\">\n            <img loading=\"lazy\" decoding=\"async\" class=\"trp-flag-image\" src=\"https:\/\/vccf.org\/wp-content\/plugins\/translatepress-multilingual\/assets\/images\/flags\/de_DE.png\" width=\"18\" height=\"12\" alt=\"de_DE\" title=\"German\"> German        <\/a>\n\n            <a href=\"https:\/\/vccf.org\/fr\/wp-json\/wp\/v2\/pages\/22942#TRPLINKPROCESSED\" title=\"Danish\">\n            <img loading=\"lazy\" decoding=\"async\" class=\"trp-flag-image\" src=\"https:\/\/vccf.org\/wp-content\/plugins\/translatepress-multilingual\/assets\/images\/flags\/da_DK.png\" width=\"18\" height=\"12\" alt=\"da_DK\" title=\"Danish\"> Danish        <\/a>\n\n            <a href=\"https:\/\/vccf.org\/fr\/wp-json\/wp\/v2\/pages\/22942#TRPLINKPROCESSED\" title=\"Japanese\">\n            <img loading=\"lazy\" decoding=\"async\" class=\"trp-flag-image\" src=\"https:\/\/vccf.org\/wp-content\/plugins\/translatepress-multilingual\/assets\/images\/flags\/ja.png\" width=\"18\" height=\"12\" alt=\"ja\" title=\"Japanese\"> Japanese        <\/a>\n\n            <a href=\"https:\/\/vccf.org\/fr\/wp-json\/wp\/v2\/pages\/22942#TRPLINKPROCESSED\" title=\"Italian\">\n            <img loading=\"lazy\" decoding=\"async\" class=\"trp-flag-image\" src=\"https:\/\/vccf.org\/wp-content\/plugins\/translatepress-multilingual\/assets\/images\/flags\/it_IT.png\" width=\"18\" height=\"12\" alt=\"it_IT\" title=\"Italian\"> Italian        <\/a>\n\n            <a href=\"https:\/\/vccf.org\/fr\/wp-json\/wp\/v2\/pages\/22942#TRPLINKPROCESSED\" title=\"Portuguese\">\n            <img loading=\"lazy\" decoding=\"async\" class=\"trp-flag-image\" src=\"https:\/\/vccf.org\/wp-content\/plugins\/translatepress-multilingual\/assets\/images\/flags\/pt_PT.png\" width=\"18\" height=\"12\" alt=\"pt_PT\" title=\"Portuguese\"> Portuguese        <\/a>\n\n        <\/div>\n    <script type=\"application\/javascript\">\n        \/\/ need to have the same with set from JS on both divs. Otherwise it can push stuff around in HTML\n        var trp_ls_shortcodes = document.querySelectorAll('.trp_language_switcher_shortcode .trp-language-switcher');\n        if ( trp_ls_shortcodes.length > 0) {\n            \/\/ get the last language switcher added\n            var trp_el = trp_ls_shortcodes[trp_ls_shortcodes.length - 1];\n\n            var trp_shortcode_language_item = trp_el.querySelector( '.trp-ls-shortcode-language' )\n            \/\/ set width\n            var trp_ls_shortcode_width                                               = trp_shortcode_language_item.offsetWidth + 16;\n            trp_shortcode_language_item.style.width                                  = trp_ls_shortcode_width + 'px';\n            trp_el.querySelector( '.trp-ls-shortcode-current-language' ).style.width = trp_ls_shortcode_width + 'px';\n\n            \/\/ We're putting this on display: none after we have its width.\n            trp_shortcode_language_item.style.display = 'none';\n        }\n    <\/script>\n<\/div>\n<\/div>\n<a  href=\"\/about\/\" target=\"_self\">\n\t<\/a>\n\t\t\t\t<img decoding=\"async\" src=\"https:\/\/vccf.org\/wp-content\/uploads\/2024\/06\/home-page-1.jpg\" alt=\"Use for staff placeholder\" itemprop=\"image\" height=\"813\" width=\"817\" title=\"home-page-1\" onerror=\"this.style.display='none'\" loading=\"lazy\" \/>\n\t<p>About VCCF<\/p>\n<a  href=\"\/scholarships\/\" target=\"_self\">\n\t<\/a>\n\t\t\t\t<img decoding=\"async\" src=\"https:\/\/vccf.org\/wp-content\/uploads\/2024\/09\/jJqJfy3-3-1.png\" alt=\"-jJqJfy3 3 (1)\" itemprop=\"image\" height=\"420\" width=\"422\" title=\"-jJqJfy3 3 (1)\" onerror=\"this.style.display='none'\" loading=\"lazy\" \/>\n\t<p>Scholarships<\/p>\n\tMake Ventura County<br \/>\na better place to live\n\t<p>Diverse community of over 24,000 donors, staff, and volunteers, supporting 844,000 Ventura County residents, through 100&#8217;s of community-specific initiatives and charitable organizations.<\/p>\n\t\t\t<a href=\"https:\/\/vccf.org\/contact-us\/\" target=\"_self\">\n\t\t\t\t\t\t\tAsk a question\n\t\t\t\t\t<\/a>\n<a  href=\"https:\/\/vccf.org\/donate\/\" target=\"_self\">\n\t<\/a>\n\t\t\t\t<img decoding=\"async\" src=\"https:\/\/vccf.org\/wp-content\/uploads\/2024\/10\/jJqJfy3-4-1.png\" alt=\"-jJqJfy3 4 (1)\" itemprop=\"image\" height=\"408\" width=\"404\" title=\"-jJqJfy3 4 (1)\" onerror=\"this.style.display='none'\" loading=\"lazy\" \/>\n\t<p>Donate<\/p>\n<a  href=\"\/media-news\/\" target=\"_self\">\n\t<\/a>\n\t\t\t\t<img decoding=\"async\" src=\"https:\/\/vccf.org\/wp-content\/uploads\/2024\/09\/Group-1143.png\" alt=\"Group 1143\" itemprop=\"image\" height=\"407\" width=\"409\" title=\"Group 1143\" onerror=\"this.style.display='none'\" loading=\"lazy\" \/>\n\t<p>News<\/p>\n<a  href=\"https:\/\/vccf.org\/get-involved\/\" target=\"_self\">\n\t<\/a>\n\t\t\t\t<img decoding=\"async\" src=\"https:\/\/vccf.org\/wp-content\/uploads\/2024\/09\/Group-1157.png\" alt=\"Group 1157\" itemprop=\"image\" height=\"407\" width=\"409\" title=\"Group 1157\" onerror=\"this.style.display='none'\" loading=\"lazy\" \/>\n\t<p>Get Involved<\/p>\n<a  href=\"\/events\/\" target=\"_self\">\n\t<\/a>\n\t\t\t\t<img decoding=\"async\" src=\"https:\/\/vccf.org\/wp-content\/uploads\/2024\/09\/Mask-group-29.png\" alt=\"Mask group (29)\" itemprop=\"image\" height=\"407\" width=\"409\" title=\"Mask group (29)\" onerror=\"this.style.display='none'\" loading=\"lazy\" \/>\n\t<p>Events<\/p>\n<a  href=\"\/grants\/\" target=\"_self\">\n\t<\/a>\n\t\t\t\t<img decoding=\"async\" src=\"https:\/\/vccf.org\/wp-content\/uploads\/2024\/09\/Mask-group-28.png\" alt=\"Mask group (28)\" itemprop=\"image\" height=\"407\" width=\"409\" title=\"Mask group (28)\" onerror=\"this.style.display='none'\" loading=\"lazy\" \/>\n\t<p>Nonprofits<\/p>\n<a  href=\"https:\/\/vccf.org\/neighbors-support-fund\/\" target=\"_self\">\n\t<\/a>\n\t\t\t\t<img decoding=\"async\" src=\"https:\/\/vccf.org\/wp-content\/uploads\/2026\/01\/Mask-group-10.png\" alt=\"Mask group (10)\" itemprop=\"image\" height=\"632\" width=\"636\" title=\"Mask group (10)\" onerror=\"this.style.display='none'\" loading=\"lazy\" \/>\n\t<p>Neighbors Support Fund<\/p>\n<a  href=\"https:\/\/vccf.org\/my-vccf-fund\/\" target=\"_self\">\n\t<\/a>\n\t\t\t\t<img decoding=\"async\" src=\"https:\/\/vccf.org\/wp-content\/uploads\/2024\/06\/home-page-9-e1730304053653.jpg\" alt=\"home-page-9\" itemprop=\"image\" height=\"398\" width=\"400\" title=\"home-page-9\" onerror=\"this.style.display='none'\" loading=\"lazy\" \/>\n\t<p>My VCCF Fund<\/p>\n\n","protected":false},"excerpt":{"rendered":"<p>\u00c0 propos de VCCF Scholarships Faire du comt\u00e9 de Ventura un meilleur endroit pour vivre Une communaut\u00e9 diversifi\u00e9e de plus de 23 000 donateurs, employ\u00e9s et b\u00e9n\u00e9voles, soutenant 844 000 r\u00e9sidents du comt\u00e9 de Ventura, \u00e0 travers des centaines d'initiatives sp\u00e9cifiques \u00e0 la communaut\u00e9....<\/p>","protected":false},"author":9,"featured_media":0,"parent":0,"menu_order":0,"comment_status":"closed","ping_status":"closed","template":"","meta":{"_acf_changed":false,"give_campaign_id":0,"footnotes":""},"class_list":["post-22942","page","type-page","status-publish","hentry"],"acf":[],"campaignId":"","_links":{"self":[{"href":"https:\/\/vccf.org\/fr\/wp-json\/wp\/v2\/pages\/22942","targetHints":{"allow":["GET"]}}],"collection":[{"href":"https:\/\/vccf.org\/fr\/wp-json\/wp\/v2\/pages"}],"about":[{"href":"https:\/\/vccf.org\/fr\/wp-json\/wp\/v2\/types\/page"}],"author":[{"embeddable":true,"href":"https:\/\/vccf.org\/fr\/wp-json\/wp\/v2\/users\/9"}],"replies":[{"embeddable":true,"href":"https:\/\/vccf.org\/fr\/wp-json\/wp\/v2\/comments?post=22942"}],"version-history":[{"count":0,"href":"https:\/\/vccf.org\/fr\/wp-json\/wp\/v2\/pages\/22942\/revisions"}],"wp:attachment":[{"href":"https:\/\/vccf.org\/fr\/wp-json\/wp\/v2\/media?parent=22942"}],"curies":[{"name":"wp","href":"https:\/\/api.w.org\/{rel}","templated":true}]}}